{"id":8157,"date":"2020-08-14T12:49:09","date_gmt":"2020-08-14T10:49:09","guid":{"rendered":"http:\/\/agora.xtec.cat\/ceipelcastellot\/?page_id=8157"},"modified":"2020-08-14T12:55:35","modified_gmt":"2020-08-14T10:55:35","slug":"e-ka1-caac","status":"publish","type":"page","link":"https:\/\/agora.xtec.cat\/ceipelcastellot\/projecte-educatiu-2\/erasmus\/e-ka1-caac\/","title":{"rendered":"E+ KA1: CAAC 2018-19"},"content":{"rendered":"<div class=\"CjVfdc\">El nostre primer projecte Erasmus+ KA1<\/div>\n<div><\/div>\n<div class=\"CjVfdc\">\n<div class=\"PPhIP rviiZ\">\n<div class=\"U26fgb mUbCce fKz7Od LRAOtb rm120e\" role=\"presentation\" aria-describedby=\"h.p_QWvnP92M0t6N\" aria-label=\"Copia l'enlla\u00e7 del t\u00edtol\" aria-disabled=\"false\" data-tooltip=\"Copia l'enlla\u00e7 del t\u00edtol\" aria-hidden=\"true\" data-tooltip-position=\"top\" data-tooltip-vertical-offset=\"12\" data-tooltip-horizontal-offset=\"0\">\n<div class=\"VTBa7b MbhUzd\"><\/div>\n<\/div>\n<\/div>\n<p><strong>Cooperar per aprendre i aprendre per a cooperar en el s.XXI<\/strong><\/p>\n<\/div>\n<div><\/div>\n<div><a href=\"https:\/\/sites.google.com\/elcastellot.cat\/compartintaprenentatges\/inici\"><strong><img loading=\"lazy\" decoding=\"async\" class=\"size-thumbnail wp-image-4878 alignleft\" src=\"https:\/\/agora.xtec.cat\/ceipelcastellot\/wp-content\/uploads\/usu543\/2019\/07\/catton_grove_web-150x150.jpg\" alt=\"\" width=\"150\" height=\"150\" \/><\/strong><\/a><\/div>\n<p id=\"h.p_vKD2hmHw0t6P\" class=\"zfr3Q\">L&#8217;escola El Castellot ha participat durant el curs 2018-2019 en un projecte pertanyent a l&#8217;acci\u00f3 clau 1 (mobilitat dels individus per raons d&#8217;aprenentatge). Aquesta acci\u00f3 d\u00f3na suport als projectes de mobilitat en el camp d&#8217;educaci\u00f3 formaci\u00f3 i joventut (formaci\u00f3 cont\u00ednua, observaci\u00f3 de bones pr\u00e0ctiques i intercanvis per a formaci\u00f3 i ensenyament). L&#8217;escola, partint de les seves necessitats de formaci\u00f3 i la seva visi\u00f3 de futur, va elaborar un projecte d&#8217;un any de durada (iniciat l\u20191 de juliol de 2018 fins el 31 d&#8217;agost de 2019).<\/p>\n<p id=\"h.p_-iAbGyLE0t6U\" class=\"zfr3Q\">El projecte \u201cCooperar per aprendre i aprendre per a cooperar en el s. XXI\u201d \u00e9s per a tota la comunitat educativa. Creiem que \u00e9s important aplicar noves metodologies com la del treball cooperatiu en les diferents \u00e0rees d\u2019aprenentatge per assolir l\u2019\u00e8xit educatiu.<\/p>\n<p id=\"h.p_rJmGLkTy0t6V\" class=\"zfr3Q\">Aquest projecte ha estat seleccionat i subvencionat pel Servei Espanyol per a la Internacionalitzaci\u00f3 de l\u2019Educaci\u00f3 (SEPIE) actuant per delegaci\u00f3 de la Comissi\u00f3 Europea.<\/p>\n<p id=\"h.p_7KCgIVAo0t6Y\" class=\"zfr3Q\">Durant el mes de juliol 4 mestres de l\u2019escola van realitzar una experi\u00e8ncia de \u201cjob shadowing\u201d (observaci\u00f3 de bones pr\u00e0ctiques) en una escola de la ciutat de Norwich a Anglaterra (Catton grove primary school).<\/p>\n<p id=\"h.p_m1MiY5_00t6o\" class=\"zfr3Q\">En aquest web hem compartit com va sorgir el nostre projecte, les seves diferents fases i la seva difusi\u00f3 m\u00e9s enll\u00e0 de la comunitat educativa:<\/p>\n<p><a href=\"https:\/\/sites.google.com\/elcastellot.cat\/compartintaprenentatges\/inici\"><img loading=\"lazy\" decoding=\"async\" class=\"aligncenter size-full wp-image-4878\" src=\"https:\/\/agora.xtec.cat\/ceipelcastellot\/wp-content\/uploads\/usu543\/2019\/07\/catton_grove_web.jpg\" alt=\"\" width=\"448\" height=\"286\" srcset=\"https:\/\/agora.xtec.cat\/ceipelcastellot\/wp-content\/uploads\/usu543\/2019\/07\/catton_grove_web.jpg 448w, https:\/\/agora.xtec.cat\/ceipelcastellot\/wp-content\/uploads\/usu543\/2019\/07\/catton_grove_web-300x192.jpg 300w\" sizes=\"auto, (max-width: 448px) 100vw, 448px\" \/><\/a><\/p>\n","protected":false},"excerpt":{"rendered":"<p>El nostre primer projecte Erasmus+ KA1<\/p>\n<p>Cooperar per aprendre i aprendre per a cooperar en el s.XXI<\/p>\n<p><a href=\"https:\/\/sites.google.com\/elcastellot.cat\/compartintaprenentatges\/inici\"><\/a><br \/>\nL&#8217;escola El Castellot ha participat durant el curs 2018-2019 en un projecte pertanyent a l&#8217;acci\u00f3 clau 1 (mobilitat dels individus per raons d&#8217;aprenentatge). Aquesta acci\u00f3 d\u00f3na suport als projectes&hellip;  <a href=\"https:\/\/agora.xtec.cat\/ceipelcastellot\/projecte-educatiu-2\/erasmus\/e-ka1-caac\/\" title=\"Read E+ KA1: CAAC 2018-19\">Llegeix m\u00e9s\u00bb<\/a><\/p>\n","protected":false},"author":1,"featured_media":0,"parent":530,"menu_order":3,"comment_status":"closed","ping_status":"closed","template":"page-templates\/side-menu.php","meta":{"_bbp_topic_count":0,"_bbp_reply_count":0,"_bbp_total_topic_count":0,"_bbp_total_reply_count":0,"_bbp_voice_count":0,"_bbp_anonymous_reply_count":0,"_bbp_topic_count_hidden":0,"_bbp_reply_count_hidden":0,"_bbp_forum_subforum_count":0,"footnotes":""},"class_list":["post-8157","page","type-page","status-publish","hentry"],"post_mailing_queue_ids":[],"_links":{"self":[{"href":"https:\/\/agora.xtec.cat\/ceipelcastellot\/wp-json\/wp\/v2\/pages\/8157","targetHints":{"allow":["GET"]}}],"collection":[{"href":"https:\/\/agora.xtec.cat\/ceipelcastellot\/wp-json\/wp\/v2\/pages"}],"about":[{"href":"https:\/\/agora.xtec.cat\/ceipelcastellot\/wp-json\/wp\/v2\/types\/page"}],"author":[{"embeddable":true,"href":"https:\/\/agora.xtec.cat\/ceipelcastellot\/wp-json\/wp\/v2\/users\/1"}],"replies":[{"embeddable":true,"href":"https:\/\/agora.xtec.cat\/ceipelcastellot\/wp-json\/wp\/v2\/comments?post=8157"}],"version-history":[{"count":3,"href":"https:\/\/agora.xtec.cat\/ceipelcastellot\/wp-json\/wp\/v2\/pages\/8157\/revisions"}],"predecessor-version":[{"id":8162,"href":"https:\/\/agora.xtec.cat\/ceipelcastellot\/wp-json\/wp\/v2\/pages\/8157\/revisions\/8162"}],"up":[{"embeddable":true,"href":"https:\/\/agora.xtec.cat\/ceipelcastellot\/wp-json\/wp\/v2\/pages\/530"}],"wp:attachment":[{"href":"https:\/\/agora.xtec.cat\/ceipelcastellot\/wp-json\/wp\/v2\/media?parent=8157"}],"curies":[{"name":"wp","href":"https:\/\/api.w.org\/{rel}","templated":true}]}}