{"id":8153,"date":"2020-08-14T12:25:39","date_gmt":"2020-08-14T10:25:39","guid":{"rendered":"http:\/\/agora.xtec.cat\/ceipelcastellot\/?page_id=8153"},"modified":"2020-08-14T12:39:06","modified_gmt":"2020-08-14T10:39:06","slug":"e-ka1-accle-2019-20","status":"publish","type":"page","link":"https:\/\/agora.xtec.cat\/ceipelcastellot\/projecte-educatiu-2\/erasmus\/e-ka1-accle-2019-20\/","title":{"rendered":"E+ KA1 ACCLE 2019-20"},"content":{"rendered":"<p><strong>Projecte E+ KA1:<\/strong><\/p>\n<p><strong>\u201cHacia un aprendizaje m\u00e1s competencial y cooperativo de la lengua extranjera\u201d<\/strong><\/p>\n<p>\u00c9s un projecte que preveu estades formatives a l\u2019estranger per al professorat\u00a0 (un curs d\u2019estiu i dos per\u00edodes d\u2019observaci\u00f3 job-shadowing en dues de les nostres escoles s\u00f2cies dels anteriors projectes: Pol\u00f2nia i Finl\u00e0ndia), amb l\u2019objectiu de millorar l\u2019ensenyament-aprenentatge de les lleng\u00fces.<\/p>\n<p><strong>Objectius:<\/strong><\/p>\n<p>-Millora de la compet\u00e8ncia oral i escrita de l&#8217;alumnat, en llengua anglesa.<\/p>\n<p>-Millora de la motivaci\u00f3 i implicaci\u00f3 de l&#8217;alumnat en el proc\u00e9s d&#8217;aprenentatge.<\/p>\n<p>-Actualitzaci\u00f3 de la programaci\u00f3 de l&#8217;\u00e0rea de llengua anglesa a prim\u00e0ria.<\/p>\n<p>&nbsp;<\/p>\n<p><strong>Mobilitat per a la formaci\u00f3:<\/strong><\/p>\n<p>-Agost 2019: Norwick (UK):<\/p>\n<p>Curs estructurat &#8220;Story and storytelling for Language Teachers with Jamie Keddie&#8221;.<\/p>\n<p>&nbsp;<\/p>\n<p>-Novembre 2019: Pielavesi (Finland):<\/p>\n<p>Jobshadowing<\/p>\n<p>&nbsp;<\/p>\n<p>-Mar\u00e7 2020: Gliwice (Poland): No s&#8217;ha pogut realitzar.<\/p>\n<p>Jobshadowing<\/p>\n","protected":false},"excerpt":{"rendered":"<p>Projecte E+ KA1:<br \/>\n\u201cHacia un aprendizaje m\u00e1s competencial y cooperativo de la lengua extranjera\u201d<br \/>\n\u00c9s un projecte que preveu estades formatives a l\u2019estranger per al professorat\u00a0 (un curs d\u2019estiu i dos per\u00edodes d\u2019observaci\u00f3 job-shadowing en dues de les nostres escoles s\u00f2cies dels anteriors projectes: Pol\u00f2nia i Finl\u00e0ndia),&hellip;  <a href=\"https:\/\/agora.xtec.cat\/ceipelcastellot\/projecte-educatiu-2\/erasmus\/e-ka1-accle-2019-20\/\" title=\"Read E+ KA1 ACCLE 2019-20\">Llegeix m\u00e9s\u00bb<\/a><\/p>\n","protected":false},"author":1,"featured_media":0,"parent":530,"menu_order":1,"comment_status":"closed","ping_status":"closed","template":"page-templates\/side-menu.php","meta":{"_bbp_topic_count":0,"_bbp_reply_count":0,"_bbp_total_topic_count":0,"_bbp_total_reply_count":0,"_bbp_voice_count":0,"_bbp_anonymous_reply_count":0,"_bbp_topic_count_hidden":0,"_bbp_reply_count_hidden":0,"_bbp_forum_subforum_count":0,"footnotes":""},"class_list":["post-8153","page","type-page","status-publish","hentry"],"post_mailing_queue_ids":[],"_links":{"self":[{"href":"https:\/\/agora.xtec.cat\/ceipelcastellot\/wp-json\/wp\/v2\/pages\/8153","targetHints":{"allow":["GET"]}}],"collection":[{"href":"https:\/\/agora.xtec.cat\/ceipelcastellot\/wp-json\/wp\/v2\/pages"}],"about":[{"href":"https:\/\/agora.xtec.cat\/ceipelcastellot\/wp-json\/wp\/v2\/types\/page"}],"author":[{"embeddable":true,"href":"https:\/\/agora.xtec.cat\/ceipelcastellot\/wp-json\/wp\/v2\/users\/1"}],"replies":[{"embeddable":true,"href":"https:\/\/agora.xtec.cat\/ceipelcastellot\/wp-json\/wp\/v2\/comments?post=8153"}],"version-history":[{"count":2,"href":"https:\/\/agora.xtec.cat\/ceipelcastellot\/wp-json\/wp\/v2\/pages\/8153\/revisions"}],"predecessor-version":[{"id":8155,"href":"https:\/\/agora.xtec.cat\/ceipelcastellot\/wp-json\/wp\/v2\/pages\/8153\/revisions\/8155"}],"up":[{"embeddable":true,"href":"https:\/\/agora.xtec.cat\/ceipelcastellot\/wp-json\/wp\/v2\/pages\/530"}],"wp:attachment":[{"href":"https:\/\/agora.xtec.cat\/ceipelcastellot\/wp-json\/wp\/v2\/media?parent=8153"}],"curies":[{"name":"wp","href":"https:\/\/api.w.org\/{rel}","templated":true}]}}