{"id":5748,"date":"2020-01-30T02:13:48","date_gmt":"2020-01-30T01:13:48","guid":{"rendered":"http:\/\/agora.xtec.cat\/ceipelcastellot\/?page_id=5748"},"modified":"2025-12-04T23:10:50","modified_gmt":"2025-12-04T22:10:50","slug":"programa-de-consum-de-fruites-i-hortalisses-a-les-escoles","status":"publish","type":"page","link":"https:\/\/agora.xtec.cat\/ceipelcastellot\/projecte-educatiu-2\/programa-de-consum-de-fruites-i-hortalisses-a-les-escoles\/","title":{"rendered":"Programa de Consum de Fruites i Hortalisses a les Escoles"},"content":{"rendered":"<p>Aquest curs tamb\u00e9 formem part del <a href=\"http:\/\/agricultura.gencat.cat\/ca\/ambits\/alimentacio\/promocio-agroalimentaria\/fruita-llet-escoles\/fruita-escoles\/\">Programa de Consum de Fruites i Hortalisses a les Escoles<\/a>.<\/p>\n<p><a href=\"https:\/\/agricultura.gencat.cat\/ca\/ambits\/alimentacio\/promocio-agroalimentaria\/fruita-llet-escoles\/fruita-escoles\/\"><img loading=\"lazy\" decoding=\"async\" class=\" wp-image-11018 alignright\" src=\"https:\/\/agora.xtec.cat\/ceipelcastellot\/wp-content\/uploads\/usu543\/2024\/10\/cartell.png\" alt=\"\" width=\"342\" height=\"479\" srcset=\"https:\/\/agora.xtec.cat\/ceipelcastellot\/wp-content\/uploads\/usu543\/2024\/10\/cartell.png 570w, https:\/\/agora.xtec.cat\/ceipelcastellot\/wp-content\/uploads\/usu543\/2024\/10\/cartell-214x300.png 214w\" sizes=\"auto, (max-width: 342px) 100vw, 342px\" \/><\/a><\/p>\n<p style=\"font-weight: 400;\">S\u2019ha previst fer <strong>6 entregues <\/strong>amb un total de 2-4 peces\/racions de fruites i\/o hortalisses fresques per a cada infant mitjan\u00e7ant\u00a0<a href=\"http:\/\/fruita.cat\/\">l\u2019Associaci\u00f3 Empresarial de Fruita de Catalunya (AFRUCAT)<\/a>.<\/p>\n<p><strong>El calendari de fruites previst per aquest curs escolar ser\u00e0 el seg\u00fcent:<\/strong><\/p>\n<p style=\"font-weight: 400;\"><strong>12 de novembre:<\/strong>\u00a0 Poma Golden, pl\u00e0tan IGP, mandarina IGP i poma vermella<\/p>\n<p style=\"font-weight: 400;\"><strong>14 de gener:<\/strong>\u00a0 Poma i mandarina IGP<\/p>\n<p style=\"font-weight: 400;\"><strong>11 de febrer:<\/strong> Taronja IGP, poma<\/p>\n<p style=\"font-weight: 400;\"><strong>? de Mar\u00e7:<\/strong>\u00a0 Taronja i Pera<\/p>\n<p style=\"font-weight: 400;\"><strong>? de Maig:<\/strong> Albercoc, Poma i tom\u00e0quet Cherry<\/p>\n<p style=\"font-weight: 400;\"><strong>? de Juny:<\/strong> Nectarina, Pr\u00e9ssec i Cirera<\/p>\n<p style=\"font-weight: 400;\">Hi pot haver canvis de fruita entre els mesos del trimestre, sempre amb la finalitat d&#8217;aportar la m\u00e0xima qualitat en les fruites que es reparteixen cada mes.<\/p>\n<p>\u00c9s important que les fam\u00edlies conegueu l\u2019exist\u00e8ncia del Programa, la import\u00e0ncia de menjar fruites i hortalisses i l\u2019esfor\u00e7 que el sector agrari productor est\u00e0 fent per donar suport a aquest Programa i promoure entre els nens i nenes h\u00e0bits de consum saludable. Per aix\u00f2, us mostrem aquest tr\u00edptic (per visualitzar-lo, cliqueu a sobre de la imatge del cartell):<\/p>\n<p><a href=\"https:\/\/agricultura.gencat.cat\/web\/.content\/04-alimentacio\/pla-consum-fruita-escoles\/enllacos-documents\/fitxers-binaris\/af-fruites_triptic.pdf\"><img loading=\"lazy\" decoding=\"async\" class=\"size-large wp-image-11019 aligncenter\" src=\"https:\/\/agora.xtec.cat\/ceipelcastellot\/wp-content\/uploads\/usu543\/2024\/10\/triptic-1024x729.png\" alt=\"\" width=\"1024\" height=\"729\" srcset=\"https:\/\/agora.xtec.cat\/ceipelcastellot\/wp-content\/uploads\/usu543\/2024\/10\/triptic-1024x729.png 1024w, https:\/\/agora.xtec.cat\/ceipelcastellot\/wp-content\/uploads\/usu543\/2024\/10\/triptic-300x214.png 300w, https:\/\/agora.xtec.cat\/ceipelcastellot\/wp-content\/uploads\/usu543\/2024\/10\/triptic-768x547.png 768w, https:\/\/agora.xtec.cat\/ceipelcastellot\/wp-content\/uploads\/usu543\/2024\/10\/triptic.png 1129w\" sizes=\"auto, (max-width: 1024px) 100vw, 1024px\" \/><\/a><\/p>\n","protected":false},"excerpt":{"rendered":"<p>Aquest curs tamb\u00e9 formem part del <a href=\"http:\/\/agricultura.gencat.cat\/ca\/ambits\/alimentacio\/promocio-agroalimentaria\/fruita-llet-escoles\/fruita-escoles\/\">Programa de Consum de Fruites i Hortalisses a les Escoles<\/a>.<br \/>\n<a href=\"https:\/\/agricultura.gencat.cat\/ca\/ambits\/alimentacio\/promocio-agroalimentaria\/fruita-llet-escoles\/fruita-escoles\/\"><\/a><br \/>\nS\u2019ha previst fer 6 entregues amb un total de 2-4 peces\/racions de fruites i\/o hortalisses fresques per a cada infant mitjan\u00e7ant\u00a0<a href=\"http:\/\/fruita.cat\/\">l\u2019Associaci\u00f3 Empresarial de Fruita de Catalunya (AFRUCAT)<\/a>.<br \/>\nEl&hellip;  <a href=\"https:\/\/agora.xtec.cat\/ceipelcastellot\/projecte-educatiu-2\/programa-de-consum-de-fruites-i-hortalisses-a-les-escoles\/\" title=\"Read Programa de Consum de Fruites i Hortalisses a les Escoles\">Llegeix m\u00e9s\u00bb<\/a><\/p>\n","protected":false},"author":1,"featured_media":0,"parent":600,"menu_order":9,"comment_status":"closed","ping_status":"closed","template":"page-templates\/side-menu.php","meta":{"_bbp_topic_count":0,"_bbp_reply_count":0,"_bbp_total_topic_count":0,"_bbp_total_reply_count":0,"_bbp_voice_count":0,"_bbp_anonymous_reply_count":0,"_bbp_topic_count_hidden":0,"_bbp_reply_count_hidden":0,"_bbp_forum_subforum_count":0,"footnotes":""},"class_list":["post-5748","page","type-page","status-publish","hentry"],"post_mailing_queue_ids":[],"_links":{"self":[{"href":"https:\/\/agora.xtec.cat\/ceipelcastellot\/wp-json\/wp\/v2\/pages\/5748","targetHints":{"allow":["GET"]}}],"collection":[{"href":"https:\/\/agora.xtec.cat\/ceipelcastellot\/wp-json\/wp\/v2\/pages"}],"about":[{"href":"https:\/\/agora.xtec.cat\/ceipelcastellot\/wp-json\/wp\/v2\/types\/page"}],"author":[{"embeddable":true,"href":"https:\/\/agora.xtec.cat\/ceipelcastellot\/wp-json\/wp\/v2\/users\/1"}],"replies":[{"embeddable":true,"href":"https:\/\/agora.xtec.cat\/ceipelcastellot\/wp-json\/wp\/v2\/comments?post=5748"}],"version-history":[{"count":4,"href":"https:\/\/agora.xtec.cat\/ceipelcastellot\/wp-json\/wp\/v2\/pages\/5748\/revisions"}],"predecessor-version":[{"id":11020,"href":"https:\/\/agora.xtec.cat\/ceipelcastellot\/wp-json\/wp\/v2\/pages\/5748\/revisions\/11020"}],"up":[{"embeddable":true,"href":"https:\/\/agora.xtec.cat\/ceipelcastellot\/wp-json\/wp\/v2\/pages\/600"}],"wp:attachment":[{"href":"https:\/\/agora.xtec.cat\/ceipelcastellot\/wp-json\/wp\/v2\/media?parent=5748"}],"curies":[{"name":"wp","href":"https:\/\/api.w.org\/{rel}","templated":true}]}}