{"id":5744,"date":"2020-01-30T01:43:26","date_gmt":"2020-01-30T00:43:26","guid":{"rendered":"http:\/\/agora.xtec.cat\/ceipelcastellot\/?page_id=5744"},"modified":"2025-12-04T23:12:27","modified_gmt":"2025-12-04T22:12:27","slug":"aquiproubullying","status":"publish","type":"page","link":"https:\/\/agora.xtec.cat\/ceipelcastellot\/projecte-educatiu-2\/aquiproubullying\/","title":{"rendered":"#Aquiproubullying"},"content":{"rendered":"<p><strong>PROJECTE #AQU\u00cdPROUBULLYING<img loading=\"lazy\" decoding=\"async\" class=\"aligncenter size-full wp-image-5745\" src=\"https:\/\/agora.xtec.cat\/ceipelcastellot\/wp-content\/uploads\/usu543\/2020\/01\/aquiproubullyuing.jpg\" alt=\"\" width=\"374\" height=\"226\" srcset=\"https:\/\/agora.xtec.cat\/ceipelcastellot\/wp-content\/uploads\/usu543\/2020\/01\/aquiproubullyuing.jpg 374w, https:\/\/agora.xtec.cat\/ceipelcastellot\/wp-content\/uploads\/usu543\/2020\/01\/aquiproubullyuing-300x181.jpg 300w\" sizes=\"auto, (max-width: 374px) 100vw, 374px\" \/><\/strong><\/p>\n<p><strong>\u00a0<\/strong>Com ja sabeu, hem iniciat el Programa\u00a0 #aquiproubullying per donar una resposta educativa a les possibles situacions d&#8217;assetjament, implicant tots els sectors de la comunitat escolar, especialment a l&#8217;alumnat mitjan\u00e7ant la seva participaci\u00f3 activa.<\/p>\n<p>El programa vol incidir especialment en refor\u00e7ar els valors convivencials com a eines per prevenir possibles situacions d\u2019assetjament.<\/p>\n<p>A principis de curs vam fer unes enquestes a les fam\u00edlies, als Mestres i als alumnes per fer una diagnosi de la conviv\u00e8ncia que hi havia al centre. Cal dir que els resultats van ser for\u00e7a positius, per\u00f2 igualment estem treballant per seguir tenint aquesta bona conviv\u00e8ncia. Aix\u00ed que a cada aula s\u2019actua i es realitzen activitats per reflexionar i refor\u00e7ar els valors convivencials.<\/p>\n<p><strong>INICIEM ELS EQUIPS PER LA CONVIV\u00c8NCIA (ExC)!<\/strong><\/p>\n<p>A finals del mes de gener vam comen\u00e7ar a posar en pr\u00e0ctica els Equips X la conviv\u00e8ncia. Durant el primer trimestre els alumnes de 6\u00e8 es van formar en aquest sentit i aviat ho faran els de 5\u00e8. Els ExC tenen com a finalitat detectar i aturar aquelles accions que dificultin les relacions entre iguals i malmetin la conviv\u00e8ncia i promoure tant estrat\u00e8gies de gesti\u00f3 positiva dels conflictes com mesures restauratives de tal manera no arribin a donar-se situacions d\u2019assetjament.<\/p>\n<p>Les funcions dels Equips X \u00a0la conviv\u00e8ncia s\u00f3n:<\/p>\n<ul>\n<li><strong>observar i detectar<\/strong> situacions que trenquen la conviv\u00e8ncia i <strong>enregistrar-les<\/strong><\/li>\n<li><strong>estar atents a companys<\/strong> que necessitin ajuda perqu\u00e8 se sentin insegurs, exclosos, amena\u00e7ats o agredits<\/li>\n<li><strong>analitzar <\/strong>les situacions conflictives i <strong>fer propostes<\/strong> <strong>d\u2019intervenci\u00f3<\/strong>.<\/li>\n<\/ul>\n<p>Estem contents de com estan funcionant. A finals de curs en podrem fer una millorar valoraci\u00f3.<\/p>\n<p><a href=\"https:\/\/agora.xtec.cat\/ceipelcastellot\/general\/equips-per-la-convivencia\/\">Els ExC primer es van presentar per totes les classes de prim\u00e0ria<\/a>.<\/p>\n","protected":false},"excerpt":{"rendered":"<p>PROJECTE #AQU\u00cdPROUBULLYING<br \/>\n\u00a0Com ja sabeu, hem iniciat el Programa\u00a0 #aquiproubullying per donar una resposta educativa a les possibles situacions d&#8217;assetjament, implicant tots els sectors de la comunitat escolar, especialment a l&#8217;alumnat mitjan\u00e7ant la seva participaci\u00f3 activa.<br \/>\nEl programa vol incidir especialment en refor\u00e7ar els valors convivencials com&hellip;  <a href=\"https:\/\/agora.xtec.cat\/ceipelcastellot\/projecte-educatiu-2\/aquiproubullying\/\" title=\"Read #Aquiproubullying\">Llegeix m\u00e9s\u00bb<\/a><\/p>\n","protected":false},"author":1,"featured_media":0,"parent":600,"menu_order":2,"comment_status":"closed","ping_status":"closed","template":"page-templates\/side-menu.php","meta":{"_bbp_topic_count":0,"_bbp_reply_count":0,"_bbp_total_topic_count":0,"_bbp_total_reply_count":0,"_bbp_voice_count":0,"_bbp_anonymous_reply_count":0,"_bbp_topic_count_hidden":0,"_bbp_reply_count_hidden":0,"_bbp_forum_subforum_count":0,"footnotes":""},"class_list":["post-5744","page","type-page","status-publish","hentry"],"post_mailing_queue_ids":[],"_links":{"self":[{"href":"https:\/\/agora.xtec.cat\/ceipelcastellot\/wp-json\/wp\/v2\/pages\/5744","targetHints":{"allow":["GET"]}}],"collection":[{"href":"https:\/\/agora.xtec.cat\/ceipelcastellot\/wp-json\/wp\/v2\/pages"}],"about":[{"href":"https:\/\/agora.xtec.cat\/ceipelcastellot\/wp-json\/wp\/v2\/types\/page"}],"author":[{"embeddable":true,"href":"https:\/\/agora.xtec.cat\/ceipelcastellot\/wp-json\/wp\/v2\/users\/1"}],"replies":[{"embeddable":true,"href":"https:\/\/agora.xtec.cat\/ceipelcastellot\/wp-json\/wp\/v2\/comments?post=5744"}],"version-history":[{"count":1,"href":"https:\/\/agora.xtec.cat\/ceipelcastellot\/wp-json\/wp\/v2\/pages\/5744\/revisions"}],"predecessor-version":[{"id":5746,"href":"https:\/\/agora.xtec.cat\/ceipelcastellot\/wp-json\/wp\/v2\/pages\/5744\/revisions\/5746"}],"up":[{"embeddable":true,"href":"https:\/\/agora.xtec.cat\/ceipelcastellot\/wp-json\/wp\/v2\/pages\/600"}],"wp:attachment":[{"href":"https:\/\/agora.xtec.cat\/ceipelcastellot\/wp-json\/wp\/v2\/media?parent=5744"}],"curies":[{"name":"wp","href":"https:\/\/api.w.org\/{rel}","templated":true}]}}