{"id":5736,"date":"2020-01-30T01:07:28","date_gmt":"2020-01-30T00:07:28","guid":{"rendered":"http:\/\/agora.xtec.cat\/ceipelcastellot\/?page_id=5736"},"modified":"2020-08-14T13:03:29","modified_gmt":"2020-08-14T11:03:29","slug":"tele-towareds-effective-language-education","status":"publish","type":"page","link":"https:\/\/agora.xtec.cat\/ceipelcastellot\/projecte-educatiu-2\/erasmus\/tele-towareds-effective-language-education\/","title":{"rendered":"E+ KA2 TELE (Towards Effective Language Education) 2019-21"},"content":{"rendered":"<p><img loading=\"lazy\" decoding=\"async\" class=\"aligncenter wp-image-5725\" src=\"https:\/\/agora.xtec.cat\/ceipelcastellot\/wp-content\/uploads\/usu543\/2020\/01\/IMG-20191128-WA0024.jpg\" alt=\"\" width=\"273\" height=\"265\" srcset=\"https:\/\/agora.xtec.cat\/ceipelcastellot\/wp-content\/uploads\/usu543\/2020\/01\/IMG-20191128-WA0024.jpg 1600w, https:\/\/agora.xtec.cat\/ceipelcastellot\/wp-content\/uploads\/usu543\/2020\/01\/IMG-20191128-WA0024-300x291.jpg 300w, https:\/\/agora.xtec.cat\/ceipelcastellot\/wp-content\/uploads\/usu543\/2020\/01\/IMG-20191128-WA0024-768x745.jpg 768w, https:\/\/agora.xtec.cat\/ceipelcastellot\/wp-content\/uploads\/usu543\/2020\/01\/IMG-20191128-WA0024-1024x993.jpg 1024w\" sizes=\"auto, (max-width: 273px) 100vw, 273px\" \/><\/p>\n<p>Enguany estem molt contents d\u2019iniciar un nou projecte Erasmus+KA2 \u201c<strong>TELE\u201d (Towards Effective Language Education)<\/strong>, que tindr\u00e0 una durada de dos anys (2019-2021).<\/p>\n<p>Som els coordinadors d&#8217;aquest projecte i col\u00b7laborarem amb cinc escoles s\u00f2cies dels seg\u00fcents pa\u00efsos: Eslov\u00e8nia, Finl\u00e0ndia, Pol\u00f2nia, Regne Unit i Salamanca.<\/p>\n<p>Els objectius principals del projecte s\u00f3n:<\/p>\n<p>-Millora de la compet\u00e8ncia del professorat de llengua estrangera mitjan\u00e7ant l&#8217;intercanvi de bones pr\u00e0ctiques.<\/p>\n<p>-Millora de la compet\u00e8ncia oral i escrita de l&#8217;alumnat en llengua anglesa.<\/p>\n<p>-Foment de la consci\u00e8ncia sobre la cultura i diversitat a Europa.<\/p>\n<p>El projecte se centra en l\u2019intercanvi de bones pr\u00e0ctiques sobre l\u2019ensenyament-aprenentatge de les lleng\u00fces estrangeres, i inclou activitats col\u00b7laboratives per a l\u2019alumnat de cicle superior.\u00a0 El projecte inclou trobades de formaci\u00f3 per al professorat i estades curtes al Regne Unit per a l\u2019alumnat.<\/p>\n<p>Us n\u2019anirem informant en aquest web i a les xarxes :).<\/p>\n<p>==&gt;La primera activitat amb l&#8217;alumnat va ser participar en un <strong>concurs per escollir el logo del projecte a trav\u00e9s de la plataforma <a href=\"https:\/\/www.etwinning.net\/es\/pub\/index.htm\">eTwinning<\/a><\/strong>.<\/p>\n<p><a href=\"https:\/\/agora.xtec.cat\/ceipelcastellot\/general\/votem-el-logo-per-al-nou-projecte-erasmus-tele\/\"><img loading=\"lazy\" decoding=\"async\" class=\"aligncenter wp-image-5057\" src=\"https:\/\/agora.xtec.cat\/ceipelcastellot\/wp-content\/uploads\/usu543\/2019\/10\/20191011_114728_w.jpg\" alt=\"\" width=\"273\" height=\"205\" srcset=\"https:\/\/agora.xtec.cat\/ceipelcastellot\/wp-content\/uploads\/usu543\/2019\/10\/20191011_114728_w.jpg 1152w, https:\/\/agora.xtec.cat\/ceipelcastellot\/wp-content\/uploads\/usu543\/2019\/10\/20191011_114728_w-300x225.jpg 300w, https:\/\/agora.xtec.cat\/ceipelcastellot\/wp-content\/uploads\/usu543\/2019\/10\/20191011_114728_w-768x576.jpg 768w, https:\/\/agora.xtec.cat\/ceipelcastellot\/wp-content\/uploads\/usu543\/2019\/10\/20191011_114728_w-1024x768.jpg 1024w, https:\/\/agora.xtec.cat\/ceipelcastellot\/wp-content\/uploads\/usu543\/2019\/10\/20191011_114728_w-200x150.jpg 200w\" sizes=\"auto, (max-width: 273px) 100vw, 273px\" \/><\/a><\/p>\n<p>==&gt;L&#8217;alumnat de les sis escoles publiquem <strong>not\u00edcies al nostre diari digital<a href=\"http:\/\/www.telejournal.eu\/\">\u00a0telejornal.eu<\/a><\/strong> . Us animem a visitar el web!\u00a0 Hi trobareu diferents tipus de not\u00edcies.\u00a0 Ens va b\u00e9 per estar al dia del que passa a cada escola, i per millorar la nostra compet\u00e8ncia escrita en llengua anglesa!<\/p>\n<p><a href=\"http:\/\/www.telejournal.eu\/\"><img loading=\"lazy\" decoding=\"async\" class=\"aligncenter wp-image-5738\" src=\"https:\/\/agora.xtec.cat\/ceipelcastellot\/wp-content\/uploads\/usu543\/2020\/01\/logotele.jpg\" alt=\"\" width=\"295\" height=\"109\" srcset=\"https:\/\/agora.xtec.cat\/ceipelcastellot\/wp-content\/uploads\/usu543\/2020\/01\/logotele.jpg 800w, https:\/\/agora.xtec.cat\/ceipelcastellot\/wp-content\/uploads\/usu543\/2020\/01\/logotele-300x111.jpg 300w, https:\/\/agora.xtec.cat\/ceipelcastellot\/wp-content\/uploads\/usu543\/2020\/01\/logotele-768x284.jpg 768w\" sizes=\"auto, (max-width: 295px) 100vw, 295px\" \/><\/a><\/p>\n<p>==&gt;<strong>Primera estada formativa a Finl\u00e0ndia. Functional Learning. <\/strong><\/p>\n<p>Del 27 al 31 de gener de 2020, un parell de mestres de cada escola van participar a la primera trobada presencial del projecte a l&#8217;escola de Pielavesi (Finl\u00e0ndia).\u00a0 La C\u00e8lia i la Clara hi van participar en representaci\u00f3 de la nostra escola:<strong>\u00a0<\/strong><a href=\"https:\/\/agora.xtec.cat\/ceipelcastellot\/general\/trobada-erasmus-a-finlandia\/\">Trobada Erasmus a Finl\u00e0ndia<\/a><\/p>\n<p><img loading=\"lazy\" decoding=\"async\" class=\"aligncenter size-medium wp-image-5799\" src=\"https:\/\/agora.xtec.cat\/ceipelcastellot\/wp-content\/uploads\/usu543\/2020\/02\/Finland-Group-300x225.jpg\" alt=\"\" width=\"300\" height=\"225\" srcset=\"https:\/\/agora.xtec.cat\/ceipelcastellot\/wp-content\/uploads\/usu543\/2020\/02\/Finland-Group-300x225.jpg 300w, https:\/\/agora.xtec.cat\/ceipelcastellot\/wp-content\/uploads\/usu543\/2020\/02\/Finland-Group-768x576.jpg 768w, https:\/\/agora.xtec.cat\/ceipelcastellot\/wp-content\/uploads\/usu543\/2020\/02\/Finland-Group-1024x768.jpg 1024w, https:\/\/agora.xtec.cat\/ceipelcastellot\/wp-content\/uploads\/usu543\/2020\/02\/Finland-Group-200x150.jpg 200w, https:\/\/agora.xtec.cat\/ceipelcastellot\/wp-content\/uploads\/usu543\/2020\/02\/Finland-Group.jpg 1599w\" sizes=\"auto, (max-width: 300px) 100vw, 300px\" \/><\/p>\n<p>&nbsp;<\/p>\n<p>&nbsp;<\/p>\n<p>&nbsp;<\/p>\n<p>&nbsp;<\/p>\n<p>&nbsp;<\/p>\n","protected":false},"excerpt":{"rendered":"<p>Enguany estem molt contents d\u2019iniciar un nou projecte Erasmus+KA2 \u201cTELE\u201d (Towards Effective Language Education), que tindr\u00e0 una durada de dos anys (2019-2021).<br \/>\nSom els coordinadors d&#8217;aquest projecte i col\u00b7laborarem amb cinc escoles s\u00f2cies dels seg\u00fcents pa\u00efsos: Eslov\u00e8nia, Finl\u00e0ndia, Pol\u00f2nia, Regne Unit i Salamanca.<br \/>\nEls objectius principals del&hellip;  <a href=\"https:\/\/agora.xtec.cat\/ceipelcastellot\/projecte-educatiu-2\/erasmus\/tele-towareds-effective-language-education\/\" title=\"Read E+ KA2 TELE (Towards Effective Language Education) 2019-21\">Llegeix m\u00e9s\u00bb<\/a><\/p>\n","protected":false},"author":1,"featured_media":0,"parent":530,"menu_order":0,"comment_status":"closed","ping_status":"closed","template":"page-templates\/side-menu.php","meta":{"_bbp_topic_count":0,"_bbp_reply_count":0,"_bbp_total_topic_count":0,"_bbp_total_reply_count":0,"_bbp_voice_count":0,"_bbp_anonymous_reply_count":0,"_bbp_topic_count_hidden":0,"_bbp_reply_count_hidden":0,"_bbp_forum_subforum_count":0,"footnotes":""},"class_list":["post-5736","page","type-page","status-publish","hentry"],"post_mailing_queue_ids":[],"_links":{"self":[{"href":"https:\/\/agora.xtec.cat\/ceipelcastellot\/wp-json\/wp\/v2\/pages\/5736","targetHints":{"allow":["GET"]}}],"collection":[{"href":"https:\/\/agora.xtec.cat\/ceipelcastellot\/wp-json\/wp\/v2\/pages"}],"about":[{"href":"https:\/\/agora.xtec.cat\/ceipelcastellot\/wp-json\/wp\/v2\/types\/page"}],"author":[{"embeddable":true,"href":"https:\/\/agora.xtec.cat\/ceipelcastellot\/wp-json\/wp\/v2\/users\/1"}],"replies":[{"embeddable":true,"href":"https:\/\/agora.xtec.cat\/ceipelcastellot\/wp-json\/wp\/v2\/comments?post=5736"}],"version-history":[{"count":4,"href":"https:\/\/agora.xtec.cat\/ceipelcastellot\/wp-json\/wp\/v2\/pages\/5736\/revisions"}],"predecessor-version":[{"id":8165,"href":"https:\/\/agora.xtec.cat\/ceipelcastellot\/wp-json\/wp\/v2\/pages\/5736\/revisions\/8165"}],"up":[{"embeddable":true,"href":"https:\/\/agora.xtec.cat\/ceipelcastellot\/wp-json\/wp\/v2\/pages\/530"}],"wp:attachment":[{"href":"https:\/\/agora.xtec.cat\/ceipelcastellot\/wp-json\/wp\/v2\/media?parent=5736"}],"curies":[{"name":"wp","href":"https:\/\/api.w.org\/{rel}","templated":true}]}}