{"id":573,"date":"2017-06-27T17:03:46","date_gmt":"2017-06-27T15:03:46","guid":{"rendered":"http:\/\/agora.xtec.cat\/ceipelcastellot\/?page_id=573"},"modified":"2022-06-13T03:28:33","modified_gmt":"2022-06-13T01:28:33","slug":"pla-catala-de-lesport","status":"publish","type":"page","link":"https:\/\/agora.xtec.cat\/ceipelcastellot\/pla-catala-de-lesport\/","title":{"rendered":"Pla Catal\u00e0 de l&#8217;Esport"},"content":{"rendered":"<p><strong>CONCURS ESCOLAR DEL CONSELL ESPORTIU 2022<\/strong><\/p>\n<p>El passat dijous 9 de juny, a la Fassina, es va fer entrega dels premis als finalistes del Concurs Cultural que anualment convoca el Consell Esportiu de l\u2019Alt Pened\u00e8s.<\/p>\n<p>L&#8217;escola hi participa presentant els treballs de l&#8217;alumnat d&#8217;educaci\u00f3 prim\u00e0ria. I una alumna va quedar finalista en la categoria alevina, la Sira Vidal de 6\u00e8. Li van fer entrega d&#8217;una medalla i un val de 20 euros per gastar amb material escolar. Enhorabona!<\/p>\n<p><img loading=\"lazy\" decoding=\"async\" class=\"size-full wp-image-9723 aligncenter\" src=\"https:\/\/agora.xtec.cat\/ceipelcastellot\/wp-content\/uploads\/usu543\/2022\/06\/sira_fassina.png\" alt=\"\" width=\"750\" height=\"563\" srcset=\"https:\/\/agora.xtec.cat\/ceipelcastellot\/wp-content\/uploads\/usu543\/2022\/06\/sira_fassina.png 750w, https:\/\/agora.xtec.cat\/ceipelcastellot\/wp-content\/uploads\/usu543\/2022\/06\/sira_fassina-300x225.png 300w, https:\/\/agora.xtec.cat\/ceipelcastellot\/wp-content\/uploads\/usu543\/2022\/06\/sira_fassina-200x150.png 200w\" sizes=\"auto, (max-width: 750px) 100vw, 750px\" \/> <img loading=\"lazy\" decoding=\"async\" class=\"size-large wp-image-9724 aligncenter\" src=\"https:\/\/agora.xtec.cat\/ceipelcastellot\/wp-content\/uploads\/usu543\/2022\/06\/dibuix_concurs-691x1024.png\" alt=\"\" width=\"691\" height=\"1024\" srcset=\"https:\/\/agora.xtec.cat\/ceipelcastellot\/wp-content\/uploads\/usu543\/2022\/06\/dibuix_concurs-691x1024.png 691w, https:\/\/agora.xtec.cat\/ceipelcastellot\/wp-content\/uploads\/usu543\/2022\/06\/dibuix_concurs-202x300.png 202w, https:\/\/agora.xtec.cat\/ceipelcastellot\/wp-content\/uploads\/usu543\/2022\/06\/dibuix_concurs-768x1139.png 768w, https:\/\/agora.xtec.cat\/ceipelcastellot\/wp-content\/uploads\/usu543\/2022\/06\/dibuix_concurs.png 899w\" sizes=\"auto, (max-width: 691px) 100vw, 691px\" \/><\/p>\n<p><span style=\"font-family: inherit; font-size: 1em;\">Gr\u00e0cies a tot l\u2019alumnat per la seva participaci\u00f3 !!!<\/span><\/p>\n<p>En aquest enlla\u00e7 podreu veure els treballs guanyadors: <a href=\"https:\/\/www.jespe.org\/consell-esportiu\/concurs-cultural\">https:\/\/www.jespe.org\/consell-esportiu\/concurs-cultural<\/a><\/p>\n<p>_________________________________________________________________________________<\/p>\n<p><strong>CROS ESCOLAR<\/strong><\/p>\n<p>Torna el Cros Escolar &#8211; JESPE. Teniu tota la informaci\u00f3 a: <a href=\"https:\/\/www.jespe.org\/esport-escolar\/cros\">https:\/\/www.jespe.org\/esport-escolar\/cros<\/a><\/p>\n<p>_________________________________________________________________________________<br \/>\nEl passat diumenge 27 de mar\u00e7 hi va haver el <a href=\"https:\/\/drive.google.com\/file\/d\/1458bxw-U1e3aVpaChkIYmsy0m_N5GvxD\/view?usp=sharing\">CROS ESCOLA CRIST\u00d2FOR MESTRE<\/a> de Vilafranca del Pened\u00e8s. Alumnat de la nostra escola hi va participar. Els felicitem! Aqu\u00ed teniu un petit v\u00eddeo.<\/p>\n<p><a href=\"https:\/\/drive.google.com\/file\/d\/1458bxw-U1e3aVpaChkIYmsy0m_N5GvxD\/view?usp=sharing\"><img loading=\"lazy\" decoding=\"async\" class=\"size-large wp-image-9477 aligncenter\" src=\"https:\/\/agora.xtec.cat\/ceipelcastellot\/wp-content\/uploads\/usu543\/2022\/03\/portada_cristofor-1024x688.png\" alt=\"\" width=\"1024\" height=\"688\" srcset=\"https:\/\/agora.xtec.cat\/ceipelcastellot\/wp-content\/uploads\/usu543\/2022\/03\/portada_cristofor-1024x688.png 1024w, https:\/\/agora.xtec.cat\/ceipelcastellot\/wp-content\/uploads\/usu543\/2022\/03\/portada_cristofor-300x201.png 300w, https:\/\/agora.xtec.cat\/ceipelcastellot\/wp-content\/uploads\/usu543\/2022\/03\/portada_cristofor-768x516.png 768w, https:\/\/agora.xtec.cat\/ceipelcastellot\/wp-content\/uploads\/usu543\/2022\/03\/portada_cristofor.png 1163w\" sizes=\"auto, (max-width: 1024px) 100vw, 1024px\" \/><\/a><\/p>\n<p><b>___________________________________________________________________________________________________________________________________________<\/b><br \/>\nJa teniu disponible la informaci\u00f3 del 3r cros d&#8217;enguany!<\/p>\n<p>Aquest diumenge 27 de mar\u00e7 a l&#8217;escola Crist\u00f2for Mestre de Vilafranca a partir de les 10h.<br \/>\n<a href=\"https:\/\/agora.xtec.cat\/ceipelcastellot\/wp-content\/uploads\/usu543\/2022\/03\/20220321124930_493_cros_cristfor_mestre_27_de_mar.pdf\"><img loading=\"lazy\" decoding=\"async\" class=\"size-full wp-image-9466 aligncenter\" src=\"https:\/\/agora.xtec.cat\/ceipelcastellot\/wp-content\/uploads\/usu543\/2022\/03\/Cristofor.png\" alt=\"\" width=\"591\" height=\"819\" srcset=\"https:\/\/agora.xtec.cat\/ceipelcastellot\/wp-content\/uploads\/usu543\/2022\/03\/Cristofor.png 591w, https:\/\/agora.xtec.cat\/ceipelcastellot\/wp-content\/uploads\/usu543\/2022\/03\/Cristofor-216x300.png 216w\" sizes=\"auto, (max-width: 591px) 100vw, 591px\" \/><\/a><\/p>\n<p>___________________________________________________________________________________<\/p>\n<p>13 de mar\u00e7 2022: Cros Escolar de Sant Ramon.<\/p>\n<p>Alumnat de la nostra escola hi va participar:<\/p>\n<p><a href=\"https:\/\/agora.xtec.cat\/ceipelcastellot\/wp-content\/uploads\/usu543\/2022\/03\/cros_st_ramon_22.mp4\"><img loading=\"lazy\" decoding=\"async\" class=\"size-large wp-image-9442 aligncenter\" src=\"https:\/\/agora.xtec.cat\/ceipelcastellot\/wp-content\/uploads\/usu543\/2022\/03\/portada_st_ramon-1024x610.png\" alt=\"\" width=\"1024\" height=\"610\" srcset=\"https:\/\/agora.xtec.cat\/ceipelcastellot\/wp-content\/uploads\/usu543\/2022\/03\/portada_st_ramon-1024x610.png 1024w, https:\/\/agora.xtec.cat\/ceipelcastellot\/wp-content\/uploads\/usu543\/2022\/03\/portada_st_ramon-300x179.png 300w, https:\/\/agora.xtec.cat\/ceipelcastellot\/wp-content\/uploads\/usu543\/2022\/03\/portada_st_ramon-768x457.png 768w, https:\/\/agora.xtec.cat\/ceipelcastellot\/wp-content\/uploads\/usu543\/2022\/03\/portada_st_ramon-1536x915.png 1536w, https:\/\/agora.xtec.cat\/ceipelcastellot\/wp-content\/uploads\/usu543\/2022\/03\/portada_st_ramon.png 1647w\" sizes=\"auto, (max-width: 1024px) 100vw, 1024px\" \/><\/a><\/p>\n<p>___________________________________________________________________________________<\/p>\n<p>CONCURS CULTURAL DEL CONSELL ESPORTIU 2021<\/p>\n<p>Un any m\u00e9s, l&#8217;alumnat de l&#8217;escola que ha volgut s&#8217;ha pogut presentar al Concurs Cultural organitzat pel Consell Esportiu de l&#8217;Alt Pened\u00e8s. Hi ha dos modalitats de concurs, la d&#8217;un dibuix que simbolitzi l&#8217;esport i una segona que\u00a0consisteix en crear una mascota de l&#8217;esport.<\/p>\n<p>Enguany, hi han participat bastants alumnes des de 1r fins a 6\u00e8, amb molt bones propostes, per\u00f2 n&#8217;hi ha hagut una que ha quedat en 3r lloc de la seva categoria. La finalista ha estat:<\/p>\n<p>La CARLA SERRAMI\u00c0 VILA, de la classe de 3r, i ha estat premiada amb un VAL de 10\u20ac per gastar amb material escolar. Enhorabona!<\/p>\n<p>Gr\u00e0cies a tots i totes per participar-hi i portar el nom de l&#8217;escola El Castellot ben lluny!<\/p>\n<div>\n<p><img loading=\"lazy\" decoding=\"async\" class=\"size-large wp-image-8398\" src=\"https:\/\/agora.xtec.cat\/ceipelcastellot\/wp-content\/uploads\/usu543\/2021\/01\/carla-768x1024.jpg\" alt=\"\" width=\"768\" height=\"1024\" srcset=\"https:\/\/agora.xtec.cat\/ceipelcastellot\/wp-content\/uploads\/usu543\/2021\/01\/carla.jpg 768w, https:\/\/agora.xtec.cat\/ceipelcastellot\/wp-content\/uploads\/usu543\/2021\/01\/carla-225x300.jpg 225w\" sizes=\"auto, (max-width: 768px) 100vw, 768px\" \/><\/p>\n<p><img loading=\"lazy\" decoding=\"async\" class=\"aligncenter size-large wp-image-8399\" src=\"https:\/\/agora.xtec.cat\/ceipelcastellot\/wp-content\/uploads\/usu543\/2021\/01\/Carla_classe-1024x768.jpg\" alt=\"\" width=\"1024\" height=\"768\" srcset=\"https:\/\/agora.xtec.cat\/ceipelcastellot\/wp-content\/uploads\/usu543\/2021\/01\/Carla_classe.jpg 1024w, https:\/\/agora.xtec.cat\/ceipelcastellot\/wp-content\/uploads\/usu543\/2021\/01\/Carla_classe-300x225.jpg 300w, https:\/\/agora.xtec.cat\/ceipelcastellot\/wp-content\/uploads\/usu543\/2021\/01\/Carla_classe-768x576.jpg 768w, https:\/\/agora.xtec.cat\/ceipelcastellot\/wp-content\/uploads\/usu543\/2021\/01\/Carla_classe-200x150.jpg 200w\" sizes=\"auto, (max-width: 1024px) 100vw, 1024px\" \/><\/p>\n<\/div>\n<p>__________________________________________________________________________________<\/p>\n<p><u>CROS EL CASTELLOT<\/u><\/p>\n<p>&nbsp;<\/p>\n<p>El dissabte 28 d\u2019octubre s\u2019ha celebrat el Cros de l\u2019Escola El Castellot. La <strong><u>participaci\u00f3<\/u><\/strong> de la nostra Escola ha estat la seg\u00fcent:<\/p>\n<p>&nbsp;<\/p>\n<table width=\"631\">\n<tbody>\n<tr>\n<td width=\"126\"><strong>CATEGORIA<\/strong><\/td>\n<td width=\"174\"><strong>NOM<\/strong><\/td>\n<td width=\"104\"><strong>LLOC<\/strong><\/td>\n<td width=\"104\"><strong>N\u00ba <\/strong><strong>PARTICIPANTS<\/strong><\/p>\n<p><strong>\u00a0<\/strong><\/td>\n<td width=\"123\"><strong>TROFEU LOCAL<\/strong><\/td>\n<\/tr>\n<tr>\n<td rowspan=\"6\" width=\"126\">Alev\u00ed Femen\u00ed<\/td>\n<td width=\"174\">Anna Pasichnyk<\/td>\n<td width=\"104\">16<\/td>\n<td rowspan=\"6\" width=\"104\">23<\/td>\n<td width=\"123\">1a local<\/td>\n<\/tr>\n<tr>\n<td width=\"174\">Noa Ribera<\/td>\n<td width=\"104\">17<\/td>\n<td width=\"123\"><\/td>\n<\/tr>\n<tr>\n<td width=\"174\">Cristina Guxens<\/td>\n<td width=\"104\">18<\/td>\n<td width=\"123\"><\/td>\n<\/tr>\n<tr>\n<td width=\"174\">Elisabet Kupyuk<\/td>\n<td width=\"104\">21<\/td>\n<td width=\"123\"><\/td>\n<\/tr>\n<tr>\n<td width=\"174\">Ariadna Pina<\/td>\n<td width=\"104\">22<\/td>\n<td width=\"123\"><\/td>\n<\/tr>\n<tr>\n<td width=\"174\">Paulina Batarunaite<\/td>\n<td width=\"104\">23<\/td>\n<td width=\"123\"><\/td>\n<\/tr>\n<tr>\n<td rowspan=\"6\" width=\"126\">Alev\u00ed Mascul\u00ed<\/td>\n<td width=\"174\">Alexander Sosnovchyk<\/td>\n<td width=\"104\">5<\/td>\n<td rowspan=\"6\" width=\"104\">17<\/td>\n<td width=\"123\">1r local<\/td>\n<\/tr>\n<tr>\n<td width=\"174\">Nil Carmona<\/td>\n<td width=\"104\">8<\/td>\n<td width=\"123\"><strong>\u00a0<\/strong><\/td>\n<\/tr>\n<tr>\n<td width=\"174\">Ayoub Achamlal<\/td>\n<td width=\"104\">11<\/td>\n<td width=\"123\"><strong>\u00a0<\/strong><\/td>\n<\/tr>\n<tr>\n<td width=\"174\">Mart\u00ed Sivill<\/td>\n<td width=\"104\">13<\/td>\n<td width=\"123\"><strong>\u00a0<\/strong><\/td>\n<\/tr>\n<tr>\n<td width=\"174\">Jordi Puigjaner<\/td>\n<td width=\"104\">14<\/td>\n<td width=\"123\"><strong>\u00a0<\/strong><\/td>\n<\/tr>\n<tr>\n<td width=\"174\">Hug Carles<\/td>\n<td width=\"104\">16<\/td>\n<td width=\"123\"><strong>\u00a0<\/strong><\/td>\n<\/tr>\n<tr>\n<td rowspan=\"9\" width=\"126\">Benjam\u00ed Femen\u00ed<\/td>\n<td width=\"174\">\u00c8lia Montal\u00e0<\/td>\n<td width=\"104\">8<\/td>\n<td rowspan=\"9\" width=\"104\">22<\/td>\n<td width=\"123\">1a local<\/td>\n<\/tr>\n<tr>\n<td width=\"174\">Astrid Carmona<\/td>\n<td width=\"104\">14<\/td>\n<td width=\"123\"><\/td>\n<\/tr>\n<tr>\n<td width=\"174\">J\u00falia Planas<\/td>\n<td width=\"104\">15<\/td>\n<td width=\"123\"><\/td>\n<\/tr>\n<tr>\n<td width=\"174\">Diana Onopriychuk<\/td>\n<td width=\"104\">16<\/td>\n<td width=\"123\"><\/td>\n<\/tr>\n<tr>\n<td width=\"174\">Elsa Rafecas<\/td>\n<td width=\"104\">17<\/td>\n<td width=\"123\"><\/td>\n<\/tr>\n<tr>\n<td width=\"174\">Martina Mestres<\/td>\n<td width=\"104\">18<\/td>\n<td width=\"123\"><\/td>\n<\/tr>\n<tr>\n<td width=\"174\">J\u00falia Sivill<\/td>\n<td width=\"104\">19<\/td>\n<td width=\"123\"><\/td>\n<\/tr>\n<tr>\n<td width=\"174\">Yaiza Cabedo<\/td>\n<td width=\"104\">21<\/td>\n<td width=\"123\"><\/td>\n<\/tr>\n<tr>\n<td width=\"174\">Aina Jos\u00e9<\/td>\n<td width=\"104\">22<\/td>\n<td width=\"123\"><\/td>\n<\/tr>\n<tr>\n<td rowspan=\"8\" width=\"126\">Benjam\u00ed Mascul\u00ed<\/td>\n<td width=\"174\">Roger Dom\u00e8nech<\/td>\n<td width=\"104\">6<\/td>\n<td rowspan=\"8\" width=\"104\">28<\/td>\n<td width=\"123\">1r local<\/td>\n<\/tr>\n<tr>\n<td width=\"174\">Nico Lorente<\/td>\n<td width=\"104\">15<\/td>\n<td width=\"123\"><\/td>\n<\/tr>\n<tr>\n<td width=\"174\">Marc Samir<\/td>\n<td width=\"104\">16<\/td>\n<td width=\"123\"><\/td>\n<\/tr>\n<tr>\n<td width=\"174\">Maxim Sosnovchyk<\/td>\n<td width=\"104\">20<\/td>\n<td width=\"123\"><\/td>\n<\/tr>\n<tr>\n<td width=\"174\">F\u00e8lix Gutierrez<\/td>\n<td width=\"104\">24<\/td>\n<td width=\"123\"><\/td>\n<\/tr>\n<tr>\n<td width=\"174\">Pol Valero<\/td>\n<td width=\"104\">25<\/td>\n<td width=\"123\"><\/td>\n<\/tr>\n<tr>\n<td width=\"174\">Roger Sans<\/td>\n<td width=\"104\">27<\/td>\n<td width=\"123\"><\/td>\n<\/tr>\n<tr>\n<td width=\"174\">Llu\u00eds Sim\u00f3<\/td>\n<td width=\"104\">28<\/td>\n<td width=\"123\"><\/td>\n<\/tr>\n<tr>\n<td rowspan=\"7\" width=\"126\">Prebenjam\u00ed Femen\u00ed 10<\/td>\n<td width=\"174\">X\u00e8nia Dom\u00e8nech<\/td>\n<td width=\"104\">3<\/td>\n<td rowspan=\"7\" width=\"104\">19<\/td>\n<td width=\"123\">3r trofeu<\/td>\n<\/tr>\n<tr>\n<td width=\"174\">Aina Juli\u00e0<\/td>\n<td width=\"104\">7<\/td>\n<td width=\"123\">1a Local<\/td>\n<\/tr>\n<tr>\n<td width=\"174\">Sira Vidal<\/td>\n<td width=\"104\">13<\/td>\n<td width=\"123\"><\/td>\n<\/tr>\n<tr>\n<td rowspan=\"4\" width=\"174\">Emma Calaf<\/td>\n<td rowspan=\"4\" width=\"104\">14<\/td>\n<td width=\"123\"><\/td>\n<\/tr>\n<tr>\n<td width=\"123\"><\/td>\n<\/tr>\n<tr>\n<td width=\"123\"><\/td>\n<\/tr>\n<tr>\n<td width=\"123\"><\/td>\n<\/tr>\n<tr>\n<td rowspan=\"4\" width=\"126\">Prebenjam\u00ed Mascul\u00ed 10<\/td>\n<td width=\"174\">Juli\u00e0 Fuentes<\/td>\n<td width=\"104\">9<\/td>\n<td rowspan=\"4\" width=\"104\">19<\/td>\n<td width=\"123\">1r local<\/td>\n<\/tr>\n<tr>\n<td width=\"174\">Jordi Bondia<\/td>\n<td width=\"104\">10<\/td>\n<td width=\"123\"><\/td>\n<\/tr>\n<tr>\n<td width=\"174\">Daniel Moreno<\/td>\n<td width=\"104\">18<\/td>\n<td width=\"123\"><\/td>\n<\/tr>\n<tr>\n<td width=\"174\">Pere Rafecas<\/td>\n<td width=\"104\">19<\/td>\n<td width=\"123\"><\/td>\n<\/tr>\n<tr>\n<td rowspan=\"4\" width=\"126\">Prebenjam\u00ed Femen\u00ed 11<\/td>\n<td width=\"174\">Berta Lagares<\/td>\n<td width=\"104\">9<\/td>\n<td rowspan=\"4\" width=\"104\">13<\/td>\n<td width=\"123\">1a local<\/td>\n<\/tr>\n<tr>\n<td width=\"174\">Vega Moreno<\/td>\n<td width=\"104\">10<\/td>\n<td width=\"123\"><\/td>\n<\/tr>\n<tr>\n<td width=\"174\">Nicole Mart\u00ednez<\/td>\n<td width=\"104\">11<\/td>\n<td width=\"123\"><\/td>\n<\/tr>\n<tr>\n<td width=\"174\">Judit Moreno<\/td>\n<td width=\"104\">13<\/td>\n<td width=\"123\"><\/td>\n<\/tr>\n<tr>\n<td rowspan=\"5\" width=\"126\">Prebenjam\u00ed Mascul\u00ed 11<\/td>\n<td width=\"174\">Jaume Jan\u00e9<\/td>\n<td width=\"104\">6<\/td>\n<td rowspan=\"5\" width=\"104\">14<\/td>\n<td width=\"123\">1r local<\/td>\n<\/tr>\n<tr>\n<td width=\"174\">Llibert Mestres<\/td>\n<td width=\"104\">7<\/td>\n<td width=\"123\"><\/td>\n<\/tr>\n<tr>\n<td width=\"174\">Dilan Quil\u00e9s<\/td>\n<td width=\"104\">12<\/td>\n<td width=\"123\"><\/td>\n<\/tr>\n<tr>\n<td width=\"174\">Joel Mogas<\/td>\n<td width=\"104\">13<\/td>\n<td width=\"123\"><\/td>\n<\/tr>\n<tr>\n<td width=\"174\">D\u00eddac Vargas<\/td>\n<td width=\"104\">14<\/td>\n<td width=\"123\"><\/td>\n<\/tr>\n<tr>\n<td rowspan=\"6\" width=\"126\">Mainada Femen\u00ed<\/td>\n<td width=\"174\">Ariadna Sosnovchyk<\/td>\n<td width=\"104\">6<\/td>\n<td rowspan=\"6\" width=\"104\">24<\/td>\n<td width=\"123\">1a local<\/td>\n<\/tr>\n<tr>\n<td width=\"174\">Carla Serrami\u00e0<\/td>\n<td width=\"104\">7<\/td>\n<td width=\"123\"><\/td>\n<\/tr>\n<tr>\n<td width=\"174\">\u00c0frica Mogas<\/td>\n<td width=\"104\">9<\/td>\n<td width=\"123\"><\/td>\n<\/tr>\n<tr>\n<td width=\"174\">Foix Serrami\u00e0<\/td>\n<td width=\"104\">10<\/td>\n<td width=\"123\"><\/td>\n<\/tr>\n<tr>\n<td width=\"174\">Carla Vidal<\/td>\n<td width=\"104\">14<\/td>\n<td width=\"123\"><\/td>\n<\/tr>\n<tr>\n<td width=\"174\">Marina Amela<\/td>\n<td width=\"104\">21<\/td>\n<td width=\"123\"><\/td>\n<\/tr>\n<tr>\n<td rowspan=\"9\" width=\"126\">Mainada Mascul\u00ed<\/td>\n<td width=\"174\">Ot Carles<\/td>\n<td width=\"104\">10<\/td>\n<td rowspan=\"9\" width=\"104\">38<\/td>\n<td width=\"123\">1r local<\/td>\n<\/tr>\n<tr>\n<td width=\"174\">Aleix Merino<\/td>\n<td width=\"104\">11<\/td>\n<td width=\"123\"><\/td>\n<\/tr>\n<tr>\n<td width=\"174\">Josep M\u00aa Merc\u00e8<\/td>\n<td width=\"104\">16<\/td>\n<td width=\"123\"><\/td>\n<\/tr>\n<tr>\n<td width=\"174\">Lucas Batarunaite<\/td>\n<td width=\"104\">17<\/td>\n<td width=\"123\"><\/td>\n<\/tr>\n<tr>\n<td width=\"174\">Mir Morte<\/td>\n<td width=\"104\">23<\/td>\n<td width=\"123\"><\/td>\n<\/tr>\n<tr>\n<td width=\"174\">Nil Montal\u00e0<\/td>\n<td width=\"104\">24<\/td>\n<td width=\"123\"><\/td>\n<\/tr>\n<tr>\n<td width=\"174\">Izan Poveda<\/td>\n<td width=\"104\">31<\/td>\n<td width=\"123\"><\/td>\n<\/tr>\n<tr>\n<td width=\"174\">Cesc Mateu<\/td>\n<td width=\"104\">33<\/td>\n<td width=\"123\"><\/td>\n<\/tr>\n<tr>\n<td width=\"174\">Guillem Montal\u00e0<\/td>\n<td width=\"104\">35<\/td>\n<td width=\"123\"><\/td>\n<\/tr>\n<tr>\n<td rowspan=\"4\" width=\"126\">Baldufes Mixte<\/td>\n<td width=\"174\">Llibert Fuentes<\/td>\n<td width=\"104\"><\/td>\n<td rowspan=\"4\" width=\"104\">12<\/td>\n<td width=\"123\"><\/td>\n<\/tr>\n<tr>\n<td width=\"174\">Lia Amela<\/td>\n<td width=\"104\"><\/td>\n<td width=\"123\"><\/td>\n<\/tr>\n<tr>\n<td width=\"174\">Abril Mateu<\/td>\n<td width=\"104\"><\/td>\n<td width=\"123\"><\/td>\n<\/tr>\n<tr>\n<td width=\"174\">Mart\u00ed Berm\u00fadez<\/td>\n<td width=\"104\"><\/td>\n<td width=\"123\"><\/td>\n<\/tr>\n<tr>\n<td rowspan=\"5\" width=\"126\">Cigronets Mixte<\/td>\n<td width=\"174\">Carla Montal\u00e0<\/td>\n<td width=\"104\"><\/td>\n<td rowspan=\"5\" width=\"104\">14<\/td>\n<td width=\"123\"><\/td>\n<\/tr>\n<tr>\n<td width=\"174\">Roc Morte<\/td>\n<td width=\"104\"><\/td>\n<td width=\"123\"><\/td>\n<\/tr>\n<tr>\n<td width=\"174\">Laia Bondia<\/td>\n<td width=\"104\"><\/td>\n<td width=\"123\"><\/td>\n<\/tr>\n<tr>\n<td width=\"174\">Ivette Calaf<\/td>\n<td width=\"104\"><\/td>\n<td width=\"123\"><\/td>\n<\/tr>\n<tr>\n<td width=\"174\">Melanie Mart\u00ednez<\/td>\n<td width=\"104\"><\/td>\n<td width=\"123\"><\/td>\n<\/tr>\n<\/tbody>\n<\/table>\n<p>&nbsp;<\/p>\n<p>Cal felicitar a tot l\u2019alumnat de la nostra escola per la seva actitud davant d\u2019aquestes curses.<\/p>\n<h3 style=\"text-align: center;\"><\/h3>\n<h3 style=\"text-align: left;\"><b><u><span lang=\"CA\"><a href=\"https:\/\/docs.google.com\/viewer?a=v&amp;pid=sites&amp;srcid=ZGVmYXVsdGRvbWFpbnxlc2NvbGFlbGNhc3RlbGxvdDJ8Z3g6NGQ4YmZkMDE5NmE5MWNhMw\" target=\"_blank\" rel=\"noopener noreferrer\">ESPORT, PARES I ENTRENADOR<\/a><\/span><\/u><\/b><\/h3>\n<p><span style=\"font-size: medium;\">Us deixem un article molt interessant anomenat \u201c<a href=\"http:\/\/futbolsesion.com\/images\/DEPORTES_PADRES_Y_ENTRENADORES.pdf\" target=\"_blank\" rel=\"nofollow noopener noreferrer\">Deportes, padres y entrenadores<\/a>\u201d.<\/span><\/p>\n<p><span style=\"font-size: medium;\">Aquest article \u00e9s del monogr\u00e0fic <a href=\"http:\/\/www.fundrogertorne.org\/salud-infancia-medio-ambiente\/divulga\/inspira-nuevo\/360\/actividad-fisica-y-salud-infantil\/\" target=\"_blank\" rel=\"nofollow noopener noreferrer\"><i>\u201cActividad f\u00edsica y salud infantil\u201d<\/i><\/a><i>, una informaci\u00f3 de com influeix en la salut dels infants el joc i l&#8217;exercici f\u00edsic. <\/i><b>Patricia Ram\u00edrez<\/b><i> i <\/i><b>Yolanda Cuevas<\/b>, Psic\u00f2logues de la Salut i l&#8217;Esport, tracten aquests valors que es poden transmetre als nens i nenes a trav\u00e9s de l&#8217;esport i els objectius que s&#8217;han d&#8217;aconseguir quan els infants participen en joc, entrenaments i competicions escolars.<\/span><\/p>\n","protected":false},"excerpt":{"rendered":"<p>CONCURS ESCOLAR DEL CONSELL ESPORTIU 2022<br \/>\nEl passat dijous 9 de juny, a la Fassina, es va fer entrega dels premis als finalistes del Concurs Cultural que anualment convoca el Consell Esportiu de l\u2019Alt Pened\u00e8s.<br \/>\nL&#8217;escola hi participa presentant els treballs de l&#8217;alumnat d&#8217;educaci\u00f3 prim\u00e0ria. I una&hellip;  <a href=\"https:\/\/agora.xtec.cat\/ceipelcastellot\/pla-catala-de-lesport\/\" title=\"Read Pla Catal\u00e0 de l&#8217;Esport\">Llegeix m\u00e9s\u00bb<\/a><\/p>\n","protected":false},"author":1,"featured_media":0,"parent":0,"menu_order":0,"comment_status":"closed","ping_status":"closed","template":"page-templates\/side-menu.php","meta":{"_bbp_topic_count":0,"_bbp_reply_count":0,"_bbp_total_topic_count":0,"_bbp_total_reply_count":0,"_bbp_voice_count":0,"_bbp_anonymous_reply_count":0,"_bbp_topic_count_hidden":0,"_bbp_reply_count_hidden":0,"_bbp_forum_subforum_count":0,"footnotes":""},"class_list":["post-573","page","type-page","status-publish","hentry"],"post_mailing_queue_ids":[],"_links":{"self":[{"href":"https:\/\/agora.xtec.cat\/ceipelcastellot\/wp-json\/wp\/v2\/pages\/573","targetHints":{"allow":["GET"]}}],"collection":[{"href":"https:\/\/agora.xtec.cat\/ceipelcastellot\/wp-json\/wp\/v2\/pages"}],"about":[{"href":"https:\/\/agora.xtec.cat\/ceipelcastellot\/wp-json\/wp\/v2\/types\/page"}],"author":[{"embeddable":true,"href":"https:\/\/agora.xtec.cat\/ceipelcastellot\/wp-json\/wp\/v2\/users\/1"}],"replies":[{"embeddable":true,"href":"https:\/\/agora.xtec.cat\/ceipelcastellot\/wp-json\/wp\/v2\/comments?post=573"}],"version-history":[{"count":3,"href":"https:\/\/agora.xtec.cat\/ceipelcastellot\/wp-json\/wp\/v2\/pages\/573\/revisions"}],"predecessor-version":[{"id":9727,"href":"https:\/\/agora.xtec.cat\/ceipelcastellot\/wp-json\/wp\/v2\/pages\/573\/revisions\/9727"}],"wp:attachment":[{"href":"https:\/\/agora.xtec.cat\/ceipelcastellot\/wp-json\/wp\/v2\/media?parent=573"}],"curies":[{"name":"wp","href":"https:\/\/api.w.org\/{rel}","templated":true}]}}