{"id":5704,"date":"2020-01-22T13:39:48","date_gmt":"2020-01-22T12:39:48","guid":{"rendered":"http:\/\/agora.xtec.cat\/ceipelcastellot\/?page_id=5704"},"modified":"2022-01-23T00:06:05","modified_gmt":"2022-01-22T23:06:05","slug":"araart","status":"publish","type":"page","link":"https:\/\/agora.xtec.cat\/ceipelcastellot\/araart\/","title":{"rendered":"araArt"},"content":{"rendered":"<h4><a href=\"https:\/\/drive.google.com\/file\/d\/1hlwDfepzBHDFf_WgSEKyKO_avdrUSVbJ\/view?usp=sharing\" target=\"_blank\" rel=\"noopener\"><strong>PROJECTE MUSA\u00a0<\/strong><\/a><\/h4>\n<p><a href=\"https:\/\/drive.google.com\/file\/d\/1DzCxNn6n9c62ha8SOWD6aI5hNqud1AU9\/view?usp=sharing\" target=\"_blank\" rel=\"noopener\">carta projecte Musa<\/a><\/p>\n<p>&nbsp;<\/p>\n<p>&nbsp;<\/p>\n<p>A l&#8217;escola duem a terme el projecte AraArt.<\/p>\n<p><img loading=\"lazy\" decoding=\"async\" class=\"aligncenter wp-image-5705\" src=\"https:\/\/agora.xtec.cat\/ceipelcastellot\/wp-content\/uploads\/usu543\/2020\/01\/ara-ART_color_negatiu.png_1595044798.png\" alt=\"\" width=\"303\" height=\"303\" srcset=\"https:\/\/agora.xtec.cat\/ceipelcastellot\/wp-content\/uploads\/usu543\/2020\/01\/ara-ART_color_negatiu.png_1595044798.png 538w, https:\/\/agora.xtec.cat\/ceipelcastellot\/wp-content\/uploads\/usu543\/2020\/01\/ara-ART_color_negatiu.png_1595044798-150x150.png 150w, https:\/\/agora.xtec.cat\/ceipelcastellot\/wp-content\/uploads\/usu543\/2020\/01\/ara-ART_color_negatiu.png_1595044798-300x300.png 300w\" sizes=\"auto, (max-width: 303px) 100vw, 303px\" \/><\/p>\n<p>Aquest programa t\u00e9 com a finalitat fomentar i posar en valor projectes art\u00edstics que es portin a terme en el si d&#8217;un centre d&#8217;educaci\u00f3 infantil, prim\u00e0ria o secund\u00e0ria, en col\u00b7laboraci\u00f3 amb una escola art\u00edstica, un equipament cultural, o institucions, entitats i associacions art\u00edstiques, per promoure l&#8217;equitat i la qualitat del sistema educatiu reflectida en la millora de les capacitats i compet\u00e8ncies de l&#8217;alumnat participant.<\/p>\n<p>Els destinataris del programa AraArt s\u00f3n els centres educatius que imparteixen ensenyaments d&#8217;educaci\u00f3 infantil, prim\u00e0ria i secund\u00e0ria del Servei d&#8217;Educaci\u00f3 de Catalunya i el centre col\u00b7laborador o agent art\u00edstic extern.<\/p>\n<p>Com sabeu l\u2019escola\u00a0 t\u00e9 un conveni amb l\u2019associaci\u00f3 de dansa \u201cSUDANSA\u201d\u00a0 i arran d\u2019aquesta col\u00b7laboraci\u00f3 hem pogut sol\u00b7licitar la participaci\u00f3 en aquest nou projecte que ens aportar\u00e0 formaci\u00f3 als mestres i ens permetr\u00e0 unir en un sol marc tota la dansa que fem al Castellot, des de les danses i l\u2019expressi\u00f3 corporal que es treballen\u00a0 a l\u2019educaci\u00f3 Infantil, passant per les danses tradicionals que fan al cicle Inicial i Mitj\u00e0, l\u2019activitat de Sudansa de tercer de prim\u00e0ria i la dansa del taller dels sentits del Cicle Superior.<\/p>\n<p>Estem contents de participar en aquest projecte art\u00edstic perqu\u00e8 pensem que \u00e9s una oportunitat de progr\u00e9s per l\u2019escola\u00a0 i esperem que ens ajudi a fer de la dansa un aspecte important de la nostra l\u00ednia d\u2019escola.<\/p>\n<p>Podeu trobar m\u00e9s informaci\u00f3 al web: <a href=\"http:\/\/xtec.gencat.cat\/ca\/projectes\/ensenyaments-artistics\/araART\/\">http:\/\/xtec.gencat.cat\/ca\/projectes\/ensenyaments-artistics\/araART\/<\/a><\/p>\n<p>Mica en mica us anirem informant del que estem fent!<\/p>\n<p><strong>20 de gener de 2020<\/strong><\/p>\n<p>El dilluns 20 de gener vam anar a la Formaci\u00f3 del programa araArt al conservatori de m\u00fasica de Barcelona.<\/p>\n<p><img loading=\"lazy\" decoding=\"async\" class=\"aligncenter size-full wp-image-5713\" src=\"https:\/\/agora.xtec.cat\/ceipelcastellot\/wp-content\/uploads\/usu543\/2020\/01\/maiag.jpg\" alt=\"\" width=\"2048\" height=\"1152\" srcset=\"https:\/\/agora.xtec.cat\/ceipelcastellot\/wp-content\/uploads\/usu543\/2020\/01\/maiag.jpg 2048w, https:\/\/agora.xtec.cat\/ceipelcastellot\/wp-content\/uploads\/usu543\/2020\/01\/maiag-300x169.jpg 300w, https:\/\/agora.xtec.cat\/ceipelcastellot\/wp-content\/uploads\/usu543\/2020\/01\/maiag-768x432.jpg 768w, https:\/\/agora.xtec.cat\/ceipelcastellot\/wp-content\/uploads\/usu543\/2020\/01\/maiag-1024x576.jpg 1024w\" sizes=\"auto, (max-width: 2048px) 100vw, 2048px\" \/><\/p>\n<p>El Departament d&#8217;Ensenyament ens va demanar que expliqu\u00e9ssim als altres membres de la formaci\u00f3 el lligam\u00a0 de la nostra escola amb la dansa, les activitats que realitzem durant el curs, com ens organitzem i en especial l&#8217;experi\u00e8ncia dels \u00faltims tres cursos com a integrants del projecte Sudansa.<\/p>\n<table>\n<tbody>\n<tr>\n<td style=\"width: 355px;\"><img loading=\"lazy\" decoding=\"async\" class=\"aligncenter wp-image-5710\" src=\"https:\/\/agora.xtec.cat\/ceipelcastellot\/wp-content\/uploads\/usu543\/2020\/01\/IMG-20200120-WA0001.jpg\" alt=\"\" width=\"335\" height=\"480\" srcset=\"https:\/\/agora.xtec.cat\/ceipelcastellot\/wp-content\/uploads\/usu543\/2020\/01\/IMG-20200120-WA0001.jpg 714w, https:\/\/agora.xtec.cat\/ceipelcastellot\/wp-content\/uploads\/usu543\/2020\/01\/IMG-20200120-WA0001-209x300.jpg 209w\" sizes=\"auto, (max-width: 335px) 100vw, 335px\" \/><\/td>\n<td style=\"width: 400px;\"><img loading=\"lazy\" decoding=\"async\" class=\"aligncenter wp-image-5711\" src=\"https:\/\/agora.xtec.cat\/ceipelcastellot\/wp-content\/uploads\/usu543\/2020\/01\/programa-araArt.jpg\" alt=\"\" width=\"380\" height=\"501\" srcset=\"https:\/\/agora.xtec.cat\/ceipelcastellot\/wp-content\/uploads\/usu543\/2020\/01\/programa-araArt.jpg 776w, https:\/\/agora.xtec.cat\/ceipelcastellot\/wp-content\/uploads\/usu543\/2020\/01\/programa-araArt-227x300.jpg 227w, https:\/\/agora.xtec.cat\/ceipelcastellot\/wp-content\/uploads\/usu543\/2020\/01\/programa-araArt-768x1013.jpg 768w\" sizes=\"auto, (max-width: 380px) 100vw, 380px\" \/><\/td>\n<\/tr>\n<\/tbody>\n<\/table>\n<p>Va ser una jornada molt interessant que ens va permetre reflexionar\u00a0 sobre l&#8217;art a l&#8217;Escola i con\u00e8ixer altres experi\u00e8ncies molt interessants i diferents a la nostra.<\/p>\n<p><img loading=\"lazy\" decoding=\"async\" class=\"aligncenter wp-image-5714\" src=\"https:\/\/agora.xtec.cat\/ceipelcastellot\/wp-content\/uploads\/usu543\/2020\/01\/IMG-20200120-WA0005.jpg\" alt=\"\" width=\"443\" height=\"591\" srcset=\"https:\/\/agora.xtec.cat\/ceipelcastellot\/wp-content\/uploads\/usu543\/2020\/01\/IMG-20200120-WA0005.jpg 768w, https:\/\/agora.xtec.cat\/ceipelcastellot\/wp-content\/uploads\/usu543\/2020\/01\/IMG-20200120-WA0005-225x300.jpg 225w\" sizes=\"auto, (max-width: 443px) 100vw, 443px\" \/><br \/>\nContinuarem endavant amb el programa araArt durant tres cursos, de manera que tot el treball de dansa de l&#8217;Escola s&#8217;unifiqui en un sol projecte: &#8220;Fem dansa&#8221;.<\/p>\n","protected":false},"excerpt":{"rendered":"<p><a href=\"https:\/\/drive.google.com\/file\/d\/1hlwDfepzBHDFf_WgSEKyKO_avdrUSVbJ\/view?usp=sharing\" target=\"_blank\" rel=\"noopener\">PROJECTE MUSA\u00a0<\/a><br \/>\n<a href=\"https:\/\/drive.google.com\/file\/d\/1DzCxNn6n9c62ha8SOWD6aI5hNqud1AU9\/view?usp=sharing\" target=\"_blank\" rel=\"noopener\">carta projecte Musa<\/a><br \/>\n&nbsp;<br \/>\n&nbsp;<br \/>\nA l&#8217;escola duem a terme el projecte AraArt.<\/p>\n<p>Aquest programa t\u00e9 com a finalitat fomentar i posar en valor projectes art\u00edstics que es portin a terme en el si d&#8217;un centre d&#8217;educaci\u00f3 infantil, prim\u00e0ria o secund\u00e0ria, en&hellip;  <a href=\"https:\/\/agora.xtec.cat\/ceipelcastellot\/araart\/\" title=\"Read araArt\">Llegeix m\u00e9s\u00bb<\/a><\/p>\n","protected":false},"author":1,"featured_media":0,"parent":0,"menu_order":90,"comment_status":"closed","ping_status":"closed","template":"","meta":{"_bbp_topic_count":0,"_bbp_reply_count":0,"_bbp_total_topic_count":0,"_bbp_total_reply_count":0,"_bbp_voice_count":0,"_bbp_anonymous_reply_count":0,"_bbp_topic_count_hidden":0,"_bbp_reply_count_hidden":0,"_bbp_forum_subforum_count":0,"footnotes":""},"class_list":["post-5704","page","type-page","status-publish","hentry"],"post_mailing_queue_ids":[],"_links":{"self":[{"href":"https:\/\/agora.xtec.cat\/ceipelcastellot\/wp-json\/wp\/v2\/pages\/5704","targetHints":{"allow":["GET"]}}],"collection":[{"href":"https:\/\/agora.xtec.cat\/ceipelcastellot\/wp-json\/wp\/v2\/pages"}],"about":[{"href":"https:\/\/agora.xtec.cat\/ceipelcastellot\/wp-json\/wp\/v2\/types\/page"}],"author":[{"embeddable":true,"href":"https:\/\/agora.xtec.cat\/ceipelcastellot\/wp-json\/wp\/v2\/users\/1"}],"replies":[{"embeddable":true,"href":"https:\/\/agora.xtec.cat\/ceipelcastellot\/wp-json\/wp\/v2\/comments?post=5704"}],"version-history":[{"count":3,"href":"https:\/\/agora.xtec.cat\/ceipelcastellot\/wp-json\/wp\/v2\/pages\/5704\/revisions"}],"predecessor-version":[{"id":9194,"href":"https:\/\/agora.xtec.cat\/ceipelcastellot\/wp-json\/wp\/v2\/pages\/5704\/revisions\/9194"}],"wp:attachment":[{"href":"https:\/\/agora.xtec.cat\/ceipelcastellot\/wp-json\/wp\/v2\/media?parent=5704"}],"curies":[{"name":"wp","href":"https:\/\/api.w.org\/{rel}","templated":true}]}}