{"id":548,"date":"2017-06-27T15:58:09","date_gmt":"2017-06-27T13:58:09","guid":{"rendered":"http:\/\/agora.xtec.cat\/ceipelcastellot\/?page_id=548"},"modified":"2020-03-30T09:53:26","modified_gmt":"2020-03-30T07:53:26","slug":"festa-del-sol","status":"publish","type":"page","link":"https:\/\/agora.xtec.cat\/ceipelcastellot\/celebracions\/festa-del-sol\/","title":{"rendered":"Festa del Sol"},"content":{"rendered":"<p><a href=\"http:\/\/agora.xtec.cat\/ceipelcastellot\/general\/festa-del-sol-2019\/\" target=\"_blank\" rel=\"noopener noreferrer\">FESTA DEL SOL 2019<\/a><\/p>\n<p>&nbsp;<\/p>\n<p>Un any m\u00e9s, l&#8217;escola El Castellot i\u00a0l&#8217;AMPA de l&#8217;escola han acomiadat el curs 2017\/18 fent l&#8217;esperada Festa del Sol. El divendres 15 de juny al vespre les fam\u00edlies i els mestres van poder gaudir de la cursa d&#8217;orientaci\u00f3.<\/p>\n<p>L&#8217;endem\u00e0 dissabte 16, durant el mat\u00ed es van realitzar diferents tallers. A la tarda, l&#8217;escola va obrir les seves portes a tota la gent que la volgu\u00e9s visitar. A mitja tarda, els alumnes de l&#8217;escola van oferir el seu espectacle que va finalitzar amb el comiat dels alumnes de 6\u00e8 de prim\u00e0ria. Per acabar la festa, l&#8217;AMPA va organitzar un berenar i cap al vespre, el\u00a0sopar de carmanyola.<\/p>\n\r\n\t<div class=\"slideshow_container slideshow_container_style-light\" style=\"height: 500px; \" data-slideshow-id=\"3306\" data-style-name=\"style-light\" data-style-version=\"2.3.1\" >\r\n\r\n\t\t\t\t\t<div class=\"slideshow_loading_icon\"><\/div>\r\n\t\t\r\n\t\t<div class=\"slideshow_content\" style=\"display: none;\">\r\n\r\n\t\t\t<div class=\"slideshow_view\">\r\n\t\t\t\t<div class=\"slideshow_slide slideshow_slide_image\">\r\n\t\t\t\t\t\t\t\t\t\t\t<img src=\"https:\/\/agora.xtec.cat\/ceipelcastellot\/wp-content\/uploads\/usu543\/2018\/06\/IMG-20180625-WA0002.jpg\" alt=\"IMG-20180625-WA0002\" width=\"1600\" height=\"903\" \/>\r\n\t\t\t\t\t\t\t\t\t\t<div class=\"slideshow_description_box slideshow_transparent\">\r\n\t\t\t\t\t\t\t\t\t\t\t\t\t\t\t\t\t<\/div>\r\n\t\t\t\t<\/div>\r\n\r\n\t\t\t\t\t\t<div style=\"clear: both;\"><\/div><\/div><div class=\"slideshow_view\">\r\n\t\t\t\t<div class=\"slideshow_slide slideshow_slide_image\">\r\n\t\t\t\t\t\t\t\t\t\t\t<img src=\"https:\/\/agora.xtec.cat\/ceipelcastellot\/wp-content\/uploads\/usu543\/2018\/06\/IMG-20180620-WA0010.jpg\" alt=\"IMG-20180620-WA0010\" width=\"1600\" height=\"903\" \/>\r\n\t\t\t\t\t\t\t\t\t\t<div class=\"slideshow_description_box slideshow_transparent\">\r\n\t\t\t\t\t\t\t\t\t\t\t\t\t\t\t\t\t<\/div>\r\n\t\t\t\t<\/div>\r\n\r\n\t\t\t\t\t\t<div style=\"clear: both;\"><\/div><\/div><div class=\"slideshow_view\">\r\n\t\t\t\t<div class=\"slideshow_slide slideshow_slide_image\">\r\n\t\t\t\t\t\t\t\t\t\t\t<img src=\"https:\/\/agora.xtec.cat\/ceipelcastellot\/wp-content\/uploads\/usu543\/2018\/06\/IMG-20180620-WA0009.jpg\" alt=\"IMG-20180620-WA0009\" width=\"1600\" height=\"903\" \/>\r\n\t\t\t\t\t\t\t\t\t\t<div class=\"slideshow_description_box slideshow_transparent\">\r\n\t\t\t\t\t\t\t\t\t\t\t\t\t\t\t\t\t<\/div>\r\n\t\t\t\t<\/div>\r\n\r\n\t\t\t\t\t\t<div style=\"clear: both;\"><\/div><\/div><div class=\"slideshow_view\">\r\n\t\t\t\t<div class=\"slideshow_slide slideshow_slide_image\">\r\n\t\t\t\t\t\t\t\t\t\t\t<img src=\"https:\/\/agora.xtec.cat\/ceipelcastellot\/wp-content\/uploads\/usu543\/2018\/06\/IMG-20180620-WA0008.jpg\" alt=\"IMG-20180620-WA0008\" width=\"1600\" height=\"903\" \/>\r\n\t\t\t\t\t\t\t\t\t\t<div class=\"slideshow_description_box slideshow_transparent\">\r\n\t\t\t\t\t\t\t\t\t\t\t\t\t\t\t\t\t<\/div>\r\n\t\t\t\t<\/div>\r\n\r\n\t\t\t\t\t\t<div style=\"clear: both;\"><\/div><\/div><div class=\"slideshow_view\">\r\n\t\t\t\t<div class=\"slideshow_slide slideshow_slide_image\">\r\n\t\t\t\t\t\t\t\t\t\t\t<img src=\"https:\/\/agora.xtec.cat\/ceipelcastellot\/wp-content\/uploads\/usu543\/2018\/06\/IMG-20180620-WA0007.jpg\" alt=\"IMG-20180620-WA0007\" width=\"1600\" height=\"903\" \/>\r\n\t\t\t\t\t\t\t\t\t\t<div class=\"slideshow_description_box slideshow_transparent\">\r\n\t\t\t\t\t\t\t\t\t\t\t\t\t\t\t\t\t<\/div>\r\n\t\t\t\t<\/div>\r\n\r\n\t\t\t\t\t\t<div style=\"clear: both;\"><\/div><\/div><div class=\"slideshow_view\">\r\n\t\t\t\t<div class=\"slideshow_slide slideshow_slide_image\">\r\n\t\t\t\t\t\t\t\t\t\t\t<img src=\"https:\/\/agora.xtec.cat\/ceipelcastellot\/wp-content\/uploads\/usu543\/2018\/06\/IMG-20180620-WA0006.jpg\" alt=\"IMG-20180620-WA0006\" width=\"1600\" height=\"903\" \/>\r\n\t\t\t\t\t\t\t\t\t\t<div class=\"slideshow_description_box slideshow_transparent\">\r\n\t\t\t\t\t\t\t\t\t\t\t\t\t\t\t\t\t<\/div>\r\n\t\t\t\t<\/div>\r\n\r\n\t\t\t\t\t\t<div style=\"clear: both;\"><\/div><\/div><div class=\"slideshow_view\">\r\n\t\t\t\t<div class=\"slideshow_slide slideshow_slide_image\">\r\n\t\t\t\t\t\t\t\t\t\t\t<img src=\"https:\/\/agora.xtec.cat\/ceipelcastellot\/wp-content\/uploads\/usu543\/2018\/06\/IMG-20180620-WA0005.jpg\" alt=\"IMG-20180620-WA0005\" width=\"1600\" height=\"903\" \/>\r\n\t\t\t\t\t\t\t\t\t\t<div class=\"slideshow_description_box slideshow_transparent\">\r\n\t\t\t\t\t\t\t\t\t\t\t\t\t\t\t\t\t<\/div>\r\n\t\t\t\t<\/div>\r\n\r\n\t\t\t\t\t\t<div style=\"clear: both;\"><\/div><\/div><div class=\"slideshow_view\">\r\n\t\t\t\t<div class=\"slideshow_slide slideshow_slide_image\">\r\n\t\t\t\t\t\t\t\t\t\t\t<img src=\"https:\/\/agora.xtec.cat\/ceipelcastellot\/wp-content\/uploads\/usu543\/2018\/06\/IMG-20180620-WA0004.jpg\" alt=\"IMG-20180620-WA0004\" width=\"1600\" height=\"903\" \/>\r\n\t\t\t\t\t\t\t\t\t\t<div class=\"slideshow_description_box slideshow_transparent\">\r\n\t\t\t\t\t\t\t\t\t\t\t\t\t\t\t\t\t<\/div>\r\n\t\t\t\t<\/div>\r\n\r\n\t\t\t\t\t\t<div style=\"clear: both;\"><\/div><\/div><div class=\"slideshow_view\">\r\n\t\t\t\t<div class=\"slideshow_slide slideshow_slide_image\">\r\n\t\t\t\t\t\t\t\t\t\t\t<img src=\"https:\/\/agora.xtec.cat\/ceipelcastellot\/wp-content\/uploads\/usu543\/2018\/06\/IMG-20180620-WA0003.jpg\" alt=\"IMG-20180620-WA0003\" width=\"1600\" height=\"903\" \/>\r\n\t\t\t\t\t\t\t\t\t\t<div class=\"slideshow_description_box slideshow_transparent\">\r\n\t\t\t\t\t\t\t\t\t\t\t\t\t\t\t\t\t<\/div>\r\n\t\t\t\t<\/div>\r\n\r\n\t\t\t\t\t\t<div style=\"clear: both;\"><\/div><\/div><div class=\"slideshow_view\">\r\n\t\t\t\t<div class=\"slideshow_slide slideshow_slide_image\">\r\n\t\t\t\t\t\t\t\t\t\t\t<img src=\"https:\/\/agora.xtec.cat\/ceipelcastellot\/wp-content\/uploads\/usu543\/2018\/06\/IMG-20180620-WA0002.jpg\" alt=\"\" width=\"1024\" height=\"576\" \/>\r\n\t\t\t\t\t\t\t\t\t\t<div class=\"slideshow_description_box slideshow_transparent\">\r\n\t\t\t\t\t\t\t\t\t\t\t\t\t\t\t\t\t<\/div>\r\n\t\t\t\t<\/div>\r\n\r\n\t\t\t\t\t\t<div style=\"clear: both;\"><\/div><\/div><div class=\"slideshow_view\">\r\n\t\t\t\t<div class=\"slideshow_slide slideshow_slide_image\">\r\n\t\t\t\t\t\t\t\t\t\t\t<img src=\"https:\/\/agora.xtec.cat\/ceipelcastellot\/wp-content\/uploads\/usu543\/2018\/06\/IMG-20180620-WA0001.jpg\" alt=\"IMG-20180620-WA0001\" width=\"1600\" height=\"903\" \/>\r\n\t\t\t\t\t\t\t\t\t\t<div class=\"slideshow_description_box slideshow_transparent\">\r\n\t\t\t\t\t\t\t\t\t\t\t\t\t\t\t\t\t<\/div>\r\n\t\t\t\t<\/div>\r\n\r\n\t\t\t\t\t\t<div style=\"clear: both;\"><\/div><\/div>\r\n\t\t<\/div>\r\n\r\n\t\t<div class=\"slideshow_controlPanel slideshow_transparent\" style=\"display: none;\"><ul><li class=\"slideshow_togglePlay\" data-play-text=\"Visualitza\" data-pause-text=\"Pausa\"><\/li><\/ul><\/div>\r\n\r\n\t\t<div class=\"slideshow_button slideshow_previous slideshow_transparent\" role=\"button\" data-previous-text=\"Anterior\" style=\"display: none;\"><\/div>\r\n\t\t<div class=\"slideshow_button slideshow_next slideshow_transparent\" role=\"button\" data-next-text=\"Seg\u00fcent\" style=\"display: none;\"><\/div>\r\n\r\n\t\t<div class=\"slideshow_pagination\" style=\"display: none;\" data-go-to-text=\"V\u00e9s a la diapositiva\"><div class=\"slideshow_pagination_center\"><\/div><\/div>\r\n\r\n\t\t<!-- WordPress Slideshow Version 2.3.1 -->\r\n\r\n\t\t\t<\/div>\r\n\r\n\n<!--[if lt IE 9]><script>document.createElement('audio');<\/script><![endif]-->\n<audio class=\"wp-audio-shortcode\" id=\"audio-548-1\" preload=\"none\" style=\"width: 100%;\" controls=\"controls\"><source type=\"audio\/mpeg\" src=\"http:\/\/agora.xtec.cat\/ceipelcastellot\/wp-content\/uploads\/usu543\/2018\/06\/CAN\u00c7\u00d3-FESTA-DEL-SOL-2018.mp3?_=1\" \/><a href=\"http:\/\/agora.xtec.cat\/ceipelcastellot\/wp-content\/uploads\/usu543\/2018\/06\/CAN\u00c7\u00d3-FESTA-DEL-SOL-2018.mp3\">http:\/\/agora.xtec.cat\/ceipelcastellot\/wp-content\/uploads\/usu543\/2018\/06\/CAN\u00c7\u00d3-FESTA-DEL-SOL-2018.mp3<\/a><\/audio>\n<p>&nbsp;<\/p>\n<p><em><strong>C<\/strong><\/em><em><strong>o<\/strong><\/em><em><strong>rrandes de comiat <\/strong><\/em><\/p>\n<p><em><strong>6\u00e8 2017-2018<\/strong><\/em><\/p>\n<p><strong>Tralar<\/strong><strong>alala\u2026.<\/strong><\/p>\n<p>Benvinguts pares i mares<\/p>\n<p>i p\u00fablic en general<\/p>\n<p>estigueu tots ben alerta<\/p>\n<p>que \u00e9s un moment especial.<\/p>\n<p><strong>Tralaralala\u2026<\/strong><\/p>\n<p>I \u00e9s que cada curs que acaba,<\/p>\n<p>passa com qui no fa re<\/p>\n<p>que l\u2019hora ja \u00e9s arribada<\/p>\n<p>de fer el comiat de sis\u00e8.<\/p>\n<p><strong>Tralaralala\u2026<\/strong><\/p>\n<p>Aix\u00ed que, a partir d\u2019ara,<\/p>\n<p>un a un els cridarem<\/p>\n<p>i cantant una corranda<\/p>\n<p>una mica els descriurem.<\/p>\n<p><strong>Tralaralala<\/strong><strong>\u2026<\/strong><\/p>\n<p>Ei, la colla de sis\u00e8,<\/p>\n<p>ara no feu el tanoca,<\/p>\n<p>estigueu superatents<\/p>\n<p>per saber a qui li toca.<\/p>\n<p><strong>Tralaralala<\/strong><strong>\u2026<\/strong><\/p>\n<p>Quan acabi la corranda<\/p>\n<p>mentre fem el tralar\u00e0<\/p>\n<p>acosteu-vos cap als mestres<\/p>\n<p>que alguna cosa caur\u00e0.<\/p>\n<p><strong>Tralaralala&#8230;<\/strong><\/p>\n<p>I el primer que cridarem<\/p>\n<p>\u00e9s aquest noi tan tranquil<\/p>\n<p>s\u00ed, ja ho heu endevinat:<\/p>\n<p>i \u00e9s que estem parlant del Nil.<\/p>\n<p><strong>Tralaralala\u2026<\/strong><\/p>\n<p>\u00c9s el torn del futbolista<\/p>\n<p>m\u00e9s entusiasta del grup<\/p>\n<p>\u00e9s un crack amb la pilota<\/p>\n<p>gols i c\u00f3rners, \u00e9s l\u2019Ayoub!<\/p>\n<p><strong>Tralaralala&#8230;<\/strong><\/p>\n<p>Molt discreta i tranquil\u00b7la<\/p>\n<p>fa el que se li demana,<\/p>\n<p>dibuixa i\u00a0escriu molt b\u00e9<\/p>\n<p>ja ho sabeu: \u00e9s la Joanna<\/p>\n<p><strong>Tralaralala\u2026<\/strong><\/p>\n<p>Encara que de vegades<\/p>\n<p>de tot no se n\u2019en recordi<\/p>\n<p>t\u00e9 un cervell que sempre pensa<\/p>\n<p>s\u00ed senyor, parlem del Jordi!<\/p>\n<p><strong>Tralaralala\u2026<\/strong><\/p>\n<p>T\u00e9 una lletra petitona<\/p>\n<p>per\u00f2 no \u00e9s gens poruc<\/p>\n<p>juga a hoquei tota l\u2019estona<\/p>\n<p>i per nom li diuen Hug.<\/p>\n<p><strong>\u00a0Tralaralala\u2026<\/strong><\/p>\n<p>T\u00e9 un humor molt especial<\/p>\n<p>com si el seu nom fos William,<\/p>\n<p>li encanta el japon\u00e8s,<\/p>\n<p>estem parlant de la M\u00edriam.<\/p>\n<p><strong>Tral<\/strong><strong>aralala\u2026<\/strong><\/p>\n<p>\u00c9s feli\u00e7 dalt d\u2019un scooter<\/p>\n<p>tot fent salts i trompicons<\/p>\n<p>m\u00e9s que assegut a la classe<\/p>\n<p>i ell \u00e9s l\u2019Albert Mussons.<\/p>\n<p><strong>Tralar<\/strong><strong>alala\u2026<\/strong><\/p>\n<p>Riallera i divertida<\/p>\n<p>ha trobat la medecina<\/p>\n<p>per fer els deures tot jugant.<\/p>\n<p>Ja sabeu que \u00e9s la Paulina.<\/p>\n<p><strong>Tralaralala\u2026<\/strong><\/p>\n<p>S\u2019ha estirat com un Sant Pau<\/p>\n<p>podem dir que \u00e9s un no-xic<\/p>\n<p>t\u00e9 un gran do per al dibuix<\/p>\n<p>l\u2019Alexander Sosnovchyk.<\/p>\n<p><strong>Tralaralala\u2026<\/strong><\/p>\n<p>\u00c9s petita i molt discreta<\/p>\n<p>ho fa tot de bona gana,<\/p>\n<p>a instagram fa bones fotos<\/p>\n<p>el seu nom \u00e9s Ariadna.<\/p>\n<p><strong>Tralaralala\u2026<\/strong><\/p>\n<p>Responsable, bona noia<\/p>\n<p>va a cavall o a peu coix<\/p>\n<p>sempre est\u00e0 ben disposada<\/p>\n<p>a ajudar i es diu Foix.<\/p>\n<p><strong>Tralaralala\u2026<\/strong><\/p>\n<p>S\u2019ha estirat m\u00e9s que les altres<\/p>\n<p>i ja arriba al primer pis<\/p>\n<p>quan vol \u00e9s molt divertida<\/p>\n<p>ja sabeu que \u00e9s l\u2019Ana\u00efs.<\/p>\n<p><strong>Tralara<\/strong><strong>lala\u2026<\/strong><\/p>\n<p>Balla sempre i a tothora<\/p>\n<p>es mou molt per\u00f2 no cau<\/p>\n<p>\u00e9s campi\u00f3 de taewkondo<\/p>\n<p>no m\u00e9s pistes, \u00e9s l\u2019Arnau!<\/p>\n<p><strong>Tralaralala&#8230;<\/strong><\/p>\n<p>Esperem que a l\u2019institut<\/p>\n<p>passeu molt bones estones<\/p>\n<p>per\u00f2 no oblideu l\u2019escola<\/p>\n<p>on vau cr\u00e9ixer com persones.<\/p>\n<p><strong>Tralaralala&#8230;\u00a0 (bis)<\/strong><\/p>\n<p><a href=\"http:\/\/www.castellvidelamarca.cat\/festa_del_sol_de_l_escola_el_castellot1.html\" target=\"_blank\" rel=\"noopener noreferrer\">Article de la Festa del Sol a la p\u00e0gina web de l&#8217;Ajuntament de Castellv\u00ed de la Marca<\/a><\/p>\n","protected":false},"excerpt":{"rendered":"<p><a href=\"http:\/\/agora.xtec.cat\/ceipelcastellot\/general\/festa-del-sol-2019\/\" target=\"_blank\" rel=\"noopener noreferrer\">FESTA DEL SOL 2019<\/a><br \/>\n&nbsp;<br \/>\nUn any m\u00e9s, l&#8217;escola El Castellot i\u00a0l&#8217;AMPA de l&#8217;escola han acomiadat el curs 2017\/18 fent l&#8217;esperada Festa del Sol. El divendres 15 de juny al vespre les fam\u00edlies i els mestres van poder gaudir de la cursa d&#8217;orientaci\u00f3.<br \/>\nL&#8217;endem\u00e0&hellip;  <a href=\"https:\/\/agora.xtec.cat\/ceipelcastellot\/celebracions\/festa-del-sol\/\" title=\"Read Festa del Sol\">Llegeix m\u00e9s\u00bb<\/a><\/p>\n","protected":false},"author":1,"featured_media":0,"parent":536,"menu_order":0,"comment_status":"closed","ping_status":"closed","template":"page-templates\/side-menu.php","meta":{"_bbp_topic_count":0,"_bbp_reply_count":0,"_bbp_total_topic_count":0,"_bbp_total_reply_count":0,"_bbp_voice_count":0,"_bbp_anonymous_reply_count":0,"_bbp_topic_count_hidden":0,"_bbp_reply_count_hidden":0,"_bbp_forum_subforum_count":0,"footnotes":""},"class_list":["post-548","page","type-page","status-publish","hentry"],"post_mailing_queue_ids":[],"_links":{"self":[{"href":"https:\/\/agora.xtec.cat\/ceipelcastellot\/wp-json\/wp\/v2\/pages\/548","targetHints":{"allow":["GET"]}}],"collection":[{"href":"https:\/\/agora.xtec.cat\/ceipelcastellot\/wp-json\/wp\/v2\/pages"}],"about":[{"href":"https:\/\/agora.xtec.cat\/ceipelcastellot\/wp-json\/wp\/v2\/types\/page"}],"author":[{"embeddable":true,"href":"https:\/\/agora.xtec.cat\/ceipelcastellot\/wp-json\/wp\/v2\/users\/1"}],"replies":[{"embeddable":true,"href":"https:\/\/agora.xtec.cat\/ceipelcastellot\/wp-json\/wp\/v2\/comments?post=548"}],"version-history":[{"count":3,"href":"https:\/\/agora.xtec.cat\/ceipelcastellot\/wp-json\/wp\/v2\/pages\/548\/revisions"}],"predecessor-version":[{"id":6229,"href":"https:\/\/agora.xtec.cat\/ceipelcastellot\/wp-json\/wp\/v2\/pages\/548\/revisions\/6229"}],"up":[{"embeddable":true,"href":"https:\/\/agora.xtec.cat\/ceipelcastellot\/wp-json\/wp\/v2\/pages\/536"}],"wp:attachment":[{"href":"https:\/\/agora.xtec.cat\/ceipelcastellot\/wp-json\/wp\/v2\/media?parent=548"}],"curies":[{"name":"wp","href":"https:\/\/api.w.org\/{rel}","templated":true}]}}