{"id":542,"date":"2017-06-27T15:53:24","date_gmt":"2017-06-27T13:53:24","guid":{"rendered":"http:\/\/agora.xtec.cat\/ceipelcastellot\/?page_id=542"},"modified":"2021-11-23T10:18:23","modified_gmt":"2021-11-23T09:18:23","slug":"santa-cecilia","status":"publish","type":"page","link":"https:\/\/agora.xtec.cat\/ceipelcastellot\/celebracions\/santa-cecilia\/","title":{"rendered":"Santa Cec\u00edlia"},"content":{"rendered":"<div>\n<h3><a href=\"https:\/\/agora.xtec.cat\/ceipelcastellot\/infantil\/santa-cecilia-2021\/\">Santa Cec\u00edlia 2021<\/a><\/h3>\n<h3><\/h3>\n<h3><a href=\"http:\/\/agora.xtec.cat\/ceipelcastellot\/general\/santa-cecilia-2019\/\" target=\"_blank\" rel=\"noopener noreferrer\">SANTA CEC\u00cdLIA 2019<\/a><\/h3>\n<p>&nbsp;<\/p>\n<h3>22 de novembre de 2017<\/h3>\n<p>El concert de Santa Cec\u00edlia es va dedicar a Les Muses. Cada classe va preparar una explicaci\u00f3 de la seva Musa i despr\u00e9s cada grup va interpretar una can\u00e7\u00f3.<\/p>\n<p><span style=\"text-decoration: underline;\">Primer de Prim\u00e0ria<\/span><\/p>\n<p><iframe loading=\"lazy\" src=\"https:\/\/player.vimeo.com\/video\/244808622\" width=\"640\" height=\"480\" frameborder=\"0\"><\/iframe><\/p>\n<p><a href=\"https:\/\/vimeo.com\/244808622\">Vols ballar la dansa-sa.mp4<\/a> from <a href=\"https:\/\/vimeo.com\/user9737455\">Castellot<\/a> on <a href=\"https:\/\/vimeo.com\">Vimeo<\/a>.<\/p>\n<p><span style=\"text-decoration: underline;\">Segon de Prim\u00e0ria<\/span><\/p>\n<p><iframe loading=\"lazy\" src=\"https:\/\/player.vimeo.com\/video\/244809862\" width=\"640\" height=\"480\" frameborder=\"0\"><\/iframe><\/p>\n<p><a href=\"https:\/\/vimeo.com\/244809862\">La can\u00e7\u00f3 dels pintors<\/a> from <a href=\"https:\/\/vimeo.com\/user9737455\">Castellot<\/a> on <a href=\"https:\/\/vimeo.com\">Vimeo<\/a>.<\/p>\n<p><span style=\"text-decoration: underline;\">Tercer de Prim\u00e0ria<\/span><\/p>\n<p><iframe loading=\"lazy\" src=\"https:\/\/player.vimeo.com\/video\/244811644\" width=\"640\" height=\"480\" frameborder=\"0\"><\/iframe><\/p>\n<p><a href=\"https:\/\/vimeo.com\/244811644\">Can\u00e7\u00f3 de Picasso<\/a> from <a href=\"https:\/\/vimeo.com\/user9737455\">Castellot<\/a> on <a href=\"https:\/\/vimeo.com\">Vimeo<\/a>.<\/p>\n<p><span style=\"text-decoration: underline;\">Quart de Prim\u00e0ria<\/span><\/p>\n<p><iframe loading=\"lazy\" src=\"https:\/\/player.vimeo.com\/video\/244812995\" width=\"640\" height=\"480\" frameborder=\"0\"><\/iframe><\/p>\n<p><a href=\"https:\/\/vimeo.com\/244812995\">Do, re, mi<\/a> from <a href=\"https:\/\/vimeo.com\/user9737455\">Castellot<\/a> on <a href=\"https:\/\/vimeo.com\">Vimeo<\/a>.<\/p>\n<p><span style=\"text-decoration: underline;\">Cinqu\u00e8 de Prim\u00e0ria<\/span><\/p>\n<p><iframe loading=\"lazy\" src=\"https:\/\/player.vimeo.com\/video\/244813909\" width=\"640\" height=\"480\" frameborder=\"0\"><\/iframe><\/p>\n<p><a href=\"https:\/\/vimeo.com\/244813909\">L&#8217;home dibuixat<\/a> from <a href=\"https:\/\/vimeo.com\/user9737455\">Castellot<\/a> on <a href=\"https:\/\/vimeo.com\">Vimeo<\/a>.<\/p>\n<p><span style=\"text-decoration: underline;\">Sis\u00e8 de Prim\u00e0ria<\/span><\/p>\n<p><iframe loading=\"lazy\" src=\"https:\/\/player.vimeo.com\/video\/245180262\" width=\"640\" height=\"480\" frameborder=\"0\"><\/iframe><\/p>\n<p><a href=\"https:\/\/vimeo.com\/245180262\">Rockamboleska<\/a> from <a href=\"https:\/\/vimeo.com\/user75426830\">Video Castellot<\/a> on <a href=\"https:\/\/vimeo.com\">Vimeo<\/a>.<\/p>\n<p>&nbsp;<\/p>\n<p><iframe loading=\"lazy\" src=\"https:\/\/player.vimeo.com\/video\/244806904\" width=\"640\" height=\"480\" frameborder=\"0\"><\/iframe><\/p>\n<p><a href=\"https:\/\/vimeo.com\/244806904\">Boomwhackers<\/a> from <a href=\"https:\/\/vimeo.com\/user9737455\">Castellot<\/a> on <a href=\"https:\/\/vimeo.com\">Vimeo<\/a>.<\/p>\n<\/div>\n<p>&nbsp;<\/p>\n<div>\n<h3>________________________________________________________<\/h3>\n<h3>18 de novembre de 2016<\/h3>\n<\/div>\n<p><span style=\"font-size: large;\"> El tema d&#8217;aquest any va ser<strong> &#8220;Can\u00e7ons solid\u00e0ries&#8221;<\/strong>. Cada classe es va preparar una breu explicaci\u00f3 de la can\u00e7\u00f3 i despr\u00e9s la van interpretar.<br \/>\nEls alumnes van interpretar:<br \/>\n1r: El m\u00f3n seria molt millor, els de 2n: En d\u00f3nes for\u00e7a, els de 3r:Podries (Refugiats), els de 4t: Tu vas lluitar (Gemma Humet), els de 5\u00e8: No serem moguts i els de 6\u00e8:<\/span><span style=\"font-size: large;\"> Compta amb mi (Txarango).<br \/>\n<\/span><br \/>\n<iframe loading=\"lazy\" src=\"https:\/\/player.vimeo.com\/video\/193039134\" width=\"640\" height=\"480\" frameborder=\"0\"><\/iframe><\/p>\n<p><a href=\"https:\/\/vimeo.com\/193039134\">1rEl m\u00f3n seria<\/a> from <a href=\"https:\/\/vimeo.com\/user9737455\">Castellot<\/a> on <a href=\"https:\/\/vimeo.com\">Vimeo<\/a>.<\/p>\n<p><iframe loading=\"lazy\" src=\"https:\/\/player.vimeo.com\/video\/193040106\" width=\"640\" height=\"480\" frameborder=\"0\"><\/iframe><\/p>\n<p><a href=\"https:\/\/vimeo.com\/193040106\">2nEm d\u00f3nes for\u00e7a<\/a> from <a href=\"https:\/\/vimeo.com\/user9737455\">Castellot<\/a> on <a href=\"https:\/\/vimeo.com\">Vimeo<\/a>.<\/p>\n<p><iframe loading=\"lazy\" src=\"https:\/\/player.vimeo.com\/video\/193040545\" width=\"640\" height=\"480\" frameborder=\"0\"><\/iframe><\/p>\n<p><a href=\"https:\/\/vimeo.com\/193040545\">3rPodries<\/a> from <a href=\"https:\/\/vimeo.com\/user9737455\">Castellot<\/a> on <a href=\"https:\/\/vimeo.com\">Vimeo<\/a>.<\/p>\n<p><iframe loading=\"lazy\" src=\"https:\/\/player.vimeo.com\/video\/193045137\" width=\"640\" height=\"480\" frameborder=\"0\"><\/iframe><\/p>\n<p><a href=\"https:\/\/vimeo.com\/193045137\">4tTu vas lluitar<\/a> from <a href=\"https:\/\/vimeo.com\/user9737455\">Castellot<\/a> on <a href=\"https:\/\/vimeo.com\">Vimeo<\/a>.<\/p>\n<p><iframe loading=\"lazy\" src=\"https:\/\/player.vimeo.com\/video\/193045670\" width=\"640\" height=\"480\" frameborder=\"0\"><\/iframe><\/p>\n<p><a href=\"https:\/\/vimeo.com\/193045670\">5\u00e8No serem moguts<\/a> from <a href=\"https:\/\/vimeo.com\/user9737455\">Castellot<\/a> on <a href=\"https:\/\/vimeo.com\">Vimeo<\/a>.<\/p>\n<p><iframe loading=\"lazy\" src=\"https:\/\/player.vimeo.com\/video\/194010763\" width=\"640\" height=\"480\" frameborder=\"0\"><\/iframe><\/p>\n<p><a href=\"https:\/\/vimeo.com\/194010763\">6\u00e8Compta amb mi<\/a> from <a href=\"https:\/\/vimeo.com\/user9737455\">Castellot<\/a> on <a href=\"https:\/\/vimeo.com\">Vimeo<\/a>.<\/p>\n<p>&nbsp;<\/p>\n","protected":false},"excerpt":{"rendered":"<p><a href=\"https:\/\/agora.xtec.cat\/ceipelcastellot\/infantil\/santa-cecilia-2021\/\">Santa Cec\u00edlia 2021<\/a><\/p>\n<p><a href=\"http:\/\/agora.xtec.cat\/ceipelcastellot\/general\/santa-cecilia-2019\/\" target=\"_blank\" rel=\"noopener noreferrer\">SANTA CEC\u00cdLIA 2019<\/a><br \/>\n&nbsp;<br \/>\n22 de novembre de 2017<br \/>\nEl concert de Santa Cec\u00edlia es va dedicar a Les Muses. Cada classe va preparar una explicaci\u00f3 de la seva Musa i despr\u00e9s cada grup va interpretar una can\u00e7\u00f3.<br \/>\nPrimer de Prim\u00e0ria<\/p>\n<p><a href=\"https:\/\/vimeo.com\/244808622\">Vols&hellip;  <a href=\"https:\/\/agora.xtec.cat\/ceipelcastellot\/celebracions\/santa-cecilia\/\" title=\"Read Santa Cec\u00edlia\">Llegeix m\u00e9s\u00bb<\/a><\/p>\n","protected":false},"author":1,"featured_media":0,"parent":536,"menu_order":0,"comment_status":"closed","ping_status":"closed","template":"page-templates\/side-menu.php","meta":{"_bbp_topic_count":0,"_bbp_reply_count":0,"_bbp_total_topic_count":0,"_bbp_total_reply_count":0,"_bbp_voice_count":0,"_bbp_anonymous_reply_count":0,"_bbp_topic_count_hidden":0,"_bbp_reply_count_hidden":0,"_bbp_forum_subforum_count":0,"footnotes":""},"class_list":["post-542","page","type-page","status-publish","hentry"],"post_mailing_queue_ids":[],"_links":{"self":[{"href":"https:\/\/agora.xtec.cat\/ceipelcastellot\/wp-json\/wp\/v2\/pages\/542","targetHints":{"allow":["GET"]}}],"collection":[{"href":"https:\/\/agora.xtec.cat\/ceipelcastellot\/wp-json\/wp\/v2\/pages"}],"about":[{"href":"https:\/\/agora.xtec.cat\/ceipelcastellot\/wp-json\/wp\/v2\/types\/page"}],"author":[{"embeddable":true,"href":"https:\/\/agora.xtec.cat\/ceipelcastellot\/wp-json\/wp\/v2\/users\/1"}],"replies":[{"embeddable":true,"href":"https:\/\/agora.xtec.cat\/ceipelcastellot\/wp-json\/wp\/v2\/comments?post=542"}],"version-history":[{"count":3,"href":"https:\/\/agora.xtec.cat\/ceipelcastellot\/wp-json\/wp\/v2\/pages\/542\/revisions"}],"predecessor-version":[{"id":9092,"href":"https:\/\/agora.xtec.cat\/ceipelcastellot\/wp-json\/wp\/v2\/pages\/542\/revisions\/9092"}],"up":[{"embeddable":true,"href":"https:\/\/agora.xtec.cat\/ceipelcastellot\/wp-json\/wp\/v2\/pages\/536"}],"wp:attachment":[{"href":"https:\/\/agora.xtec.cat\/ceipelcastellot\/wp-json\/wp\/v2\/media?parent=542"}],"curies":[{"name":"wp","href":"https:\/\/api.w.org\/{rel}","templated":true}]}}