{"id":530,"date":"2017-06-27T15:26:10","date_gmt":"2017-06-27T13:26:10","guid":{"rendered":"http:\/\/agora.xtec.cat\/ceipelcastellot\/?page_id=530"},"modified":"2025-12-04T23:41:15","modified_gmt":"2025-12-04T22:41:15","slug":"erasmus","status":"publish","type":"page","link":"https:\/\/agora.xtec.cat\/ceipelcastellot\/projecte-educatiu-2\/erasmus\/","title":{"rendered":"Projectes Erasmus+ 2014-2020"},"content":{"rendered":"<h4>Programa Erasmus+ 2021-2027<\/h4>\n<p>Des del curs 2021-2022 estem participant en projectes Erasmus+ en el marc de l&#8217;Acreditaci\u00f3 Erasmus.\u00a0 Podeu trobar la informaci\u00f3 sobre les diferents activitats i mobilitats que anem realitzant <a href=\"https:\/\/sites.google.com\/elcastellot.cat\/erasmus\/inici\">en aquesta p\u00e0gina web<\/a>.<\/p>\n<p>&nbsp;<\/p>\n<h4><\/h4>\n<h4><img loading=\"lazy\" decoding=\"async\" class=\"alignleft size-full wp-image-11760\" src=\"https:\/\/agora.xtec.cat\/ceipelcastellot\/wp-content\/uploads\/usu543\/2025\/12\/Erasmus_Castellot.jpg\" alt=\"\" width=\"604\" height=\"144\" srcset=\"https:\/\/agora.xtec.cat\/ceipelcastellot\/wp-content\/uploads\/usu543\/2025\/12\/Erasmus_Castellot.jpg 604w, https:\/\/agora.xtec.cat\/ceipelcastellot\/wp-content\/uploads\/usu543\/2025\/12\/Erasmus_Castellot-300x72.jpg 300w\" sizes=\"auto, (max-width: 604px) 100vw, 604px\" \/><\/h4>\n<h4><\/h4>\n<p>&nbsp;<\/p>\n<hr \/>\n<h4>Programa Erasmus+ 2014-2020<\/h4>\n<p>La nostra escola ha participat ininterrompudament en projectes Erasmus+ des de 2014, any en qu\u00e8 la Comissi\u00f3 Europea va iniciar el programa Erasmus+ 2014-2020.<\/p>\n<p>El curs 2019-20 vam iniciar dos projectes Erasmus+. Poc ens pens\u00e0vem que tots dos es veurien afectats per la pand\u00e8mia&#8230;\u00a0 Aquesta \u00e9s la informaci\u00f3 que public\u00e0vem.<\/p>\n<p>Enguany estem molt contents d&#8217;iniciar dos projectes Erasmus+!!<\/p>\n<ul>\n<li><strong>&#8220;TELE&#8221; (Towards Effective Language Education)<\/strong>, que tindr\u00e0 una durada de dos anys (2019-2021).\u00a0 El projecte se centre en l&#8217;intercanvi de bones pr\u00e0ctiques sobre l&#8217;ensenyament-aprenentatge de les lleng\u00fces, i inclou activitats col\u00b7laboratives per a l&#8217;alumnat de cicle superior.\u00a0 El projecte inclou trobades de formaci\u00f3 per al professorat i per a l&#8217;alumnat.\u00a0 Us n&#8217;anirem informant en aquest web i a les xarxes :).<\/li>\n<li><strong>&#8220;Hacia un aprendizaje m\u00e1s competencial y cooperativo de la lengua extranjera&#8221;<\/strong>, que tindr\u00e0 una durada d&#8217;un curs (fins 30-06-2020).\u00a0 Aquest \u00e9s un projecte que preveu estades formatives a l&#8217;estranger per al professorat\u00a0 (un curs d&#8217;estiu i dos per\u00edodes d&#8217;observaci\u00f3 job-shadowing en dues de les nostres escoles s\u00f2cies dels anteriors projectes: Pol\u00f2nia i Finl\u00e0ndia), amb l&#8217;objectiu de millorar l&#8217;ensenyament-aprenentatge de les lleng\u00fces.<\/li>\n<\/ul>\n<p>Vam iniciar el nostre primer projecte Erasmus+,\u00a0&#8220;<strong><a href=\"http:\/\/elcastellotprojectes.weebly.com\/\">Discovering Europe<\/a><\/strong>&#8220;, l&#8217;any 2014.\u00a0 Discovering Europe era una associaci\u00f3 estrat\u00e8gica amb 9 escoles s\u00f2cies de Pol\u00f2nia, Gr\u00e8cia, Pa\u00efsos Baixos, Alemanya, Finl\u00e0ndia, Romania, It\u00e0lia, Eslov\u00e8nia i el Regne Unit.\u00a0 Aquest projecte fou seleccionat com a Hist\u00f2ria d&#8217;\u00e8xit i Bona pr\u00e0ctica per la Comissi\u00f3 Europea, i seleccionat per a ser presentat a la <a href=\"https:\/\/ec.europa.eu\/education\/summit_en\">2nd European Education Summit<\/a> a Brussel\u00b7les, el 26 de setembre de 2019, a la qual va participar la C\u00e8lia Ravent\u00f3s, coordinadora del projecte a la nostra escola.\u00a0 L&#8217;objectiu de Discovering Europe era con\u00e8ixer millor la nostra realitat i compartir-la amb els nostres companys europeus, fent l&#8217;alumnat aut\u00e8ntic protagonista del seu proc\u00e9s d&#8217;aprenentatge, i utilitzant els recursos que les tecnologies ens ofereixen.\u00a0 El projecte inclo\u00efa una trobada presencial amb alumnat en cadascuna de les escoles participants:<\/p>\n<p>Mar\u00e7 2015 &#8211;<strong> Pol\u00f2nia<\/strong> \/ Maig 2015 &#8211;<strong>Pa\u00efsos Baixos<\/strong> \/ Octubre 2015 &#8211; <strong>Alemanya<\/strong> \/ Desembre 2015 &#8211;<strong> Gr\u00e8cia<\/strong> \/ Mar\u00e7 2016 &#8211;<strong> It\u00e0lia<\/strong> \/ Maig 2016 &#8211; <strong>Finl\u00e0ndia<\/strong> \/ Octubre 2016 &#8211; <strong>Regne Unit<\/strong> \/ Mar\u00e7 2017 &#8211; <strong>Catalunya<\/strong> \/ Maig 2017 &#8211; <strong>Romania<\/strong><\/p>\n<p>La valoraci\u00f3 d&#8217;aquest projecte fou tan positiva, que vam decidir sol\u00b7licitar-ne un de nou, &#8220;<strong><a href=\"http:\/\/agora.xtec.cat\/ceipelcastellot\/erasmus\/learning-with-the-arts\/\">Learning with the Arts<\/a><\/strong>&#8220;, amb 7 socis a Pol\u00f2nia, Finl\u00e0ndia, Gr\u00e8cia, It\u00e0lia, Romania, Alemanya i Portugal. Aquest projecte es basa en la idea d&#8217;integrar diferents arts en el proc\u00e9s d&#8217;ensenyament &#8211; aprenentatge d&#8217;altres mat\u00e8ries: matem\u00e0tiques, ci\u00e8ncies i llengua estrangera. Com en l&#8217;anterior projecte tamb\u00e9 inclo\u00efa trobades i activitats col\u00b7laboratives entre alumnes de les escoles associades. Les trobades presencials amb alumnat i professorat van ser a:<\/p>\n<p>Mar\u00e7 2018 &#8211; <strong>Finl\u00e0ndia<\/strong> \/ Maig 2018 &#8211; <strong>Pol\u00f2nia<\/strong> \/ Novembre 2018 &#8211;<strong> Catalunya<\/strong> \/ Mar\u00e7 2019 &#8211; <strong>Gr\u00e8cia<\/strong> \/ Maig 2019 &#8211; <strong>Portugal<\/strong><\/p>\n<p>Un dels moments \u00e0lgids d&#8217;aquests projectes a la nostra escola van ser les trobades que vam organitzar a la nostra escola el mar\u00e7 de 2017, i el novembre de 2018 en qu\u00e8 van participar alumnes i professors de les escoles s\u00f2cies.\u00a0 Tota la comunitat educativa en guardem molt bon record, i destaquem especialment la col\u00b7laboraci\u00f3 incondicional de l&#8217;Ajuntament de Castellv\u00ed de la Marca, de les fam\u00edlies acollidores, i de totes les entitats del municipi que van participar en el &#8220;Parents&#8217; evening&#8221;, que vam convertir en una petita &#8220;Festa Major&#8221; i que tots vam gaudir molt\u00edssim.<\/p>\n<p>Hem combinat aquests projectes col\u00b7laboratius amb projectes de formaci\u00f3 per al professorat.\u00a0 Durant el curs 2018-2019 vam portar a terme el projecte &#8220;Aprendre a cooperar i cooperar per aprendre&#8221;, gr\u00e0cies al qual quatre docents del centre van despla\u00e7ar-se al Regne Unit per a fer una per\u00edode d&#8217;observaci\u00f3 &#8220;Job-Shadowing&#8221; a la nostra escola partner de la ciutat de Norwich, <a href=\"https:\/\/www.cattongrove.norfolk.sch.uk\/\">Catton Grove Primary School.<\/a><\/p>\n<p><a href=\"https:\/\/www.google.com\/maps\/d\/u\/0\/viewer?mid=1erd9UUdNXath8Jh0Dij_ZfANLMs&amp;ll=41.94577707876492%2C2.8320272421874506&amp;z=8\">MAPA DELS PROJECTES D&#8217;ERASMUS+ a Catalunya<\/a>:<\/p>\n<p><a href=\"https:\/\/www.google.com\/maps\/d\/u\/0\/viewer?mid=1erd9UUdNXath8Jh0Dij_ZfANLMs&amp;ll=41.94577707876492%2C2.8320272421874506&amp;z=8\"><img loading=\"lazy\" decoding=\"async\" class=\"aligncenter size-full wp-image-3262\" src=\"http:\/\/agora.xtec.cat\/ceipelcastellot\/wp-content\/uploads\/usu543\/2017\/06\/MAPA_ERASMUS.jpg\" alt=\"\" width=\"509\" height=\"456\" srcset=\"https:\/\/agora.xtec.cat\/ceipelcastellot\/wp-content\/uploads\/usu543\/2017\/06\/MAPA_ERASMUS.jpg 509w, https:\/\/agora.xtec.cat\/ceipelcastellot\/wp-content\/uploads\/usu543\/2017\/06\/MAPA_ERASMUS-300x269.jpg 300w\" sizes=\"auto, (max-width: 509px) 100vw, 509px\" \/><\/a><\/p>\n","protected":false},"excerpt":{"rendered":"<p>Programa Erasmus+ 2021-2027<br \/>\nDes del curs 2021-2022 estem participant en projectes Erasmus+ en el marc de l&#8217;Acreditaci\u00f3 Erasmus.\u00a0 Podeu trobar la informaci\u00f3 sobre les diferents activitats i mobilitats que anem realitzant <a href=\"https:\/\/sites.google.com\/elcastellot.cat\/erasmus\/inici\">en aquesta p\u00e0gina web<\/a>.<br \/>\n&nbsp;<\/p>\n<p>&nbsp;<\/p>\n<p>Programa Erasmus+ 2014-2020<br \/>\nLa nostra escola ha participat ininterrompudament en projectes Erasmus+&hellip;  <a href=\"https:\/\/agora.xtec.cat\/ceipelcastellot\/projecte-educatiu-2\/erasmus\/\" title=\"Read Projectes Erasmus+ 2014-2020\">Llegeix m\u00e9s\u00bb<\/a><\/p>\n","protected":false},"author":1,"featured_media":0,"parent":600,"menu_order":11,"comment_status":"closed","ping_status":"closed","template":"page-templates\/side-menu.php","meta":{"_bbp_topic_count":0,"_bbp_reply_count":0,"_bbp_total_topic_count":0,"_bbp_total_reply_count":0,"_bbp_voice_count":0,"_bbp_anonymous_reply_count":0,"_bbp_topic_count_hidden":0,"_bbp_reply_count_hidden":0,"_bbp_forum_subforum_count":0,"footnotes":""},"class_list":["post-530","page","type-page","status-publish","hentry"],"post_mailing_queue_ids":[],"_links":{"self":[{"href":"https:\/\/agora.xtec.cat\/ceipelcastellot\/wp-json\/wp\/v2\/pages\/530","targetHints":{"allow":["GET"]}}],"collection":[{"href":"https:\/\/agora.xtec.cat\/ceipelcastellot\/wp-json\/wp\/v2\/pages"}],"about":[{"href":"https:\/\/agora.xtec.cat\/ceipelcastellot\/wp-json\/wp\/v2\/types\/page"}],"author":[{"embeddable":true,"href":"https:\/\/agora.xtec.cat\/ceipelcastellot\/wp-json\/wp\/v2\/users\/1"}],"replies":[{"embeddable":true,"href":"https:\/\/agora.xtec.cat\/ceipelcastellot\/wp-json\/wp\/v2\/comments?post=530"}],"version-history":[{"count":7,"href":"https:\/\/agora.xtec.cat\/ceipelcastellot\/wp-json\/wp\/v2\/pages\/530\/revisions"}],"predecessor-version":[{"id":11770,"href":"https:\/\/agora.xtec.cat\/ceipelcastellot\/wp-json\/wp\/v2\/pages\/530\/revisions\/11770"}],"up":[{"embeddable":true,"href":"https:\/\/agora.xtec.cat\/ceipelcastellot\/wp-json\/wp\/v2\/pages\/600"}],"wp:attachment":[{"href":"https:\/\/agora.xtec.cat\/ceipelcastellot\/wp-json\/wp\/v2\/media?parent=530"}],"curies":[{"name":"wp","href":"https:\/\/api.w.org\/{rel}","templated":true}]}}