{"id":28,"date":"2014-09-18T12:29:35","date_gmt":"2014-09-18T11:29:35","guid":{"rendered":"http:\/\/agora.xtec.cat\/ceipelcastellot\/?page_id=28"},"modified":"2026-03-05T08:43:48","modified_gmt":"2026-03-05T07:43:48","slug":"consell-escolar","status":"publish","type":"page","link":"https:\/\/agora.xtec.cat\/ceipelcastellot\/lescola\/consell-escolar\/","title":{"rendered":"Consell escolar"},"content":{"rendered":"<p>El Consell escolar del centre \u00e9s un \u00f2rgan de govern col\u00b7legiat de participaci\u00f3 de la comunitat escolar en el govern del centre. La funci\u00f3 principal del consell escolar \u00e9s participar en la presa de decisions en relaci\u00f3 amb aquells temes importants per al funcionament i l&#8217;organitzaci\u00f3 del centre: el projecte educatiu, la programaci\u00f3 general, la gesti\u00f3 econ\u00f2mica, etc.<\/p>\n<p><b>COMPOSICI\u00d3 CONSELL ESCOLAR:<\/b><\/p>\n<ul>\n<li><b>Directora (presideix el Consell): <\/b>Magda Viv\u00f3<\/li>\n<li><strong>Cap d&#8217;estudis:<\/strong> Gemma Recasens<\/li>\n<li><strong>Secret\u00e0ria:<\/strong> Agn\u00e8s Farriols<br \/>\n<b><\/b><\/li>\n<li><b>Representants docents:<\/b> Carme Munn\u00e9, Carol Prats, Benjam\u00ed Penya, Montse Pujol, Rub\u00e9n Rodr\u00edguez.<br \/>\n<b><\/b><\/li>\n<li><b>Representants fam\u00edlies: <\/b>Ver\u00f2nica Morat\u00f3, Cristina Guimer\u00e0, Anna Vilanova, S\u00f2nia G\u00f3mez.<br \/>\n<b><\/b><\/li>\n<li><b>Representant de l\u2019AFA:<\/b> Roser Bondia<br \/>\n<b><\/b><\/li>\n<li><b>Representant de l\u2019Ajuntament:<\/b> D\u00e0ria Santiago<\/li>\n<li><b>Personal d\u2019Administraci\u00f3 i Serveis<\/b> Anna Rubi\u00f3<\/li>\n<\/ul>\n<p>&nbsp;<\/p>\n<p><strong>ACORDS CONSELL ESCOLAR:<\/strong><\/p>\n<p>Curs 2025-2026:<\/p>\n<p><a href=\"https:\/\/agora.xtec.cat\/ceipelcastellot\/wp-content\/uploads\/usu543\/2026\/03\/Acta-consell-escolar-4-per-web-2025-26.pdf\">Consell Escolar 4 (2 de mar\u00e7 2026)<\/a><\/p>\n<p><a href=\"https:\/\/agora.xtec.cat\/ceipelcastellot\/wp-content\/uploads\/usu543\/2026\/02\/Acta-consell-escolar-3-per-web-2025-26.pdf\">Consell Escolar 3 (18 de febrer 2026)<\/a><\/p>\n<p><a href=\"https:\/\/agora.xtec.cat\/ceipelcastellot\/wp-content\/uploads\/usu543\/2025\/12\/Acta-consell-escolar-2-per-web-2025-26.pdf\">Consell Escolar 2 (16 de desembre 2025)<\/a><\/p>\n<p><a href=\"https:\/\/agora.xtec.cat\/ceipelcastellot\/wp-content\/uploads\/usu543\/2025\/11\/Acta-consell-escolar-1-per-web-2025-26.pdf\">Consell Escolar 1 (5 de novembre 2025)<\/a><\/p>\n<p>Curs 2024-2025:<\/p>\n<p><a href=\"https:\/\/agora.xtec.cat\/ceipelcastellot\/wp-content\/uploads\/usu543\/2025\/07\/Acta-consell-escolar-5-per-web-2024-2025.pdf\">Consell Escolar 5 (7 de juliol 2025)<\/a><\/p>\n<p><a href=\"https:\/\/agora.xtec.cat\/ceipelcastellot\/wp-content\/uploads\/usu543\/2025\/07\/Acta-consell-escolar-4-per-web-2024-2025.pdf\">Consell Escolar 4 (18 juny 2025)<\/a><\/p>\n<p><a href=\"https:\/\/agora.xtec.cat\/ceipelcastellot\/wp-content\/uploads\/usu543\/2025\/03\/Acta-consell-escolar-3-per-web-2024-2025.doc\">Consell Escolar 3 (21 de febrer de 2025)<\/a><\/p>\n<p><a href=\"https:\/\/agora.xtec.cat\/ceipelcastellot\/wp-content\/uploads\/usu543\/2025\/07\/Acta-consell-escolar-2-per-web-2024-2025.doc\">Consell Escolar 2 (12 de febrer 2025)<\/a><\/p>\n<p><a href=\"https:\/\/agora.xtec.cat\/ceipelcastellot\/wp-content\/uploads\/usu543\/2025\/01\/Consell-Escolar-1.pdf\">Consell Escolar 1 (6 novembre 2024)<\/a><\/p>\n<p>&nbsp;<\/p>\n<p>&nbsp;<\/p>\n","protected":false},"excerpt":{"rendered":"<p>El Consell escolar del centre \u00e9s un \u00f2rgan de govern col\u00b7legiat de participaci\u00f3 de la comunitat escolar en el govern del centre. La funci\u00f3 principal del consell escolar \u00e9s participar en la presa de decisions en relaci\u00f3 amb aquells temes importants per al funcionament i&hellip;  <a href=\"https:\/\/agora.xtec.cat\/ceipelcastellot\/lescola\/consell-escolar\/\" title=\"Read Consell escolar\">Llegeix m\u00e9s\u00bb<\/a><\/p>\n","protected":false},"author":1,"featured_media":0,"parent":22,"menu_order":30,"comment_status":"closed","ping_status":"closed","template":"page-templates\/side-menu.php","meta":{"_bbp_topic_count":0,"_bbp_reply_count":0,"_bbp_total_topic_count":0,"_bbp_total_reply_count":0,"_bbp_voice_count":0,"_bbp_anonymous_reply_count":0,"_bbp_topic_count_hidden":0,"_bbp_reply_count_hidden":0,"_bbp_forum_subforum_count":0,"footnotes":""},"class_list":["post-28","page","type-page","status-publish","hentry"],"post_mailing_queue_ids":[],"_links":{"self":[{"href":"https:\/\/agora.xtec.cat\/ceipelcastellot\/wp-json\/wp\/v2\/pages\/28","targetHints":{"allow":["GET"]}}],"collection":[{"href":"https:\/\/agora.xtec.cat\/ceipelcastellot\/wp-json\/wp\/v2\/pages"}],"about":[{"href":"https:\/\/agora.xtec.cat\/ceipelcastellot\/wp-json\/wp\/v2\/types\/page"}],"author":[{"embeddable":true,"href":"https:\/\/agora.xtec.cat\/ceipelcastellot\/wp-json\/wp\/v2\/users\/1"}],"replies":[{"embeddable":true,"href":"https:\/\/agora.xtec.cat\/ceipelcastellot\/wp-json\/wp\/v2\/comments?post=28"}],"version-history":[{"count":7,"href":"https:\/\/agora.xtec.cat\/ceipelcastellot\/wp-json\/wp\/v2\/pages\/28\/revisions"}],"predecessor-version":[{"id":12032,"href":"https:\/\/agora.xtec.cat\/ceipelcastellot\/wp-json\/wp\/v2\/pages\/28\/revisions\/12032"}],"up":[{"embeddable":true,"href":"https:\/\/agora.xtec.cat\/ceipelcastellot\/wp-json\/wp\/v2\/pages\/22"}],"wp:attachment":[{"href":"https:\/\/agora.xtec.cat\/ceipelcastellot\/wp-json\/wp\/v2\/media?parent=28"}],"curies":[{"name":"wp","href":"https:\/\/api.w.org\/{rel}","templated":true}]}}