{"id":22,"date":"2014-09-18T12:19:57","date_gmt":"2014-09-18T11:19:57","guid":{"rendered":"http:\/\/agora.xtec.cat\/ceipelcastellot\/?page_id=22"},"modified":"2025-11-21T15:29:32","modified_gmt":"2025-11-21T14:29:32","slug":"lescola","status":"publish","type":"page","link":"https:\/\/agora.xtec.cat\/ceipelcastellot\/lescola\/","title":{"rendered":"L&#8217;escola"},"content":{"rendered":"<h2 style=\"text-align: center;\">BENVINGUTS A L&#8217;ESCOLA EL CASTELLOT<\/h2>\n<p style=\"text-align: justify;\"><i><span style=\"font-size: medium;\">Pensem que l&#8217;educaci\u00f3 \u00e9s una etapa a on s&#8217;integren molt conceptes interrelacionats, per aquesta ra\u00f3, com a docents hem d&#8217;ajudar-los i a encaminar-los en el seu proc\u00e9s d&#8217;ensenyament i aprenentatge, tot assessorant-los i motivar-los per una finalitat&#8230; ser aut\u00f2noms, col\u00b7laboradors i persones respectables a la vida quotidiana.<\/span><\/i><\/p>\n<h4 style=\"text-align: justify;\"><strong>EQUIP DOCENT<\/strong><\/h4>\n<table style=\"width: 731px; height: 168px;\">\n<tbody>\n<tr style=\"height: 443px;\">\n<td style=\"width: 178.6px; text-align: center; height: 443px;\">\n<div><strong>EDUCACI\u00d3 INFANTIL:<\/strong><\/div>\n<ul>\n<li style=\"text-align: left;\">\n<div>I3: L\u00eddia Canals<\/div>\n<\/li>\n<li style=\"text-align: left;\">\n<div>I4: Alba Garcia<\/div>\n<\/li>\n<li style=\"text-align: left;\">\n<div>I5: Mariola Balagu\u00e9<\/div>\n<\/li>\n<li style=\"text-align: left;\">Suport EI: Magda Viv\u00f3 i Cristina Hurtado<\/li>\n<\/ul>\n<div><strong>CICLE INICIAL:<\/strong><\/div>\n<ul>\n<li style=\"text-align: left;\">\n<div>1r: Gemma Recasens<\/div>\n<\/li>\n<li style=\"text-align: left;\">\n<div>2n: Judith R\u00e0fols<\/div>\n<\/li>\n<li style=\"text-align: left;\">Suport CI: Montserrat Pujol i Montse Farr\u00e9<\/li>\n<\/ul>\n<div><strong>CICLE MITJ\u00c0:<\/strong><\/div>\n<ul>\n<li style=\"text-align: left;\">\n<div>3r: Agn\u00e8s Farriols<\/div>\n<\/li>\n<li style=\"text-align: left;\">\n<div>4t: Carol Prats<\/div>\n<\/li>\n<li style=\"text-align: left;\">\n<div>Suport CM:\u00a0 Gemma Rius i Rub\u00e9n Rodr\u00edguez<\/div>\n<\/li>\n<\/ul>\n<div><strong>CICLE SUPERIOR:<\/strong><\/div>\n<ul>\n<li style=\"text-align: left;\">\n<div>5\u00e8: Benjam\u00ed Penya<\/div>\n<\/li>\n<li style=\"text-align: left;\">\n<div>6\u00e8: M\u00aa Carme Munn\u00e9<\/div>\n<\/li>\n<li style=\"text-align: left;\">Suport: C\u00e8lia Ravent\u00f3s i Rub\u00e9n Rodr\u00edguez<\/li>\n<\/ul>\n<\/td>\n<td style=\"width: 178.617px; text-align: center; height: 443px;\">\n<div><strong>ESPECIALITATS:<\/strong><\/div>\n<ul style=\"list-style-type: disc;\">\n<li style=\"text-align: left;\">Angl\u00e8s: C\u00e8lia Ravent\u00f3s (CS), Gemma Rius (CM, CI)\u00a0 i Montse Farr\u00e9 (P5)<\/li>\n<li style=\"text-align: left;\">\n<div>Educaci\u00f3 F\u00edsica: Montse Farr\u00e9 (EI i CI) i Rub\u00e9n Rodr\u00edguez (CM i CS)<\/div>\n<\/li>\n<li style=\"text-align: left;\">Educaci\u00f3 Musical: Cristina Hurtado (EI) i Montserrat Pujol (Prim\u00e0ria)<\/li>\n<li style=\"text-align: left;\">\n<div>Educaci\u00f3 Especial: Carol Prat<\/div>\n<\/li>\n<\/ul>\n<div><strong>EQUIP DIRECTIU:<\/strong><\/div>\n<ul>\n<li style=\"text-align: left;\">\n<div>Direcci\u00f3: Magda Viv\u00f3<\/div>\n<\/li>\n<li style=\"text-align: left;\">\n<div>Cap d&#8217;estudis: Gemma Recasens<\/div>\n<\/li>\n<li style=\"text-align: left;\">\n<div>Secretaria: Agn\u00e8s Farriols<\/div>\n<\/li>\n<\/ul>\n<p style=\"text-align: left;\">ADMINISTRATIVA: Anna Rubio<\/p>\n<p style=\"text-align: left;\">EAP: Gemma<\/p>\n<p>&nbsp;<\/p>\n<p>&nbsp;<\/td>\n<\/tr>\n<\/tbody>\n<\/table>\n<p><iframe loading=\"lazy\" src=\"https:\/\/www.google.com\/maps\/embed?pb=!1m18!1m12!1m3!1d2996.1602139529778!2d1.6142191154239227!3d41.32712937926974!2m3!1f0!2f0!3f0!3m2!1i1024!2i768!4f13.1!3m3!1m2!1s0x12a47695109a885d%3A0xf5d978cac30cacae!2sEscola+El+Castellot!5e0!3m2!1sca!2ses!4v1498637434910\" width=\"600\" height=\"450\" frameborder=\"0\"><\/iframe><\/p>\n","protected":false},"excerpt":{"rendered":"<p>BENVINGUTS A L&#8217;ESCOLA EL CASTELLOT<br \/>\nPensem que l&#8217;educaci\u00f3 \u00e9s una etapa a on s&#8217;integren molt conceptes interrelacionats, per aquesta ra\u00f3, com a docents hem d&#8217;ajudar-los i a encaminar-los en el seu proc\u00e9s d&#8217;ensenyament i aprenentatge, tot assessorant-los i motivar-los per una finalitat&#8230; ser aut\u00f2noms, col\u00b7laboradors i&hellip;  <a href=\"https:\/\/agora.xtec.cat\/ceipelcastellot\/lescola\/\" title=\"Read L&#8217;escola\">Llegeix m\u00e9s\u00bb<\/a><\/p>\n","protected":false},"author":1,"featured_media":0,"parent":0,"menu_order":0,"comment_status":"closed","ping_status":"closed","template":"page-templates\/side-menu.php","meta":{"_bbp_topic_count":0,"_bbp_reply_count":0,"_bbp_total_topic_count":0,"_bbp_total_reply_count":0,"_bbp_voice_count":0,"_bbp_anonymous_reply_count":0,"_bbp_topic_count_hidden":0,"_bbp_reply_count_hidden":0,"_bbp_forum_subforum_count":0,"footnotes":""},"class_list":["post-22","page","type-page","status-publish","hentry"],"post_mailing_queue_ids":[],"_links":{"self":[{"href":"https:\/\/agora.xtec.cat\/ceipelcastellot\/wp-json\/wp\/v2\/pages\/22","targetHints":{"allow":["GET"]}}],"collection":[{"href":"https:\/\/agora.xtec.cat\/ceipelcastellot\/wp-json\/wp\/v2\/pages"}],"about":[{"href":"https:\/\/agora.xtec.cat\/ceipelcastellot\/wp-json\/wp\/v2\/types\/page"}],"author":[{"embeddable":true,"href":"https:\/\/agora.xtec.cat\/ceipelcastellot\/wp-json\/wp\/v2\/users\/1"}],"replies":[{"embeddable":true,"href":"https:\/\/agora.xtec.cat\/ceipelcastellot\/wp-json\/wp\/v2\/comments?post=22"}],"version-history":[{"count":6,"href":"https:\/\/agora.xtec.cat\/ceipelcastellot\/wp-json\/wp\/v2\/pages\/22\/revisions"}],"predecessor-version":[{"id":11673,"href":"https:\/\/agora.xtec.cat\/ceipelcastellot\/wp-json\/wp\/v2\/pages\/22\/revisions\/11673"}],"wp:attachment":[{"href":"https:\/\/agora.xtec.cat\/ceipelcastellot\/wp-json\/wp\/v2\/media?parent=22"}],"curies":[{"name":"wp","href":"https:\/\/api.w.org\/{rel}","templated":true}]}}