{"id":2159,"date":"2018-02-28T14:57:49","date_gmt":"2018-02-28T13:57:49","guid":{"rendered":"http:\/\/agora.xtec.cat\/ceipelcastellot\/?page_id=2159"},"modified":"2025-12-04T23:21:51","modified_gmt":"2025-12-04T22:21:51","slug":"projectes-etwinning","status":"publish","type":"page","link":"https:\/\/agora.xtec.cat\/ceipelcastellot\/projecte-educatiu-2\/projectes-etwinning\/","title":{"rendered":"PROJECTES ETWINNING"},"content":{"rendered":"<p><img loading=\"lazy\" decoding=\"async\" class=\"aligncenter size-full wp-image-1741\" src=\"http:\/\/agora.xtec.cat\/ceipelcastellot\/wp-content\/uploads\/usu543\/2017\/12\/etwinning.png\" alt=\"\" width=\"410\" height=\"123\" srcset=\"https:\/\/agora.xtec.cat\/ceipelcastellot\/wp-content\/uploads\/usu543\/2017\/12\/etwinning.png 410w, https:\/\/agora.xtec.cat\/ceipelcastellot\/wp-content\/uploads\/usu543\/2017\/12\/etwinning-300x90.png 300w\" sizes=\"auto, (max-width: 410px) 100vw, 410px\" \/><\/p>\n<p>Etwinning \u00e9s una iniciativa que fomenta l\u2019establiment d\u2019agermanaments escolars i el desenvolupament de projectes de col\u00b7laboraci\u00f3 a trav\u00e9s d\u2019Internet entre centres de pa\u00efsos europeus.<\/p>\n<p>S\u2019estructura al voltant de tres eixos fonamentals estretament relacionats:<\/p>\n<ol>\n<li>Dimensi\u00f3 europea<\/li>\n<li>\u00das de les TIC (tecnologies de la informaci\u00f3 i la comunicaci\u00f3)<\/li>\n<li>Treball en col\u00b7laboraci\u00f3 eTwinning fomenta, per mitj\u00e0 de les TIC, un ambient de cooperaci\u00f3, intercanvi d\u2019informaci\u00f3 i realitzaci\u00f3 conjunta de tasques que s\u2019adapta b\u00e9 als objectius del constructivisme, l\u2019atenci\u00f3 a la diversitat i a una escola cada vegada m\u00e9s inclusiva.<\/li>\n<\/ol>\n<p>Aquests s\u00f3n els projectes de l&#8217;escola:<\/p>\n<p><a href=\"https:\/\/live.etwinning.net\/projects\/project\/149719\">LEARNING WITH THE ARTS<\/a><\/p>\n<p><a href=\"https:\/\/live.etwinning.net\/projects\/project\/149719\"><img loading=\"lazy\" decoding=\"async\" class=\"aligncenter size-full wp-image-2148\" src=\"http:\/\/agora.xtec.cat\/ceipelcastellot\/wp-content\/uploads\/usu543\/2018\/02\/logo_learning.png\" alt=\"\" width=\"150\" height=\"116\" \/><\/a><\/p>\n<p><a href=\"https:\/\/twinspace.etwinning.net\/543\/home\">DISCOVERING EUROPE<\/a><\/p>\n<p><a href=\"https:\/\/twinspace.etwinning.net\/543\/home\"><img loading=\"lazy\" decoding=\"async\" class=\"aligncenter size-full wp-image-1744\" src=\"http:\/\/agora.xtec.cat\/ceipelcastellot\/wp-content\/uploads\/usu543\/2017\/12\/discovering_europe.jpg\" alt=\"\" width=\"155\" height=\"121\" \/><img loading=\"lazy\" decoding=\"async\" class=\"aligncenter size-full wp-image-2143\" src=\"http:\/\/agora.xtec.cat\/ceipelcastellot\/wp-content\/uploads\/usu543\/2018\/02\/segell_etwinning.jpg\" alt=\"\" width=\"448\" height=\"321\" srcset=\"https:\/\/agora.xtec.cat\/ceipelcastellot\/wp-content\/uploads\/usu543\/2018\/02\/segell_etwinning.jpg 448w, https:\/\/agora.xtec.cat\/ceipelcastellot\/wp-content\/uploads\/usu543\/2018\/02\/segell_etwinning-300x215.jpg 300w\" sizes=\"auto, (max-width: 448px) 100vw, 448px\" \/><\/a><\/p>\n<p><a href=\"https:\/\/live.etwinning.net\/projects\/project\/99713\">LET&#8217;S CELEBRATE TOGETHER<\/a><\/p>\n<p><a href=\"https:\/\/live.etwinning.net\/projects\/project\/99713\"><img loading=\"lazy\" decoding=\"async\" class=\"aligncenter wp-image-2160 size-full\" src=\"http:\/\/agora.xtec.cat\/ceipelcastellot\/wp-content\/uploads\/usu543\/2018\/02\/letscelebrate.jpg\" alt=\"\" width=\"151\" height=\"136\" srcset=\"https:\/\/agora.xtec.cat\/ceipelcastellot\/wp-content\/uploads\/usu543\/2018\/02\/letscelebrate.jpg 151w, https:\/\/agora.xtec.cat\/ceipelcastellot\/wp-content\/uploads\/usu543\/2018\/02\/letscelebrate-150x136.jpg 150w\" sizes=\"auto, (max-width: 151px) 100vw, 151px\" \/><\/a><\/p>\n","protected":false},"excerpt":{"rendered":"<p>Etwinning \u00e9s una iniciativa que fomenta l\u2019establiment d\u2019agermanaments escolars i el desenvolupament de projectes de col\u00b7laboraci\u00f3 a trav\u00e9s d\u2019Internet entre centres de pa\u00efsos europeus.<br \/>\nS\u2019estructura al voltant de tres eixos fonamentals estretament relacionats:<\/p>\n<ol>\n<li>Dimensi\u00f3 europea<\/li>\n<li>\u00das de les TIC (tecnologies de la informaci\u00f3 i la comunicaci\u00f3)<\/li>\n<li>Treball en col\u00b7laboraci\u00f3&hellip;  <a href=\"https:\/\/agora.xtec.cat\/ceipelcastellot\/projecte-educatiu-2\/projectes-etwinning\/\" title=\"Read PROJECTES ETWINNING\">Llegeix m\u00e9s\u00bb<\/a><br \/>\n","protected":false},"author":1,"featured_media":0,"parent":600,"menu_order":12,"comment_status":"closed","ping_status":"closed","template":"","meta":{"_bbp_topic_count":0,"_bbp_reply_count":0,"_bbp_total_topic_count":0,"_bbp_total_reply_count":0,"_bbp_voice_count":0,"_bbp_anonymous_reply_count":0,"_bbp_topic_count_hidden":0,"_bbp_reply_count_hidden":0,"_bbp_forum_subforum_count":0,"footnotes":""},"class_list":["post-2159","page","type-page","status-publish","hentry"],"post_mailing_queue_ids":[],"_links":{"self":[{"href":"https:\/\/agora.xtec.cat\/ceipelcastellot\/wp-json\/wp\/v2\/pages\/2159","targetHints":{"allow":["GET"]}}],"collection":[{"href":"https:\/\/agora.xtec.cat\/ceipelcastellot\/wp-json\/wp\/v2\/pages"}],"about":[{"href":"https:\/\/agora.xtec.cat\/ceipelcastellot\/wp-json\/wp\/v2\/types\/page"}],"author":[{"embeddable":true,"href":"https:\/\/agora.xtec.cat\/ceipelcastellot\/wp-json\/wp\/v2\/users\/1"}],"replies":[{"embeddable":true,"href":"https:\/\/agora.xtec.cat\/ceipelcastellot\/wp-json\/wp\/v2\/comments?post=2159"}],"version-history":[{"count":1,"href":"https:\/\/agora.xtec.cat\/ceipelcastellot\/wp-json\/wp\/v2\/pages\/2159\/revisions"}],"predecessor-version":[{"id":2161,"href":"https:\/\/agora.xtec.cat\/ceipelcastellot\/wp-json\/wp\/v2\/pages\/2159\/revisions\/2161"}],"up":[{"embeddable":true,"href":"https:\/\/agora.xtec.cat\/ceipelcastellot\/wp-json\/wp\/v2\/pages\/600"}],"wp:attachment":[{"href":"https:\/\/agora.xtec.cat\/ceipelcastellot\/wp-json\/wp\/v2\/media?parent=2159"}],"curies":[{"name":"wp","href":"https:\/\/api.w.org\/{rel}","templated":true}]}}