{"id":1737,"date":"2017-12-23T18:02:57","date_gmt":"2017-12-23T17:02:57","guid":{"rendered":"http:\/\/agora.xtec.cat\/ceipelcastellot\/?page_id=1737"},"modified":"2020-08-14T13:02:22","modified_gmt":"2020-08-14T11:02:22","slug":"learning-with-the-arts","status":"publish","type":"page","link":"https:\/\/agora.xtec.cat\/ceipelcastellot\/projecte-educatiu-2\/erasmus\/learning-with-the-arts\/","title":{"rendered":"E+ KA2 Learning with the Arts 2017-19"},"content":{"rendered":"<p><img loading=\"lazy\" decoding=\"async\" class=\"aligncenter size-full wp-image-1739\" src=\"http:\/\/agora.xtec.cat\/ceipelcastellot\/wp-content\/uploads\/usu543\/2017\/12\/logo_llarg.jpg\" alt=\"\" width=\"571\" height=\"85\" srcset=\"https:\/\/agora.xtec.cat\/ceipelcastellot\/wp-content\/uploads\/usu543\/2017\/12\/logo_llarg.jpg 571w, https:\/\/agora.xtec.cat\/ceipelcastellot\/wp-content\/uploads\/usu543\/2017\/12\/logo_llarg-300x45.jpg 300w\" sizes=\"auto, (max-width: 571px) 100vw, 571px\" \/> <img loading=\"lazy\" decoding=\"async\" class=\"aligncenter size-full wp-image-1740\" src=\"http:\/\/agora.xtec.cat\/ceipelcastellot\/wp-content\/uploads\/usu543\/2017\/12\/mapa.jpg\" alt=\"\" width=\"243\" height=\"252\" \/><\/p>\n<p>Aquest curs iniciem un nou projecte d&#8217;Erasmus +: &#8220;Learning with the Arts&#8221; d&#8217;una durada de 2 cursos, amb 8 socis de diferents pa\u00efsos: Pol\u00f2nia, Finl\u00e0ndia, Gr\u00e8cia i Catalunya (de l&#8217;antic projecte Erasmus +) i It\u00e0lia, Romania, Alemanya i Portugal (que s\u00f3n nous en aquest projecte).<\/p>\n<p><b>OBJECTIUS del PROJECTE: <\/b><\/p>\n<ol>\n<li>Facilitar l\u2019aprenentatge de les <b>matem\u00e0tiques i la ci\u00e8ncia<\/b> i fer-les m\u00e9s atractives a l\u2019alumnat<\/li>\n<li>Facilitar l\u2019aprenentatge de la<b> llengua anglesa<\/b> i refor\u00e7ar la motivaci\u00f3 de l\u2019alumnat en aquesta \u00e0rea<\/li>\n<li>Intensificar l<b>\u2019exposici\u00f3 de l\u2019alumnat a les arts<\/b> i fomentar l\u2019expressi\u00f3 art\u00edstica i creativitat<\/li>\n<li>Construir la consciencia <b>intercultural<\/b> de l\u2019alumnat i prevenir la xenof\u00f2bia<\/li>\n<li><b>Desenvolupar, implementar i compartir m\u00f2duls i activitats<\/b> basats en l\u2019enfoc proposat<\/li>\n<li>Millorar la formaci\u00f3 del professorat a trav\u00e9s de l\u2019<b>intercanvi d\u2019idees i pr\u00e0ctiques<\/b><\/li>\n<\/ol>\n<p><b>Tema: Aprenentatge a trav\u00e9s de les arts. \u00a0<\/b><\/p>\n<p>El projecte est\u00e0 basat en la idea d\u2019integrar diferents arts en el proc\u00e9s d\u2019ensenyament-aprenentatge d\u2019altres mat\u00e8ries: matem\u00e0tiques, ci\u00e8ncia i llengua estrangera. \u00a0D\u2019aquesta manera es pret\u00e9n facilitar l\u2019aprenentatge d\u2019aquestes mat\u00e8ries, millorar la motivaci\u00f3 dels estudiants per aprendre-les, aix\u00ed com l\u2019exposici\u00f3 a les arts i l\u2019est\u00edmul de l\u2019expressi\u00f3 art\u00edstica i la creativitat.<\/p>\n<p>PROC\u00c9S:<\/p>\n<p>Les escoles estaran aparellades durant tot el projecte, de manera que els socis amb experi\u00e8ncia Erasmus+ puguin donar suport als nous:<\/p>\n<p>Poland-Italy<\/p>\n<p>Finland-Romania<\/p>\n<p>Greece- Germany<\/p>\n<p>Catalonia-Portugal<\/p>\n<p><span id=\"m_4423742119987608300gmail-result_box\" class=\"m_4423742119987608300gmail-\" lang=\"ca\"><span class=\"m_4423742119987608300gmail-\">Una de les plataformes que s&#8217;utilitza per comunicar-nos per internet \u00e9s eTwinning.\u00a0 <a href=\"https:\/\/www.etwinning.net\/es\/pub\/index.htm\" target=\"_blank\" rel=\"noopener noreferrer\"><img loading=\"lazy\" decoding=\"async\" class=\"aligncenter wp-image-1741 size-full\" src=\"http:\/\/agora.xtec.cat\/ceipelcastellot\/wp-content\/uploads\/usu543\/2017\/12\/etwinning.png\" alt=\"\" width=\"410\" height=\"123\" srcset=\"https:\/\/agora.xtec.cat\/ceipelcastellot\/wp-content\/uploads\/usu543\/2017\/12\/etwinning.png 410w, https:\/\/agora.xtec.cat\/ceipelcastellot\/wp-content\/uploads\/usu543\/2017\/12\/etwinning-300x90.png 300w\" sizes=\"auto, (max-width: 410px) 100vw, 410px\" \/><\/a><\/span><br \/>\n<span class=\"m_4423742119987608300gmail-\">El projecte eTwinning abastar\u00e0:<\/span><br \/>\n<span class=\"m_4423742119987608300gmail-\">1) activitats basades en arts que impliquen la col\u00b7laboraci\u00f3 i la comunicaci\u00f3 entre alumnes d&#8217;escoles associades, per tal de facilitar l&#8217;aprenentatge de l&#8217;angl\u00e8s com a llengua estrangera i generar una camarader\u00eda entre els nens de diferents pa\u00efsos;<\/span><br \/>\n<span class=\"m_4423742119987608300gmail-\">2) q\u00fcestionari d&#8217;arts i cultura, per augmentar el coneixement dels estudiants sobre els pa\u00efsos socis i la seva cultura<\/span><\/span><\/p>\n<p>&nbsp;<\/p>\n<p><b>TROBADES<\/b><\/p>\n<p>Es programaran 4 trobades transnacionals, amb els coordinadors de cada pa\u00eds:<\/p>\n<p>Desembre 2017, Juny 2018, Desembre 2019 i Juny 2019.<\/p>\n<p>Tamb\u00e9 hi haur\u00e0 2 <b>Teacher\u2019s Conferences, <\/b>on cada escola presentar\u00e0 un enfoc o m\u00e8tode en qu\u00e8 excel\u00b7leixi, relacionat amb el tema del projecte i els seus objectius, i organitzar\u00e0 tallers sobre aquest per a les altres escoles.<\/p>\n<p>Curs 2017-18: \u00a0It\u00e0lia (coordinadors), Finl\u00e0ndia i Pol\u00f2nia<\/p>\n<p>Curs 2018-19: <a href=\"https:\/\/sites.google.com\/elcastellot.cat\/learningwiththearts\/inici\">Catalunya<\/a> , Gr\u00e8cia i Portugal<\/p>\n<p><a href=\"https:\/\/sites.google.com\/elcastellot.cat\/learningwiththearts\/inici\">TROBADA A CATALUNYA<\/a><\/p>\n","protected":false},"excerpt":{"rendered":"<p>\nAquest curs iniciem un nou projecte d&#8217;Erasmus +: &#8220;Learning with the Arts&#8221; d&#8217;una durada de 2 cursos, amb 8 socis de diferents pa\u00efsos: Pol\u00f2nia, Finl\u00e0ndia, Gr\u00e8cia i Catalunya (de l&#8217;antic projecte Erasmus +) i It\u00e0lia, Romania, Alemanya i Portugal (que s\u00f3n nous en aquest&hellip;  <a href=\"https:\/\/agora.xtec.cat\/ceipelcastellot\/projecte-educatiu-2\/erasmus\/learning-with-the-arts\/\" title=\"Read E+ KA2 Learning with the Arts 2017-19\">Llegeix m\u00e9s\u00bb<\/a><\/p>\n","protected":false},"author":1,"featured_media":0,"parent":530,"menu_order":2,"comment_status":"closed","ping_status":"closed","template":"page-templates\/side-menu.php","meta":{"_bbp_topic_count":0,"_bbp_reply_count":0,"_bbp_total_topic_count":0,"_bbp_total_reply_count":0,"_bbp_voice_count":0,"_bbp_anonymous_reply_count":0,"_bbp_topic_count_hidden":0,"_bbp_reply_count_hidden":0,"_bbp_forum_subforum_count":0,"footnotes":""},"class_list":["post-1737","page","type-page","status-publish","hentry"],"post_mailing_queue_ids":[],"_links":{"self":[{"href":"https:\/\/agora.xtec.cat\/ceipelcastellot\/wp-json\/wp\/v2\/pages\/1737","targetHints":{"allow":["GET"]}}],"collection":[{"href":"https:\/\/agora.xtec.cat\/ceipelcastellot\/wp-json\/wp\/v2\/pages"}],"about":[{"href":"https:\/\/agora.xtec.cat\/ceipelcastellot\/wp-json\/wp\/v2\/types\/page"}],"author":[{"embeddable":true,"href":"https:\/\/agora.xtec.cat\/ceipelcastellot\/wp-json\/wp\/v2\/users\/1"}],"replies":[{"embeddable":true,"href":"https:\/\/agora.xtec.cat\/ceipelcastellot\/wp-json\/wp\/v2\/comments?post=1737"}],"version-history":[{"count":4,"href":"https:\/\/agora.xtec.cat\/ceipelcastellot\/wp-json\/wp\/v2\/pages\/1737\/revisions"}],"predecessor-version":[{"id":8164,"href":"https:\/\/agora.xtec.cat\/ceipelcastellot\/wp-json\/wp\/v2\/pages\/1737\/revisions\/8164"}],"up":[{"embeddable":true,"href":"https:\/\/agora.xtec.cat\/ceipelcastellot\/wp-json\/wp\/v2\/pages\/530"}],"wp:attachment":[{"href":"https:\/\/agora.xtec.cat\/ceipelcastellot\/wp-json\/wp\/v2\/media?parent=1737"}],"curies":[{"name":"wp","href":"https:\/\/api.w.org\/{rel}","templated":true}]}}