{"id":11659,"date":"2025-11-19T18:01:22","date_gmt":"2025-11-19T17:01:22","guid":{"rendered":"https:\/\/agora.xtec.cat\/ceipelcastellot\/?page_id=11659"},"modified":"2025-11-19T18:01:22","modified_gmt":"2025-11-19T17:01:22","slug":"taller-deducacio-afectivosexual-coneixem-el-propi-cos-i-la-importancia-de-saber-dir-no","status":"publish","type":"page","link":"https:\/\/agora.xtec.cat\/ceipelcastellot\/taller-deducacio-afectivosexual-coneixem-el-propi-cos-i-la-importancia-de-saber-dir-no\/","title":{"rendered":"Taller d&#8217;educaci\u00f3 afectivosexual: Coneixem el propi cos i la import\u00e0ncia de saber dir no."},"content":{"rendered":"<figure class=\"figure wp-caption alignleft\"><img loading=\"lazy\" decoding=\"async\" class=\"size-large wp-image-11654\" src=\"https:\/\/agora.xtec.cat\/ceipelcastellot\/wp-content\/uploads\/usu543\/2025\/11\/taller-sexualitat-1024x576.png\" alt=\"Din\u00e0miques sobre Educaci\u00f3 afectivosexual\" width=\"1024\" height=\"576\" srcset=\"https:\/\/agora.xtec.cat\/ceipelcastellot\/wp-content\/uploads\/usu543\/2025\/11\/taller-sexualitat-1024x576.png 1024w, https:\/\/agora.xtec.cat\/ceipelcastellot\/wp-content\/uploads\/usu543\/2025\/11\/taller-sexualitat-300x169.png 300w, https:\/\/agora.xtec.cat\/ceipelcastellot\/wp-content\/uploads\/usu543\/2025\/11\/taller-sexualitat-768x432.png 768w, https:\/\/agora.xtec.cat\/ceipelcastellot\/wp-content\/uploads\/usu543\/2025\/11\/taller-sexualitat.png 1366w\" sizes=\"auto, (max-width: 1024px) 100vw, 1024px\" \/><figcaption class=\"wp-caption-text\">Aquesta setmana van venir a les aules de cicle infantil a fer-nos un taller molt interessant sobre el coneixement del propi cos i la import\u00e0ncia de poder decidir sobre ell. La Cristina ens va presentar els contes &#8220;Es diu penis&#8221; i &#8220;Es diu vulva&#8221;, que expliquen de manera clara i respectuosa com \u00e9s el nostre cos i com s&#8217;anomenen les seves parts. A trav\u00e9s d&#8217;aquests contes i de diverses din\u00e0miques, vam treballar amb naturalitat el llenguatge del cos i vam resoldre moltes de les preguntes dels infants. Va ser una experi\u00e8ncia enriquidora i divertida que va afavorir el di\u00e0leg, la seguretat i el benestar dels m\u00e9s petits.<\/figcaption><\/figure>\n","protected":false},"excerpt":{"rendered":"<p>Aquesta setmana van venir a les aules de cicle infantil a fer-nos un taller molt interessant sobre el coneixement del propi cos i la import\u00e0ncia de poder decidir sobre ell. La Cristina ens va presentar els contes &#8220;Es diu penis&#8221; i &#8220;Es diu vulva&#8221;, que&hellip;  <a href=\"https:\/\/agora.xtec.cat\/ceipelcastellot\/taller-deducacio-afectivosexual-coneixem-el-propi-cos-i-la-importancia-de-saber-dir-no\/\" title=\"Read Taller d&#8217;educaci\u00f3 afectivosexual: Coneixem el propi cos i la import\u00e0ncia de saber dir no.\">Llegeix m\u00e9s\u00bb<\/a><\/p>\n","protected":false},"author":25,"featured_media":0,"parent":0,"menu_order":0,"comment_status":"closed","ping_status":"closed","template":"","meta":{"_bbp_topic_count":0,"_bbp_reply_count":0,"_bbp_total_topic_count":0,"_bbp_total_reply_count":0,"_bbp_voice_count":0,"_bbp_anonymous_reply_count":0,"_bbp_topic_count_hidden":0,"_bbp_reply_count_hidden":0,"_bbp_forum_subforum_count":0,"footnotes":""},"class_list":["post-11659","page","type-page","status-publish","hentry"],"post_mailing_queue_ids":[],"_links":{"self":[{"href":"https:\/\/agora.xtec.cat\/ceipelcastellot\/wp-json\/wp\/v2\/pages\/11659","targetHints":{"allow":["GET"]}}],"collection":[{"href":"https:\/\/agora.xtec.cat\/ceipelcastellot\/wp-json\/wp\/v2\/pages"}],"about":[{"href":"https:\/\/agora.xtec.cat\/ceipelcastellot\/wp-json\/wp\/v2\/types\/page"}],"author":[{"embeddable":true,"href":"https:\/\/agora.xtec.cat\/ceipelcastellot\/wp-json\/wp\/v2\/users\/25"}],"replies":[{"embeddable":true,"href":"https:\/\/agora.xtec.cat\/ceipelcastellot\/wp-json\/wp\/v2\/comments?post=11659"}],"version-history":[{"count":5,"href":"https:\/\/agora.xtec.cat\/ceipelcastellot\/wp-json\/wp\/v2\/pages\/11659\/revisions"}],"predecessor-version":[{"id":11664,"href":"https:\/\/agora.xtec.cat\/ceipelcastellot\/wp-json\/wp\/v2\/pages\/11659\/revisions\/11664"}],"wp:attachment":[{"href":"https:\/\/agora.xtec.cat\/ceipelcastellot\/wp-json\/wp\/v2\/media?parent=11659"}],"curies":[{"name":"wp","href":"https:\/\/api.w.org\/{rel}","templated":true}]}}