{"id":11130,"date":"2025-01-11T13:07:25","date_gmt":"2025-01-11T12:07:25","guid":{"rendered":"https:\/\/agora.xtec.cat\/ceipelcastellot\/?page_id=11130"},"modified":"2025-01-11T13:07:25","modified_gmt":"2025-01-11T12:07:25","slug":"suport-vital-basic","status":"publish","type":"page","link":"https:\/\/agora.xtec.cat\/ceipelcastellot\/suport-vital-basic\/","title":{"rendered":"Suport Vital B\u00e0sic"},"content":{"rendered":"<p>El programa s&#8217;estructura amb uns objectius i continguts que des de l&#8217;Educaci\u00f3 Infantil fins a la finalitzaci\u00f3 de l\u2019Educaci\u00f3 Prim\u00e0ria van incrementant els aprenentatges.<\/p>\n<p><img loading=\"lazy\" decoding=\"async\" class=\"size-full wp-image-11131 aligncenter\" src=\"https:\/\/agora.xtec.cat\/ceipelcastellot\/wp-content\/uploads\/usu543\/2025\/01\/SVB.png\" alt=\"\" width=\"761\" height=\"270\" srcset=\"https:\/\/agora.xtec.cat\/ceipelcastellot\/wp-content\/uploads\/usu543\/2025\/01\/SVB.png 761w, https:\/\/agora.xtec.cat\/ceipelcastellot\/wp-content\/uploads\/usu543\/2025\/01\/SVB-300x106.png 300w\" sizes=\"auto, (max-width: 761px) 100vw, 761px\" \/><\/p>\n","protected":false},"excerpt":{"rendered":"<p>El programa s&#8217;estructura amb uns objectius i continguts que des de l&#8217;Educaci\u00f3 Infantil fins a la finalitzaci\u00f3 de l\u2019Educaci\u00f3 Prim\u00e0ria van incrementant els aprenentatges.<\/p>\n","protected":false},"author":1,"featured_media":0,"parent":0,"menu_order":0,"comment_status":"closed","ping_status":"closed","template":"","meta":{"_bbp_topic_count":0,"_bbp_reply_count":0,"_bbp_total_topic_count":0,"_bbp_total_reply_count":0,"_bbp_voice_count":0,"_bbp_anonymous_reply_count":0,"_bbp_topic_count_hidden":0,"_bbp_reply_count_hidden":0,"_bbp_forum_subforum_count":0,"footnotes":""},"class_list":["post-11130","page","type-page","status-publish","hentry"],"post_mailing_queue_ids":[],"_links":{"self":[{"href":"https:\/\/agora.xtec.cat\/ceipelcastellot\/wp-json\/wp\/v2\/pages\/11130","targetHints":{"allow":["GET"]}}],"collection":[{"href":"https:\/\/agora.xtec.cat\/ceipelcastellot\/wp-json\/wp\/v2\/pages"}],"about":[{"href":"https:\/\/agora.xtec.cat\/ceipelcastellot\/wp-json\/wp\/v2\/types\/page"}],"author":[{"embeddable":true,"href":"https:\/\/agora.xtec.cat\/ceipelcastellot\/wp-json\/wp\/v2\/users\/1"}],"replies":[{"embeddable":true,"href":"https:\/\/agora.xtec.cat\/ceipelcastellot\/wp-json\/wp\/v2\/comments?post=11130"}],"version-history":[{"count":1,"href":"https:\/\/agora.xtec.cat\/ceipelcastellot\/wp-json\/wp\/v2\/pages\/11130\/revisions"}],"predecessor-version":[{"id":11132,"href":"https:\/\/agora.xtec.cat\/ceipelcastellot\/wp-json\/wp\/v2\/pages\/11130\/revisions\/11132"}],"wp:attachment":[{"href":"https:\/\/agora.xtec.cat\/ceipelcastellot\/wp-json\/wp\/v2\/media?parent=11130"}],"curies":[{"name":"wp","href":"https:\/\/api.w.org\/{rel}","templated":true}]}}