{"id":11112,"date":"2025-01-11T12:17:19","date_gmt":"2025-01-11T11:17:19","guid":{"rendered":"https:\/\/agora.xtec.cat\/ceipelcastellot\/?page_id=11112"},"modified":"2025-01-11T12:22:29","modified_gmt":"2025-01-11T11:22:29","slug":"ambit-alimentacio-saludable","status":"publish","type":"page","link":"https:\/\/agora.xtec.cat\/ceipelcastellot\/projecte-educatiu-2\/epsap-escola-saludable-alt-penedes\/ambit-alimentacio-saludable\/","title":{"rendered":"\u00c0mbit Alimentaci\u00f3 Saludable"},"content":{"rendered":"<p>Activitats que fem a l&#8217;escola en aquest \u00e0mbit:<\/p>\n<p>&#8211; <a href=\"https:\/\/agora.xtec.cat\/ceipelcastellot\/general\/programa-de-consum-de-fruites-i-hortalisses-a-les-escoles-2\/\">Pla de consum de fruita a l\u2019escola<\/a>.<br \/>\n&#8211; <a href=\"https:\/\/agora.xtec.cat\/ceipelcastellot\/general\/taller-de-cuina-sense-pares-de-la-diputacio\/\">Tallers de cuina saludable a Cicle Superior<\/a>.<br \/>\n&#8211; Foment dels esmorzars saludables.<br \/>\n&#8211; <a href=\"https:\/\/agora.xtec.cat\/ceipelcastellot\/projecte-educatiu-2\/infadimed\/\">Programa INFADIMED<\/a>.<br \/>\n&#8211; <a href=\"https:\/\/agora.xtec.cat\/ceipelcastellot\/serveis\/menjador-escolar\/\">Revisi\u00f3 de men\u00fas escolars<\/a>: uns men\u00fas dissenyats per nutricionistes vetllant per una alimentaci\u00f3 sana i equilibrada.<\/p>\n<p><img loading=\"lazy\" decoding=\"async\" class=\"size-full wp-image-11105 aligncenter\" src=\"https:\/\/agora.xtec.cat\/ceipelcastellot\/wp-content\/uploads\/usu543\/2025\/01\/epsap_logo-150x150-1.jpg\" alt=\"\" width=\"150\" height=\"150\" \/><\/p>\n","protected":false},"excerpt":{"rendered":"<p>Activitats que fem a l&#8217;escola en aquest \u00e0mbit:<br \/>\n&#8211; <a href=\"https:\/\/agora.xtec.cat\/ceipelcastellot\/general\/programa-de-consum-de-fruites-i-hortalisses-a-les-escoles-2\/\">Pla de consum de fruita a l\u2019escola<\/a>.<br \/>\n&#8211; <a href=\"https:\/\/agora.xtec.cat\/ceipelcastellot\/general\/taller-de-cuina-sense-pares-de-la-diputacio\/\">Tallers de cuina saludable a Cicle Superior<\/a>.<br \/>\n&#8211; Foment dels esmorzars saludables.<br \/>\n&#8211; <a href=\"https:\/\/agora.xtec.cat\/ceipelcastellot\/projecte-educatiu-2\/infadimed\/\">Programa INFADIMED<\/a>.<br \/>\n&#8211; <a href=\"https:\/\/agora.xtec.cat\/ceipelcastellot\/serveis\/menjador-escolar\/\">Revisi\u00f3 de men\u00fas escolars<\/a>: uns men\u00fas dissenyats per nutricionistes vetllant per una alimentaci\u00f3&hellip;  <a href=\"https:\/\/agora.xtec.cat\/ceipelcastellot\/projecte-educatiu-2\/epsap-escola-saludable-alt-penedes\/ambit-alimentacio-saludable\/\" title=\"Read \u00c0mbit Alimentaci\u00f3 Saludable\">Llegeix m\u00e9s\u00bb<\/a><\/p>\n","protected":false},"author":1,"featured_media":0,"parent":11103,"menu_order":0,"comment_status":"closed","ping_status":"closed","template":"page-templates\/side-menu.php","meta":{"_bbp_topic_count":0,"_bbp_reply_count":0,"_bbp_total_topic_count":0,"_bbp_total_reply_count":0,"_bbp_voice_count":0,"_bbp_anonymous_reply_count":0,"_bbp_topic_count_hidden":0,"_bbp_reply_count_hidden":0,"_bbp_forum_subforum_count":0,"footnotes":""},"class_list":["post-11112","page","type-page","status-publish","hentry"],"post_mailing_queue_ids":[],"_links":{"self":[{"href":"https:\/\/agora.xtec.cat\/ceipelcastellot\/wp-json\/wp\/v2\/pages\/11112","targetHints":{"allow":["GET"]}}],"collection":[{"href":"https:\/\/agora.xtec.cat\/ceipelcastellot\/wp-json\/wp\/v2\/pages"}],"about":[{"href":"https:\/\/agora.xtec.cat\/ceipelcastellot\/wp-json\/wp\/v2\/types\/page"}],"author":[{"embeddable":true,"href":"https:\/\/agora.xtec.cat\/ceipelcastellot\/wp-json\/wp\/v2\/users\/1"}],"replies":[{"embeddable":true,"href":"https:\/\/agora.xtec.cat\/ceipelcastellot\/wp-json\/wp\/v2\/comments?post=11112"}],"version-history":[{"count":2,"href":"https:\/\/agora.xtec.cat\/ceipelcastellot\/wp-json\/wp\/v2\/pages\/11112\/revisions"}],"predecessor-version":[{"id":11116,"href":"https:\/\/agora.xtec.cat\/ceipelcastellot\/wp-json\/wp\/v2\/pages\/11112\/revisions\/11116"}],"up":[{"embeddable":true,"href":"https:\/\/agora.xtec.cat\/ceipelcastellot\/wp-json\/wp\/v2\/pages\/11103"}],"wp:attachment":[{"href":"https:\/\/agora.xtec.cat\/ceipelcastellot\/wp-json\/wp\/v2\/media?parent=11112"}],"curies":[{"name":"wp","href":"https:\/\/api.w.org\/{rel}","templated":true}]}}