{"id":32,"date":"2014-09-18T12:31:33","date_gmt":"2014-09-18T11:31:33","guid":{"rendered":"http:\/\/agora.xtec.cat\/ceipelcarmel\/?page_id=32"},"modified":"2025-10-21T15:46:49","modified_gmt":"2025-10-21T13:46:49","slug":"calendari-del-curs","status":"publish","type":"page","link":"https:\/\/agora.xtec.cat\/ceipelcarmel\/calendari-del-curs\/","title":{"rendered":"Calendari del curs"},"content":{"rendered":"<header class=\"entry-header\">\n<h5>HORARI ESCOLAR DEL CURS 2025-26<\/h5>\n<p>Les classes comen\u00e7aran el <span style=\"color: #3366ff;\">8 de setembre de 2025<\/span> i finalitzaran el <span style=\"color: #3366ff;\">19 de juny del 2026<\/span>.<\/p>\n<p>L&#8217;horari marc ser\u00e0:<\/p>\n<p>Educaci\u00f3 Infantil: de 8:30h a 12:00h i de 15:00h a 16:30h<\/p>\n<p>Educaci\u00f3 Prim\u00e0ria: de 8:30h a 13:00h i de 15:00h a 16:30h<\/p>\n<p>Del <strong>8 de juny al 19 de juny<\/strong> <strong>de 2026<\/strong> l&#8217;horari ser\u00e0 de <strong>8:30h a 12:30h<\/strong><\/p>\n<p>El dia <strong>19 de desembre de 2025<\/strong> l\u2019horari ser\u00e0 de <strong>8:30h a 12:30h<\/strong><\/p>\n<p>&nbsp;<\/p>\n<p>Tindran consideraci\u00f3 de vacances escolars:<\/p>\n<p>&#8211; <span style=\"color: #3366ff;\"><strong>Nadal<\/strong>:<\/span> del 20 de desembre de 2025 al 7 de gener de 2026, ambd\u00f3s inclosos.<br \/>\n&#8211; <span style=\"color: #3366ff;\"><strong>Setmana Santa<\/strong>:<\/span> del 28 de mar\u00e7 al 6 d\u2019abril de 2026, ambd\u00f3s inclosos.<\/p>\n<p>Tindran consideraci\u00f3 de dies festius els que figuren com a tals a l\u2019Ordre del Departament de Treball:<\/p>\n<p><span style=\"color: #3366ff;\">Per l\u2019any 2025:<\/span><\/p>\n<p>&#8211; 11 de setembre<br \/>\n&#8211; 1 de novembre<br \/>\n&#8211; 6 de desembre<br \/>\n&#8211; 8 de desembre<\/p>\n<p>&#8211; 26 de desembre<\/p>\n<p><span style=\"color: #3366ff;\">Per l\u2019any 2026:<\/span><\/p>\n<p>Els que determini la Disposici\u00f3 corresponent del Departament de Treball i Ind\u00fastria.<\/p>\n<p><span style=\"color: #3366ff;\">Dies de festa local:<\/span><br \/>\n&#8211; 24 de setembre de 2025<\/p>\n<p>&#8211; 25 de maig de 2026<\/p>\n<p><span style=\"color: #3366ff;\">Dies de lliure disposici\u00f3:<\/span><\/p>\n<p>&#8211;\u00a0 10 d&#8217;octubre de 2025<\/p>\n<p>&#8211; 3 de novembre de 2025<\/p>\n<p>&#8211;\u00a0 16<span style=\"font-family: inherit; font-size: 1em;\"> de febrer de 2026<\/span><\/p>\n<p>&#8211;\u00a0 22 de maig de 2026<\/p>\n<p>&nbsp;<\/p>\n<p>&nbsp;<\/p>\n<p>&nbsp;<\/p>\n<\/header>\n","protected":false},"excerpt":{"rendered":"<p>HORARI ESCOLAR DEL CURS 2025-26 Les classes comen\u00e7aran el 8 de setembre de 2025 i finalitzaran el 19 de juny del 2026. L&#8217;horari marc ser\u00e0: Educaci\u00f3 Infantil: de 8:30h a 12:00h i de 15:00h a 16:30h Educaci\u00f3 Prim\u00e0ria: de 8:30h a 13:00h i de 15:00h a 16:30h Del 8 de juny al 19 de juny [&hellip;]<\/p>\n","protected":false},"author":1,"featured_media":0,"parent":0,"menu_order":50,"comment_status":"closed","ping_status":"closed","template":"","meta":{"_bbp_topic_count":0,"_bbp_reply_count":0,"_bbp_total_topic_count":0,"_bbp_total_reply_count":0,"_bbp_voice_count":0,"_bbp_anonymous_reply_count":0,"_bbp_topic_count_hidden":0,"_bbp_reply_count_hidden":0,"_bbp_forum_subforum_count":0,"site-sidebar-layout":"default","site-content-layout":"","ast-site-content-layout":"","site-content-style":"default","site-sidebar-style":"default","ast-global-header-display":"","ast-banner-title-visibility":"","ast-main-header-display":"","ast-hfb-above-header-display":"","ast-hfb-below-header-display":"","ast-hfb-mobile-header-display":"","site-post-title":"","ast-breadcrumbs-content":"","ast-featured-img":"","footer-sml-layout":"","theme-transparent-header-meta":"","adv-header-id-meta":"","stick-header-meta":"","header-above-stick-meta":"","header-main-stick-meta":"","header-below-stick-meta":"","astra-migrate-meta-layouts":"default","ast-page-background-enabled":"default","ast-page-background-meta":{"desktop":{"background-color":"var(--ast-global-color-4)","background-image":"","background-repeat":"repeat","background-position":"center center","background-size":"auto","background-attachment":"scroll","background-type":"","background-media":"","overlay-type":"","overlay-color":"","overlay-opacity":"","overlay-gradient":""},"tablet":{"background-color":"","background-image":"","background-repeat":"repeat","background-position":"center center","background-size":"auto","background-attachment":"scroll","background-type":"","background-media":"","overlay-type":"","overlay-color":"","overlay-opacity":"","overlay-gradient":""},"mobile":{"background-color":"","background-image":"","background-repeat":"repeat","background-position":"center center","background-size":"auto","background-attachment":"scroll","background-type":"","background-media":"","overlay-type":"","overlay-color":"","overlay-opacity":"","overlay-gradient":""}},"ast-content-background-meta":{"desktop":{"background-color":"var(--ast-global-color-5)","background-image":"","background-repeat":"repeat","background-position":"center center","background-size":"auto","background-attachment":"scroll","background-type":"","background-media":"","overlay-type":"","overlay-color":"","overlay-opacity":"","overlay-gradient":""},"tablet":{"background-color":"var(--ast-global-color-5)","background-image":"","background-repeat":"repeat","background-position":"center center","background-size":"auto","background-attachment":"scroll","background-type":"","background-media":"","overlay-type":"","overlay-color":"","overlay-opacity":"","overlay-gradient":""},"mobile":{"background-color":"var(--ast-global-color-5)","background-image":"","background-repeat":"repeat","background-position":"center center","background-size":"auto","background-attachment":"scroll","background-type":"","background-media":"","overlay-type":"","overlay-color":"","overlay-opacity":"","overlay-gradient":""}},"footnotes":""},"class_list":["post-32","page","type-page","status-publish","hentry"],"post_mailing_queue_ids":[],"_links":{"self":[{"href":"https:\/\/agora.xtec.cat\/ceipelcarmel\/wp-json\/wp\/v2\/pages\/32","targetHints":{"allow":["GET"]}}],"collection":[{"href":"https:\/\/agora.xtec.cat\/ceipelcarmel\/wp-json\/wp\/v2\/pages"}],"about":[{"href":"https:\/\/agora.xtec.cat\/ceipelcarmel\/wp-json\/wp\/v2\/types\/page"}],"author":[{"embeddable":true,"href":"https:\/\/agora.xtec.cat\/ceipelcarmel\/wp-json\/wp\/v2\/users\/1"}],"replies":[{"embeddable":true,"href":"https:\/\/agora.xtec.cat\/ceipelcarmel\/wp-json\/wp\/v2\/comments?post=32"}],"version-history":[{"count":5,"href":"https:\/\/agora.xtec.cat\/ceipelcarmel\/wp-json\/wp\/v2\/pages\/32\/revisions"}],"predecessor-version":[{"id":11256,"href":"https:\/\/agora.xtec.cat\/ceipelcarmel\/wp-json\/wp\/v2\/pages\/32\/revisions\/11256"}],"wp:attachment":[{"href":"https:\/\/agora.xtec.cat\/ceipelcarmel\/wp-json\/wp\/v2\/media?parent=32"}],"curies":[{"name":"wp","href":"https:\/\/api.w.org\/{rel}","templated":true}]}}