{"id":26,"date":"2014-09-18T12:24:32","date_gmt":"2014-09-18T11:24:32","guid":{"rendered":"http:\/\/agora.xtec.cat\/ceipelcarmel\/?page_id=26"},"modified":"2016-06-28T12:22:02","modified_gmt":"2016-06-28T11:22:02","slug":"historia","status":"publish","type":"page","link":"https:\/\/agora.xtec.cat\/ceipelcarmel\/historia\/","title":{"rendered":"Hist\u00f2ria"},"content":{"rendered":"<header class=\"entry-header\">\n<h1 class=\"entry-title\"><\/h1>\n<\/header>\n<div class=\"entry-content\">\n<p>&nbsp;<\/p>\n<h3 align=\"left\">Origen de l\u2019edifici<\/h3>\n<p align=\"justify\">L\u2019escola El Carmel es troba\u00a0al carrer Llobreg\u00f3s, pujant a m\u00e0 dreta, una mica m\u00e9s amunt del mercat, en un lloc ben c\u00e8ntric del barri.<\/p>\n<\/div>\n<p class=\"Estilo3\">A les meves aules hi ha molts mestres que treballen amb nens i nenes que fan l\u2019Educaci\u00f3 Infantil i la Prim\u00e0ria. \u00c9s a dir, comencen a venir quan tenen tres anys i en surten quan acaben sis\u00e8 i ja n\u2019han fet dotze.<\/p>\n<p class=\"Estilo3\">Porto molts anys plena de nenes i nens i sempre he procurat que es fessin grans i aprenguessin moltes coses dins les meves parets, per\u00f2 els anys no passen en va i les coses no han estat sempre de la mateixa manera. M\u2019agradaria explicar-vos-ho.<\/p>\n<h3 align=\"left\">Els inicis<\/h3>\n<p class=\"Estilo3\">Vaig comen\u00e7ar sent nom\u00e9s un trocet del que s\u00f3c ara, ja ho veieu a la foto. Era el setembre de 1960. Aleshores em deien <em>Grupo Escolar Ruiz de Alda. <\/em>En una part de l\u2019escola hi havia els nens, i a l\u2019altra, les nenes. No els deixaven estar junts a classe.<\/p>\n<p class=\"Estilo3\"><img loading=\"lazy\" decoding=\"async\" src=\"http:\/\/xtec.cat\/ceipelcarmel\/escola\/historia\/arxius\/abans%20de%20fer%20escola.jpg\" alt=\"\" width=\"233\" height=\"183\" \/><\/p>\n<h3 align=\"left\">M\u00e9s endavant<\/h3>\n<p class=\"Estilo3\">El barri anava creixent. Arribaven moltes fam\u00edlies i a mi em van comen\u00e7ar a engrandir. Fos com fos, els nens havien de cabre a l\u2019escola. Mireu si m\u2019omplien que el curs 1976-1977 vaig arribar a encabir 1069 alumnes.<\/p>\n<p class=\"Estilo3\"><img loading=\"lazy\" decoding=\"async\" src=\"http:\/\/xtec.cat\/ceipelcarmel\/escola\/historia\/arxius\/anys%2090%20a.jpg\" alt=\"\" width=\"200\" height=\"129\" \/><\/p>\n<h3 align=\"left\">Ara<\/h3>\n<p class=\"Estilo3\">El 27 de gener de 2005 vaig passar un ensurt que em costar\u00e0 d\u2019oblidar. Estaven fent unes obres per a construir el metro i cap all\u00e0 a mig mat\u00ed se\u2019ls va ensorrar un t\u00fanel just al meu costat. Tothom va sortir i jo estava ben espantada: i si m\u2019esfondrava jo? Mica en mica em vaig poder calmar. No nom\u00e9s no cauria, sin\u00f3 que farien un vestit nou tan bonic que gaireb\u00e9 no em podrien recon\u00e8ixer. Vaig sortir-me\u2019n ben rejovenida.<\/p>\n<p class=\"Estilo3\"><img loading=\"lazy\" decoding=\"async\" src=\"http:\/\/xtec.cat\/ceipelcarmel\/escola\/historia\/arxius\/retorn%20festa.JPG\" alt=\"\" width=\"200\" height=\"150\" \/><\/p>\n<p class=\"Estilo3\">Les nenes i els nens hi estan ben c\u00f2modes. Ara les instal\u00b7lacions s\u00f3n boniques i modernes. Ja no s\u00f3n tants com anys enrere (gaireb\u00e9 350) i els mestres poden estar molt per ells.<\/p>\n<p>&nbsp;<\/p>\n","protected":false},"excerpt":{"rendered":"<p>&nbsp; Origen de l\u2019edifici L\u2019escola El Carmel es troba\u00a0al carrer Llobreg\u00f3s, pujant a m\u00e0 dreta, una mica m\u00e9s amunt del mercat, en un lloc ben c\u00e8ntric del barri. A les meves aules hi ha molts mestres que treballen amb nens i nenes que fan l\u2019Educaci\u00f3 Infantil i la Prim\u00e0ria. \u00c9s a dir, comencen a venir [&hellip;]<\/p>\n","protected":false},"author":1,"featured_media":0,"parent":0,"menu_order":20,"comment_status":"closed","ping_status":"closed","template":"","meta":{"_bbp_topic_count":0,"_bbp_reply_count":0,"_bbp_total_topic_count":0,"_bbp_total_reply_count":0,"_bbp_voice_count":0,"_bbp_anonymous_reply_count":0,"_bbp_topic_count_hidden":0,"_bbp_reply_count_hidden":0,"_bbp_forum_subforum_count":0,"site-sidebar-layout":"default","site-content-layout":"","ast-site-content-layout":"","site-content-style":"default","site-sidebar-style":"default","ast-global-header-display":"","ast-banner-title-visibility":"","ast-main-header-display":"","ast-hfb-above-header-display":"","ast-hfb-below-header-display":"","ast-hfb-mobile-header-display":"","site-post-title":"","ast-breadcrumbs-content":"","ast-featured-img":"","footer-sml-layout":"","theme-transparent-header-meta":"","adv-header-id-meta":"","stick-header-meta":"","header-above-stick-meta":"","header-main-stick-meta":"","header-below-stick-meta":"","astra-migrate-meta-layouts":"default","ast-page-background-enabled":"default","ast-page-background-meta":{"desktop":{"background-color":"var(--ast-global-color-4)","background-image":"","background-repeat":"repeat","background-position":"center center","background-size":"auto","background-attachment":"scroll","background-type":"","background-media":"","overlay-type":"","overlay-color":"","overlay-opacity":"","overlay-gradient":""},"tablet":{"background-color":"","background-image":"","background-repeat":"repeat","background-position":"center center","background-size":"auto","background-attachment":"scroll","background-type":"","background-media":"","overlay-type":"","overlay-color":"","overlay-opacity":"","overlay-gradient":""},"mobile":{"background-color":"","background-image":"","background-repeat":"repeat","background-position":"center center","background-size":"auto","background-attachment":"scroll","background-type":"","background-media":"","overlay-type":"","overlay-color":"","overlay-opacity":"","overlay-gradient":""}},"ast-content-background-meta":{"desktop":{"background-color":"var(--ast-global-color-5)","background-image":"","background-repeat":"repeat","background-position":"center center","background-size":"auto","background-attachment":"scroll","background-type":"","background-media":"","overlay-type":"","overlay-color":"","overlay-opacity":"","overlay-gradient":""},"tablet":{"background-color":"var(--ast-global-color-5)","background-image":"","background-repeat":"repeat","background-position":"center center","background-size":"auto","background-attachment":"scroll","background-type":"","background-media":"","overlay-type":"","overlay-color":"","overlay-opacity":"","overlay-gradient":""},"mobile":{"background-color":"var(--ast-global-color-5)","background-image":"","background-repeat":"repeat","background-position":"center center","background-size":"auto","background-attachment":"scroll","background-type":"","background-media":"","overlay-type":"","overlay-color":"","overlay-opacity":"","overlay-gradient":""}},"footnotes":""},"class_list":["post-26","page","type-page","status-publish","hentry"],"post_mailing_queue_ids":[],"_links":{"self":[{"href":"https:\/\/agora.xtec.cat\/ceipelcarmel\/wp-json\/wp\/v2\/pages\/26","targetHints":{"allow":["GET"]}}],"collection":[{"href":"https:\/\/agora.xtec.cat\/ceipelcarmel\/wp-json\/wp\/v2\/pages"}],"about":[{"href":"https:\/\/agora.xtec.cat\/ceipelcarmel\/wp-json\/wp\/v2\/types\/page"}],"author":[{"embeddable":true,"href":"https:\/\/agora.xtec.cat\/ceipelcarmel\/wp-json\/wp\/v2\/users\/1"}],"replies":[{"embeddable":true,"href":"https:\/\/agora.xtec.cat\/ceipelcarmel\/wp-json\/wp\/v2\/comments?post=26"}],"version-history":[{"count":3,"href":"https:\/\/agora.xtec.cat\/ceipelcarmel\/wp-json\/wp\/v2\/pages\/26\/revisions"}],"predecessor-version":[{"id":479,"href":"https:\/\/agora.xtec.cat\/ceipelcarmel\/wp-json\/wp\/v2\/pages\/26\/revisions\/479"}],"wp:attachment":[{"href":"https:\/\/agora.xtec.cat\/ceipelcarmel\/wp-json\/wp\/v2\/media?parent=26"}],"curies":[{"name":"wp","href":"https:\/\/api.w.org\/{rel}","templated":true}]}}