{"id":238,"date":"2016-02-04T12:37:48","date_gmt":"2016-02-04T11:37:48","guid":{"rendered":"http:\/\/agora.xtec.cat\/ceipelcarmel\/?page_id=238"},"modified":"2025-10-07T14:40:15","modified_gmt":"2025-10-07T12:40:15","slug":"equip-huma","status":"publish","type":"page","link":"https:\/\/agora.xtec.cat\/ceipelcarmel\/equip-huma\/","title":{"rendered":"Equip Hum\u00e0"},"content":{"rendered":"<h1 style=\"text-align: left;\"><strong>CURS 2025-2026<\/strong><\/h1>\n<ul>\n<li>\n<h5><strong>Equip docent<\/strong><\/h5>\n<\/li>\n<\/ul>\n<ul>\n<li style=\"list-style-type: none;\">\n<ul>\n<li>\n<h5><strong>Equip directiu<\/strong><\/h5>\n<\/li>\n<\/ul>\n<\/li>\n<\/ul>\n<table width=\"500\">\n<tbody>\n<tr>\n<td style=\"width: 176.667px;\">Directora<\/td>\n<td style=\"width: 316px;\">M. Laura Fortuny<\/td>\n<\/tr>\n<tr>\n<td style=\"width: 176.667px;\">Cap d\u2019estudis<\/td>\n<td style=\"width: 316px;\">Ester Fern\u00e1ndez<\/td>\n<\/tr>\n<tr>\n<td style=\"width: 176.667px;\">Secret\u00e0ria<\/td>\n<td style=\"width: 316px;\">Eug\u00e8nia Cardenal<\/td>\n<\/tr>\n<\/tbody>\n<\/table>\n<ul>\n<li style=\"list-style-type: none;\">\n<ul>\n<li>\n<h5><strong>Tutors\/es\u00a0<\/strong><\/h5>\n<\/li>\n<\/ul>\n<\/li>\n<\/ul>\n<table style=\"height: 538px; width: 61.499%;\" width=\"500\">\n<tbody>\n<tr style=\"height: 32px;\">\n<td style=\"height: 32px; width: 17.0241%;\"><strong>Curs<\/strong><\/td>\n<td style=\"height: 32px; width: 45.0143%;\"><strong>Mestre\/a<\/strong><\/td>\n<\/tr>\n<tr style=\"height: 32px;\">\n<td style=\"height: 32px; width: 17.0241%;\">Ei3 A<\/td>\n<td style=\"height: 32px; width: 45.0143%;\">Montse S\u00e1nchez<\/td>\n<\/tr>\n<tr style=\"height: 32px;\">\n<td style=\"height: 32px; width: 17.0241%;\">Ei3 B<\/td>\n<td style=\"height: 32px; width: 45.0143%;\">Pilar Domingo<\/td>\n<\/tr>\n<tr style=\"height: 32px;\">\n<td style=\"height: 32px; width: 17.0241%;\">Ei4 A<\/td>\n<td style=\"height: 32px; width: 45.0143%;\">Bet Roca<\/td>\n<\/tr>\n<tr style=\"height: 32px;\">\n<td style=\"height: 32px; width: 17.0241%;\">Ei4 B<\/td>\n<td style=\"height: 32px; width: 45.0143%;\">Mireia Tello<\/td>\n<\/tr>\n<tr style=\"height: 32px;\">\n<td style=\"height: 32px; width: 17.0241%;\">Ei5 A<\/td>\n<td style=\"height: 32px; width: 45.0143%;\">Bertina Culebras<\/td>\n<\/tr>\n<tr style=\"height: 13px;\">\n<td style=\"height: 13px; width: 17.0241%;\">Ei5 B<\/td>\n<td style=\"height: 13px; width: 45.0143%;\">Berta Masramon<\/td>\n<\/tr>\n<tr style=\"height: 34px;\">\n<td style=\"height: 34px; width: 17.0241%;\">1rA<\/td>\n<td style=\"height: 34px; width: 45.0143%;\">Elena Rodr\u00edguez<\/td>\n<\/tr>\n<tr style=\"height: 29px;\">\n<td style=\"height: 29px; width: 17.0241%;\">1rB<\/td>\n<td style=\"height: 29px; width: 45.0143%;\">Meritxell Puiggener<\/td>\n<\/tr>\n<tr style=\"height: 22px;\">\n<td style=\"height: 22px; width: 17.0241%;\">2n A<\/td>\n<td style=\"height: 22px; width: 45.0143%;\">Maria Peraita<\/td>\n<\/tr>\n<tr style=\"height: 18px;\">\n<td style=\"height: 18px; width: 17.0241%;\">2nB<\/td>\n<td style=\"height: 18px; width: 45.0143%;\">Anna Valencia<\/td>\n<\/tr>\n<tr style=\"height: 20px;\">\n<td style=\"height: 20px; width: 17.0241%;\">3rA<\/td>\n<td style=\"height: 20px; width: 45.0143%;\">Silvia P\u00e9rez<\/td>\n<\/tr>\n<tr style=\"height: 13px;\">\n<td style=\"height: 13px; width: 17.0241%;\">3rB<\/td>\n<td style=\"height: 13px; width: 45.0143%;\">Pau Sangen\u00eds<\/td>\n<\/tr>\n<tr style=\"height: 26px;\">\n<td style=\"height: 26px; width: 17.0241%;\">4tA<\/td>\n<td style=\"height: 26px; width: 45.0143%;\">Natalia \u00c1lvarez<\/td>\n<\/tr>\n<tr style=\"height: 24px;\">\n<td style=\"height: 24px; width: 17.0241%;\">4tB<\/td>\n<td style=\"height: 24px; width: 45.0143%;\">Gisela Forns<\/td>\n<\/tr>\n<tr style=\"height: 25px;\">\n<td style=\"height: 25px; width: 17.0241%;\">5\u00e8A<\/td>\n<td style=\"height: 25px; width: 45.0143%;\">Anna Garcia<\/td>\n<\/tr>\n<tr style=\"height: 24px;\">\n<td style=\"height: 24px; width: 17.0241%;\">5\u00e8B<\/td>\n<td style=\"height: 24px; width: 45.0143%;\">Yaiza Rom\u00e1n<\/td>\n<\/tr>\n<tr style=\"height: 23px;\">\n<td style=\"height: 23px; width: 17.0241%;\">6\u00e8A<\/td>\n<td style=\"height: 23px; width: 45.0143%;\">Pau Pe\u00f1alver<\/td>\n<\/tr>\n<tr style=\"height: 20px;\">\n<td style=\"height: 20px; width: 17.0241%;\">6\u00e8B<\/td>\n<td style=\"height: 20px; width: 45.0143%;\">Sofia Viudez<\/td>\n<\/tr>\n<tr style=\"height: 49px;\">\n<td style=\"height: 20px; width: 17.0241%;\">Mestres suport Educaci\u00f3 infantil<\/td>\n<td style=\"height: 20px; width: 45.0143%;\">Miriam Morales, Montserrat Morales, Virginia Ejarque.<\/td>\n<\/tr>\n<tr style=\"height: 35px;\">\n<td style=\"height: 35px; width: 17.0241%;\">T\u00e8cnica Educaci\u00f3 Infantil<\/td>\n<td style=\"height: 35px; width: 45.0143%;\">Susanna Giol<\/td>\n<\/tr>\n<\/tbody>\n<\/table>\n<ul>\n<li>\n<h5><strong>Responsabilitats espec\u00edfiques i especialistes<\/strong><\/h5>\n<\/li>\n<\/ul>\n<table style=\"width: 41.1099%;\" width=\"500\">\n<tbody>\n<tr>\n<td style=\"width: 59.2963%;\" width=\"274\">Miriam Morales<\/td>\n<td style=\"width: 53.433%;\" width=\"227\"><em>Coordinadora d\u2019Educaci\u00f3 Infantil<\/em><\/td>\n<\/tr>\n<tr>\n<td style=\"width: 59.2963%;\" width=\"274\">Donna Puig<\/td>\n<td style=\"width: 53.433%;\" width=\"227\"><em>Coordinador de Cicle Inicial<\/em><\/td>\n<\/tr>\n<tr>\n<td style=\"width: 59.2963%;\" width=\"274\">Carme Caldas<\/td>\n<td style=\"width: 53.433%;\" width=\"227\"><em>Coordinadora Cicle Mitj\u00e0<\/em><\/td>\n<\/tr>\n<tr>\n<td style=\"width: 59.2963%;\" width=\"274\">Marina Garcia<\/td>\n<td style=\"width: 53.433%;\" width=\"227\"><em>Coordinadora Cicle Superior<\/em><\/td>\n<\/tr>\n<tr>\n<td style=\"width: 59.2963%;\" width=\"274\">Gregori Hidalgo<\/td>\n<td style=\"width: 53.433%;\" width=\"227\"><em>Coordinador digital<\/em><\/td>\n<\/tr>\n<tr>\n<td style=\"width: 59.2963%;\" width=\"274\">Julia Rey<\/td>\n<td style=\"width: 53.433%;\" width=\"227\"><em>Coordinadora de riscos<\/em><\/td>\n<\/tr>\n<tr>\n<td style=\"width: 59.2963%;\" width=\"274\">Ester Baulies \/ Montserrat Morales \/ Donna Puig<\/td>\n<td style=\"width: 53.433%;\" width=\"227\"><em>Educaci\u00f3 Especial<\/em><\/td>\n<\/tr>\n<tr>\n<td style=\"width: 59.2963%;\" width=\"274\">Marina Garcia \/ Rosa Aparicio\/ M\u00edriam Bonet<\/td>\n<td style=\"width: 53.433%;\" width=\"227\"><em>Angl\u00e8s Prim\u00e0ria<\/em><\/td>\n<\/tr>\n<tr>\n<td style=\"width: 59.2963%;\" width=\"274\">Berta Mar\u00ed<\/td>\n<td style=\"width: 53.433%;\" width=\"227\"><em>Angl\u00e8s Infantil<\/em><\/td>\n<\/tr>\n<tr>\n<td style=\"width: 59.2963%;\" width=\"274\">J\u00falia Rey \/ Fco. Javier Fern\u00e1ndez<\/td>\n<td style=\"width: 53.433%;\" width=\"227\"><em>Educaci\u00f3 F\u00edsica<\/em><\/td>\n<\/tr>\n<tr>\n<td style=\"width: 59.2963%;\" width=\"274\">Marta Serres \/ Ricard Rico<\/td>\n<td style=\"width: 53.433%;\" width=\"227\"><em>Educaci\u00f3 Musical<\/em><\/td>\n<\/tr>\n<tr>\n<td style=\"width: 59.2963%;\" width=\"274\">M Teresa \u00c1lvarez<\/td>\n<td style=\"width: 53.433%;\" width=\"227\"><em>Aula d\u2019Acollida<\/em><\/td>\n<\/tr>\n<tr>\n<td style=\"width: 59.2963%;\" width=\"274\">Gregori Hidalgo<\/td>\n<td style=\"width: 53.433%;\" width=\"227\"><em>Religi\u00f3<\/em><\/td>\n<\/tr>\n<\/tbody>\n<\/table>\n<ul>\n<li>\n<h5><strong>Personal no docent<\/strong><\/h5>\n<ul>\n<li><strong>Equip social:<\/strong>\n<ul>\n<li><strong>Educadora social:\u00a0<\/strong>Maria Canet<\/li>\n<li><strong>Educadora emocional: <\/strong>Pilar V\u00e9lez<\/li>\n<li><strong>T\u00e8cnic d&#8217;Integraci\u00f3 Social:<\/strong> Carlos Vela<\/li>\n<\/ul>\n<\/li>\n<li><strong>T\u00e8cnica d&#8217;Educaci\u00f3 Infantil:<\/strong> Susanna Giol<\/li>\n<li><strong>Consergeria:<\/strong> Daniel Mor\u00e9<\/li>\n<li><strong>Administrativa:<\/strong> Teresa Fern\u00e1ndez<\/li>\n<\/ul>\n<\/li>\n<\/ul>\n","protected":false},"excerpt":{"rendered":"<p>CURS 2025-2026 Equip docent Equip directiu Directora M. Laura Fortuny Cap d\u2019estudis Ester Fern\u00e1ndez Secret\u00e0ria Eug\u00e8nia Cardenal Tutors\/es\u00a0 Curs Mestre\/a Ei3 A Montse S\u00e1nchez Ei3 B Pilar Domingo Ei4 A Bet Roca Ei4 B Mireia Tello Ei5 A Bertina Culebras Ei5 B Berta Masramon 1rA Elena Rodr\u00edguez 1rB Meritxell Puiggener 2n A Maria Peraita 2nB [&hellip;]<\/p>\n","protected":false},"author":1,"featured_media":0,"parent":0,"menu_order":0,"comment_status":"closed","ping_status":"closed","template":"","meta":{"_bbp_topic_count":0,"_bbp_reply_count":0,"_bbp_total_topic_count":0,"_bbp_total_reply_count":0,"_bbp_voice_count":0,"_bbp_anonymous_reply_count":0,"_bbp_topic_count_hidden":0,"_bbp_reply_count_hidden":0,"_bbp_forum_subforum_count":0,"site-sidebar-layout":"default","site-content-layout":"","ast-site-content-layout":"","site-content-style":"default","site-sidebar-style":"default","ast-global-header-display":"","ast-banner-title-visibility":"","ast-main-header-display":"","ast-hfb-above-header-display":"","ast-hfb-below-header-display":"","ast-hfb-mobile-header-display":"","site-post-title":"","ast-breadcrumbs-content":"","ast-featured-img":"","footer-sml-layout":"","theme-transparent-header-meta":"","adv-header-id-meta":"","stick-header-meta":"","header-above-stick-meta":"","header-main-stick-meta":"","header-below-stick-meta":"","astra-migrate-meta-layouts":"default","ast-page-background-enabled":"default","ast-page-background-meta":{"desktop":{"background-color":"var(--ast-global-color-4)","background-image":"","background-repeat":"repeat","background-position":"center center","background-size":"auto","background-attachment":"scroll","background-type":"","background-media":"","overlay-type":"","overlay-color":"","overlay-opacity":"","overlay-gradient":""},"tablet":{"background-color":"","background-image":"","background-repeat":"repeat","background-position":"center center","background-size":"auto","background-attachment":"scroll","background-type":"","background-media":"","overlay-type":"","overlay-color":"","overlay-opacity":"","overlay-gradient":""},"mobile":{"background-color":"","background-image":"","background-repeat":"repeat","background-position":"center center","background-size":"auto","background-attachment":"scroll","background-type":"","background-media":"","overlay-type":"","overlay-color":"","overlay-opacity":"","overlay-gradient":""}},"ast-content-background-meta":{"desktop":{"background-color":"var(--ast-global-color-5)","background-image":"","background-repeat":"repeat","background-position":"center center","background-size":"auto","background-attachment":"scroll","background-type":"","background-media":"","overlay-type":"","overlay-color":"","overlay-opacity":"","overlay-gradient":""},"tablet":{"background-color":"var(--ast-global-color-5)","background-image":"","background-repeat":"repeat","background-position":"center center","background-size":"auto","background-attachment":"scroll","background-type":"","background-media":"","overlay-type":"","overlay-color":"","overlay-opacity":"","overlay-gradient":""},"mobile":{"background-color":"var(--ast-global-color-5)","background-image":"","background-repeat":"repeat","background-position":"center center","background-size":"auto","background-attachment":"scroll","background-type":"","background-media":"","overlay-type":"","overlay-color":"","overlay-opacity":"","overlay-gradient":""}},"footnotes":""},"class_list":["post-238","page","type-page","status-publish","hentry"],"post_mailing_queue_ids":[],"_links":{"self":[{"href":"https:\/\/agora.xtec.cat\/ceipelcarmel\/wp-json\/wp\/v2\/pages\/238","targetHints":{"allow":["GET"]}}],"collection":[{"href":"https:\/\/agora.xtec.cat\/ceipelcarmel\/wp-json\/wp\/v2\/pages"}],"about":[{"href":"https:\/\/agora.xtec.cat\/ceipelcarmel\/wp-json\/wp\/v2\/types\/page"}],"author":[{"embeddable":true,"href":"https:\/\/agora.xtec.cat\/ceipelcarmel\/wp-json\/wp\/v2\/users\/1"}],"replies":[{"embeddable":true,"href":"https:\/\/agora.xtec.cat\/ceipelcarmel\/wp-json\/wp\/v2\/comments?post=238"}],"version-history":[{"count":6,"href":"https:\/\/agora.xtec.cat\/ceipelcarmel\/wp-json\/wp\/v2\/pages\/238\/revisions"}],"predecessor-version":[{"id":11239,"href":"https:\/\/agora.xtec.cat\/ceipelcarmel\/wp-json\/wp\/v2\/pages\/238\/revisions\/11239"}],"wp:attachment":[{"href":"https:\/\/agora.xtec.cat\/ceipelcarmel\/wp-json\/wp\/v2\/media?parent=238"}],"curies":[{"name":"wp","href":"https:\/\/api.w.org\/{rel}","templated":true}]}}