{"id":22,"date":"2014-09-18T12:19:57","date_gmt":"2014-09-18T11:19:57","guid":{"rendered":"http:\/\/agora.xtec.cat\/ceipelcarmel\/?page_id=22"},"modified":"2026-03-24T13:54:50","modified_gmt":"2026-03-24T12:54:50","slug":"lescola","status":"publish","type":"page","link":"https:\/\/agora.xtec.cat\/ceipelcarmel\/lescola\/","title":{"rendered":"L&#8217;escola"},"content":{"rendered":"<p>&nbsp;<\/p>\n<p>Benvinguts a l&#8217;escola El Carmel!<\/p>\n<p>Aquesta \u00e9s la nostra p\u00e0gina web on descobrireu com \u00e9s la nostra escola: qui som, on som i com treballem. A m\u00e9s a m\u00e9s trobareu molts articles on els alumnes ens expliquen moltes de les activitats que fem dins i fora de l&#8217;aula: festes, sortides, activitats intercicles, projectes, etc.<\/p>\n<p>Som una escola al centre del barri del Carmel amb molts alumnes que omplen les aules des de P3 fins a 6\u00e8.<\/p>\n<p>Us convidem a llegir-nos i con\u00e8ixer-nos millor! Us esperem!<\/p>\n<p><a href=\"http:\/\/agora.xtec.cat\/ceipelcarmel\/wp-content\/uploads\/usu697\/2016\/02\/pati2.jpg\"><img loading=\"lazy\" decoding=\"async\" class=\"alignnone size-full wp-image-242\" src=\"http:\/\/agora.xtec.cat\/ceipelcarmel\/wp-content\/uploads\/usu697\/2016\/02\/pati2.jpg\" alt=\"pati2\" width=\"676\" height=\"507\" srcset=\"https:\/\/agora.xtec.cat\/ceipelcarmel\/wp-content\/uploads\/usu697\/2016\/02\/pati2.jpg 676w, https:\/\/agora.xtec.cat\/ceipelcarmel\/wp-content\/uploads\/usu697\/2016\/02\/pati2-300x225.jpg 300w, https:\/\/agora.xtec.cat\/ceipelcarmel\/wp-content\/uploads\/usu697\/2016\/02\/pati2-200x150.jpg 200w\" sizes=\"auto, (max-width: 676px) 100vw, 676px\" \/><\/a><\/p>\n<p>&nbsp;<\/p>\n","protected":false},"excerpt":{"rendered":"<p>&nbsp; Benvinguts a l&#8217;escola El Carmel! Aquesta \u00e9s la nostra p\u00e0gina web on descobrireu com \u00e9s la nostra escola: qui som, on som i com treballem. A m\u00e9s a m\u00e9s trobareu molts articles on els alumnes ens expliquen moltes de les activitats que fem dins i fora de l&#8217;aula: festes, sortides, activitats intercicles, projectes, etc. [&hellip;]<\/p>\n","protected":false},"author":1,"featured_media":0,"parent":0,"menu_order":0,"comment_status":"closed","ping_status":"closed","template":"","meta":{"_bbp_topic_count":0,"_bbp_reply_count":0,"_bbp_total_topic_count":0,"_bbp_total_reply_count":0,"_bbp_voice_count":0,"_bbp_anonymous_reply_count":0,"_bbp_topic_count_hidden":0,"_bbp_reply_count_hidden":0,"_bbp_forum_subforum_count":0,"site-sidebar-layout":"default","site-content-layout":"","ast-site-content-layout":"default","site-content-style":"default","site-sidebar-style":"default","ast-global-header-display":"","ast-banner-title-visibility":"","ast-main-header-display":"","ast-hfb-above-header-display":"","ast-hfb-below-header-display":"","ast-hfb-mobile-header-display":"","site-post-title":"","ast-breadcrumbs-content":"","ast-featured-img":"","footer-sml-layout":"","theme-transparent-header-meta":"default","adv-header-id-meta":"","stick-header-meta":"","header-above-stick-meta":"","header-main-stick-meta":"","header-below-stick-meta":"","astra-migrate-meta-layouts":"set","ast-page-background-enabled":"default","ast-page-background-meta":{"desktop":{"background-color":"var(--ast-global-color-4)","background-image":"","background-repeat":"repeat","background-position":"center center","background-size":"auto","background-attachment":"scroll","background-type":"","background-media":"","overlay-type":"","overlay-color":"","overlay-opacity":"","overlay-gradient":""},"tablet":{"background-color":"","background-image":"","background-repeat":"repeat","background-position":"center center","background-size":"auto","background-attachment":"scroll","background-type":"","background-media":"","overlay-type":"","overlay-color":"","overlay-opacity":"","overlay-gradient":""},"mobile":{"background-color":"","background-image":"","background-repeat":"repeat","background-position":"center center","background-size":"auto","background-attachment":"scroll","background-type":"","background-media":"","overlay-type":"","overlay-color":"","overlay-opacity":"","overlay-gradient":""}},"ast-content-background-meta":{"desktop":{"background-color":"var(--ast-global-color-5)","background-image":"","background-repeat":"repeat","background-position":"center center","background-size":"auto","background-attachment":"scroll","background-type":"","background-media":"","overlay-type":"","overlay-color":"","overlay-opacity":"","overlay-gradient":""},"tablet":{"background-color":"var(--ast-global-color-5)","background-image":"","background-repeat":"repeat","background-position":"center center","background-size":"auto","background-attachment":"scroll","background-type":"","background-media":"","overlay-type":"","overlay-color":"","overlay-opacity":"","overlay-gradient":""},"mobile":{"background-color":"var(--ast-global-color-5)","background-image":"","background-repeat":"repeat","background-position":"center center","background-size":"auto","background-attachment":"scroll","background-type":"","background-media":"","overlay-type":"","overlay-color":"","overlay-opacity":"","overlay-gradient":""}},"footnotes":""},"class_list":["post-22","page","type-page","status-publish","hentry"],"post_mailing_queue_ids":[],"_links":{"self":[{"href":"https:\/\/agora.xtec.cat\/ceipelcarmel\/wp-json\/wp\/v2\/pages\/22","targetHints":{"allow":["GET"]}}],"collection":[{"href":"https:\/\/agora.xtec.cat\/ceipelcarmel\/wp-json\/wp\/v2\/pages"}],"about":[{"href":"https:\/\/agora.xtec.cat\/ceipelcarmel\/wp-json\/wp\/v2\/types\/page"}],"author":[{"embeddable":true,"href":"https:\/\/agora.xtec.cat\/ceipelcarmel\/wp-json\/wp\/v2\/users\/1"}],"replies":[{"embeddable":true,"href":"https:\/\/agora.xtec.cat\/ceipelcarmel\/wp-json\/wp\/v2\/comments?post=22"}],"version-history":[{"count":4,"href":"https:\/\/agora.xtec.cat\/ceipelcarmel\/wp-json\/wp\/v2\/pages\/22\/revisions"}],"predecessor-version":[{"id":11517,"href":"https:\/\/agora.xtec.cat\/ceipelcarmel\/wp-json\/wp\/v2\/pages\/22\/revisions\/11517"}],"wp:attachment":[{"href":"https:\/\/agora.xtec.cat\/ceipelcarmel\/wp-json\/wp\/v2\/media?parent=22"}],"curies":[{"name":"wp","href":"https:\/\/api.w.org\/{rel}","templated":true}]}}