{"id":935,"date":"2019-01-28T15:37:24","date_gmt":"2019-01-28T14:37:24","guid":{"rendered":"http:\/\/agora.xtec.cat\/ceipelcalderi\/?page_id=935"},"modified":"2019-01-31T13:39:49","modified_gmt":"2019-01-31T12:39:49","slug":"comissio-comunitat-escola-de-pares","status":"publish","type":"page","link":"https:\/\/agora.xtec.cat\/ceipelcalderi\/comissio-comunitat-escola-de-pares\/","title":{"rendered":"Comissi\u00f3 Comunitat Escola De Pares"},"content":{"rendered":"<ul>\n<li>Ofereix espais de reflexi\u00f3 pedag\u00f2gica per ajudar-nos a cr\u00e8ixer en comunitat.<\/li>\n<li>Dinamitza espais que promoguin la l\u00ednia comunit\u00e0ria de l&#8217;escola (espais d&#8217;intercanvi d&#8217;experi\u00e8ncies-tallers, diades, trobades&#8230;)<\/li>\n<li>Gestiona el trasp\u00e0s d&#8217;informaci\u00f3 externa a l&#8217;escola i que pot ser d&#8217;inter\u00e8s per a les fam\u00edlies.<\/li>\n<li>Vetlla per l&#8217;acolliment de les fam\u00edlies de nova incorporaci\u00f3.<\/li>\n<\/ul>\n","protected":false},"excerpt":{"rendered":"<ul>\n<li>Ofereix espais de reflexi\u00f3 pedag\u00f2gica per ajudar-nos a cr\u00e8ixer en comunitat.<\/li>\n<li>Dinamitza espais que promoguin la l\u00ednia comunit\u00e0ria de l&#8217;escola (espais d&#8217;intercanvi d&#8217;experi\u00e8ncies-tallers, diades, trobades&#8230;)<\/li>\n<li>Gestiona el trasp\u00e0s d&#8217;informaci\u00f3 externa a l&#8217;escola i que pot ser d&#8217;inter\u00e8s per a les fam\u00edlies.<\/li>\n<li>Vetlla per l&#8217;acolliment de les fam\u00edlies de&hellip;  <a href=\"https:\/\/agora.xtec.cat\/ceipelcalderi\/comissio-comunitat-escola-de-pares\/\" title=\"Read Comissi\u00f3 Comunitat Escola De Pares\">Llegeix m\u00e9s\u00bb<\/a><br \/>\n","protected":false},"author":4,"featured_media":0,"parent":0,"menu_order":0,"comment_status":"closed","ping_status":"closed","template":"","meta":{"_bbp_topic_count":0,"_bbp_reply_count":0,"_bbp_total_topic_count":0,"_bbp_total_reply_count":0,"_bbp_voice_count":0,"_bbp_anonymous_reply_count":0,"_bbp_topic_count_hidden":0,"_bbp_reply_count_hidden":0,"_bbp_forum_subforum_count":0,"footnotes":""},"class_list":["post-935","page","type-page","status-publish","hentry"],"post_mailing_queue_ids":[],"_links":{"self":[{"href":"https:\/\/agora.xtec.cat\/ceipelcalderi\/wp-json\/wp\/v2\/pages\/935","targetHints":{"allow":["GET"]}}],"collection":[{"href":"https:\/\/agora.xtec.cat\/ceipelcalderi\/wp-json\/wp\/v2\/pages"}],"about":[{"href":"https:\/\/agora.xtec.cat\/ceipelcalderi\/wp-json\/wp\/v2\/types\/page"}],"author":[{"embeddable":true,"href":"https:\/\/agora.xtec.cat\/ceipelcalderi\/wp-json\/wp\/v2\/users\/4"}],"replies":[{"embeddable":true,"href":"https:\/\/agora.xtec.cat\/ceipelcalderi\/wp-json\/wp\/v2\/comments?post=935"}],"version-history":[{"count":3,"href":"https:\/\/agora.xtec.cat\/ceipelcalderi\/wp-json\/wp\/v2\/pages\/935\/revisions"}],"predecessor-version":[{"id":964,"href":"https:\/\/agora.xtec.cat\/ceipelcalderi\/wp-json\/wp\/v2\/pages\/935\/revisions\/964"}],"wp:attachment":[{"href":"https:\/\/agora.xtec.cat\/ceipelcalderi\/wp-json\/wp\/v2\/media?parent=935"}],"curies":[{"name":"wp","href":"https:\/\/api.w.org\/{rel}","templated":true}]}}