{"id":4834,"date":"2022-10-24T16:08:22","date_gmt":"2022-10-24T14:08:22","guid":{"rendered":"https:\/\/agora.xtec.cat\/ceipelcalderi\/?page_id=4834"},"modified":"2022-10-24T16:20:03","modified_gmt":"2022-10-24T14:20:03","slug":"projecte-anual-descola","status":"publish","type":"page","link":"https:\/\/agora.xtec.cat\/ceipelcalderi\/projecte-anual-descola\/","title":{"rendered":"Projecte anual d&#8217;escola"},"content":{"rendered":"<p>El curs 2019-2020 l&#8217;escola va comen\u00e7ar a treballar setmanes tem\u00e0tiques un cop a l&#8217;any. Durant una setmana els alumnes deixen de fer el seu horari per embarcar-se en una aventura que els hi durar\u00e0 una setmana i que girar\u00e0 al voltant d&#8217;un tema donat. I d&#8217;aquesta setmana tem\u00e0tica hi participem tots els cursos adaptant les activitats als nivells i interessos de cada grup.<\/p>\n<p>A continuaci\u00f3 teniu un recull fotogr\u00e0fic i de treballs que s&#8217;han anat fent al llarg dels anys.<\/p>\n","protected":false},"excerpt":{"rendered":"<p>El curs 2019-2020 l&#8217;escola va comen\u00e7ar a treballar setmanes tem\u00e0tiques un cop a l&#8217;any. Durant una setmana els alumnes deixen de fer el seu horari per embarcar-se en una aventura que els hi durar\u00e0 una setmana i que girar\u00e0 al voltant d&#8217;un tema donat. I&hellip;  <a href=\"https:\/\/agora.xtec.cat\/ceipelcalderi\/projecte-anual-descola\/\" title=\"Read Projecte anual d&#8217;escola\">Llegeix m\u00e9s\u00bb<\/a><\/p>\n","protected":false},"author":1,"featured_media":0,"parent":0,"menu_order":0,"comment_status":"closed","ping_status":"closed","template":"","meta":{"_bbp_topic_count":0,"_bbp_reply_count":0,"_bbp_total_topic_count":0,"_bbp_total_reply_count":0,"_bbp_voice_count":0,"_bbp_anonymous_reply_count":0,"_bbp_topic_count_hidden":0,"_bbp_reply_count_hidden":0,"_bbp_forum_subforum_count":0,"footnotes":""},"class_list":["post-4834","page","type-page","status-publish","hentry"],"post_mailing_queue_ids":[],"_links":{"self":[{"href":"https:\/\/agora.xtec.cat\/ceipelcalderi\/wp-json\/wp\/v2\/pages\/4834","targetHints":{"allow":["GET"]}}],"collection":[{"href":"https:\/\/agora.xtec.cat\/ceipelcalderi\/wp-json\/wp\/v2\/pages"}],"about":[{"href":"https:\/\/agora.xtec.cat\/ceipelcalderi\/wp-json\/wp\/v2\/types\/page"}],"author":[{"embeddable":true,"href":"https:\/\/agora.xtec.cat\/ceipelcalderi\/wp-json\/wp\/v2\/users\/1"}],"replies":[{"embeddable":true,"href":"https:\/\/agora.xtec.cat\/ceipelcalderi\/wp-json\/wp\/v2\/comments?post=4834"}],"version-history":[{"count":2,"href":"https:\/\/agora.xtec.cat\/ceipelcalderi\/wp-json\/wp\/v2\/pages\/4834\/revisions"}],"predecessor-version":[{"id":4839,"href":"https:\/\/agora.xtec.cat\/ceipelcalderi\/wp-json\/wp\/v2\/pages\/4834\/revisions\/4839"}],"wp:attachment":[{"href":"https:\/\/agora.xtec.cat\/ceipelcalderi\/wp-json\/wp\/v2\/media?parent=4834"}],"curies":[{"name":"wp","href":"https:\/\/api.w.org\/{rel}","templated":true}]}}