{"id":4139,"date":"2021-11-04T10:55:06","date_gmt":"2021-11-04T09:55:06","guid":{"rendered":"https:\/\/agora.xtec.cat\/ceipelcalderi\/?page_id=4139"},"modified":"2023-02-15T09:59:07","modified_gmt":"2023-02-15T08:59:07","slug":"projecte-de-direccio","status":"publish","type":"page","link":"https:\/\/agora.xtec.cat\/ceipelcalderi\/projecte-de-direccio\/","title":{"rendered":"Projecte de Direcci\u00f3"},"content":{"rendered":"<p><strong>Projecte de Direcci\u00f3 (PdD)<\/strong><\/p>\n<p>Amb el projecte de direcci\u00f3 l\u2019equip directiu agafa un comprom\u00eds amb la comunitat educativa i es fa una concreci\u00f3 del Projecte Educatiu de Centre (PEC) per a un per\u00edode de quatre anys. En ell es concreten el objectius que es volen aconseguir, a partir d\u2019una relaci\u00f3 d\u2019estrat\u00e8gies i activitats que s\u2019aniran realitzant en aquest per\u00edode. Per tal d\u2019avaluar el nivell d\u2019assoliment dels objectius es defineixen uns indicadors.<\/p>\n","protected":false},"excerpt":{"rendered":"<p>Projecte de Direcci\u00f3 (PdD)<br \/>\nAmb el projecte de direcci\u00f3 l\u2019equip directiu agafa un comprom\u00eds amb la comunitat educativa i es fa una concreci\u00f3 del Projecte Educatiu de Centre (PEC) per a un per\u00edode de quatre anys. En ell es concreten el objectius que es volen aconseguir,&hellip;  <a href=\"https:\/\/agora.xtec.cat\/ceipelcalderi\/projecte-de-direccio\/\" title=\"Read Projecte de Direcci\u00f3\">Llegeix m\u00e9s\u00bb<\/a><\/p>\n","protected":false},"author":1,"featured_media":0,"parent":0,"menu_order":0,"comment_status":"closed","ping_status":"closed","template":"","meta":{"_bbp_topic_count":0,"_bbp_reply_count":0,"_bbp_total_topic_count":0,"_bbp_total_reply_count":0,"_bbp_voice_count":0,"_bbp_anonymous_reply_count":0,"_bbp_topic_count_hidden":0,"_bbp_reply_count_hidden":0,"_bbp_forum_subforum_count":0,"footnotes":""},"class_list":["post-4139","page","type-page","status-publish","hentry"],"post_mailing_queue_ids":[],"_links":{"self":[{"href":"https:\/\/agora.xtec.cat\/ceipelcalderi\/wp-json\/wp\/v2\/pages\/4139","targetHints":{"allow":["GET"]}}],"collection":[{"href":"https:\/\/agora.xtec.cat\/ceipelcalderi\/wp-json\/wp\/v2\/pages"}],"about":[{"href":"https:\/\/agora.xtec.cat\/ceipelcalderi\/wp-json\/wp\/v2\/types\/page"}],"author":[{"embeddable":true,"href":"https:\/\/agora.xtec.cat\/ceipelcalderi\/wp-json\/wp\/v2\/users\/1"}],"replies":[{"embeddable":true,"href":"https:\/\/agora.xtec.cat\/ceipelcalderi\/wp-json\/wp\/v2\/comments?post=4139"}],"version-history":[{"count":3,"href":"https:\/\/agora.xtec.cat\/ceipelcalderi\/wp-json\/wp\/v2\/pages\/4139\/revisions"}],"predecessor-version":[{"id":5034,"href":"https:\/\/agora.xtec.cat\/ceipelcalderi\/wp-json\/wp\/v2\/pages\/4139\/revisions\/5034"}],"wp:attachment":[{"href":"https:\/\/agora.xtec.cat\/ceipelcalderi\/wp-json\/wp\/v2\/media?parent=4139"}],"curies":[{"name":"wp","href":"https:\/\/api.w.org\/{rel}","templated":true}]}}