{"id":36,"date":"2014-09-18T12:33:11","date_gmt":"2014-09-18T10:33:11","guid":{"rendered":"http:\/\/agora.xtec.cat\/ceipelcalderi\/?page_id=36"},"modified":"2023-01-30T15:49:36","modified_gmt":"2023-01-30T14:49:36","slug":"material-escolar","status":"publish","type":"page","link":"https:\/\/agora.xtec.cat\/ceipelcalderi\/comissio-tic-tac\/lescola\/material-escolar\/","title":{"rendered":"Estrat\u00e8gia digital de centre"},"content":{"rendered":"<p>&nbsp;<\/p>\n<p>Per tenir m\u00e9s informaci\u00f3 sobre l&#8217;Estrat\u00e8gia Digital de Centre cliqueu a la imatge.<\/p>\n<p>&nbsp;<\/p>\n<p><a href=\"https:\/\/sites.google.com\/xtec.cat\/edccalderi\/cultura-digital\" target=\"_blank\" rel=\"attachment noopener wp-att-4980\"><img loading=\"lazy\" decoding=\"async\" class=\"aligncenter wp-image-4980 size-full\" src=\"https:\/\/agora.xtec.cat\/ceipelcalderi\/wp-content\/uploads\/usu1917\/2023\/01\/1-e1675090123918.jpg\" alt=\"\" width=\"1366\" height=\"539\" srcset=\"https:\/\/agora.xtec.cat\/ceipelcalderi\/wp-content\/uploads\/usu1917\/2023\/01\/1-e1675090123918.jpg 1366w, https:\/\/agora.xtec.cat\/ceipelcalderi\/wp-content\/uploads\/usu1917\/2023\/01\/1-e1675090123918-300x118.jpg 300w, https:\/\/agora.xtec.cat\/ceipelcalderi\/wp-content\/uploads\/usu1917\/2023\/01\/1-e1675090123918-1024x404.jpg 1024w, https:\/\/agora.xtec.cat\/ceipelcalderi\/wp-content\/uploads\/usu1917\/2023\/01\/1-e1675090123918-768x303.jpg 768w\" sizes=\"auto, (max-width: 1366px) 100vw, 1366px\" \/><\/a><\/p>\n<p>&nbsp;<\/p>\n","protected":false},"excerpt":{"rendered":"<p>&nbsp;<br \/>\nPer tenir m\u00e9s informaci\u00f3 sobre l&#8217;Estrat\u00e8gia Digital de Centre cliqueu a la imatge.<br \/>\n&nbsp;<br \/>\n<a href=\"https:\/\/sites.google.com\/xtec.cat\/edccalderi\/cultura-digital\" target=\"_blank\" rel=\"attachment noopener wp-att-4980\"><\/a><br \/>\n&nbsp;<\/p>\n","protected":false},"author":1,"featured_media":0,"parent":22,"menu_order":70,"comment_status":"closed","ping_status":"closed","template":"page-templates\/side-menu.php","meta":{"_bbp_topic_count":0,"_bbp_reply_count":0,"_bbp_total_topic_count":0,"_bbp_total_reply_count":0,"_bbp_voice_count":0,"_bbp_anonymous_reply_count":0,"_bbp_topic_count_hidden":0,"_bbp_reply_count_hidden":0,"_bbp_forum_subforum_count":0,"footnotes":""},"class_list":["post-36","page","type-page","status-publish","hentry"],"post_mailing_queue_ids":[],"_links":{"self":[{"href":"https:\/\/agora.xtec.cat\/ceipelcalderi\/wp-json\/wp\/v2\/pages\/36","targetHints":{"allow":["GET"]}}],"collection":[{"href":"https:\/\/agora.xtec.cat\/ceipelcalderi\/wp-json\/wp\/v2\/pages"}],"about":[{"href":"https:\/\/agora.xtec.cat\/ceipelcalderi\/wp-json\/wp\/v2\/types\/page"}],"author":[{"embeddable":true,"href":"https:\/\/agora.xtec.cat\/ceipelcalderi\/wp-json\/wp\/v2\/users\/1"}],"replies":[{"embeddable":true,"href":"https:\/\/agora.xtec.cat\/ceipelcalderi\/wp-json\/wp\/v2\/comments?post=36"}],"version-history":[{"count":3,"href":"https:\/\/agora.xtec.cat\/ceipelcalderi\/wp-json\/wp\/v2\/pages\/36\/revisions"}],"predecessor-version":[{"id":4981,"href":"https:\/\/agora.xtec.cat\/ceipelcalderi\/wp-json\/wp\/v2\/pages\/36\/revisions\/4981"}],"up":[{"embeddable":true,"href":"https:\/\/agora.xtec.cat\/ceipelcalderi\/wp-json\/wp\/v2\/pages\/22"}],"wp:attachment":[{"href":"https:\/\/agora.xtec.cat\/ceipelcalderi\/wp-json\/wp\/v2\/media?parent=36"}],"curies":[{"name":"wp","href":"https:\/\/api.w.org\/{rel}","templated":true}]}}