{"id":28,"date":"2014-09-18T12:29:35","date_gmt":"2014-09-18T11:29:35","guid":{"rendered":"http:\/\/agora.xtec.cat\/ceipelcalderi\/?page_id=28"},"modified":"2023-03-31T12:46:48","modified_gmt":"2023-03-31T10:46:48","slug":"consell-escolar","status":"publish","type":"page","link":"https:\/\/agora.xtec.cat\/ceipelcalderi\/comissio-tic-tac\/lescola\/consell-escolar\/","title":{"rendered":"Consell escolar"},"content":{"rendered":"<h3>Membres actuals del Consell Escolar<\/h3>\n<p>Representants de mestres: L\u00eddia Dom\u00ednguez, Rosabel Mateu, Elisenda Di\u00e9guez, Paula Tordesillas.<\/p>\n<p>Representants del PAS: Mari Poveda<\/p>\n<p>Representants de fam\u00edlies: Mari Mart\u00ednez, S\u00f2nia Rodr\u00edguez, N\u00faria Sol\u00e9, Pep Sola i Raquel Puig<\/p>\n<p>Representant de l&#8217;AMPA: Judith Alonso<\/p>\n<p>Representant de l&#8217;Ajuntament: Pep Busquets.<\/p>\n<p>&nbsp;<\/p>\n<p>Acords del Consell Escolar del curs 2022-2023<\/p>\n<p><a href=\"https:\/\/agora.xtec.cat\/ceipelcalderi\/wp-content\/uploads\/usu1917\/2023\/03\/CE-07_03_23.pdf\" target=\"_blank\" rel=\"noopener\">CE del 07\/03\/2023<\/a><\/p>\n<p><a href=\"https:\/\/agora.xtec.cat\/ceipelcalderi\/wp-content\/uploads\/usu1917\/2023\/03\/CE-24_01_23.docx.pdf\" target=\"_blank\" rel=\"noopener\">CE del 24\/01\/2023<\/a><\/p>\n<p>Acords del Consell Escolar del curs anterior (2021-2022)<\/p>\n<p><a href=\"https:\/\/agora.xtec.cat\/ceipelcalderi\/wp-content\/uploads\/usu1917\/2023\/03\/CE-03_10_22.pdf\" target=\"_blank\" rel=\"noopener\">CE del 03\/10\/2022<\/a><\/p>\n<p><a href=\"https:\/\/agora.xtec.cat\/ceipelcalderi\/wp-content\/uploads\/usu1917\/2022\/06\/CE-28-06-22pdf.pdf\" target=\"_blank\" rel=\"noopener\">CE del 28\/06\/2022<\/a><\/p>\n<p><a href=\"https:\/\/agora.xtec.cat\/ceipelcalderi\/wp-content\/uploads\/usu1917\/2022\/05\/Acta-4.-26_04_22.docx.pdf\" target=\"_blank\" rel=\"noopener\">CE del 26\/04\/2022<\/a><\/p>\n<p><a href=\"https:\/\/agora.xtec.cat\/ceipelcalderi\/wp-content\/uploads\/usu1917\/2022\/02\/Acta-3.-27_01_22.docx-1.pdf\" target=\"_blank\" rel=\"noopener\">CE del 27\/02\/2022<\/a><\/p>\n<p><a href=\"https:\/\/agora.xtec.cat\/ceipelcalderi\/wp-content\/uploads\/usu1917\/2022\/01\/CE-09-12-21..pdf\" target=\"_blank\" rel=\"noopener\">CE del 09\/12\/2021<\/a><\/p>\n<p><a href=\"https:\/\/agora.xtec.cat\/ceipelcalderi\/wp-content\/uploads\/usu1917\/2021\/10\/CE-14-10-21.pdf\" target=\"_blank\" rel=\"noopener\">CE del 14\/10\/2021<\/a><\/p>\n","protected":false},"excerpt":{"rendered":"<p>Membres actuals del Consell Escolar<br \/>\nRepresentants de mestres: L\u00eddia Dom\u00ednguez, Rosabel Mateu, Elisenda Di\u00e9guez, Paula Tordesillas.<br \/>\nRepresentants del PAS: Mari Poveda<br \/>\nRepresentants de fam\u00edlies: Mari Mart\u00ednez, S\u00f2nia Rodr\u00edguez, N\u00faria Sol\u00e9, Pep Sola i Raquel Puig<br \/>\nRepresentant de l&#8217;AMPA: Judith Alonso<br \/>\nRepresentant de l&#8217;Ajuntament: Pep Busquets.<br \/>\n&nbsp;<br \/>\nAcords del Consell Escolar del curs&hellip;  <a href=\"https:\/\/agora.xtec.cat\/ceipelcalderi\/comissio-tic-tac\/lescola\/consell-escolar\/\" title=\"Read Consell escolar\">Llegeix m\u00e9s\u00bb<\/a><\/p>\n","protected":false},"author":1,"featured_media":0,"parent":22,"menu_order":30,"comment_status":"closed","ping_status":"closed","template":"page-templates\/side-menu.php","meta":{"_bbp_topic_count":0,"_bbp_reply_count":0,"_bbp_total_topic_count":0,"_bbp_total_reply_count":0,"_bbp_voice_count":0,"_bbp_anonymous_reply_count":0,"_bbp_topic_count_hidden":0,"_bbp_reply_count_hidden":0,"_bbp_forum_subforum_count":0,"footnotes":""},"class_list":["post-28","page","type-page","status-publish","hentry"],"post_mailing_queue_ids":[],"_links":{"self":[{"href":"https:\/\/agora.xtec.cat\/ceipelcalderi\/wp-json\/wp\/v2\/pages\/28","targetHints":{"allow":["GET"]}}],"collection":[{"href":"https:\/\/agora.xtec.cat\/ceipelcalderi\/wp-json\/wp\/v2\/pages"}],"about":[{"href":"https:\/\/agora.xtec.cat\/ceipelcalderi\/wp-json\/wp\/v2\/types\/page"}],"author":[{"embeddable":true,"href":"https:\/\/agora.xtec.cat\/ceipelcalderi\/wp-json\/wp\/v2\/users\/1"}],"replies":[{"embeddable":true,"href":"https:\/\/agora.xtec.cat\/ceipelcalderi\/wp-json\/wp\/v2\/comments?post=28"}],"version-history":[{"count":3,"href":"https:\/\/agora.xtec.cat\/ceipelcalderi\/wp-json\/wp\/v2\/pages\/28\/revisions"}],"predecessor-version":[{"id":5213,"href":"https:\/\/agora.xtec.cat\/ceipelcalderi\/wp-json\/wp\/v2\/pages\/28\/revisions\/5213"}],"up":[{"embeddable":true,"href":"https:\/\/agora.xtec.cat\/ceipelcalderi\/wp-json\/wp\/v2\/pages\/22"}],"wp:attachment":[{"href":"https:\/\/agora.xtec.cat\/ceipelcalderi\/wp-json\/wp\/v2\/media?parent=28"}],"curies":[{"name":"wp","href":"https:\/\/api.w.org\/{rel}","templated":true}]}}