{"id":2442,"date":"2020-02-10T15:40:23","date_gmt":"2020-02-10T14:40:23","guid":{"rendered":"http:\/\/agora.xtec.cat\/ceipelcalderi\/?page_id=2442"},"modified":"2024-02-13T18:31:28","modified_gmt":"2024-02-13T17:31:28","slug":"innovamat","status":"publish","type":"page","link":"https:\/\/agora.xtec.cat\/ceipelcalderi\/innovamat\/","title":{"rendered":"Treball de les matem\u00e0tiques"},"content":{"rendered":"<p>Des de l&#8217;escola apostem per un treball competencial de les matem\u00e0tiques i per aix\u00f2 l&#8217;alumnat de I4 i I5 treballa amb la proposta curricular d&#8217;<strong>Innovamat<\/strong>.<\/p>\n<p><a href=\"https:\/\/innovamat.com\/ca\/\" target=\"_blank\" rel=\"noopener noreferrer\"><img loading=\"lazy\" decoding=\"async\" class=\"aligncenter size-medium wp-image-2443\" src=\"https:\/\/agora.xtec.cat\/ceipelcalderi\/wp-content\/uploads\/usu1917\/2020\/02\/news_innovamat-300x225.jpg\" alt=\"\" width=\"300\" height=\"225\" srcset=\"https:\/\/agora.xtec.cat\/ceipelcalderi\/wp-content\/uploads\/usu1917\/2020\/02\/news_innovamat-300x225.jpg 300w, https:\/\/agora.xtec.cat\/ceipelcalderi\/wp-content\/uploads\/usu1917\/2020\/02\/news_innovamat-768x576.jpg 768w, https:\/\/agora.xtec.cat\/ceipelcalderi\/wp-content\/uploads\/usu1917\/2020\/02\/news_innovamat-200x150.jpg 200w, https:\/\/agora.xtec.cat\/ceipelcalderi\/wp-content\/uploads\/usu1917\/2020\/02\/news_innovamat.jpg 1000w\" sizes=\"auto, (max-width: 300px) 100vw, 300px\" \/><\/a> <a href=\"https:\/\/agora.xtec.cat\/ceipelcalderi\/wp-content\/uploads\/usu1917\/2020\/02\/300px-Logoinnovamat.png\"><img loading=\"lazy\" decoding=\"async\" class=\"aligncenter size-medium wp-image-2444\" src=\"https:\/\/agora.xtec.cat\/ceipelcalderi\/wp-content\/uploads\/usu1917\/2020\/02\/300px-Logoinnovamat-300x138.png\" alt=\"\" width=\"300\" height=\"138\" \/><\/a><\/p>\n<p>&nbsp;<\/p>\n<p>A partir de 1r de prim\u00e0ria seguim el pla de treball que presenta l&#8217;editorial text Galera<strong> Itineraris<\/strong> basat en el planejament que encara el nou Curr\u00edculum de <em>Situacions d&#8217;Aprenentatge<\/em>. Aquestes <em>Situacions<\/em> permeten a l&#8217;alumnat contextualitzat els diferents continguts matem\u00e0tics en situacions reals per dotar de m\u00e9s significat l&#8217;aprenentatge del nostre alumnat.<\/p>\n<p><a href=\"https:\/\/agora.xtec.cat\/ceipelcalderi\/innovamat\/attachment\/9788441235014\/\" rel=\"attachment wp-att-5486\"><img loading=\"lazy\" decoding=\"async\" class=\"aligncenter size-full wp-image-5486\" src=\"https:\/\/agora.xtec.cat\/ceipelcalderi\/wp-content\/uploads\/usu1917\/2024\/02\/9788441235014.jpg\" alt=\"\" width=\"277\" height=\"349\" srcset=\"https:\/\/agora.xtec.cat\/ceipelcalderi\/wp-content\/uploads\/usu1917\/2024\/02\/9788441235014.jpg 277w, https:\/\/agora.xtec.cat\/ceipelcalderi\/wp-content\/uploads\/usu1917\/2024\/02\/9788441235014-238x300.jpg 238w\" sizes=\"auto, (max-width: 277px) 100vw, 277px\" \/><\/a><\/p>\n<p>&nbsp;<\/p>\n","protected":false},"excerpt":{"rendered":"<p>Des de l&#8217;escola apostem per un treball competencial de les matem\u00e0tiques i per aix\u00f2 l&#8217;alumnat de I4 i I5 treballa amb la proposta curricular d&#8217;Innovamat.<br \/>\n<a href=\"https:\/\/innovamat.com\/ca\/\" target=\"_blank\" rel=\"noopener noreferrer\"><\/a> <a href=\"https:\/\/agora.xtec.cat\/ceipelcalderi\/wp-content\/uploads\/usu1917\/2020\/02\/300px-Logoinnovamat.png\"><\/a><br \/>\n&nbsp;<br \/>\nA partir de 1r de prim\u00e0ria seguim el pla de treball que presenta l&#8217;editorial text&hellip;  <a href=\"https:\/\/agora.xtec.cat\/ceipelcalderi\/innovamat\/\" title=\"Read Treball de les matem\u00e0tiques\">Llegeix m\u00e9s\u00bb<\/a><\/p>\n","protected":false},"author":1,"featured_media":0,"parent":0,"menu_order":0,"comment_status":"closed","ping_status":"closed","template":"","meta":{"_bbp_topic_count":0,"_bbp_reply_count":0,"_bbp_total_topic_count":0,"_bbp_total_reply_count":0,"_bbp_voice_count":0,"_bbp_anonymous_reply_count":0,"_bbp_topic_count_hidden":0,"_bbp_reply_count_hidden":0,"_bbp_forum_subforum_count":0,"footnotes":""},"class_list":["post-2442","page","type-page","status-publish","hentry"],"post_mailing_queue_ids":[],"_links":{"self":[{"href":"https:\/\/agora.xtec.cat\/ceipelcalderi\/wp-json\/wp\/v2\/pages\/2442","targetHints":{"allow":["GET"]}}],"collection":[{"href":"https:\/\/agora.xtec.cat\/ceipelcalderi\/wp-json\/wp\/v2\/pages"}],"about":[{"href":"https:\/\/agora.xtec.cat\/ceipelcalderi\/wp-json\/wp\/v2\/types\/page"}],"author":[{"embeddable":true,"href":"https:\/\/agora.xtec.cat\/ceipelcalderi\/wp-json\/wp\/v2\/users\/1"}],"replies":[{"embeddable":true,"href":"https:\/\/agora.xtec.cat\/ceipelcalderi\/wp-json\/wp\/v2\/comments?post=2442"}],"version-history":[{"count":6,"href":"https:\/\/agora.xtec.cat\/ceipelcalderi\/wp-json\/wp\/v2\/pages\/2442\/revisions"}],"predecessor-version":[{"id":5490,"href":"https:\/\/agora.xtec.cat\/ceipelcalderi\/wp-json\/wp\/v2\/pages\/2442\/revisions\/5490"}],"wp:attachment":[{"href":"https:\/\/agora.xtec.cat\/ceipelcalderi\/wp-json\/wp\/v2\/media?parent=2442"}],"curies":[{"name":"wp","href":"https:\/\/api.w.org\/{rel}","templated":true}]}}