{"id":2406,"date":"2020-02-03T15:45:33","date_gmt":"2020-02-03T14:45:33","guid":{"rendered":"http:\/\/agora.xtec.cat\/ceipelcalderi\/?page_id=2406"},"modified":"2023-02-15T09:44:50","modified_gmt":"2023-02-15T08:44:50","slug":"lescola-a-la-radio","status":"publish","type":"page","link":"https:\/\/agora.xtec.cat\/ceipelcalderi\/lescola-a-la-radio\/","title":{"rendered":"L&#8217;escola a la r\u00e0dio"},"content":{"rendered":"<p>Cada setmana, els alumnes de sis\u00e8 d&#8217;una escola de Caldes (El Calder\u00ed, El Montbui i l&#8217;escola Pia) participa en el programa de R\u00e0dio Caldes <strong>&#8220;l&#8217;escola la r\u00e0dio&#8221;<\/strong>. El programa el podeu escoltar en directe tots els dimarts de 11,30h a 12h i en diferit descarregant-vos el podcast.<\/p>\n<p>Aqu\u00ed teniu l&#8217;enlla\u00e7 de l&#8217;\u00faltim programa, animeu-vos a escoltar-los, s\u00f3n molt interessants!!<\/p>\n<p><a href=\"https:\/\/www.radiocaldes.cat\/programs\/lescolaalaradiodimartsales11h\/radiocaldes_podcast_14952?ref=wa\" target=\"_blank\" rel=\"noopener\">https:\/\/www.radiocaldes.cat\/programs\/lescolaalaradiodimartsales11h\/radiocaldes_podcast_14952?ref=wa<\/a><a href=\"https:\/\/agora.xtec.cat\/ceipelcalderi\/lescola-a-la-radio\/attachment\/whatsapp-image-2023-02-07-at-17-37-07\/\" rel=\"attachment wp-att-5032\"><img loading=\"lazy\" decoding=\"async\" class=\"alignright size-medium wp-image-5032\" src=\"https:\/\/agora.xtec.cat\/ceipelcalderi\/wp-content\/uploads\/usu1917\/2023\/02\/WhatsApp-Image-2023-02-07-at-17.37.07-225x300.jpeg\" alt=\"\" width=\"225\" height=\"300\" srcset=\"https:\/\/agora.xtec.cat\/ceipelcalderi\/wp-content\/uploads\/usu1917\/2023\/02\/WhatsApp-Image-2023-02-07-at-17.37.07-225x300.jpeg 225w, https:\/\/agora.xtec.cat\/ceipelcalderi\/wp-content\/uploads\/usu1917\/2023\/02\/WhatsApp-Image-2023-02-07-at-17.37.07-768x1024.jpeg 768w, https:\/\/agora.xtec.cat\/ceipelcalderi\/wp-content\/uploads\/usu1917\/2023\/02\/WhatsApp-Image-2023-02-07-at-17.37.07-1152x1536.jpeg 1152w, https:\/\/agora.xtec.cat\/ceipelcalderi\/wp-content\/uploads\/usu1917\/2023\/02\/WhatsApp-Image-2023-02-07-at-17.37.07.jpeg 1200w\" sizes=\"auto, (max-width: 225px) 100vw, 225px\" \/><\/a><\/p>\n<p style=\"text-align: left;\"><a href=\"https:\/\/agora.xtec.cat\/ceipelcalderi\/lescola-a-la-radio\/attachment\/whatsapp-image-2023-02-07-at-17-36-56\/\" rel=\"attachment wp-att-5031\"><img loading=\"lazy\" decoding=\"async\" class=\"size-medium wp-image-5031 alignleft\" src=\"https:\/\/agora.xtec.cat\/ceipelcalderi\/wp-content\/uploads\/usu1917\/2023\/02\/WhatsApp-Image-2023-02-07-at-17.36.56-225x300.jpeg\" alt=\"\" width=\"225\" height=\"300\" srcset=\"https:\/\/agora.xtec.cat\/ceipelcalderi\/wp-content\/uploads\/usu1917\/2023\/02\/WhatsApp-Image-2023-02-07-at-17.36.56-225x300.jpeg 225w, https:\/\/agora.xtec.cat\/ceipelcalderi\/wp-content\/uploads\/usu1917\/2023\/02\/WhatsApp-Image-2023-02-07-at-17.36.56-768x1024.jpeg 768w, https:\/\/agora.xtec.cat\/ceipelcalderi\/wp-content\/uploads\/usu1917\/2023\/02\/WhatsApp-Image-2023-02-07-at-17.36.56-1152x1536.jpeg 1152w, https:\/\/agora.xtec.cat\/ceipelcalderi\/wp-content\/uploads\/usu1917\/2023\/02\/WhatsApp-Image-2023-02-07-at-17.36.56.jpeg 1200w\" sizes=\"auto, (max-width: 225px) 100vw, 225px\" \/><\/a><\/p>\n","protected":false},"excerpt":{"rendered":"<p>Cada setmana, els alumnes de sis\u00e8 d&#8217;una escola de Caldes (El Calder\u00ed, El Montbui i l&#8217;escola Pia) participa en el programa de R\u00e0dio Caldes &#8220;l&#8217;escola la r\u00e0dio&#8221;. El programa el podeu escoltar en directe tots els dimarts de 11,30h a 12h i en diferit descarregant-vos&hellip;  <a href=\"https:\/\/agora.xtec.cat\/ceipelcalderi\/lescola-a-la-radio\/\" title=\"Read L&#8217;escola a la r\u00e0dio\">Llegeix m\u00e9s\u00bb<\/a><\/p>\n","protected":false},"author":1,"featured_media":0,"parent":0,"menu_order":0,"comment_status":"closed","ping_status":"closed","template":"","meta":{"_bbp_topic_count":0,"_bbp_reply_count":0,"_bbp_total_topic_count":0,"_bbp_total_reply_count":0,"_bbp_voice_count":0,"_bbp_anonymous_reply_count":0,"_bbp_topic_count_hidden":0,"_bbp_reply_count_hidden":0,"_bbp_forum_subforum_count":0,"footnotes":""},"class_list":["post-2406","page","type-page","status-publish","hentry"],"post_mailing_queue_ids":[],"_links":{"self":[{"href":"https:\/\/agora.xtec.cat\/ceipelcalderi\/wp-json\/wp\/v2\/pages\/2406","targetHints":{"allow":["GET"]}}],"collection":[{"href":"https:\/\/agora.xtec.cat\/ceipelcalderi\/wp-json\/wp\/v2\/pages"}],"about":[{"href":"https:\/\/agora.xtec.cat\/ceipelcalderi\/wp-json\/wp\/v2\/types\/page"}],"author":[{"embeddable":true,"href":"https:\/\/agora.xtec.cat\/ceipelcalderi\/wp-json\/wp\/v2\/users\/1"}],"replies":[{"embeddable":true,"href":"https:\/\/agora.xtec.cat\/ceipelcalderi\/wp-json\/wp\/v2\/comments?post=2406"}],"version-history":[{"count":4,"href":"https:\/\/agora.xtec.cat\/ceipelcalderi\/wp-json\/wp\/v2\/pages\/2406\/revisions"}],"predecessor-version":[{"id":5033,"href":"https:\/\/agora.xtec.cat\/ceipelcalderi\/wp-json\/wp\/v2\/pages\/2406\/revisions\/5033"}],"wp:attachment":[{"href":"https:\/\/agora.xtec.cat\/ceipelcalderi\/wp-json\/wp\/v2\/media?parent=2406"}],"curies":[{"name":"wp","href":"https:\/\/api.w.org\/{rel}","templated":true}]}}