{"id":2388,"date":"2020-02-03T15:10:51","date_gmt":"2020-02-03T14:10:51","guid":{"rendered":"http:\/\/agora.xtec.cat\/ceipelcalderi\/?page_id=2388"},"modified":"2024-02-13T18:43:52","modified_gmt":"2024-02-13T17:43:52","slug":"projecte-hort","status":"publish","type":"page","link":"https:\/\/agora.xtec.cat\/ceipelcalderi\/projecte-hort\/","title":{"rendered":"Projecte hort"},"content":{"rendered":"<p style=\"text-align: left;\">Hi ha diferents activitats que des de l\u2019escola fem per acostar els nostres alumnes al medi ambient: sortir d\u2019excursi\u00f3, plantar arbres al pati, con\u00e8ixer el m\u00f3n de les plantes a trav\u00e9s d&#8217;entrevistes als pagesos del poble&#8230; Afavorim que els nostres alumnes es relacionin directament\u00a0 amb l\u2019entorn, i per aix\u00f2 hem creat el Projecte Hort. A trav\u00e9s de l&#8217;hort escolar els nens i les nenes d&#8217; I5, que en s\u00f3n els principals responsables, se senten m\u00e9s a prop de la natura, aprenen a con\u00e8ixer les funcions del sol, de l\u2019aigua, de la pluja, distingeixen les plantes comestibles de les males herbes i de les que fan bonic i aprenen que cada verdura que mengen necessita temps i esfor\u00e7 per cr\u00e9ixer.<\/p>\n<p><img loading=\"lazy\" decoding=\"async\" class=\"aligncenter\" src=\"https:\/\/lh5.googleusercontent.com\/VPMtLetruvWLZN7svQ-WTD5heFsBQvGn3_Bzy4x0lxXWLMLKqm0lLWJWuaaP0QUV-khRqQOsdZVklTXqSgZ2udeaMocxoJ6pl1Osbyb1BFy7NoJQV_M-ZHW-GYC9jMh8TCpEbPl_ey9ZRrEsDg\" alt=\"\" width=\"241\" height=\"322\" \/><\/p>\n","protected":false},"excerpt":{"rendered":"<p>Hi ha diferents activitats que des de l\u2019escola fem per acostar els nostres alumnes al medi ambient: sortir d\u2019excursi\u00f3, plantar arbres al pati, con\u00e8ixer el m\u00f3n de les plantes a trav\u00e9s d&#8217;entrevistes als pagesos del poble&#8230; Afavorim que els nostres alumnes es relacionin directament\u00a0 amb&hellip;  <a href=\"https:\/\/agora.xtec.cat\/ceipelcalderi\/projecte-hort\/\" title=\"Read Projecte hort\">Llegeix m\u00e9s\u00bb<\/a><\/p>\n","protected":false},"author":1,"featured_media":0,"parent":0,"menu_order":0,"comment_status":"closed","ping_status":"closed","template":"","meta":{"_bbp_topic_count":0,"_bbp_reply_count":0,"_bbp_total_topic_count":0,"_bbp_total_reply_count":0,"_bbp_voice_count":0,"_bbp_anonymous_reply_count":0,"_bbp_topic_count_hidden":0,"_bbp_reply_count_hidden":0,"_bbp_forum_subforum_count":0,"footnotes":""},"class_list":["post-2388","page","type-page","status-publish","hentry"],"post_mailing_queue_ids":[],"_links":{"self":[{"href":"https:\/\/agora.xtec.cat\/ceipelcalderi\/wp-json\/wp\/v2\/pages\/2388","targetHints":{"allow":["GET"]}}],"collection":[{"href":"https:\/\/agora.xtec.cat\/ceipelcalderi\/wp-json\/wp\/v2\/pages"}],"about":[{"href":"https:\/\/agora.xtec.cat\/ceipelcalderi\/wp-json\/wp\/v2\/types\/page"}],"author":[{"embeddable":true,"href":"https:\/\/agora.xtec.cat\/ceipelcalderi\/wp-json\/wp\/v2\/users\/1"}],"replies":[{"embeddable":true,"href":"https:\/\/agora.xtec.cat\/ceipelcalderi\/wp-json\/wp\/v2\/comments?post=2388"}],"version-history":[{"count":4,"href":"https:\/\/agora.xtec.cat\/ceipelcalderi\/wp-json\/wp\/v2\/pages\/2388\/revisions"}],"predecessor-version":[{"id":5494,"href":"https:\/\/agora.xtec.cat\/ceipelcalderi\/wp-json\/wp\/v2\/pages\/2388\/revisions\/5494"}],"wp:attachment":[{"href":"https:\/\/agora.xtec.cat\/ceipelcalderi\/wp-json\/wp\/v2\/media?parent=2388"}],"curies":[{"name":"wp","href":"https:\/\/api.w.org\/{rel}","templated":true}]}}