{"id":2387,"date":"2020-02-03T15:10:51","date_gmt":"2020-02-03T14:10:51","guid":{"rendered":"http:\/\/agora.xtec.cat\/ceipelcalderi\/?page_id=2387"},"modified":"2023-02-02T10:30:01","modified_gmt":"2023-02-02T09:30:01","slug":"tallers-descriptura","status":"publish","type":"page","link":"https:\/\/agora.xtec.cat\/ceipelcalderi\/tallers-descriptura\/","title":{"rendered":"Tallers d&#8217;Escriptura"},"content":{"rendered":"<p>Per tal de millorar la compet\u00e8ncia en l&#8217;expressi\u00f3 escrita, un mat\u00ed a la setmana a tots els cicles d&#8217;educaci\u00f3 prim\u00e0ria es redueix r\u00e0tio per tal de donar una atenci\u00f3 m\u00e9s personalitzada als alumnes. Treballem les diferents tipologies textuals barrejant alumnes dels diferents nivells de cada cicle tot proposant activitats significatives i competencials.<\/p>\n<p>&nbsp;<\/p>\n<p>&nbsp;<\/p>\n","protected":false},"excerpt":{"rendered":"<p>Per tal de millorar la compet\u00e8ncia en l&#8217;expressi\u00f3 escrita, un mat\u00ed a la setmana a tots els cicles d&#8217;educaci\u00f3 prim\u00e0ria es redueix r\u00e0tio per tal de donar una atenci\u00f3 m\u00e9s personalitzada als alumnes. Treballem les diferents tipologies textuals barrejant alumnes dels diferents nivells de cada&hellip;  <a href=\"https:\/\/agora.xtec.cat\/ceipelcalderi\/tallers-descriptura\/\" title=\"Read Tallers d&#8217;Escriptura\">Llegeix m\u00e9s\u00bb<\/a><\/p>\n","protected":false},"author":1,"featured_media":0,"parent":0,"menu_order":0,"comment_status":"closed","ping_status":"closed","template":"","meta":{"_bbp_topic_count":0,"_bbp_reply_count":0,"_bbp_total_topic_count":0,"_bbp_total_reply_count":0,"_bbp_voice_count":0,"_bbp_anonymous_reply_count":0,"_bbp_topic_count_hidden":0,"_bbp_reply_count_hidden":0,"_bbp_forum_subforum_count":0,"footnotes":""},"class_list":["post-2387","page","type-page","status-publish","hentry"],"post_mailing_queue_ids":[],"_links":{"self":[{"href":"https:\/\/agora.xtec.cat\/ceipelcalderi\/wp-json\/wp\/v2\/pages\/2387","targetHints":{"allow":["GET"]}}],"collection":[{"href":"https:\/\/agora.xtec.cat\/ceipelcalderi\/wp-json\/wp\/v2\/pages"}],"about":[{"href":"https:\/\/agora.xtec.cat\/ceipelcalderi\/wp-json\/wp\/v2\/types\/page"}],"author":[{"embeddable":true,"href":"https:\/\/agora.xtec.cat\/ceipelcalderi\/wp-json\/wp\/v2\/users\/1"}],"replies":[{"embeddable":true,"href":"https:\/\/agora.xtec.cat\/ceipelcalderi\/wp-json\/wp\/v2\/comments?post=2387"}],"version-history":[{"count":4,"href":"https:\/\/agora.xtec.cat\/ceipelcalderi\/wp-json\/wp\/v2\/pages\/2387\/revisions"}],"predecessor-version":[{"id":5001,"href":"https:\/\/agora.xtec.cat\/ceipelcalderi\/wp-json\/wp\/v2\/pages\/2387\/revisions\/5001"}],"wp:attachment":[{"href":"https:\/\/agora.xtec.cat\/ceipelcalderi\/wp-json\/wp\/v2\/media?parent=2387"}],"curies":[{"name":"wp","href":"https:\/\/api.w.org\/{rel}","templated":true}]}}