{"id":2385,"date":"2020-02-03T15:10:51","date_gmt":"2020-02-03T14:10:51","guid":{"rendered":"http:\/\/agora.xtec.cat\/ceipelcalderi\/?page_id=2385"},"modified":"2023-02-02T10:15:19","modified_gmt":"2023-02-02T09:15:19","slug":"ambients-a-ed-infantil","status":"publish","type":"page","link":"https:\/\/agora.xtec.cat\/ceipelcalderi\/ambients-a-ed-infantil\/","title":{"rendered":"Ambients a Ed. Infantil"},"content":{"rendered":"<p>Els ambients s\u00f3n diferents espais d&#8217;aprenentatge, de relaci\u00f3 i comunicaci\u00f3 que proposem a Educaci\u00f3 Infantil. La seg\u00fcent presentaci\u00f3 mostra el funcionament i els objectius del ambients de l&#8217;Escola.<\/p>\n<p>&nbsp;<\/p>\n<p><a href=\"https:\/\/youtu.be\/sVUgXC113io\" target=\"_blank\" rel=\"noopener noreferrer\"><img loading=\"lazy\" decoding=\"async\" class=\"aligncenter wp-image-2764\" src=\"https:\/\/agora.xtec.cat\/ceipelcalderi\/wp-content\/uploads\/usu1917\/2020\/04\/Screen-Shot-2020-04-28-at-18.56.39-150x150.png\" alt=\"\" width=\"222\" height=\"222\" \/><\/a><\/p>\n","protected":false},"excerpt":{"rendered":"<p>Els ambients s\u00f3n diferents espais d&#8217;aprenentatge, de relaci\u00f3 i comunicaci\u00f3 que proposem a Educaci\u00f3 Infantil. La seg\u00fcent presentaci\u00f3 mostra el funcionament i els objectius del ambients de l&#8217;Escola.<br \/>\n&nbsp;<br \/>\n<a href=\"https:\/\/youtu.be\/sVUgXC113io\" target=\"_blank\" rel=\"noopener noreferrer\"><\/a><\/p>\n","protected":false},"author":1,"featured_media":0,"parent":0,"menu_order":0,"comment_status":"closed","ping_status":"closed","template":"","meta":{"_bbp_topic_count":0,"_bbp_reply_count":0,"_bbp_total_topic_count":0,"_bbp_total_reply_count":0,"_bbp_voice_count":0,"_bbp_anonymous_reply_count":0,"_bbp_topic_count_hidden":0,"_bbp_reply_count_hidden":0,"_bbp_forum_subforum_count":0,"footnotes":""},"class_list":["post-2385","page","type-page","status-publish","hentry"],"post_mailing_queue_ids":[],"_links":{"self":[{"href":"https:\/\/agora.xtec.cat\/ceipelcalderi\/wp-json\/wp\/v2\/pages\/2385","targetHints":{"allow":["GET"]}}],"collection":[{"href":"https:\/\/agora.xtec.cat\/ceipelcalderi\/wp-json\/wp\/v2\/pages"}],"about":[{"href":"https:\/\/agora.xtec.cat\/ceipelcalderi\/wp-json\/wp\/v2\/types\/page"}],"author":[{"embeddable":true,"href":"https:\/\/agora.xtec.cat\/ceipelcalderi\/wp-json\/wp\/v2\/users\/1"}],"replies":[{"embeddable":true,"href":"https:\/\/agora.xtec.cat\/ceipelcalderi\/wp-json\/wp\/v2\/comments?post=2385"}],"version-history":[{"count":3,"href":"https:\/\/agora.xtec.cat\/ceipelcalderi\/wp-json\/wp\/v2\/pages\/2385\/revisions"}],"predecessor-version":[{"id":3388,"href":"https:\/\/agora.xtec.cat\/ceipelcalderi\/wp-json\/wp\/v2\/pages\/2385\/revisions\/3388"}],"wp:attachment":[{"href":"https:\/\/agora.xtec.cat\/ceipelcalderi\/wp-json\/wp\/v2\/media?parent=2385"}],"curies":[{"name":"wp","href":"https:\/\/api.w.org\/{rel}","templated":true}]}}