{"id":22,"date":"2022-01-29T14:19:57","date_gmt":"2022-01-29T13:19:57","guid":{"rendered":"http:\/\/agora.xtec.cat\/ceipelcalderi\/?page_id=22"},"modified":"2024-06-10T18:47:07","modified_gmt":"2024-06-10T16:47:07","slug":"lescola","status":"publish","type":"page","link":"https:\/\/agora.xtec.cat\/ceipelcalderi\/","title":{"rendered":"PREINSCRIPCIONS INSTITUT ESCOLA de CALDES DE MONTBUI"},"content":{"rendered":"<p>Tota la informaci\u00f3 sobre la Preinscripci\u00f3 que ofereix el <strong>Departament d&#8217;Educaci\u00f3<\/strong> la trobareu clicant <a href=\"https:\/\/preinscripcio.gencat.cat\/ca\/inici\/index.html\" target=\"_blank\" rel=\"noopener\">aqu\u00ed<\/a><\/p>\n<p>La informaci\u00f3 de la <strong>Preinscripci\u00f3 de Centre<\/strong> la trobareu clicant <a href=\"https:\/\/acrobat.adobe.com\/id\/urn:aaid:sc:EU:45b2e85f-2e96-4de6-afa3-4c4610aed19e\" target=\"_blank\" rel=\"noopener\">aqu\u00ed<\/a><\/p>\n<p>Tota la informaci\u00f3 que necessites sobre el nou <strong>Centre Educatiu Institut Escola<\/strong> clicant <a href=\"https:\/\/acrobat.adobe.com\/id\/urn:aaid:sc:EU:70c969ba-91b7-4188-9cd0-533cef8ef58e\" target=\"_blank\" rel=\"noopener\">aqu\u00ed<\/a><\/p>\n<p><a href=\"https:\/\/agora.xtec.cat\/ceipelcalderi\/comissio-tic-tac\/lescola\/attachment\/screenshot-2024-06-10-at-18-08-27\/\" rel=\"attachment wp-att-5670\"><img loading=\"lazy\" decoding=\"async\" class=\"aligncenter wp-image-5670\" src=\"https:\/\/agora.xtec.cat\/ceipelcalderi\/wp-content\/uploads\/usu1917\/2024\/06\/Screenshot-2024-06-10-at-18.08.27.png\" alt=\"\" width=\"580\" height=\"283\" srcset=\"https:\/\/agora.xtec.cat\/ceipelcalderi\/wp-content\/uploads\/usu1917\/2024\/06\/Screenshot-2024-06-10-at-18.08.27.png 1626w, https:\/\/agora.xtec.cat\/ceipelcalderi\/wp-content\/uploads\/usu1917\/2024\/06\/Screenshot-2024-06-10-at-18.08.27-300x146.png 300w, https:\/\/agora.xtec.cat\/ceipelcalderi\/wp-content\/uploads\/usu1917\/2024\/06\/Screenshot-2024-06-10-at-18.08.27-1024x500.png 1024w, https:\/\/agora.xtec.cat\/ceipelcalderi\/wp-content\/uploads\/usu1917\/2024\/06\/Screenshot-2024-06-10-at-18.08.27-768x375.png 768w, https:\/\/agora.xtec.cat\/ceipelcalderi\/wp-content\/uploads\/usu1917\/2024\/06\/Screenshot-2024-06-10-at-18.08.27-1536x750.png 1536w\" sizes=\"auto, (max-width: 580px) 100vw, 580px\" \/><\/a><\/p>\n<table style=\"border-collapse: collapse; width: 100%;\">\n<tbody>\n<tr>\n<td style=\"width: 33.333333%;\"><a href=\"https:\/\/acrobat.adobe.com\/id\/urn:aaid:sc:EU:1f1bcc80-7e11-421b-8623-701a35df0600\" target=\"_blank\" rel=\"noopener\">OFERTA DE PLACES<\/a><\/td>\n<td style=\"width: 33.333333%;\"><a href=\"https:\/\/acrobat.adobe.com\/id\/urn:aaid:sc:EU:71457e4a-5062-4b85-9a55-fbef2c0a1bfa\" target=\"_blank\" rel=\"noopener\">LLISTAT AMB PUNTUACI\u00d3 PROVISIONAL<\/a><\/td>\n<td style=\"width: 33.333333%;\"><a href=\"https:\/\/acrobat.adobe.com\/id\/urn:aaid:sc:EU:bcee7bb4-994d-4e3a-806a-408214eda73d\" target=\"_blank\" rel=\"noopener\">LLISTAT AMB PUNTUACI\u00d3 DEFINITIVA<\/a><\/td>\n<\/tr>\n<tr>\n<td style=\"width: 33.333333%;\">N\u00daMERO DE DESEMPAT: 81801<\/td>\n<td style=\"width: 33.333333%;\"><a href=\"https:\/\/acrobat.adobe.com\/id\/urn:aaid:sc:EU:f24182c8-4537-4b5e-aeb6-ae83ad676a69\" target=\"_blank\" rel=\"noopener\">LLISTAT ORDENAT<\/a><\/td>\n<td style=\"width: 33.333333%;\"><a href=\"https:\/\/acrobat.adobe.com\/id\/urn:aaid:sc:EU:551fcdd7-8259-4f47-9606-6b1d16219da8\" target=\"_blank\" rel=\"noopener\">ALUMNES ASSIGNATS AL CENTRE LLISTA D&#8217;ESPERA<\/a><\/td>\n<\/tr>\n<\/tbody>\n<\/table>\n<p>&nbsp;<\/p>\n","protected":false},"excerpt":{"rendered":"<p>Tota la informaci\u00f3 sobre la Preinscripci\u00f3 que ofereix el Departament d&#8217;Educaci\u00f3 la trobareu clicant <a href=\"https:\/\/preinscripcio.gencat.cat\/ca\/inici\/index.html\" target=\"_blank\" rel=\"noopener\">aqu\u00ed<\/a><br \/>\nLa informaci\u00f3 de la Preinscripci\u00f3 de Centre la trobareu clicant <a href=\"https:\/\/acrobat.adobe.com\/id\/urn:aaid:sc:EU:45b2e85f-2e96-4de6-afa3-4c4610aed19e\" target=\"_blank\" rel=\"noopener\">aqu\u00ed<\/a><br \/>\nTota la informaci\u00f3 que necessites sobre el nou Centre Educatiu Institut Escola clicant <a href=\"https:\/\/acrobat.adobe.com\/id\/urn:aaid:sc:EU:70c969ba-91b7-4188-9cd0-533cef8ef58e\"&hellip;  <a href=\"https:\/\/agora.xtec.cat\/ceipelcalderi\/\" title=\"Read PREINSCRIPCIONS INSTITUT ESCOLA de CALDES DE MONTBUI\">Llegeix m\u00e9s\u00bb<\/a><\/p>\n","protected":false},"author":1,"featured_media":0,"parent":921,"menu_order":0,"comment_status":"closed","ping_status":"closed","template":"page-templates\/side-menu.php","meta":{"_bbp_topic_count":0,"_bbp_reply_count":0,"_bbp_total_topic_count":0,"_bbp_total_reply_count":0,"_bbp_voice_count":0,"_bbp_anonymous_reply_count":0,"_bbp_topic_count_hidden":0,"_bbp_reply_count_hidden":0,"_bbp_forum_subforum_count":0,"footnotes":""},"class_list":["post-22","page","type-page","status-publish","hentry"],"post_mailing_queue_ids":[],"_links":{"self":[{"href":"https:\/\/agora.xtec.cat\/ceipelcalderi\/wp-json\/wp\/v2\/pages\/22","targetHints":{"allow":["GET"]}}],"collection":[{"href":"https:\/\/agora.xtec.cat\/ceipelcalderi\/wp-json\/wp\/v2\/pages"}],"about":[{"href":"https:\/\/agora.xtec.cat\/ceipelcalderi\/wp-json\/wp\/v2\/types\/page"}],"author":[{"embeddable":true,"href":"https:\/\/agora.xtec.cat\/ceipelcalderi\/wp-json\/wp\/v2\/users\/1"}],"replies":[{"embeddable":true,"href":"https:\/\/agora.xtec.cat\/ceipelcalderi\/wp-json\/wp\/v2\/comments?post=22"}],"version-history":[{"count":7,"href":"https:\/\/agora.xtec.cat\/ceipelcalderi\/wp-json\/wp\/v2\/pages\/22\/revisions"}],"predecessor-version":[{"id":5673,"href":"https:\/\/agora.xtec.cat\/ceipelcalderi\/wp-json\/wp\/v2\/pages\/22\/revisions\/5673"}],"up":[{"embeddable":true,"href":"https:\/\/agora.xtec.cat\/ceipelcalderi\/wp-json\/wp\/v2\/pages\/921"}],"wp:attachment":[{"href":"https:\/\/agora.xtec.cat\/ceipelcalderi\/wp-json\/wp\/v2\/media?parent=22"}],"curies":[{"name":"wp","href":"https:\/\/api.w.org\/{rel}","templated":true}]}}