{"id":2180,"date":"2019-12-10T15:58:17","date_gmt":"2019-12-10T14:58:17","guid":{"rendered":"http:\/\/agora.xtec.cat\/ceipelcalderi\/?page_id=2180"},"modified":"2022-09-07T10:54:34","modified_gmt":"2022-09-07T08:54:34","slug":"equip-docent","status":"publish","type":"page","link":"https:\/\/agora.xtec.cat\/ceipelcalderi\/equip-docent\/","title":{"rendered":"Equip Docent"},"content":{"rendered":"<ul>\n<li style=\"text-align: left;\">\n<h3>Equip Directiu<\/h3>\n<\/li>\n<\/ul>\n<p style=\"text-align: left;\">Montse Giralt &#8211; Directora<\/p>\n<p style=\"text-align: left;\">Laia Pag\u00e8s &#8211; Cap d&#8217;Estudis<\/p>\n<p style=\"text-align: left;\">Montserrat Dant\u00ed &#8211; Secret\u00e0ria<\/p>\n<ul>\n<li style=\"text-align: left;\">\n<h3>Educaci\u00f3 Infantil<\/h3>\n<\/li>\n<\/ul>\n<p style=\"text-align: left;\">N\u00faria Mar\u00edn &#8211; Tutora P3<\/p>\n<p>Mari Caracuel &#8211; Tutora P4<\/p>\n<p style=\"text-align: left;\"><span style=\"font-family: inherit; font-size: 1em;\">Elisenda Di\u00e9guez &#8211; Tutora P5<\/span><\/p>\n<ul>\n<li style=\"text-align: left;\">\n<h3>Educaci\u00f3 Prim\u00e0ria<\/h3>\n<\/li>\n<\/ul>\n<ul style=\"list-style-type: circle;\">\n<li style=\"text-align: left;\">\n<h5>Cicle Inicial<\/h5>\n<\/li>\n<\/ul>\n<p style=\"text-align: left;\">Rosabel Mateu &#8211; Tutora 1r<\/p>\n<p>\u00a0Sonia Lozano &#8211; Tutora 2n<\/p>\n<ul style=\"list-style-type: circle;\">\n<li style=\"text-align: left;\">\n<h5>Cicle Mitj\u00e0<\/h5>\n<\/li>\n<\/ul>\n<p style=\"text-align: left;\">S\u00edlvia Navarro &#8211; Tutora 3r<\/p>\n<p style=\"text-align: left;\">Ariadna Sanagust\u00edn &#8211; Tutora 4t<\/p>\n<ul style=\"list-style-type: circle;\">\n<li style=\"text-align: left;\">\n<h5>Cicle Superior<\/h5>\n<\/li>\n<\/ul>\n<p style=\"text-align: left;\">Gl\u00f2ria Abad &#8211; Tutora 5\u00e8<\/p>\n<p style=\"text-align: left;\">L\u00eddia Dom\u00ednguez &#8211; Tutora 6\u00e8<\/p>\n<ul>\n<li>\n<h3>Especialistes<\/h3>\n<\/li>\n<\/ul>\n<p>Merc\u00e8 Puigdueta &#8211; Angl\u00e8s<\/p>\n<p>Paula Tordesillas &#8211; M\u00fasica<\/p>\n<p>Emma Garc\u00eda &#8211; Educaci\u00f3 Especial<\/p>\n","protected":false},"excerpt":{"rendered":"<ul>\n<li style=\"text-align: left;\">\nEquip Directiu\n<\/li>\n<\/ul>\n<p>Montse Giralt &#8211; Directora<br \/>\nLaia Pag\u00e8s &#8211; Cap d&#8217;Estudis<br \/>\nMontserrat Dant\u00ed &#8211; Secret\u00e0ria<\/p>\n<ul>\n<li style=\"text-align: left;\">\nEducaci\u00f3 Infantil\n<\/li>\n<\/ul>\n<p>N\u00faria Mar\u00edn &#8211; Tutora P3<br \/>\nMari Caracuel &#8211; Tutora P4<br \/>\nElisenda Di\u00e9guez &#8211; Tutora P5<\/p>\n<ul>\n<li style=\"text-align: left;\">\nEducaci\u00f3 Prim\u00e0ria\n<\/li>\n<\/ul>\n<ul style=\"list-style-type: circle;\">\n<li style=\"text-align: left;\">\nCicle Inicial\n<\/li>\n<\/ul>\n<p>Rosabel Mateu &#8211; Tutora 1r<br \/>\n\u00a0Sonia Lozano &#8211; Tutora 2n\n<ul&hellip;  <a href=\"https:\/\/agora.xtec.cat\/ceipelcalderi\/equip-docent\/\" title=\"Read Equip Docent\">Llegeix m\u00e9s\u00bb<\/a><\/p>\n","protected":false},"author":1,"featured_media":0,"parent":0,"menu_order":0,"comment_status":"closed","ping_status":"closed","template":"","meta":{"_bbp_topic_count":0,"_bbp_reply_count":0,"_bbp_total_topic_count":0,"_bbp_total_reply_count":0,"_bbp_voice_count":0,"_bbp_anonymous_reply_count":0,"_bbp_topic_count_hidden":0,"_bbp_reply_count_hidden":0,"_bbp_forum_subforum_count":0,"footnotes":""},"class_list":["post-2180","page","type-page","status-publish","hentry"],"post_mailing_queue_ids":[],"_links":{"self":[{"href":"https:\/\/agora.xtec.cat\/ceipelcalderi\/wp-json\/wp\/v2\/pages\/2180","targetHints":{"allow":["GET"]}}],"collection":[{"href":"https:\/\/agora.xtec.cat\/ceipelcalderi\/wp-json\/wp\/v2\/pages"}],"about":[{"href":"https:\/\/agora.xtec.cat\/ceipelcalderi\/wp-json\/wp\/v2\/types\/page"}],"author":[{"embeddable":true,"href":"https:\/\/agora.xtec.cat\/ceipelcalderi\/wp-json\/wp\/v2\/users\/1"}],"replies":[{"embeddable":true,"href":"https:\/\/agora.xtec.cat\/ceipelcalderi\/wp-json\/wp\/v2\/comments?post=2180"}],"version-history":[{"count":4,"href":"https:\/\/agora.xtec.cat\/ceipelcalderi\/wp-json\/wp\/v2\/pages\/2180\/revisions"}],"predecessor-version":[{"id":4758,"href":"https:\/\/agora.xtec.cat\/ceipelcalderi\/wp-json\/wp\/v2\/pages\/2180\/revisions\/4758"}],"wp:attachment":[{"href":"https:\/\/agora.xtec.cat\/ceipelcalderi\/wp-json\/wp\/v2\/media?parent=2180"}],"curies":[{"name":"wp","href":"https:\/\/api.w.org\/{rel}","templated":true}]}}