{"id":1426,"date":"2019-04-25T16:51:58","date_gmt":"2019-04-25T14:51:58","guid":{"rendered":"http:\/\/agora.xtec.cat\/ceipelcalderi\/?page_id=1426"},"modified":"2020-02-10T16:06:14","modified_gmt":"2020-02-10T15:06:14","slug":"epergam","status":"publish","type":"page","link":"https:\/\/agora.xtec.cat\/ceipelcalderi\/epergam\/","title":{"rendered":"eP\u00e8rgam"},"content":{"rendered":"<p>L&#8217;eP\u00e8rgam \u00e9s una base de dades de totes les biblioteques escolars a Catalunya.<\/p>\n<p>Aqu\u00ed teniu l&#8217;acc\u00e9s.<\/p>\n<p><a href=\"https:\/\/aplicacions.gestioeducativa.gencat.cat\/epergam\/web\/biblioteca.jsp?codi=08065299\">https:\/\/aplicacions.gestioeducativa.gencat.cat\/epergam\/web\/biblioteca.jsp?codi=08065299<\/a><\/p>\n<p><a href=\"https:\/\/agora.xtec.cat\/ceipelcalderi\/wp-content\/uploads\/usu1917\/2020\/02\/t_epergam.gif\"><img loading=\"lazy\" decoding=\"async\" class=\"size-medium wp-image-2452 alignleft\" src=\"https:\/\/agora.xtec.cat\/ceipelcalderi\/wp-content\/uploads\/usu1917\/2020\/02\/t_epergam-300x100.gif\" alt=\"\" width=\"300\" height=\"100\" \/><\/a><\/p>\n","protected":false},"excerpt":{"rendered":"<p>L&#8217;eP\u00e8rgam \u00e9s una base de dades de totes les biblioteques escolars a Catalunya.<br \/>\nAqu\u00ed teniu l&#8217;acc\u00e9s.<br \/>\n<a href=\"https:\/\/aplicacions.gestioeducativa.gencat.cat\/epergam\/web\/biblioteca.jsp?codi=08065299\">https:\/\/aplicacions.gestioeducativa.gencat.cat\/epergam\/web\/biblioteca.jsp?codi=08065299<\/a><br \/>\n<a href=\"https:\/\/agora.xtec.cat\/ceipelcalderi\/wp-content\/uploads\/usu1917\/2020\/02\/t_epergam.gif\"><\/a><\/p>\n","protected":false},"author":1,"featured_media":0,"parent":0,"menu_order":0,"comment_status":"closed","ping_status":"closed","template":"","meta":{"_bbp_topic_count":0,"_bbp_reply_count":0,"_bbp_total_topic_count":0,"_bbp_total_reply_count":0,"_bbp_voice_count":0,"_bbp_anonymous_reply_count":0,"_bbp_topic_count_hidden":0,"_bbp_reply_count_hidden":0,"_bbp_forum_subforum_count":0,"footnotes":""},"class_list":["post-1426","page","type-page","status-publish","hentry"],"post_mailing_queue_ids":[],"_links":{"self":[{"href":"https:\/\/agora.xtec.cat\/ceipelcalderi\/wp-json\/wp\/v2\/pages\/1426","targetHints":{"allow":["GET"]}}],"collection":[{"href":"https:\/\/agora.xtec.cat\/ceipelcalderi\/wp-json\/wp\/v2\/pages"}],"about":[{"href":"https:\/\/agora.xtec.cat\/ceipelcalderi\/wp-json\/wp\/v2\/types\/page"}],"author":[{"embeddable":true,"href":"https:\/\/agora.xtec.cat\/ceipelcalderi\/wp-json\/wp\/v2\/users\/1"}],"replies":[{"embeddable":true,"href":"https:\/\/agora.xtec.cat\/ceipelcalderi\/wp-json\/wp\/v2\/comments?post=1426"}],"version-history":[{"count":3,"href":"https:\/\/agora.xtec.cat\/ceipelcalderi\/wp-json\/wp\/v2\/pages\/1426\/revisions"}],"predecessor-version":[{"id":2454,"href":"https:\/\/agora.xtec.cat\/ceipelcalderi\/wp-json\/wp\/v2\/pages\/1426\/revisions\/2454"}],"wp:attachment":[{"href":"https:\/\/agora.xtec.cat\/ceipelcalderi\/wp-json\/wp\/v2\/media?parent=1426"}],"curies":[{"name":"wp","href":"https:\/\/api.w.org\/{rel}","templated":true}]}}