{"id":993,"date":"2022-01-26T11:53:49","date_gmt":"2022-01-26T10:53:49","guid":{"rendered":"https:\/\/agora.xtec.cat\/ceipduranibas\/?page_id=993"},"modified":"2025-10-19T15:39:53","modified_gmt":"2025-10-19T13:39:53","slug":"equip-huma","status":"publish","type":"page","link":"https:\/\/agora.xtec.cat\/ceipduranibas\/lescola-ii\/equip-huma\/","title":{"rendered":"Equip hum\u00e0"},"content":{"rendered":"\n<div class=\"wp-block-columns is-layout-flex wp-container-core-columns-is-layout-4 wp-block-columns-is-layout-flex\">\n<div class=\"wp-block-column is-layout-flow wp-block-column-is-layout-flow\" style=\"flex-basis:100%\">\n<figure class=\"wp-block-table aligncenter is-style-stripes\"><table><tbody><tr><td class=\"has-text-align-center\" data-align=\"center\" colspan=\"2\"><b>EQUIP DIRECTIU<\/b><\/td><\/tr><tr><td class=\"has-text-align-center\" data-align=\"center\"><span style=\"font-weight: 400;\">DIRECTORA<\/span><\/td><td><span style=\"font-weight: 400;\">Susana B.<\/span><\/td><\/tr><tr><td class=\"has-text-align-center\" data-align=\"center\"><span style=\"font-weight: 400;\">CAP D\u2019ESTUDIS<\/span><\/td><td><span style=\"font-weight: 400;\">Agn\u00e8s B.<\/span><\/td><\/tr><tr><td class=\"has-text-align-center\" data-align=\"center\"><span style=\"font-weight: 400;\">SECRET\u00c0RIA<\/span><\/td><td><span style=\"font-weight: 400;\">Marta P.<\/span><\/td><\/tr><\/tbody><\/table><\/figure>\n\n\n\n<div class=\"wp-block-columns is-layout-flex wp-container-core-columns-is-layout-3 wp-block-columns-is-layout-flex\">\n<div class=\"wp-block-column is-layout-flow wp-block-column-is-layout-flow\" style=\"flex-basis:100%\">\n<div class=\"wp-block-columns is-layout-flex wp-container-core-columns-is-layout-2 wp-block-columns-is-layout-flex\">\n<div class=\"wp-block-column is-layout-flow wp-block-column-is-layout-flow\" style=\"flex-basis:100%\">\n<div class=\"wp-block-columns is-layout-flex wp-container-core-columns-is-layout-1 wp-block-columns-is-layout-flex\">\n<div class=\"wp-block-column is-layout-flow wp-block-column-is-layout-flow\" style=\"flex-basis:100%\">\n<figure class=\"wp-block-table aligncenter is-style-stripes\"><\/figure>\n<\/div>\n<\/div>\n\n\n\n<figure class=\"wp-block-table aligncenter is-style-stripes\"><table><tbody><tr><td class=\"has-text-align-left\" data-align=\"left\"><strong>EQUIP D&#8217;EDUCACI\u00d3 INFANTIL<\/strong><\/td><td><\/td><\/tr><tr><td class=\"has-text-align-left\" data-align=\"left\"><strong>PETITS (I3, I4, I5<\/strong>)<\/td><td><\/td><\/tr><tr><td class=\"has-text-align-left\" data-align=\"left\">I3 A<\/td><td>Gemma F.<\/td><\/tr><tr><td class=\"has-text-align-left\" data-align=\"left\">I3 B<\/td><td>Fontcalda E.<\/td><\/tr><tr><td class=\"has-text-align-left\" data-align=\"left\">I4 A<\/td><td>Mireia G.<\/td><\/tr><tr><td class=\"has-text-align-left\" data-align=\"left\">I4 B<\/td><td>Paula R.<\/td><\/tr><tr><td class=\"has-text-align-left\" data-align=\"left\">I5 A<\/td><td>Rosa L.<\/td><\/tr><tr><td class=\"has-text-align-left\" data-align=\"left\">I5 B<\/td><td>Ariadna F.<\/td><\/tr><tr><td class=\"has-text-align-left\" data-align=\"left\">TEI (I3)<\/td><td>Laia Ll. i Ana T.<\/td><\/tr><tr><td class=\"has-text-align-left\" data-align=\"left\">PSICOMOTRICITAT<\/td><td>Goretti G. i Laura M.<\/td><\/tr><tr><td class=\"has-text-align-left\" data-align=\"left\">ANGL\u00c8S<\/td><td>Goretti G. <\/td><\/tr><tr><td class=\"has-text-align-left\" data-align=\"left\">M\u00daSICA<\/td><td>Mireia Ga.<\/td><\/tr><\/tbody><\/table><\/figure>\n<\/div>\n<\/div>\n<\/div>\n<\/div>\n<\/div>\n<\/div>\n\n\n\n<figure class=\"wp-block-table aligncenter is-style-stripes\"><table><tbody><tr><td class=\"has-text-align-center\" data-align=\"center\" colspan=\"2\"><b>EQUIP D\u2019EDUCACI\u00d3 PRIM\u00c0RIA<\/b><\/td><\/tr><tr><td class=\"has-text-align-center\" data-align=\"center\" colspan=\"2\"><b>MITJANS (Cicle Inicial i 1r de Cicle Mitj\u00e0)<\/b><\/td><\/tr><tr><td class=\"has-text-align-center\" data-align=\"center\"><span style=\"font-weight: 400;\">1rA<\/span><\/td><td>Katy C.<\/td><\/tr><tr><td class=\"has-text-align-center\" data-align=\"center\"><span style=\"font-weight: 400;\">1rB<\/span><\/td><td>Gemma C.<\/td><\/tr><tr><td class=\"has-text-align-center\" data-align=\"center\"><span style=\"font-weight: 400;\">2nA<\/span><\/td><td>Araceli V.<\/td><\/tr><tr><td class=\"has-text-align-center\" data-align=\"center\"><span style=\"font-weight: 400;\">2nB<\/span><\/td><td>S\u00f2nia R.<\/td><\/tr><tr><td class=\"has-text-align-center\" data-align=\"center\"><span style=\"font-weight: 400;\">3rA<\/span><\/td><td>Miriam M.<\/td><\/tr><tr><td class=\"has-text-align-center\" data-align=\"center\"><span style=\"font-weight: 400;\">3rB<\/span><\/td><td>Maite P.<\/td><\/tr><tr><td class=\"has-text-align-center\" data-align=\"center\" colspan=\"2\"><b>GRANS (2n de Cicle Mitj\u00e0 i Cicle Superior)<\/b><\/td><\/tr><tr><td class=\"has-text-align-center\" data-align=\"center\"><span style=\"font-weight: 400;\">4tA<\/span><\/td><td><span style=\"font-weight: 400;\">\u00darsula C.<\/span><\/td><\/tr><tr><td class=\"has-text-align-center\" data-align=\"center\"><span style=\"font-weight: 400;\">4tB<\/span><\/td><td>J\u00falia O.<\/td><\/tr><tr><td class=\"has-text-align-center\" data-align=\"center\"><span style=\"font-weight: 400;\">5\u00e8A<\/span><\/td><td>Marta C.<\/td><\/tr><tr><td class=\"has-text-align-center\" data-align=\"center\"><span style=\"font-weight: 400;\">5\u00e8B<\/span><\/td><td>Aida C.<\/td><\/tr><tr><td class=\"has-text-align-center\" data-align=\"center\"><span style=\"font-weight: 400;\">6\u00e8A<\/span><\/td><td>S\u00f2nia H.<\/td><\/tr><tr><td class=\"has-text-align-center\" data-align=\"center\"><span style=\"font-weight: 400;\">6\u00e8B<\/span><\/td><td>Esther B.<\/td><\/tr><\/tbody><\/table><\/figure>\n\n\n\n<figure class=\"wp-block-table aligncenter is-style-stripes\"><table><tbody><tr><td class=\"has-text-align-center\" data-align=\"center\" colspan=\"2\"><b>MESTRES ESPECIALISTES i SUPORTS<\/b><\/td><\/tr><tr><td class=\"has-text-align-center\" data-align=\"center\"><span style=\"font-weight: 400;\">ATENCI\u00d3 DIVERSITAT<\/span><\/td><td>Juan Jos\u00e9 A., Mireia Ga., Cristina P. Marta G., <br>Andrea \u00c1. i Manuel Ll.<\/td><\/tr><tr><td class=\"has-text-align-center\" data-align=\"center\"><span style=\"font-weight: 400;\">M\u00daSICA<\/span><\/td><td><span style=\"font-weight: 400;\">Mireia Ga.<\/span>, Marta G. i Raquel H.<\/td><\/tr><tr><td class=\"has-text-align-center\" data-align=\"center\"><span style=\"font-weight: 400;\">ANGL\u00c8S<\/span><\/td><td><span style=\"font-weight: 400;\">Laia T., Cristina C<\/span>., Aida C. i <span style=\"font-weight: 400;\">Goretti G.<\/span><\/td><\/tr><tr><td class=\"has-text-align-center\" data-align=\"center\"><span style=\"font-weight: 400;\">EF <\/span><\/td><td><span style=\"font-weight: 400;\">Gerard A., Laura M. i <\/span>Anna G.<\/td><\/tr><tr><td class=\"has-text-align-center\" data-align=\"center\"><span style=\"font-weight: 400;\">T\u00c8CNIQUES DE BENESTAR<\/span><\/td><td><span style=\"font-weight: 400;\">Gerard A., Laura M.<\/span> i Anna G.<\/td><\/tr><tr><td class=\"has-text-align-center\" data-align=\"center\"><span style=\"font-weight: 400;\">RELIGI\u00d3<\/span><\/td><td><span style=\"font-weight: 400;\">Juan M.<\/span><\/td><\/tr><tr><td class=\"has-text-align-center\" data-align=\"center\"><span style=\"font-weight: 400;\">SUPORT PETITS<\/span><\/td><td>Cristina P., Juan M. Mireia Ga. Juan Jos\u00e9 A. i Goretti G.<\/td><\/tr><tr><td class=\"has-text-align-center\" data-align=\"center\">CREDA<\/td><td>Meritxell F.<\/td><\/tr><tr><td class=\"has-text-align-center\" data-align=\"center\"><span style=\"font-weight: 400;\">CEEPSIR<\/span><\/td><td>Sara L.<\/td><\/tr><tr><td class=\"has-text-align-center\" data-align=\"center\"><span style=\"font-weight: 400;\">CRE<\/span>TDIC<\/td><td>Andrea A.<\/td><\/tr><tr><td class=\"has-text-align-center\" data-align=\"center\"><span style=\"font-weight: 400;\">Monitoratge de suport<\/span><\/td><td>Arnau i J\u00falia<\/td><\/tr><\/tbody><\/table><\/figure>\n\n\n\n<figure class=\"wp-block-table aligncenter is-style-stripes\"><table><tbody><tr><td class=\"has-text-align-left\" data-align=\"left\" colspan=\"2\"><b>COORDINACIONS<\/b><\/td><\/tr><tr><td class=\"has-text-align-left\" data-align=\"left\"><span style=\"font-weight: 400;\">PETITS<\/span><\/td><td><span style=\"font-weight: 400;\">Mireia Ga.<\/span><\/td><\/tr><tr><td class=\"has-text-align-left\" data-align=\"left\"><span style=\"font-weight: 400;\">MITJANS<\/span><\/td><td>Gerard A.<\/td><\/tr><tr><td class=\"has-text-align-left\" data-align=\"left\"><span style=\"font-weight: 400;\">GRANS<\/span><\/td><td>Juan E.<\/td><\/tr><tr><td class=\"has-text-align-left\" data-align=\"left\"><span style=\"font-weight: 400;\">TAC<\/span><\/td><td><span style=\"font-weight: 400;\">Mireia Gr.<\/span><\/td><\/tr><tr><td class=\"has-text-align-left\" data-align=\"left\"><span style=\"font-weight: 400;\">RISCOS LABORALS<\/span><\/td><td>Goretti G.<\/td><\/tr><tr><td class=\"has-text-align-left\" data-align=\"left\"><span style=\"font-weight: 400;\">LING\u00dc\u00cdSTICA<\/span><\/td><td><\/td><\/tr><tr><td class=\"has-text-align-left\" data-align=\"left\"><span style=\"font-weight: 400;\">BIBLIOTECA<\/span><\/td><td>Aida C.<\/td><\/tr><tr><td class=\"has-text-align-left\" data-align=\"left\"><span style=\"font-weight: 400;\">COCOBE<\/span><\/td><td><span style=\"font-weight: 400;\">Marta C.<\/span><\/td><\/tr><\/tbody><\/table><\/figure>\n\n\n\n<figure class=\"wp-block-table aligncenter is-style-stripes\"><table><tbody><tr><td colspan=\"2\"><b>EQUIP PSICOPEDAG\u00d2GIC<\/b><\/td><\/tr><tr><td><span style=\"font-weight: 400;\">EAP<\/span><\/td><td>Mar C.<\/td><\/tr><\/tbody><\/table><\/figure>\n\n\n\n<div class=\"wp-block-columns is-layout-flex wp-container-core-columns-is-layout-5 wp-block-columns-is-layout-flex\">\n<div class=\"wp-block-column is-layout-flow wp-block-column-is-layout-flow\" style=\"flex-basis:100%\">\n<figure class=\"wp-block-table aligncenter is-style-stripes\"><table><tbody><tr><td colspan=\"2\"><b>PERSONAL NO DOCENT<\/b><\/td><\/tr><tr><td><span style=\"font-weight: 400;\">Conserge<\/span><\/td><td><span style=\"font-weight: 400;\">Eugeni O.<\/span><\/td><\/tr><tr><td><span style=\"font-weight: 400;\">Administratiu<\/span><\/td><td><span style=\"font-weight: 400;\">Albert P.<\/span><\/td><\/tr><\/tbody><\/table><\/figure>\n<\/div>\n<\/div>\n","protected":false},"excerpt":{"rendered":"<p>EQUIP DIRECTIUDIRECTORASusana B.CAP D\u2019ESTUDISAgn\u00e8s B.SECRET\u00c0RIAMarta P.<\/p>\n<p>EQUIP D&#8217;EDUCACI\u00d3 INFANTILPETITS (I3, I4, I5)I3 AGemma F.I3 BFontcalda E.I4 AMireia G.I4 BPaula R.I5 ARosa L.I5 BAriadna F.TEI (I3)Laia Ll. i Ana T.PSICOMOTRICITATGoretti G. i Laura M.ANGL\u00c8SGoretti G. M\u00daSICAMireia Ga.<\/p>\n<p>EQUIP D\u2019EDUCACI\u00d3 PRIM\u00c0RIAMITJANS (Cicle Inicial i 1r de Cicle Mitj\u00e0)1rAKaty C.1rBGemma&hellip;  <a href=\"https:\/\/agora.xtec.cat\/ceipduranibas\/lescola-ii\/equip-huma\/\" title=\"Read Equip hum\u00e0\">Llegeix m\u00e9s\u00bb<\/a><\/p>\n","protected":false},"author":1,"featured_media":0,"parent":954,"menu_order":0,"comment_status":"closed","ping_status":"closed","template":"page-templates\/side-menu.php","meta":{"_bbp_topic_count":0,"_bbp_reply_count":0,"_bbp_total_topic_count":0,"_bbp_total_reply_count":0,"_bbp_voice_count":0,"_bbp_anonymous_reply_count":0,"_bbp_topic_count_hidden":0,"_bbp_reply_count_hidden":0,"_bbp_forum_subforum_count":0,"footnotes":""},"class_list":["post-993","page","type-page","status-publish","hentry"],"post_mailing_queue_ids":[],"_links":{"self":[{"href":"https:\/\/agora.xtec.cat\/ceipduranibas\/wp-json\/wp\/v2\/pages\/993","targetHints":{"allow":["GET"]}}],"collection":[{"href":"https:\/\/agora.xtec.cat\/ceipduranibas\/wp-json\/wp\/v2\/pages"}],"about":[{"href":"https:\/\/agora.xtec.cat\/ceipduranibas\/wp-json\/wp\/v2\/types\/page"}],"author":[{"embeddable":true,"href":"https:\/\/agora.xtec.cat\/ceipduranibas\/wp-json\/wp\/v2\/users\/1"}],"replies":[{"embeddable":true,"href":"https:\/\/agora.xtec.cat\/ceipduranibas\/wp-json\/wp\/v2\/comments?post=993"}],"version-history":[{"count":5,"href":"https:\/\/agora.xtec.cat\/ceipduranibas\/wp-json\/wp\/v2\/pages\/993\/revisions"}],"predecessor-version":[{"id":5084,"href":"https:\/\/agora.xtec.cat\/ceipduranibas\/wp-json\/wp\/v2\/pages\/993\/revisions\/5084"}],"up":[{"embeddable":true,"href":"https:\/\/agora.xtec.cat\/ceipduranibas\/wp-json\/wp\/v2\/pages\/954"}],"wp:attachment":[{"href":"https:\/\/agora.xtec.cat\/ceipduranibas\/wp-json\/wp\/v2\/media?parent=993"}],"curies":[{"name":"wp","href":"https:\/\/api.w.org\/{rel}","templated":true}]}}