{"id":963,"date":"2022-01-25T10:06:17","date_gmt":"2022-01-25T09:06:17","guid":{"rendered":"https:\/\/agora.xtec.cat\/ceipduranibas\/?page_id=963"},"modified":"2023-02-08T22:16:41","modified_gmt":"2023-02-08T21:16:41","slug":"oferta-educativa","status":"publish","type":"page","link":"https:\/\/agora.xtec.cat\/ceipduranibas\/lescola-ii\/oferta-educativa\/","title":{"rendered":"Oferta educativa"},"content":{"rendered":"<p>Som una escola p\u00fablica de dues l\u00ednies que oferim ensenyament de:<\/p>\n<ul>\n<li>Educaci\u00f3 Infantil (3-6 anys)<\/li>\n<li>Educaci\u00f3 Prim\u00e0ria (6-12 anys)<\/li>\n<\/ul>\n<p><strong>Horari:<\/strong><\/p>\n<p><span style=\"font-weight: 400;\">De 9h a 12:30h i <\/span><span style=\"font-weight: 400;\">de 15h a 16:30h<\/span><\/p>\n<p>&nbsp;<\/p>\n<p>En acabar la prim\u00e0ria, l\u2019alumnat t\u00e9 garantida la continu\u00eftat a secund\u00e0ria en algun dels seg\u00fcents Instituts del districte:<\/p>\n<div class=\"row\" style=\"margin-bottom: 1em !important;\">\n<div class=\"small-12 large-6 text-center columns\"><a href=\"https:\/\/www.institutpedralbes.cat\/\"><img loading=\"lazy\" decoding=\"async\" class=\"wp-image-1880 aligncenter\" style=\"font-size: 16px;\" src=\"https:\/\/agora.xtec.cat\/ceipduranibas\/wp-content\/uploads\/usu2643\/2022\/11\/institut.png\" alt=\"\" width=\"214\" height=\"76\" srcset=\"https:\/\/agora.xtec.cat\/ceipduranibas\/wp-content\/uploads\/usu2643\/2022\/11\/institut.png 329w, https:\/\/agora.xtec.cat\/ceipduranibas\/wp-content\/uploads\/usu2643\/2022\/11\/institut-300x107.png 300w\" sizes=\"auto, (max-width: 214px) 100vw, 214px\" \/><\/a><\/div>\n<div class=\"small-12 large-6 text-center columns\"><a style=\"color: #2795b6;\" href=\"https:\/\/agora.xtec.cat\/ieslescorts\/\"><img loading=\"lazy\" decoding=\"async\" class=\"wp-image-1879 alignleft\" src=\"https:\/\/agora.xtec.cat\/ceipduranibas\/wp-content\/uploads\/usu2643\/2022\/11\/les-corts.png\" alt=\"\" width=\"111\" height=\"100\" \/><\/a><\/div>\n<\/div>\n<p>&nbsp;<\/p>\n<p>&nbsp;<\/p>\n<p>&nbsp;<\/p>\n<p>&nbsp;<\/p>\n<p>&nbsp;<\/p>\n","protected":false},"excerpt":{"rendered":"<p>Som una escola p\u00fablica de dues l\u00ednies que oferim ensenyament de:<\/p>\n<ul>\n<li>Educaci\u00f3 Infantil (3-6 anys)<\/li>\n<li>Educaci\u00f3 Prim\u00e0ria (6-12 anys)<\/li>\n<\/ul>\n<p>Horari:<br \/>\nDe 9h a 12:30h i de 15h a 16:30h<br \/>\n&nbsp;<br \/>\nEn acabar la prim\u00e0ria, l\u2019alumnat t\u00e9 garantida la continu\u00eftat a secund\u00e0ria en algun dels seg\u00fcents Instituts del districte:<\/p>\n<p><a href=\"https:\/\/www.institutpedralbes.cat\/\"><\/a><br \/>\n<a style=\"color: #2795b6;\"&hellip;  <a href=\"https:\/\/agora.xtec.cat\/ceipduranibas\/lescola-ii\/oferta-educativa\/\" title=\"Read Oferta educativa\">Llegeix m\u00e9s\u00bb<\/a><\/p>\n","protected":false},"author":1,"featured_media":0,"parent":954,"menu_order":0,"comment_status":"closed","ping_status":"closed","template":"page-templates\/side-menu.php","meta":{"_bbp_topic_count":0,"_bbp_reply_count":0,"_bbp_total_topic_count":0,"_bbp_total_reply_count":0,"_bbp_voice_count":0,"_bbp_anonymous_reply_count":0,"_bbp_topic_count_hidden":0,"_bbp_reply_count_hidden":0,"_bbp_forum_subforum_count":0,"footnotes":""},"class_list":["post-963","page","type-page","status-publish","hentry"],"post_mailing_queue_ids":[],"_links":{"self":[{"href":"https:\/\/agora.xtec.cat\/ceipduranibas\/wp-json\/wp\/v2\/pages\/963","targetHints":{"allow":["GET"]}}],"collection":[{"href":"https:\/\/agora.xtec.cat\/ceipduranibas\/wp-json\/wp\/v2\/pages"}],"about":[{"href":"https:\/\/agora.xtec.cat\/ceipduranibas\/wp-json\/wp\/v2\/types\/page"}],"author":[{"embeddable":true,"href":"https:\/\/agora.xtec.cat\/ceipduranibas\/wp-json\/wp\/v2\/users\/1"}],"replies":[{"embeddable":true,"href":"https:\/\/agora.xtec.cat\/ceipduranibas\/wp-json\/wp\/v2\/comments?post=963"}],"version-history":[{"count":4,"href":"https:\/\/agora.xtec.cat\/ceipduranibas\/wp-json\/wp\/v2\/pages\/963\/revisions"}],"predecessor-version":[{"id":2211,"href":"https:\/\/agora.xtec.cat\/ceipduranibas\/wp-json\/wp\/v2\/pages\/963\/revisions\/2211"}],"up":[{"embeddable":true,"href":"https:\/\/agora.xtec.cat\/ceipduranibas\/wp-json\/wp\/v2\/pages\/954"}],"wp:attachment":[{"href":"https:\/\/agora.xtec.cat\/ceipduranibas\/wp-json\/wp\/v2\/media?parent=963"}],"curies":[{"name":"wp","href":"https:\/\/api.w.org\/{rel}","templated":true}]}}