{"id":84,"date":"2014-09-18T14:11:31","date_gmt":"2014-09-18T13:11:31","guid":{"rendered":"http:\/\/agora.xtec.cat\/ceipduranibas\/?page_id=84"},"modified":"2025-09-25T16:09:00","modified_gmt":"2025-09-25T14:09:00","slug":"activitats-extraescolars","status":"publish","type":"page","link":"https:\/\/agora.xtec.cat\/ceipduranibas\/serveis-2\/activitats-extraescolars\/","title":{"rendered":"Activitats extraescolars"},"content":{"rendered":"<div>\n<h1><\/h1>\n<div>\n<div>\n<div>\n<div>\n<div><a href=\"https:\/\/afadib.wordpress.com\/extraescolars\/inscripcions-2\/\" target=\"_blank\" rel=\"noopener\" data-saferedirecturl=\"https:\/\/www.google.com\/url?q=https:\/\/afadib.wordpress.com\/extraescolars\/inscripcions-2\/&amp;source=gmail&amp;ust=1757257512497000&amp;usg=AOvVaw0WJH8jniC8fvtPZwGy7sBo\">Inscripcions aqu\u00ed<\/a><\/div>\n<\/div>\n<p>Aquest curs hem decidit canviar el model de gesti\u00f3 de les activitats extraescolars. A partir d\u2019ara, tota la gesti\u00f3 passar\u00e0 a estar a c\u00e0rrec de l\u2019Escola d\u2019Arts Tectum.<br \/>\nHem pres aquesta decisi\u00f3 amb l\u2019objectiu de millorar la gesti\u00f3 de les activitats i unificar la coordinaci\u00f3, per tal de facilitar la comunicaci\u00f3 amb les fam\u00edlies i fer-la tamb\u00e9 m\u00e9s \u00e0gil i eficient per a la nostra AFA.<br \/>\nAmb aquest canvi, esperem oferir un servei m\u00e9s organitzat, clar i de qualitat per a tothom. Encara que tota la coordinaci\u00f3 la portar\u00e0 i passar\u00e0 per TECTUM, hem volgut mantenir les activitats que porten molts anys amb nosaltres i que tenen una hist\u00f2ria ja a la nostra escola com per exemple\u00a0<strong>judo, dansa, Forus, Ubae, TBKids, patinatge i m\u00fasica<\/strong>. La resta d\u2019activitats les impartir\u00e0 directament Tectum.<\/p>\n<p><strong>Per qu\u00e8 TECTUM?<\/strong><br \/>\nTectum ens ha inspirat confian\u00e7a pel seu projecte educatiu centrat en l\u2019autogesti\u00f3 dels infants, fomentant la creativitat, la responsabilitat i el treball en equip. Compten amb un equip de professionals especialitzats en \u00e0mbits art\u00edstics i educatius, i ofereixen activitats enriquidores en un entorn segur i estimulant.<br \/>\nPodeu con\u00e8ixer millor la seva proposta a\u00a0<a href=\"https:\/\/escolatectum.com\/\" target=\"_blank\" rel=\"noopener\" data-saferedirecturl=\"https:\/\/www.google.com\/url?q=https:\/\/escolatectum.com\/&amp;source=gmail&amp;ust=1757257512497000&amp;usg=AOvVaw2XuDPVf7U1wUZ08hoJdHCW\">ESCOLATECTUM.<\/a><\/p>\n<p>Si teniu alguna pregunta o algun dubte podeu posar-vos en contacte amb ells sense problemes, estaran encantats\/des d\u2019atendre-us.<\/p>\n<h2><span style=\"font-size: small;\">Informaci\u00f3 extraescolars<\/span><\/h2>\n<p>En els seg\u00fcents enlla\u00e7os podeu trobar els detalls de cadascuna de les extraescolars oferides:<\/p>\n<\/div>\n<\/div>\n<ul>\n<li><a href=\"https:\/\/afadib.wordpress.com\/extraescolars\/acollida\/\" target=\"_blank\" rel=\"noopener\" data-saferedirecturl=\"https:\/\/www.google.com\/url?q=https:\/\/afadib.wordpress.com\/extraescolars\/acollida\/&amp;source=gmail&amp;ust=1757257512497000&amp;usg=AOvVaw3S0Gmv2yOJMcXyx9T7lKI4\">Acollida i cangur<\/a><\/li>\n<li><a href=\"https:\/\/afadib.wordpress.com\/extraescolars\/angles\/\" target=\"_blank\" rel=\"noreferrer noopener\" data-saferedirecturl=\"https:\/\/www.google.com\/url?q=https:\/\/afadib.wordpress.com\/extraescolars\/angles\/&amp;source=gmail&amp;ust=1757257512497000&amp;usg=AOvVaw3Zc8KuLOFurOGFC6eavjb2\">Angl\u00e8s<\/a><\/li>\n<li><a href=\"https:\/\/afadib.wordpress.com\/extraescolars\/ball-modern\/\" target=\"_blank\" rel=\"noreferrer noopener\" data-saferedirecturl=\"https:\/\/www.google.com\/url?q=https:\/\/afadib.wordpress.com\/extraescolars\/ball-modern\/&amp;source=gmail&amp;ust=1757257512497000&amp;usg=AOvVaw1DhJXcC6w5wg_hbcONAv36\">Ball Modern<\/a><\/li>\n<li><a href=\"https:\/\/afadib.wordpress.com\/extraescolars\/basquet\/\" target=\"_blank\" rel=\"noreferrer noopener\" data-saferedirecturl=\"https:\/\/www.google.com\/url?q=https:\/\/afadib.wordpress.com\/extraescolars\/basquet\/&amp;source=gmail&amp;ust=1757257512497000&amp;usg=AOvVaw2s56GweD2XGypjQvfRvIwC\">B\u00e0squet<\/a><\/li>\n<li><a href=\"https:\/\/afadib.wordpress.com\/extraescolars\/canguroteca\/\" target=\"_blank\" rel=\"noreferrer noopener\" data-saferedirecturl=\"https:\/\/www.google.com\/url?q=https:\/\/afadib.wordpress.com\/extraescolars\/canguroteca\/&amp;source=gmail&amp;ust=1757257512497000&amp;usg=AOvVaw0BLyIu_zhC7MhBnjR4n7Lj\">Dibuix manga<\/a><\/li>\n<li><a href=\"https:\/\/afadib.wordpress.com\/extraescolars\/dansa\/\" target=\"_blank\" rel=\"noreferrer noopener\" data-saferedirecturl=\"https:\/\/www.google.com\/url?q=https:\/\/afadib.wordpress.com\/extraescolars\/dansa\/&amp;source=gmail&amp;ust=1757257512497000&amp;usg=AOvVaw2dLnjEDoABWOzDj3CPnSiT\">Dansa<\/a><\/li>\n<li><a href=\"https:\/\/afadib.wordpress.com\/introduccio-al-disseny-de-videojocs\/\" target=\"_blank\" rel=\"noreferrer noopener\" data-saferedirecturl=\"https:\/\/www.google.com\/url?q=https:\/\/afadib.wordpress.com\/introduccio-al-disseny-de-videojocs\/&amp;source=gmail&amp;ust=1757257512497000&amp;usg=AOvVaw0kafef0p8IOXsyMRTTpJmf\">Introducci\u00f3 disseny videojocs<\/a><\/li>\n<li><a href=\"https:\/\/afadib.wordpress.com\/invents\/\" target=\"_blank\" rel=\"noopener\" data-saferedirecturl=\"https:\/\/www.google.com\/url?q=https:\/\/afadib.wordpress.com\/invents\/&amp;source=gmail&amp;ust=1757257512497000&amp;usg=AOvVaw3x9_QD5E7E9sNXeL_b4YbV\">Invents<\/a><\/li>\n<li><a href=\"https:\/\/afadib.wordpress.com\/extraescolars\/escacs\/\" target=\"_blank\" rel=\"noreferrer noopener\" data-saferedirecturl=\"https:\/\/www.google.com\/url?q=https:\/\/afadib.wordpress.com\/extraescolars\/escacs\/&amp;source=gmail&amp;ust=1757257512497000&amp;usg=AOvVaw1SrkPegruX9duHhDV5-R1f\">Escacs<\/a><\/li>\n<li><a href=\"https:\/\/afadib.wordpress.com\/extraescolars\/fem-lindi\/\" target=\"_blank\" rel=\"noreferrer noopener\" data-saferedirecturl=\"https:\/\/www.google.com\/url?q=https:\/\/afadib.wordpress.com\/extraescolars\/fem-lindi\/&amp;source=gmail&amp;ust=1757257512497000&amp;usg=AOvVaw0tcrMvLYkmOPqjISs6baDf\">Storytelling<\/a><\/li>\n<li><a href=\"https:\/\/afadib.wordpress.com\/extraescolars\/futbol-sala\/\" target=\"_blank\" rel=\"noreferrer noopener\" data-saferedirecturl=\"https:\/\/www.google.com\/url?q=https:\/\/afadib.wordpress.com\/extraescolars\/futbol-sala\/&amp;source=gmail&amp;ust=1757257512497000&amp;usg=AOvVaw3PMUVNx4zEB09cQ9DUFSwu\">Futbol Sala<\/a><\/li>\n<li><a href=\"https:\/\/afadib.wordpress.com\/extraescolars\/judo\/\" target=\"_blank\" rel=\"noreferrer noopener\" data-saferedirecturl=\"https:\/\/www.google.com\/url?q=https:\/\/afadib.wordpress.com\/extraescolars\/judo\/&amp;source=gmail&amp;ust=1757257512497000&amp;usg=AOvVaw3mak7I1NcJPHhLjUJ6_chj\">Judo<\/a><\/li>\n<li><a href=\"https:\/\/afadib.wordpress.com\/multiesport\/\" target=\"_blank\" rel=\"noreferrer noopener\" data-saferedirecturl=\"https:\/\/www.google.com\/url?q=https:\/\/afadib.wordpress.com\/multiesport\/&amp;source=gmail&amp;ust=1757257512497000&amp;usg=AOvVaw2s_2gHkVvsOrncVPVKrdLG\">Multiesport<\/a><\/li>\n<li><a href=\"https:\/\/afadib.wordpress.com\/extraescolars\/musica\/\" target=\"_blank\" rel=\"noreferrer noopener\" data-saferedirecturl=\"https:\/\/www.google.com\/url?q=https:\/\/afadib.wordpress.com\/extraescolars\/musica\/&amp;source=gmail&amp;ust=1757257512497000&amp;usg=AOvVaw1F2Rd-sdqkJUCOdziNjElV\">M\u00fasica<\/a><\/li>\n<li><a href=\"https:\/\/afadib.wordpress.com\/extraescolars\/patinatge\/\" target=\"_blank\" rel=\"noreferrer noopener\" data-saferedirecturl=\"https:\/\/www.google.com\/url?q=https:\/\/afadib.wordpress.com\/extraescolars\/patinatge\/&amp;source=gmail&amp;ust=1757257512497000&amp;usg=AOvVaw1YdH8kaVuOL7FusuMjXarv\">Patinatge<\/a><\/li>\n<li><a href=\"https:\/\/afadib.wordpress.com\/extraescolars\/plastica\/\" target=\"_blank\" rel=\"noreferrer noopener\" data-saferedirecturl=\"https:\/\/www.google.com\/url?q=https:\/\/afadib.wordpress.com\/extraescolars\/plastica\/&amp;source=gmail&amp;ust=1757257512497000&amp;usg=AOvVaw15IQ4o4TcNOhMs3MusHZEk\">Pl\u00e0stica<\/a><\/li>\n<li><a href=\"https:\/\/afadib.wordpress.com\/extraescolars\/piscina\/\" target=\"_blank\" rel=\"noreferrer noopener\" data-saferedirecturl=\"https:\/\/www.google.com\/url?q=https:\/\/afadib.wordpress.com\/extraescolars\/piscina\/&amp;source=gmail&amp;ust=1757257512497000&amp;usg=AOvVaw1f6fZQ2_codp2Al3VXOmal\">Piscina\u00a0<\/a><\/li>\n<li><a href=\"https:\/\/afadib.wordpress.com\/extraescolars\/robotica\/\" target=\"_blank\" rel=\"noreferrer noopener\" data-saferedirecturl=\"https:\/\/www.google.com\/url?q=https:\/\/afadib.wordpress.com\/extraescolars\/robotica\/&amp;source=gmail&amp;ust=1757257512497000&amp;usg=AOvVaw0nVU8pzaz6Ona70neI9HvW\">Rob\u00f2tica<\/a><\/li>\n<li><a href=\"https:\/\/afadib.wordpress.com\/teatre\/\" target=\"_blank\" rel=\"noreferrer noopener\" data-saferedirecturl=\"https:\/\/www.google.com\/url?q=https:\/\/afadib.wordpress.com\/teatre\/&amp;source=gmail&amp;ust=1757257512497000&amp;usg=AOvVaw289xqRbnZlmn3_6WEeONpL\">Fem musicals &#8211; Teatre<\/a><\/li>\n<li><a href=\"https:\/\/afadib.wordpress.com\/reforc-escolar\/\" target=\"_blank\" rel=\"noreferrer noopener\" data-saferedirecturl=\"https:\/\/www.google.com\/url?q=https:\/\/afadib.wordpress.com\/reforc-escolar\/&amp;source=gmail&amp;ust=1757257512497000&amp;usg=AOvVaw0RBYfoR0wJWkCK61REx2Cl\">Refor\u00e7 escolar<\/a><\/li>\n<\/ul>\n<p><strong>INSCRIPCIONS I PAGAMENTS<\/strong><br \/>\nTot el proc\u00e9s d\u2019inscripci\u00f3 es troba en\u00a0<a href=\"https:\/\/afadib.wordpress.com\/extraescolars\/inscripcions-2\/\" target=\"_blank\" rel=\"noopener\" data-saferedirecturl=\"https:\/\/www.google.com\/url?q=https:\/\/afadib.wordpress.com\/extraescolars\/inscripcions-2\/&amp;source=gmail&amp;ust=1757257512497000&amp;usg=AOvVaw0WJH8jniC8fvtPZwGy7sBo\">aquest enlla\u00e7<\/a>.<\/p>\n<h2><span style=\"font-size: small;\">AFA<\/span><\/h2>\n<p><strong>Per poder accedir a les activitats extraescolars \u00e9s imprescindible ser soci\/a de l\u2019AFA.<\/strong><\/p>\n<p>Els preus de la quota anual s\u00f3n:<br \/>\n1 fill\/a: 59 \u20ac<br \/>\n2n fill\/a: 45 \u20ac<br \/>\n3r fill\/a: 29 \u20ac<\/p>\n<p>El pagament de la quota de l\u2019AFA es fa a trav\u00e9s de l\u2019app durant amb\u00a0<strong>data l\u00edmit el 4 de setembre<\/strong>.<\/p>\n<h2><span style=\"font-size: small;\">Puc demanar una beca?<\/span><\/h2>\n<p>S\u00ed. Cada curs s\u2019obre una Convocat\u00f2ria de subvencions destinades a les activitats extraescolars esportives (<a href=\"https:\/\/www.plaesportescolarbcn.cat\/ca\/subvencions-efhe_302069\" target=\"_blank\" rel=\"noopener\" data-saferedirecturl=\"https:\/\/www.google.com\/url?q=https:\/\/www.plaesportescolarbcn.cat\/ca\/subvencions-efhe_302069&amp;source=gmail&amp;ust=1757257512497000&amp;usg=AOvVaw2mIX9fD-Z3ckb0lVA7U8H5\">enlla\u00e7<\/a>) i Convocat\u00f2ria de subvencions destinades a les activitats extraescolars culturals, art\u00edstiques, cient\u00edfiques i tecnol\u00f2giques.(<a href=\"https:\/\/ajuntament.barcelona.cat\/tardeseducatives\/es\" target=\"_blank\" rel=\"noopener\" data-saferedirecturl=\"https:\/\/www.google.com\/url?q=https:\/\/ajuntament.barcelona.cat\/tardeseducatives\/es&amp;source=gmail&amp;ust=1757257512497000&amp;usg=AOvVaw0UpcDi7Nq9RxcnCUIojNAy\">enlla\u00e7<\/a>)<\/p>\n<h2><span style=\"font-size: small;\">Si renovo la meva inscripci\u00f3 tinc la pla\u00e7a assegurada?<\/span><\/h2>\n<p>Els alumnes que renovin la inscripci\u00f3 d\u2019una extraescolar d\u2019un curs a un altre tenen prefer\u00e8ncia en l\u2019adjudicaci\u00f3 de places.<\/p>\n<h2><span style=\"font-size: small;\">Si no hi ha places suficients?<\/span><\/h2>\n<p>En el cas que se superi el\u00a0nombre m\u00e0xim d\u2019alumnes, es realitzar\u00e0 un sorteig que decidir\u00e0 a qui se li adjudica la pla\u00e7a disponible.<\/p>\n<h2 id=\"m_3683872869974358551m_-8941177821653421073gmail-si-no-hi-ha-alumnes-inscrits-suficients\"><span style=\"font-size: small;\">Si no hi ha alumnes inscrits suficients?<\/span><\/h2>\n<p>La realitzaci\u00f3 de qualsevol d\u2019aquestes activitats queda condicionada al nombre d\u2019alumnes inscrits. Si aquests no arribessin al m\u00ednim necessari, l\u2019activitat no es podr\u00e0 fer.<\/p>\n<h2 id=\"m_3683872869974358551m_-8941177821653421073em-vull-donar-de-baixa\"><span style=\"font-size: small;\">Em vull donar de baixa<\/span><\/h2>\n<p>La baixa de l\u2019activitat per al trimestre seg\u00fcent, s\u2019haur\u00e0 de notificar, com a m\u00ednim, quinze dies abans de\u00a0finalitzar el trimestre en curs. Els pagaments s\u00f3n trimestrals i en cap cas es retornar\u00e0 l\u2019import del\u00a0trimestre en curs en cas de baixa.<\/p>\n<p>Si l\u2019alumne no pot assistir a una classe de qualsevol de les activitats en les quals estigui inscrit, preguem que ho notifiqui al tutor\/a o a <a href=\"mailto:escolatectum@gmail.com\" target=\"_blank\" rel=\"noopener\">escolatectum@gmail.com<\/a><\/p>\n<h2><span style=\"font-size: small;\">T\u2019ha quedat algun dubte?<\/span><\/h2>\n<p>No dubtis a escriure un email a\u00a0<a href=\"mailto:escolatectum@gmail.com\" target=\"_blank\" rel=\"noopener\">escolatectum@gmail.com<\/a><\/p>\n<p><strong>\u00c9S IMPORTANT RESPECTAR ELS TERMINIS I ESTAR PENDENTS DE LES COMUNICACIONS PER TAL DE GARANTIR LA PARTICIPACI\u00d3 DELS INFANTS<br \/>\nA LES ACTIVITATS<\/strong><\/p>\n<\/div>\n<\/div>\n<div>\n<div class=\"gmail_signature\" dir=\"ltr\" data-smartmail=\"gmail_signature\">\n<div dir=\"ltr\">\n<div>\n<\/div>\n<\/div>\n<\/div>\n<\/div>\n","protected":false},"excerpt":{"rendered":"<p><a href=\"https:\/\/afadib.wordpress.com\/extraescolars\/inscripcions-2\/\" target=\"_blank\" rel=\"noopener\" data-saferedirecturl=\"https:\/\/www.google.com\/url?q=https:\/\/afadib.wordpress.com\/extraescolars\/inscripcions-2\/&amp;source=gmail&amp;ust=1757257512497000&amp;usg=AOvVaw0WJH8jniC8fvtPZwGy7sBo\">Inscripcions aqu\u00ed<\/a><\/p>\n<p>Aquest curs hem decidit canviar el model de gesti\u00f3 de les activitats extraescolars. A partir d\u2019ara, tota la gesti\u00f3 passar\u00e0 a estar a c\u00e0rrec de l\u2019Escola d\u2019Arts Tectum.<br \/>\nHem pres aquesta decisi\u00f3 amb l\u2019objectiu de millorar la gesti\u00f3 de les activitats&hellip;  <a href=\"https:\/\/agora.xtec.cat\/ceipduranibas\/serveis-2\/activitats-extraescolars\/\" title=\"Read Activitats extraescolars\">Llegeix m\u00e9s\u00bb<\/a><\/p>\n","protected":false},"author":1,"featured_media":0,"parent":987,"menu_order":60,"comment_status":"closed","ping_status":"closed","template":"","meta":{"_bbp_topic_count":0,"_bbp_reply_count":0,"_bbp_total_topic_count":0,"_bbp_total_reply_count":0,"_bbp_voice_count":0,"_bbp_anonymous_reply_count":0,"_bbp_topic_count_hidden":0,"_bbp_reply_count_hidden":0,"_bbp_forum_subforum_count":0,"footnotes":""},"class_list":["post-84","page","type-page","status-publish","hentry"],"post_mailing_queue_ids":[],"_links":{"self":[{"href":"https:\/\/agora.xtec.cat\/ceipduranibas\/wp-json\/wp\/v2\/pages\/84","targetHints":{"allow":["GET"]}}],"collection":[{"href":"https:\/\/agora.xtec.cat\/ceipduranibas\/wp-json\/wp\/v2\/pages"}],"about":[{"href":"https:\/\/agora.xtec.cat\/ceipduranibas\/wp-json\/wp\/v2\/types\/page"}],"author":[{"embeddable":true,"href":"https:\/\/agora.xtec.cat\/ceipduranibas\/wp-json\/wp\/v2\/users\/1"}],"replies":[{"embeddable":true,"href":"https:\/\/agora.xtec.cat\/ceipduranibas\/wp-json\/wp\/v2\/comments?post=84"}],"version-history":[{"count":6,"href":"https:\/\/agora.xtec.cat\/ceipduranibas\/wp-json\/wp\/v2\/pages\/84\/revisions"}],"predecessor-version":[{"id":5082,"href":"https:\/\/agora.xtec.cat\/ceipduranibas\/wp-json\/wp\/v2\/pages\/84\/revisions\/5082"}],"up":[{"embeddable":true,"href":"https:\/\/agora.xtec.cat\/ceipduranibas\/wp-json\/wp\/v2\/pages\/987"}],"wp:attachment":[{"href":"https:\/\/agora.xtec.cat\/ceipduranibas\/wp-json\/wp\/v2\/media?parent=84"}],"curies":[{"name":"wp","href":"https:\/\/api.w.org\/{rel}","templated":true}]}}