{"id":1908,"date":"2022-11-22T16:38:59","date_gmt":"2022-11-22T15:38:59","guid":{"rendered":"https:\/\/agora.xtec.cat\/ceipduranibas\/?page_id=1908"},"modified":"2022-11-22T16:38:59","modified_gmt":"2022-11-22T15:38:59","slug":"historia","status":"publish","type":"page","link":"https:\/\/agora.xtec.cat\/ceipduranibas\/lescola-ii\/historia\/","title":{"rendered":"Hist\u00f2ria"},"content":{"rendered":"<p>L\u2019escola Duran i Bas es troba al districte de Les Corts, on antigament hi havia la masia de Can Gaspar\u00f3 que abra\u00e7ava tamb\u00e9 part del Parc de les Infantes. La masia era una torre que va ser donada per a l\u2019atenci\u00f3 a la infantesa.<\/p>\n<figure class=\"figure wp-caption alignleft\"><a href=\"https:\/\/agora.xtec.cat\/ceipduranibas\/wp-content\/uploads\/usu2643\/2022\/11\/masia-gasparo.png\"><img loading=\"lazy\" decoding=\"async\" class=\"wp-image-1837\" src=\"https:\/\/agora.xtec.cat\/ceipduranibas\/wp-content\/uploads\/usu2643\/2022\/11\/masia-gasparo.png\" alt=\"\" width=\"363\" height=\"244\" srcset=\"https:\/\/agora.xtec.cat\/ceipduranibas\/wp-content\/uploads\/usu2643\/2022\/11\/masia-gasparo.png 420w, https:\/\/agora.xtec.cat\/ceipduranibas\/wp-content\/uploads\/usu2643\/2022\/11\/masia-gasparo-300x201.png 300w\" sizes=\"auto, (max-width: 363px) 100vw, 363px\" \/><\/a><figcaption class=\"wp-caption-text\">*1956.- Vista de l&#8217;edifici amb la capella situada en un dels extrems.<\/figcaption><\/figure>\n<p style=\"text-align: justify;\">La fam\u00edlia Cuy\u00e0s, va jugar un important paper de mecenes i motor de les activitats que es desenvolupaven en el poble de Les Corts, i va contribuir a la creaci\u00f3 del nou municipi segregat del de Sarri\u00e0. La seva casa estava formada per tres plantes, a m\u00e9s de pavellons per al garatge, cotxera i quadres. L\u2019edifici original, de forma rectangular, tenia adossada a l\u2019est la petita capella on es podia llegir la inscripci\u00f3 de la data de la seva construcci\u00f3: \u201cAny 1775\u2033. A la banda contr\u00e0ria es va edificar una torre quadrada amb coberta piramidal de teula i coronada per un alt panell. La fa\u00e7ana s\u2019ordenava amb balcons, finestres i galeria de finestres a les golfes, tot en un marcat estil neog\u00f2tic.<\/p>\n<p style=\"text-align: justify;\">Bona part dels jardins i horts de Can Gaspar\u00f3 es van transformar en jardins p\u00fablics. Despr\u00e9s de diferents litigis, l\u2019Ajuntament va comprar Can Gaspar\u00f3 l&#8217;any 1934 i l&#8217;antiga masia i els seus annexos van acollir l&#8217;Escola P\u00fablica Duran i Bas promoguda dins la Campanya Pro-Escoles,<span style=\"font-family: inherit; font-size: 1em;\"> en la que van participar totes les forces pol\u00edtiques de Les Corts.<\/span><\/p>\n<p>&nbsp;<\/p>\n<p><span style=\"font-family: inherit; font-size: 1em;\"><img loading=\"lazy\" decoding=\"async\" class=\"size-full wp-image-1843 alignright\" src=\"https:\/\/agora.xtec.cat\/ceipduranibas\/wp-content\/uploads\/usu2643\/2022\/11\/08002681.jpeg\" alt=\"\" width=\"345\" height=\"183\" srcset=\"https:\/\/agora.xtec.cat\/ceipduranibas\/wp-content\/uploads\/usu2643\/2022\/11\/08002681.jpeg 345w, https:\/\/agora.xtec.cat\/ceipduranibas\/wp-content\/uploads\/usu2643\/2022\/11\/08002681-300x159.jpeg 300w\" sizes=\"auto, (max-width: 345px) 100vw, 345px\" \/><\/span><\/p>\n<p style=\"text-align: justify;\"><span style=\"font-family: inherit; font-size: 1em;\">Durant els anys setanta, les necessitats de noves places escolars van aconsellar l\u2019enderroc i la construcci\u00f3 d\u2019un nou bast\u00ed, l\u2019actual Escola Duran i Bas. L\u2019edifici actual \u00e9s obra de Bonaventura Bassegoda Nonell.\u00a0 <\/span><\/p>\n<p><span style=\"font-family: inherit; font-size: 1em;\">El gener de 1974,<\/span> va ser inaugurat per l&#8217;alcalde Enrique Mass\u00f3 V\u00e1zquez, el modern Grup Escolar Duran i Bas.<\/p>\n<p>&nbsp;<\/p>\n<p>&nbsp;<\/p>\n<p>&nbsp;<\/p>\n<p>*<span style=\"font-family: inherit; font-size: 1em;\">(Foto: Ant\u00f2nia Estruch i Piera. Arxiu Municipal del Districte de Les Corts)<\/span><\/p>\n","protected":false},"excerpt":{"rendered":"<p>L\u2019escola Duran i Bas es troba al districte de Les Corts, on antigament hi havia la masia de Can Gaspar\u00f3 que abra\u00e7ava tamb\u00e9 part del Parc de les Infantes. La masia era una torre que va ser donada per a l\u2019atenci\u00f3 a la infantesa.<br \/>\n<a href=\"https:\/\/agora.xtec.cat\/ceipduranibas\/wp-content\/uploads\/usu2643\/2022\/11\/masia-gasparo.png\"><\/a>*1956.-&hellip;  <a href=\"https:\/\/agora.xtec.cat\/ceipduranibas\/lescola-ii\/historia\/\" title=\"Read Hist\u00f2ria\">Llegeix m\u00e9s\u00bb<\/a><\/p>\n","protected":false},"author":1,"featured_media":0,"parent":954,"menu_order":0,"comment_status":"closed","ping_status":"closed","template":"page-templates\/side-menu.php","meta":{"_bbp_topic_count":0,"_bbp_reply_count":0,"_bbp_total_topic_count":0,"_bbp_total_reply_count":0,"_bbp_voice_count":0,"_bbp_anonymous_reply_count":0,"_bbp_topic_count_hidden":0,"_bbp_reply_count_hidden":0,"_bbp_forum_subforum_count":0,"footnotes":""},"class_list":["post-1908","page","type-page","status-publish","hentry"],"post_mailing_queue_ids":[],"_links":{"self":[{"href":"https:\/\/agora.xtec.cat\/ceipduranibas\/wp-json\/wp\/v2\/pages\/1908","targetHints":{"allow":["GET"]}}],"collection":[{"href":"https:\/\/agora.xtec.cat\/ceipduranibas\/wp-json\/wp\/v2\/pages"}],"about":[{"href":"https:\/\/agora.xtec.cat\/ceipduranibas\/wp-json\/wp\/v2\/types\/page"}],"author":[{"embeddable":true,"href":"https:\/\/agora.xtec.cat\/ceipduranibas\/wp-json\/wp\/v2\/users\/1"}],"replies":[{"embeddable":true,"href":"https:\/\/agora.xtec.cat\/ceipduranibas\/wp-json\/wp\/v2\/comments?post=1908"}],"version-history":[{"count":2,"href":"https:\/\/agora.xtec.cat\/ceipduranibas\/wp-json\/wp\/v2\/pages\/1908\/revisions"}],"predecessor-version":[{"id":1910,"href":"https:\/\/agora.xtec.cat\/ceipduranibas\/wp-json\/wp\/v2\/pages\/1908\/revisions\/1910"}],"up":[{"embeddable":true,"href":"https:\/\/agora.xtec.cat\/ceipduranibas\/wp-json\/wp\/v2\/pages\/954"}],"wp:attachment":[{"href":"https:\/\/agora.xtec.cat\/ceipduranibas\/wp-json\/wp\/v2\/media?parent=1908"}],"curies":[{"name":"wp","href":"https:\/\/api.w.org\/{rel}","templated":true}]}}