{"id":1393,"date":"2022-05-18T15:59:54","date_gmt":"2022-05-18T13:59:54","guid":{"rendered":"https:\/\/agora.xtec.cat\/ceipduranibas\/?page_id=1393"},"modified":"2025-06-28T09:06:41","modified_gmt":"2025-06-28T07:06:41","slug":"estrategia-digital-de-centre","status":"publish","type":"page","link":"https:\/\/agora.xtec.cat\/ceipduranibas\/estrategia-digital-de-centre\/","title":{"rendered":"Estrat\u00e8gia Digital de Centre"},"content":{"rendered":"\n<p>L\u2019Estrat\u00e8gia Digital de Centre (EDC) \u00e9s el document que defineix, concreta i recull totes les accions que es realitzen al centre per aconseguir la m\u00e0xima compet\u00e8ncia digital de l\u2019alumnat, del professorat i del centre educatiu.&nbsp;<\/p>\n\n\n\n<p>T\u00e9 com a referent el Pla d\u2019educaci\u00f3 digital de Catalunya (PEDC), on s\u2019indica la necessitat d\u2019assolir la fita d\u2019una societat digitalment competent, fent \u00e8mfasi en l\u2019equitat i tenint en compte l\u2019evoluci\u00f3 del context social i tecnol\u00f2gic.<\/p>\n\n\n\n<p>L\u2019estrat\u00e8gia Digital de Centre est\u00e0 formada per dues parts:<\/p>\n\n\n\n<figure class=\"wp-block-table is-style-stripes has-medium-font-size\"><table class=\"has-fixed-layout\"><tbody><tr><td class=\"has-text-align-center\" data-align=\"center\"><a href=\"https:\/\/agora.xtec.cat\/ceipduranibas\/estrategia-digital-de-centre-2\/part-estrategica\/\"><strong>PART ESTRAT\u00c8GICA<\/strong><\/a><\/td><td class=\"has-text-align-center\" data-align=\"center\"><a href=\"https:\/\/agora.xtec.cat\/ceipduranibas\/estrategia-digital-de-centre-2\/cultura-digital\/\"><strong>CULTURA DIGITAL<\/strong><\/a><\/td><\/tr><tr><td class=\"has-text-align-center\" data-align=\"center\">Diagnosi<br>Objectius<br>Planificaci\u00f3 i seguiment<br>Avaluaci\u00f3 i millora<\/td><td class=\"has-text-align-center\" data-align=\"center\">Normativa<br>Comunicaci\u00f3 amb la comunitat educativa<br>Acolliment digital<br>Serveis i recursos digitals<\/td><\/tr><\/tbody><\/table><\/figure>\n","protected":false},"excerpt":{"rendered":"<p>L\u2019Estrat\u00e8gia Digital de Centre (EDC) \u00e9s el document que defineix, concreta i recull totes les accions que es realitzen al centre per aconseguir la m\u00e0xima compet\u00e8ncia digital de l\u2019alumnat, del professorat i del centre educatiu.&nbsp;<\/p>\n<p>T\u00e9 com a referent el Pla d\u2019educaci\u00f3 digital de Catalunya (PEDC),&hellip;  <a href=\"https:\/\/agora.xtec.cat\/ceipduranibas\/estrategia-digital-de-centre\/\" title=\"Read Estrat\u00e8gia Digital de Centre\">Llegeix m\u00e9s\u00bb<\/a><\/p>\n","protected":false},"author":1,"featured_media":0,"parent":0,"menu_order":0,"comment_status":"closed","ping_status":"closed","template":"","meta":{"_bbp_topic_count":0,"_bbp_reply_count":0,"_bbp_total_topic_count":0,"_bbp_total_reply_count":0,"_bbp_voice_count":0,"_bbp_anonymous_reply_count":0,"_bbp_topic_count_hidden":0,"_bbp_reply_count_hidden":0,"_bbp_forum_subforum_count":0,"footnotes":""},"class_list":["post-1393","page","type-page","status-publish","hentry"],"post_mailing_queue_ids":[],"_links":{"self":[{"href":"https:\/\/agora.xtec.cat\/ceipduranibas\/wp-json\/wp\/v2\/pages\/1393","targetHints":{"allow":["GET"]}}],"collection":[{"href":"https:\/\/agora.xtec.cat\/ceipduranibas\/wp-json\/wp\/v2\/pages"}],"about":[{"href":"https:\/\/agora.xtec.cat\/ceipduranibas\/wp-json\/wp\/v2\/types\/page"}],"author":[{"embeddable":true,"href":"https:\/\/agora.xtec.cat\/ceipduranibas\/wp-json\/wp\/v2\/users\/1"}],"replies":[{"embeddable":true,"href":"https:\/\/agora.xtec.cat\/ceipduranibas\/wp-json\/wp\/v2\/comments?post=1393"}],"version-history":[{"count":5,"href":"https:\/\/agora.xtec.cat\/ceipduranibas\/wp-json\/wp\/v2\/pages\/1393\/revisions"}],"predecessor-version":[{"id":5031,"href":"https:\/\/agora.xtec.cat\/ceipduranibas\/wp-json\/wp\/v2\/pages\/1393\/revisions\/5031"}],"wp:attachment":[{"href":"https:\/\/agora.xtec.cat\/ceipduranibas\/wp-json\/wp\/v2\/media?parent=1393"}],"curies":[{"name":"wp","href":"https:\/\/api.w.org\/{rel}","templated":true}]}}