{"id":1176,"date":"2022-03-04T11:43:05","date_gmt":"2022-03-04T10:43:05","guid":{"rendered":"https:\/\/agora.xtec.cat\/ceipduranibas\/?page_id=1176"},"modified":"2023-02-22T15:32:28","modified_gmt":"2023-02-22T14:32:28","slug":"preinscripcio","status":"publish","type":"page","link":"https:\/\/agora.xtec.cat\/ceipduranibas\/informacio-families\/preinscripcio\/","title":{"rendered":"Matriculaci\u00f3"},"content":{"rendered":"<p>&nbsp;<\/p>\n<h5><span style=\"font-size: medium;\"><b>DOCUMENTACI\u00d3 A APORTAR AL CENTRE EDUCATIU<\/b><\/span><\/h5>\n<p>Cal diferenciar si la matr\u00edcula es produeix com a resultat del proc\u00e9s de preinscripci\u00f3 o no s\u2019ha pogut fer dins del proc\u00e9s (per exemple: un trasllat familiar des d\u2019una altra ciutat al desembre).<\/p>\n<h4><span style=\"font-size: medium;\"><b>DOCUMENTACI\u00d3 NECESS\u00c0RIA EN EL CAS D\u2019UNA MATRICULA RESULTANT DEL PROC\u00c9S DE PREINSCRIPCI\u00d3<\/b><\/span><\/h4>\n<ul>\n<li>1 foto tipus carnet.<\/li>\n<li>Targeta sanit\u00e0ria.<\/li>\n<li>Carnet o llibre de vacunacions.<\/li>\n<\/ul>\n<h4><span style=\"font-size: medium;\"><b>DOCUMENTACI\u00d3 NECESS\u00c0RIA PER MATRICULAR FORA DEL PER\u00cdODE DE PREINSCRIPCI\u00d3<\/b><\/span><\/h4>\n<p>Un cop que el Consorci d\u2019Educaci\u00f3 de Barcelona us hagi assignat al nostre centre caldr\u00e0 aportar:<\/p>\n<ul>\n<li>Document d\u2019identitat de l\u2019alumne\/a (si en t\u00e9).<\/li>\n<li>Documents d\u2019identitat de pare\/mare\/tutor legal.<\/li>\n<li>Llibre de fam\u00edlia, o en cas de no tenir-ne, certificat de naixement.<\/li>\n<li>1 foto tipus carnet.<\/li>\n<li>Targeta sanit\u00e0ria.<\/li>\n<li>Carnet o llibre de vacunacions.<\/li>\n<\/ul>\n<h2><\/h2>\n<h6 style=\"text-align: center;\"><\/h6>\n","protected":false},"excerpt":{"rendered":"<p>&nbsp;<br \/>\nDOCUMENTACI\u00d3 A APORTAR AL CENTRE EDUCATIU<br \/>\nCal diferenciar si la matr\u00edcula es produeix com a resultat del proc\u00e9s de preinscripci\u00f3 o no s\u2019ha pogut fer dins del proc\u00e9s (per exemple: un trasllat familiar des d\u2019una altra ciutat al desembre).<br \/>\nDOCUMENTACI\u00d3 NECESS\u00c0RIA EN EL CAS D\u2019UNA MATRICULA RESULTANT&hellip;  <a href=\"https:\/\/agora.xtec.cat\/ceipduranibas\/informacio-families\/preinscripcio\/\" title=\"Read Matriculaci\u00f3\">Llegeix m\u00e9s\u00bb<\/a><\/p>\n","protected":false},"author":1,"featured_media":0,"parent":1709,"menu_order":70,"comment_status":"closed","ping_status":"closed","template":"page-templates\/side-menu.php","meta":{"_bbp_topic_count":0,"_bbp_reply_count":0,"_bbp_total_topic_count":0,"_bbp_total_reply_count":0,"_bbp_voice_count":0,"_bbp_anonymous_reply_count":0,"_bbp_topic_count_hidden":0,"_bbp_reply_count_hidden":0,"_bbp_forum_subforum_count":0,"footnotes":""},"class_list":["post-1176","page","type-page","status-publish","hentry"],"post_mailing_queue_ids":[],"_links":{"self":[{"href":"https:\/\/agora.xtec.cat\/ceipduranibas\/wp-json\/wp\/v2\/pages\/1176","targetHints":{"allow":["GET"]}}],"collection":[{"href":"https:\/\/agora.xtec.cat\/ceipduranibas\/wp-json\/wp\/v2\/pages"}],"about":[{"href":"https:\/\/agora.xtec.cat\/ceipduranibas\/wp-json\/wp\/v2\/types\/page"}],"author":[{"embeddable":true,"href":"https:\/\/agora.xtec.cat\/ceipduranibas\/wp-json\/wp\/v2\/users\/1"}],"replies":[{"embeddable":true,"href":"https:\/\/agora.xtec.cat\/ceipduranibas\/wp-json\/wp\/v2\/comments?post=1176"}],"version-history":[{"count":3,"href":"https:\/\/agora.xtec.cat\/ceipduranibas\/wp-json\/wp\/v2\/pages\/1176\/revisions"}],"predecessor-version":[{"id":2236,"href":"https:\/\/agora.xtec.cat\/ceipduranibas\/wp-json\/wp\/v2\/pages\/1176\/revisions\/2236"}],"up":[{"embeddable":true,"href":"https:\/\/agora.xtec.cat\/ceipduranibas\/wp-json\/wp\/v2\/pages\/1709"}],"wp:attachment":[{"href":"https:\/\/agora.xtec.cat\/ceipduranibas\/wp-json\/wp\/v2\/media?parent=1176"}],"curies":[{"name":"wp","href":"https:\/\/api.w.org\/{rel}","templated":true}]}}