{"id":1160,"date":"2022-03-01T10:29:06","date_gmt":"2022-03-01T09:29:06","guid":{"rendered":"https:\/\/agora.xtec.cat\/ceipduranibas\/?page_id=1160"},"modified":"2023-12-21T22:50:32","modified_gmt":"2023-12-21T21:50:32","slug":"serveis-digitals","status":"publish","type":"page","link":"https:\/\/agora.xtec.cat\/ceipduranibas\/informacio-families\/serveis-digitals\/","title":{"rendered":"Serveis digitals"},"content":{"rendered":"<h3>Dinantia \u00e9s la nostra via de comunicaci\u00f3 entre fam\u00edlia i escola.<\/h3>\n<p><a href=\"https:\/\/www.dinantia.com\/es\/\"><img loading=\"lazy\" decoding=\"async\" class=\"wp-image-943 aligncenter\" src=\"https:\/\/agora.xtec.cat\/ceipduranibas\/wp-content\/uploads\/usu2643\/2022\/01\/din-1024x538.png\" alt=\"\" width=\"287\" height=\"151\" \/><\/a><\/p>\n<h3>Per veure l&#8217;actualitat de l&#8217;escola, seguiu-nos a les nostres xarxes socials!<\/h3>\n<p><a href=\"https:\/\/www.instagram.com\/escoladuranibas\/\"><img loading=\"lazy\" decoding=\"async\" class=\"wp-image-941 aligncenter\" src=\"https:\/\/agora.xtec.cat\/ceipduranibas\/wp-content\/uploads\/usu2643\/2022\/01\/insta.png\" alt=\"\" width=\"136\" height=\"136\" srcset=\"https:\/\/agora.xtec.cat\/ceipduranibas\/wp-content\/uploads\/usu2643\/2022\/01\/insta.png 1000w, https:\/\/agora.xtec.cat\/ceipduranibas\/wp-content\/uploads\/usu2643\/2022\/01\/insta-300x300.png 300w, https:\/\/agora.xtec.cat\/ceipduranibas\/wp-content\/uploads\/usu2643\/2022\/01\/insta-150x150.png 150w, https:\/\/agora.xtec.cat\/ceipduranibas\/wp-content\/uploads\/usu2643\/2022\/01\/insta-768x768.png 768w\" sizes=\"auto, (max-width: 136px) 100vw, 136px\" \/><\/a><a href=\"https:\/\/twitter.com\/EscolaDuraniBas\"><img loading=\"lazy\" decoding=\"async\" class=\"alignnone wp-image-942 aligncenter\" src=\"https:\/\/agora.xtec.cat\/ceipduranibas\/wp-content\/uploads\/usu2643\/2022\/01\/twi-1024x842.png\" alt=\"\" width=\"162\" height=\"133\" srcset=\"https:\/\/agora.xtec.cat\/ceipduranibas\/wp-content\/uploads\/usu2643\/2022\/01\/twi-1024x842.png 1024w, https:\/\/agora.xtec.cat\/ceipduranibas\/wp-content\/uploads\/usu2643\/2022\/01\/twi-300x247.png 300w, https:\/\/agora.xtec.cat\/ceipduranibas\/wp-content\/uploads\/usu2643\/2022\/01\/twi-768x632.png 768w, https:\/\/agora.xtec.cat\/ceipduranibas\/wp-content\/uploads\/usu2643\/2022\/01\/twi.png 1200w\" sizes=\"auto, (max-width: 162px) 100vw, 162px\" \/><\/a><\/p>\n<p>&nbsp;<\/p>\n","protected":false},"excerpt":{"rendered":"<p>Dinantia \u00e9s la nostra via de comunicaci\u00f3 entre fam\u00edlia i escola.<br \/>\n<a href=\"https:\/\/www.dinantia.com\/es\/\"><\/a><br \/>\nPer veure l&#8217;actualitat de l&#8217;escola, seguiu-nos a les nostres xarxes socials!<br \/>\n<a href=\"https:\/\/www.instagram.com\/escoladuranibas\/\"><\/a><a href=\"https:\/\/twitter.com\/EscolaDuraniBas\"><\/a><br \/>\n&nbsp;<\/p>\n","protected":false},"author":1,"featured_media":0,"parent":1709,"menu_order":99,"comment_status":"closed","ping_status":"closed","template":"","meta":{"_bbp_topic_count":0,"_bbp_reply_count":0,"_bbp_total_topic_count":0,"_bbp_total_reply_count":0,"_bbp_voice_count":0,"_bbp_anonymous_reply_count":0,"_bbp_topic_count_hidden":0,"_bbp_reply_count_hidden":0,"_bbp_forum_subforum_count":0,"footnotes":""},"class_list":["post-1160","page","type-page","status-publish","hentry"],"post_mailing_queue_ids":[],"_links":{"self":[{"href":"https:\/\/agora.xtec.cat\/ceipduranibas\/wp-json\/wp\/v2\/pages\/1160","targetHints":{"allow":["GET"]}}],"collection":[{"href":"https:\/\/agora.xtec.cat\/ceipduranibas\/wp-json\/wp\/v2\/pages"}],"about":[{"href":"https:\/\/agora.xtec.cat\/ceipduranibas\/wp-json\/wp\/v2\/types\/page"}],"author":[{"embeddable":true,"href":"https:\/\/agora.xtec.cat\/ceipduranibas\/wp-json\/wp\/v2\/users\/1"}],"replies":[{"embeddable":true,"href":"https:\/\/agora.xtec.cat\/ceipduranibas\/wp-json\/wp\/v2\/comments?post=1160"}],"version-history":[{"count":1,"href":"https:\/\/agora.xtec.cat\/ceipduranibas\/wp-json\/wp\/v2\/pages\/1160\/revisions"}],"predecessor-version":[{"id":1161,"href":"https:\/\/agora.xtec.cat\/ceipduranibas\/wp-json\/wp\/v2\/pages\/1160\/revisions\/1161"}],"up":[{"embeddable":true,"href":"https:\/\/agora.xtec.cat\/ceipduranibas\/wp-json\/wp\/v2\/pages\/1709"}],"wp:attachment":[{"href":"https:\/\/agora.xtec.cat\/ceipduranibas\/wp-json\/wp\/v2\/media?parent=1160"}],"curies":[{"name":"wp","href":"https:\/\/api.w.org\/{rel}","templated":true}]}}