{"id":857,"date":"2018-09-05T18:32:31","date_gmt":"2018-09-05T16:32:31","guid":{"rendered":"http:\/\/agora.xtec.cat\/ceipdovella\/?page_id=857"},"modified":"2023-10-10T10:42:54","modified_gmt":"2023-10-10T08:42:54","slug":"activitats-extraescolars","status":"publish","type":"page","link":"https:\/\/agora.xtec.cat\/ceipdovella\/activitats-extraescolars\/","title":{"rendered":"Activitats extraescolars"},"content":{"rendered":"<div><\/div>\n<div>\u00a0<span style=\"font-size: 20px;\"><b><i>Aquest curs a l&#8217;escola s&#8217;ofereixen aquestes activitats extraescolars, i estan gestionades per l&#8217;AFA:\u00a0<\/i><\/b><\/span><\/div>\n<p>&nbsp;<\/p>\n<p><strong>Infantil:\u00a0<\/strong><\/p>\n<p>&#8211;<strong>Ballem:<\/strong> Dijous de 16:30 a 17:30. Activitat dirigida als infants d&#8217;i4 i i5.<\/p>\n<div>\n<p style=\"text-align: justify;\">&#8211;<strong>Multiesport:<\/strong> Dilluns i dijous de 16:30 a 17:30. Activitat dirigida als infants d&#8217;i4 i i5.<\/p>\n<p>&#8211;<strong>Circ:<\/strong> Dijous de 16:30 a 17:30. Activitat dirigida als infants d&#8217;i4 i i5.<\/p>\n<p>&#8211;<strong>Piscina: <\/strong>Dilluns de 17:15 a 18. Activitat dirigida als infants d&#8217;i4 i i5.<\/p>\n<p><strong>Prim\u00e0ria:\u00a0<\/strong><\/p>\n<p style=\"text-align: justify;\">&#8211;<strong>Funky:<\/strong> Dilluns de 16:30 a 17:30 pels infants de 4t, 5\u00e8 i 6\u00e8, i dimecres de 16:30 a 17:30 pels infants de 1r, 2n, 3r.<\/p>\n<p>&#8211;<strong>Teatre: <\/strong>Dilluns de 16:30 a 17:30. Activitat dirigida als infants de 1r, 2n, 3r.<\/p>\n<\/div>\n<p>&#8211;<strong>Angl\u00e8s<\/strong>: Dimarts de 16:30 a 17:30 pels infants de 1r i 2n i dijous de 16:30 a 17:30 pels infants de 3r i 4t.<\/p>\n<p><strong>-Circ:<\/strong> Dimarts de 16:30 a 17:30. Activitat dirigida als infants de 1r a 6\u00e8.<\/p>\n<p>&#8211;<strong>Judo:<\/strong> Dimarts\u00a0 de 16:30 a 18:20 al centre Dojo Feilen. Opci\u00f3 de fer dos dies, s&#8217;ofereix tamb\u00e9 els dijous en el mateix horari. Activitat dirigida als infants de 1r a 6\u00e8.<\/p>\n<p>&#8211;<strong>Dibuix:<\/strong> Dimecres de 16:30 a 17:30. Activitat dirigida als infants de 1r a 3r.<\/p>\n<p>&#8211;<strong>Stem i rob\u00f2tica: <\/strong>Dijous de 16:30 a 17:30. Activiats dirigida als infants de 1r a 6\u00e8.<\/p>\n<p>&nbsp;<\/p>\n<div><\/div>\n","protected":false},"excerpt":{"rendered":"<p>\u00a0Aquest curs a l&#8217;escola s&#8217;ofereixen aquestes activitats extraescolars, i estan gestionades per l&#8217;AFA:\u00a0 &nbsp; Infantil:\u00a0 &#8211;Ballem: Dijous de 16:30 a 17:30. Activitat dirigida als infants d&#8217;i4 i i5. &#8211;Multiesport: Dilluns i dijous de 16:30 a 17:30. Activitat dirigida als infants d&#8217;i4 i i5. &#8211;Circ: Dijous de 16:30 a 17:30. Activitat dirigida als infants d&#8217;i4 i [&hellip;]<\/p>\n","protected":false},"author":1,"featured_media":0,"parent":0,"menu_order":0,"comment_status":"closed","ping_status":"closed","template":"page-templates\/side-menu.php","meta":{"_bbp_topic_count":0,"_bbp_reply_count":0,"_bbp_total_topic_count":0,"_bbp_total_reply_count":0,"_bbp_voice_count":0,"_bbp_anonymous_reply_count":0,"_bbp_topic_count_hidden":0,"_bbp_reply_count_hidden":0,"_bbp_forum_subforum_count":0,"site-sidebar-layout":"default","site-content-layout":"","ast-site-content-layout":"","site-content-style":"default","site-sidebar-style":"default","ast-global-header-display":"","ast-banner-title-visibility":"","ast-main-header-display":"","ast-hfb-above-header-display":"","ast-hfb-below-header-display":"","ast-hfb-mobile-header-display":"","site-post-title":"","ast-breadcrumbs-content":"","ast-featured-img":"","footer-sml-layout":"","theme-transparent-header-meta":"","adv-header-id-meta":"","stick-header-meta":"","header-above-stick-meta":"","header-main-stick-meta":"","header-below-stick-meta":"","astra-migrate-meta-layouts":"default","ast-page-background-enabled":"default","ast-page-background-meta":{"desktop":{"background-color":"var(--ast-global-color-4)","background-image":"","background-repeat":"repeat","background-position":"center center","background-size":"auto","background-attachment":"scroll","background-type":"","background-media":"","overlay-type":"","overlay-color":"","overlay-opacity":"","overlay-gradient":""},"tablet":{"background-color":"","background-image":"","background-repeat":"repeat","background-position":"center center","background-size":"auto","background-attachment":"scroll","background-type":"","background-media":"","overlay-type":"","overlay-color":"","overlay-opacity":"","overlay-gradient":""},"mobile":{"background-color":"","background-image":"","background-repeat":"repeat","background-position":"center center","background-size":"auto","background-attachment":"scroll","background-type":"","background-media":"","overlay-type":"","overlay-color":"","overlay-opacity":"","overlay-gradient":""}},"ast-content-background-meta":{"desktop":{"background-color":"var(--ast-global-color-5)","background-image":"","background-repeat":"repeat","background-position":"center center","background-size":"auto","background-attachment":"scroll","background-type":"","background-media":"","overlay-type":"","overlay-color":"","overlay-opacity":"","overlay-gradient":""},"tablet":{"background-color":"var(--ast-global-color-5)","background-image":"","background-repeat":"repeat","background-position":"center center","background-size":"auto","background-attachment":"scroll","background-type":"","background-media":"","overlay-type":"","overlay-color":"","overlay-opacity":"","overlay-gradient":""},"mobile":{"background-color":"var(--ast-global-color-5)","background-image":"","background-repeat":"repeat","background-position":"center center","background-size":"auto","background-attachment":"scroll","background-type":"","background-media":"","overlay-type":"","overlay-color":"","overlay-opacity":"","overlay-gradient":""}},"footnotes":""},"class_list":["post-857","page","type-page","status-publish","hentry"],"post_mailing_queue_ids":[],"_links":{"self":[{"href":"https:\/\/agora.xtec.cat\/ceipdovella\/wp-json\/wp\/v2\/pages\/857","targetHints":{"allow":["GET"]}}],"collection":[{"href":"https:\/\/agora.xtec.cat\/ceipdovella\/wp-json\/wp\/v2\/pages"}],"about":[{"href":"https:\/\/agora.xtec.cat\/ceipdovella\/wp-json\/wp\/v2\/types\/page"}],"author":[{"embeddable":true,"href":"https:\/\/agora.xtec.cat\/ceipdovella\/wp-json\/wp\/v2\/users\/1"}],"replies":[{"embeddable":true,"href":"https:\/\/agora.xtec.cat\/ceipdovella\/wp-json\/wp\/v2\/comments?post=857"}],"version-history":[{"count":6,"href":"https:\/\/agora.xtec.cat\/ceipdovella\/wp-json\/wp\/v2\/pages\/857\/revisions"}],"predecessor-version":[{"id":4872,"href":"https:\/\/agora.xtec.cat\/ceipdovella\/wp-json\/wp\/v2\/pages\/857\/revisions\/4872"}],"wp:attachment":[{"href":"https:\/\/agora.xtec.cat\/ceipdovella\/wp-json\/wp\/v2\/media?parent=857"}],"curies":[{"name":"wp","href":"https:\/\/api.w.org\/{rel}","templated":true}]}}