{"id":503,"date":"2017-07-10T15:05:42","date_gmt":"2017-07-10T13:05:42","guid":{"rendered":"http:\/\/agora.xtec.cat\/ceipdovella\/?page_id=503"},"modified":"2024-04-02T10:53:48","modified_gmt":"2024-04-02T08:53:48","slug":"premsa","status":"publish","type":"page","link":"https:\/\/agora.xtec.cat\/ceipdovella\/lescola\/premsa\/","title":{"rendered":"Premsa. Not\u00edcies"},"content":{"rendered":"<p><span style=\"font-size: 28px; color: #99cc00;\">Articles:<\/span><\/p>\n<p>El Peri\u00f3dico. <a href=\"http:\/\/www.elperiodico.cat\/ca\/noticias\/sant-marti\/placa-que-neixer-dura-4717450\">LA PLA\u00c7A QUE VA N\u00c9IXER NACI\u00d3 DURA<\/a>. Dimecres, 2 de febrer de 2015. Col\u00b7laborem amb el ve\u00efnat donant la nostra opini\u00f3.<\/p>\n<p>El Peri\u00f3dico. <a href=\"http:\/\/www.elperiodico.com\/es\/noticias\/barcelona\/rambleta-del-clot-quiere-ser-innovadora-5751661\">COLEGIO EN PROCESO DE TRANSFORMACI\u00d3N EN SANT MART<\/a>\u00cd. Dijous, 19 de gener de<span class=\"fecha\"> 2017.\u00a0 <\/span>La nostra Escola, va ser escola formadora.<\/p>\n<p>Diario Vasco. <a href=\"http:\/\/www.diariovasco.com\/culturas\/tabakalera-acoge-edicion-20170628190121-nt.html\">TABAKALERA ACOGE EL CONGRESO INTERNACIONAL ARTE, ILUSTRACI\u00d3N Y CULTURA VISUAL EN EDUCACI\u00d3N INFANTIL.<\/a> Dimecres, 28 de juny de 2017. La nostra escola participa amb el treball conjunt d&#8217;Anna Maj\u00f3.<\/p>\n<p><span style=\"font-size: 28px; color: #99cc00;\">Articles online:<\/span><\/p>\n<p>Betev\u00e9. \u00a0<a href=\"https:\/\/beteve.cat\/politica\/estudien-obrir-transit-entorn-escola-dovella\/\">ESTUDIEN OBRIR EL TR\u00c0NSIT A L&#8217;ENTORN PACIFICAT DE L&#8217;ESCOLA DOVELLA.<\/a> Divendres, 23 de mar\u00e7 de 2024<\/p>\n<p>Betev\u00e9.\u00a0<span style=\"font-size: 16px;\"><a href=\"https:\/\/beteve.cat\/medi-ambient\/soroll-contaminacio-compliquen-ventilacio-aules-evitar-contagis\/\">EL SOROLL I LA CONTAMINACI\u00d3 COMPLIQUEN LA VENTILACI\u00d3 DE LES AULES PER EVITAR CONTAGIS.<\/a>\u00a0Dimecres 16 de setembre de 2020.<\/span><\/p>\n<p>Betev\u00e9. <a href=\"https:\/\/beteve.cat\/societat\/escola-dovella-es-queda-sense-espai-exterior-ofert-ajuntament-inici-coronavirus\/\">L&#8217;ESCOLA DOVELLA, ES QUEDA, PER ARA, SENSE UN ESPAI EXTERIOR OFERT PER L&#8217;AJUNTAMENT EN UN INICI DE CURS. <\/a>Dijous 10 de setembre de 2020.<\/p>\n<p>Betev\u00e9. <a href=\"https:\/\/beteve.cat\/societat\/escola-dovella-contaminacio-transit\/\">FAM\u00cdLIES DE L&#8217;ESCOLA DOVELLA DENUNCIEN LA CONTAMINACI\u00d3 A L&#8217;ENTORN DEL CENTRE<\/a>.\u00a0 Dijous 19 de desembre de 2019.<\/p>\n<p>Barcelona + sostenible. <a href=\"http:\/\/lameva.barcelona.cat\/barcelonasostenible\/ca\/escoles-sostenibles\/tags\/page\/marato-de-lestalvi-energetic-escola-dovella\">MARAT\u00d3 DE L&#8217;ESTALVI ENERG\u00c8TIC<\/a>.\u00a0 \u00a0Dijous 9 de maig de 2019.<\/p>\n<p>Butllet\u00ed 273 de l&#8217;Associaci\u00f3 de ve\u00efnes i ve\u00efns de Clot-Camp de l&#8217;Arpa. <a href=\"http:\/\/avvclotcampdelarpa.cat\/index.php\/2018\/07\/04\/butlleti-273-lassociacio-veines-i-veins-clot-camp-larpa-2-2-2\/\">EL PATI DE L&#8217;ESCOLA DOVELLA: UN SOMNI FET REALITAT<\/a>.\u00a0 Juny de 2018.<\/p>\n<p>Betev\u00e9. <a href=\"http:\/\/beteve.cat\/escola-dovell-xarxa-camins-escolars\/\">L&#8217;ESCOLA DOVELLA ESTRENA CAM\u00cd ESCOLAR, EL 17\u00c8 AL DISTRICTE<\/a>. Dijous 19 de febrer de 2015.<\/p>\n<p><span style=\"color: #99cc00; font-size: 32px; font-family: inherit;\">Youtube:<\/span><\/p>\n<p><span style=\"font-size: 20px;\">L&#8217;equip de la Betev\u00e9 treu a la llum un problema generalitzat a la ciutat de com la contaminaci\u00f3 ac\u00fastica i la pol\u00b7luci\u00f3 ens afecten amb les mesures establertes davant el COVID-19.<\/span><\/p>\n<div style=\"text-align: center;\">\n<p><iframe loading=\"lazy\" src=\"https:\/\/cdnapisec.kaltura.com\/p\/2346171\/sp\/234617100\/embedIframeJs\/uiconf_id\/42600891\/partner_id\/2346171?iframeembed=true&amp;playerId=1_39ybhf87&amp;entry_id=1_39ybhf87&amp;flashvars[streamerType]=auto\" width=\"560\" height=\"315\" frameborder=\"0\"><\/iframe><\/p>\n<div style=\"text-align: justify;\"><\/div>\n<p style=\"text-align: justify;\"><span style=\"font-size: 20px;\">L&#8217;equip de la Betev\u00e9 transmet el treball de la Comissi\u00f3 Respira de l&#8217;escola amb l&#8217;objectiu de reduir la contaminaci\u00f3 que hi ha entorn al nostre centre. Dijous 19 de desembre de 2019.\u00a0<\/span><\/p>\n<p>&nbsp;<\/p>\n<div style=\"text-align: center;\">\n<p><iframe loading=\"lazy\" src=\"https:\/\/cdnapisec.kaltura.com\/p\/2346171\/sp\/234617100\/embedIframeJs\/uiconf_id\/42600891\/partner_id\/2346171?iframeembed=true&amp;playerId=0_8kuedng3&amp;entry_id=0_8kuedng3&amp;flashvars[streamerType]=auto\" width=\"560\" height=\"315\" frameborder=\"0\"><\/iframe><\/p>\n<div style=\"text-align: justify;\"><\/div>\n<p style=\"text-align: justify;\"><span style=\"font-size: 20px;\">L&#8217;equip de Sant Mart\u00ed de la Btv fan una visita a la nostra escola a partir del guard\u00f3 que vam rebre de <strong>Barcelona Innovaci\u00f3 Educativa<\/strong> pel projecte <em><strong>Transformaci\u00f3 del Pati Escolar<\/strong><\/em>. Dimecres 8 de maig de 2019 (Minut 3:03 fins al 3:56)<\/span><\/p>\n<div style=\"text-align: center;\">\n<div style=\"text-align: center;\">\n<div style=\"text-align: center;\">\n<p><iframe loading=\"lazy\" src=\"https:\/\/cdnapisec.kaltura.com\/p\/2346171\/sp\/234617100\/embedIframeJs\/uiconf_id\/42600891\/partner_id\/2346171?iframeembed=true&amp;playerId=0_27sqtu15&amp;entry_id=0_27sqtu15&amp;flashvars[streamerType]=auto\" width=\"560\" height=\"315\" frameborder=\"0\"><\/iframe><\/p>\n<div style=\"text-align: center;\"><\/div>\n<p style=\"text-align: justify;\"><span style=\"font-size: 20px;\">La nostra Escola ha estat guardonada amb el <strong><em>Premi Barcelona d\u2019Innovaci\u00f3 Educativa 2019, per el projecte \u201cTransformaci\u00f3 i cocreaci\u00f3 del pati de l\u2019Escola Dovella\u201d<\/em><\/strong>. 25 de mar\u00e7 de 2019.<\/span><\/p>\n<div style=\"text-align: center;\"><iframe loading=\"lazy\" src=\"https:\/\/www.youtube.com\/embed\/5xkB8E-uHI8\" width=\"560\" height=\"315\" frameborder=\"0\"><\/iframe><\/div>\n<h3><\/h3>\n<h3 style=\"text-align: center;\"><\/h3>\n<p>&nbsp;<\/p>\n<p style=\"text-align: left;\"><span style=\"font-size: 20px;\">La nostra Escola participa en la trobada <em><strong>Sostenir la innovaci\u00f3\u00a0 educatica:\u00a0<\/strong><\/em><em><strong>qu\u00e8 necessiten els docents per garantir la transformaci\u00f3?\u00a0<\/strong><\/em>per la Fundaci\u00f3 Jaume Bofill i Per l&#8217;Educaci\u00f3 Responc (<a href=\"http:\/\/edubarometre.cat\">edubarometre.cat<\/a>). 12 d&#8217;abril de 2018.<\/span><\/p>\n<div style=\"text-align: center;\"><\/div>\n<div style=\"text-align: center;\"><iframe loading=\"lazy\" src=\"https:\/\/www.youtube.com\/embed\/_QE-_-En_qk\" width=\"560\" height=\"315\" frameborder=\"0\"><\/iframe><\/div>\n<p>&nbsp;<\/p>\n<p style=\"text-align: justify;\"><span style=\"font-size: 20px;\">L&#8217;Escola participa en les Jornades d&#8217;Innnovaci\u00f3 Pedag\u00f2gica, Una mirada calidosc\u00f2pica, amb <strong><em>Projectes de transformaci\u00f3 i co-creaci\u00f3 del pati de l&#8217;escola<\/em><\/strong>.\u00a0<\/span><\/p>\n<p>&nbsp;<\/p>\n<div style=\"text-align: center;\"><iframe loading=\"lazy\" src=\"https:\/\/www.youtube.com\/embed\/QWlYQAmgHiE\" width=\"560\" height=\"315\" frameborder=\"0\"><\/iframe><\/div>\n<p>&nbsp;<\/p>\n<p style=\"text-align: justify;\"><span style=\"font-size: 20px;\">L&#8217;Escola col\u00b7labora en <strong><em>Coeduacci\u00f3 al Pati<\/em><\/strong> amb Bones Pr\u00e0ctiques per la Participaci\u00f3 de les Dones 2016. 22 de septembre de 2016<\/span><\/p>\n<p>&nbsp;<\/p>\n<div style=\"text-align: center;\"><iframe loading=\"lazy\" src=\"https:\/\/www.youtube.com\/embed\/XVd0CXnYRUE\" width=\"560\" height=\"315\" frameborder=\"0\"><\/iframe><\/div>\n<p>&nbsp;<\/p>\n<p style=\"text-align: justify;\"><span style=\"font-size: 20px;\">L&#8217;Escola Dovella disposa d&#8217;un nou cam\u00ed escolar. Festa d&#8217;inauguraci\u00f3 amb el grup musical xiula. 13 de febrer de 2015<\/span><\/p>\n<p>&nbsp;<\/p>\n<div style=\"text-align: center;\"><iframe loading=\"lazy\" src=\"https:\/\/www.youtube.com\/embed\/lHghjlxn0wA\" width=\"560\" height=\"315\" frameborder=\"0\"><\/iframe><\/div>\n<p>&nbsp;<\/p>\n<p style=\"text-align: justify;\"><span style=\"font-size: 20px;\">L&#8217;escola Dovella ens recomana <em><strong>La Clau Secreta de l&#8217;Univers<\/strong>. <\/em>9 de maig de 2014<\/span><\/p>\n<p style=\"text-align: justify;\">L&#8217;escola Dovella de Barcelona inaugura una nova secci\u00f3 al &#8220;Clicka&#8217;t&#8221; que es diu &#8220;Llibres al m\u00f3n&#8221;. Qu\u00e8 hi trobareu? Trobarem recomanacions de llibres i lectures per a totes les edats; tamb\u00e9 veurem com algunes escoles ens deixen un llibre perqu\u00e8 una altra escola el reculli; i, fins i tot, esperem que vosaltres ens feu recomanacions a tots els nens i nenes que ens escolten o ens veuen. Per tant, ja ho sabeu, si heu llegit algun llibre molt interessant i ens el voleu recomanar, entreu a la pestanya Participeu! i expliqueu-nos-ho. Aquesta setmana el Nil i l&#8217;Oriol de l&#8217;escola Dovella de Barcelona deixen el llibre &#8220;La clau secreta de l&#8217;univers&#8221;. Quina escola el recollir\u00e0?<\/p>\n<p>&nbsp;<\/p>\n<div style=\"text-align: center;\"><iframe loading=\"lazy\" src=\"https:\/\/www.ccma.cat\/catradio\/alacarta\/programa\/lescola-dovella-ens-recomana-la-clau-secreta-de-lunivers\/video\/5069291\/\" width=\"500px\" height=\"281px\" frameborder=\"0\"><\/iframe><\/div>\n<div style=\"text-align: center;\"><\/div>\n<p>&nbsp;<\/p>\n<p><span style=\"font-size: 20px;\">Els nostres infants formen part dels Tallers abz d&#8217;Arquitectura.<\/span><\/p>\n<div style=\"text-align: center;\"><iframe loading=\"lazy\" src=\"https:\/\/www.youtube.com\/embed\/Zz2pl5yBetU\" width=\"560\" height=\"315\" frameborder=\"0\"><\/iframe><\/div>\n<\/div>\n<\/div>\n<\/div>\n<\/div>\n<\/div>\n","protected":false},"excerpt":{"rendered":"<p>Articles: El Peri\u00f3dico. LA PLA\u00c7A QUE VA N\u00c9IXER NACI\u00d3 DURA. Dimecres, 2 de febrer de 2015. Col\u00b7laborem amb el ve\u00efnat donant la nostra opini\u00f3. El Peri\u00f3dico. COLEGIO EN PROCESO DE TRANSFORMACI\u00d3N EN SANT MART\u00cd. Dijous, 19 de gener de 2017.\u00a0 La nostra Escola, va ser escola formadora. Diario Vasco. TABAKALERA ACOGE EL CONGRESO INTERNACIONAL ARTE, [&hellip;]<\/p>\n","protected":false},"author":1,"featured_media":0,"parent":22,"menu_order":100,"comment_status":"closed","ping_status":"closed","template":"page-templates\/side-menu.php","meta":{"_bbp_topic_count":0,"_bbp_reply_count":0,"_bbp_total_topic_count":0,"_bbp_total_reply_count":0,"_bbp_voice_count":0,"_bbp_anonymous_reply_count":0,"_bbp_topic_count_hidden":0,"_bbp_reply_count_hidden":0,"_bbp_forum_subforum_count":0,"site-sidebar-layout":"default","site-content-layout":"","ast-site-content-layout":"","site-content-style":"default","site-sidebar-style":"default","ast-global-header-display":"","ast-banner-title-visibility":"","ast-main-header-display":"","ast-hfb-above-header-display":"","ast-hfb-below-header-display":"","ast-hfb-mobile-header-display":"","site-post-title":"","ast-breadcrumbs-content":"","ast-featured-img":"","footer-sml-layout":"","theme-transparent-header-meta":"","adv-header-id-meta":"","stick-header-meta":"","header-above-stick-meta":"","header-main-stick-meta":"","header-below-stick-meta":"","astra-migrate-meta-layouts":"default","ast-page-background-enabled":"default","ast-page-background-meta":{"desktop":{"background-color":"var(--ast-global-color-4)","background-image":"","background-repeat":"repeat","background-position":"center center","background-size":"auto","background-attachment":"scroll","background-type":"","background-media":"","overlay-type":"","overlay-color":"","overlay-opacity":"","overlay-gradient":""},"tablet":{"background-color":"","background-image":"","background-repeat":"repeat","background-position":"center center","background-size":"auto","background-attachment":"scroll","background-type":"","background-media":"","overlay-type":"","overlay-color":"","overlay-opacity":"","overlay-gradient":""},"mobile":{"background-color":"","background-image":"","background-repeat":"repeat","background-position":"center center","background-size":"auto","background-attachment":"scroll","background-type":"","background-media":"","overlay-type":"","overlay-color":"","overlay-opacity":"","overlay-gradient":""}},"ast-content-background-meta":{"desktop":{"background-color":"var(--ast-global-color-5)","background-image":"","background-repeat":"repeat","background-position":"center center","background-size":"auto","background-attachment":"scroll","background-type":"","background-media":"","overlay-type":"","overlay-color":"","overlay-opacity":"","overlay-gradient":""},"tablet":{"background-color":"var(--ast-global-color-5)","background-image":"","background-repeat":"repeat","background-position":"center center","background-size":"auto","background-attachment":"scroll","background-type":"","background-media":"","overlay-type":"","overlay-color":"","overlay-opacity":"","overlay-gradient":""},"mobile":{"background-color":"var(--ast-global-color-5)","background-image":"","background-repeat":"repeat","background-position":"center center","background-size":"auto","background-attachment":"scroll","background-type":"","background-media":"","overlay-type":"","overlay-color":"","overlay-opacity":"","overlay-gradient":""}},"footnotes":""},"class_list":["post-503","page","type-page","status-publish","hentry"],"post_mailing_queue_ids":[],"_links":{"self":[{"href":"https:\/\/agora.xtec.cat\/ceipdovella\/wp-json\/wp\/v2\/pages\/503","targetHints":{"allow":["GET"]}}],"collection":[{"href":"https:\/\/agora.xtec.cat\/ceipdovella\/wp-json\/wp\/v2\/pages"}],"about":[{"href":"https:\/\/agora.xtec.cat\/ceipdovella\/wp-json\/wp\/v2\/types\/page"}],"author":[{"embeddable":true,"href":"https:\/\/agora.xtec.cat\/ceipdovella\/wp-json\/wp\/v2\/users\/1"}],"replies":[{"embeddable":true,"href":"https:\/\/agora.xtec.cat\/ceipdovella\/wp-json\/wp\/v2\/comments?post=503"}],"version-history":[{"count":4,"href":"https:\/\/agora.xtec.cat\/ceipdovella\/wp-json\/wp\/v2\/pages\/503\/revisions"}],"predecessor-version":[{"id":5316,"href":"https:\/\/agora.xtec.cat\/ceipdovella\/wp-json\/wp\/v2\/pages\/503\/revisions\/5316"}],"up":[{"embeddable":true,"href":"https:\/\/agora.xtec.cat\/ceipdovella\/wp-json\/wp\/v2\/pages\/22"}],"wp:attachment":[{"href":"https:\/\/agora.xtec.cat\/ceipdovella\/wp-json\/wp\/v2\/media?parent=503"}],"curies":[{"name":"wp","href":"https:\/\/api.w.org\/{rel}","templated":true}]}}