{"id":4221,"date":"2023-03-07T19:18:44","date_gmt":"2023-03-07T18:18:44","guid":{"rendered":"https:\/\/agora.xtec.cat\/ceipdovella\/?page_id=4221"},"modified":"2025-11-12T10:23:53","modified_gmt":"2025-11-12T09:23:53","slug":"estrategia-digital-de-centre","status":"publish","type":"page","link":"https:\/\/agora.xtec.cat\/ceipdovella\/projecte-educatiu\/estrategia-digital-de-centre\/","title":{"rendered":"Estrat\u00e8gia Digital de Centre"},"content":{"rendered":"<p style=\"text-align: justify;\">Per dur a terme l&#8217;EDC es compta amb la comissi\u00f3 digital, formada per 2 membres de l&#8217;equip de mestres, una d&#8217;elles coordinadora digital de centre. El projecte tamb\u00e9 es coordina amb l&#8217;equip directiu de centre. Aquesta comissi\u00f3 es reuneix un cop al mes amb l&#8217;assessorament de la mentora digital, que visita el centre i acompanya a la comissi\u00f3 en aquesta tasca. Aquesta comissi\u00f3 es divideix en l&#8217;estrat\u00e8gia i la cultura digital.<\/p>\n<div class=\"ast-oembed-container \" style=\"height: 100%;\"><iframe loading=\"lazy\" title=\"Estrat\u00e8gia digital de centre\" width=\"500\" height=\"281\" src=\"https:\/\/www.youtube.com\/embed\/uS5UUZIYLPQ?feature=oembed\" frameborder=\"0\" allow=\"accelerometer; autoplay; clipboard-write; encrypted-media; gyroscope; picture-in-picture; web-share\" referrerpolicy=\"strict-origin-when-cross-origin\" allowfullscreen><\/iframe><\/div>\n<p>&nbsp;<\/p>\n<p>Enlla\u00e7 a la nostra EDC:\u00a0<a href=\"https:\/\/sites.google.com\/xtec.cat\/edcdovella\/part-estrat%C3%A8gica\/objectius\" target=\"_blank\" rel=\"noopener\"><em> ESTRAT\u00c8GIA DIGITAL DE CENTRE<\/em><\/a><\/p>\n","protected":false},"excerpt":{"rendered":"<p>Per dur a terme l&#8217;EDC es compta amb la comissi\u00f3 digital, formada per 2 membres de l&#8217;equip de mestres, una d&#8217;elles coordinadora digital de centre. El projecte tamb\u00e9 es coordina amb l&#8217;equip directiu de centre. Aquesta comissi\u00f3 es reuneix un cop al mes amb l&#8217;assessorament de la mentora digital, que visita el centre i acompanya [&hellip;]<\/p>\n","protected":false},"author":1,"featured_media":0,"parent":64,"menu_order":4,"comment_status":"closed","ping_status":"closed","template":"","meta":{"_bbp_topic_count":0,"_bbp_reply_count":0,"_bbp_total_topic_count":0,"_bbp_total_reply_count":0,"_bbp_voice_count":0,"_bbp_anonymous_reply_count":0,"_bbp_topic_count_hidden":0,"_bbp_reply_count_hidden":0,"_bbp_forum_subforum_count":0,"site-sidebar-layout":"default","site-content-layout":"","ast-site-content-layout":"default","site-content-style":"default","site-sidebar-style":"default","ast-global-header-display":"","ast-banner-title-visibility":"","ast-main-header-display":"","ast-hfb-above-header-display":"","ast-hfb-below-header-display":"","ast-hfb-mobile-header-display":"","site-post-title":"","ast-breadcrumbs-content":"","ast-featured-img":"","footer-sml-layout":"","theme-transparent-header-meta":"default","adv-header-id-meta":"","stick-header-meta":"","header-above-stick-meta":"","header-main-stick-meta":"","header-below-stick-meta":"","astra-migrate-meta-layouts":"set","ast-page-background-enabled":"default","ast-page-background-meta":{"desktop":{"background-color":"var(--ast-global-color-4)","background-image":"","background-repeat":"repeat","background-position":"center center","background-size":"auto","background-attachment":"scroll","background-type":"","background-media":"","overlay-type":"","overlay-color":"","overlay-opacity":"","overlay-gradient":""},"tablet":{"background-color":"","background-image":"","background-repeat":"repeat","background-position":"center center","background-size":"auto","background-attachment":"scroll","background-type":"","background-media":"","overlay-type":"","overlay-color":"","overlay-opacity":"","overlay-gradient":""},"mobile":{"background-color":"","background-image":"","background-repeat":"repeat","background-position":"center center","background-size":"auto","background-attachment":"scroll","background-type":"","background-media":"","overlay-type":"","overlay-color":"","overlay-opacity":"","overlay-gradient":""}},"ast-content-background-meta":{"desktop":{"background-color":"var(--ast-global-color-5)","background-image":"","background-repeat":"repeat","background-position":"center center","background-size":"auto","background-attachment":"scroll","background-type":"","background-media":"","overlay-type":"","overlay-color":"","overlay-opacity":"","overlay-gradient":""},"tablet":{"background-color":"var(--ast-global-color-5)","background-image":"","background-repeat":"repeat","background-position":"center center","background-size":"auto","background-attachment":"scroll","background-type":"","background-media":"","overlay-type":"","overlay-color":"","overlay-opacity":"","overlay-gradient":""},"mobile":{"background-color":"var(--ast-global-color-5)","background-image":"","background-repeat":"repeat","background-position":"center center","background-size":"auto","background-attachment":"scroll","background-type":"","background-media":"","overlay-type":"","overlay-color":"","overlay-opacity":"","overlay-gradient":""}},"footnotes":""},"class_list":["post-4221","page","type-page","status-publish","hentry"],"post_mailing_queue_ids":[],"_links":{"self":[{"href":"https:\/\/agora.xtec.cat\/ceipdovella\/wp-json\/wp\/v2\/pages\/4221","targetHints":{"allow":["GET"]}}],"collection":[{"href":"https:\/\/agora.xtec.cat\/ceipdovella\/wp-json\/wp\/v2\/pages"}],"about":[{"href":"https:\/\/agora.xtec.cat\/ceipdovella\/wp-json\/wp\/v2\/types\/page"}],"author":[{"embeddable":true,"href":"https:\/\/agora.xtec.cat\/ceipdovella\/wp-json\/wp\/v2\/users\/1"}],"replies":[{"embeddable":true,"href":"https:\/\/agora.xtec.cat\/ceipdovella\/wp-json\/wp\/v2\/comments?post=4221"}],"version-history":[{"count":4,"href":"https:\/\/agora.xtec.cat\/ceipdovella\/wp-json\/wp\/v2\/pages\/4221\/revisions"}],"predecessor-version":[{"id":5506,"href":"https:\/\/agora.xtec.cat\/ceipdovella\/wp-json\/wp\/v2\/pages\/4221\/revisions\/5506"}],"up":[{"embeddable":true,"href":"https:\/\/agora.xtec.cat\/ceipdovella\/wp-json\/wp\/v2\/pages\/64"}],"wp:attachment":[{"href":"https:\/\/agora.xtec.cat\/ceipdovella\/wp-json\/wp\/v2\/media?parent=4221"}],"curies":[{"name":"wp","href":"https:\/\/api.w.org\/{rel}","templated":true}]}}