{"id":38,"date":"2014-09-18T12:34:08","date_gmt":"2014-09-18T10:34:08","guid":{"rendered":"http:\/\/agora.xtec.cat\/ceipdovella\/?page_id=38"},"modified":"2025-01-28T10:28:52","modified_gmt":"2025-01-28T09:28:52","slug":"salut","status":"publish","type":"page","link":"https:\/\/agora.xtec.cat\/ceipdovella\/lescola\/salut\/","title":{"rendered":"Salut"},"content":{"rendered":"<h4><strong>Administraci\u00f3 de medicaments<\/strong><\/h4>\n<p>Per poder administrar medicaci\u00f3 a l\u2019alumnat cal que la mare, el pare o tutor\/a legal aporti una recepta o informe del metge o metgessa on consti el nom de l\u2019alumne\/a, la pauta d\u2019administraci\u00f3 i el nom del medicament que ha de prendre. Aix\u00ed mateix, s\u2019ha d\u2019aportar un escrit on es demani i autoritzi el personal del centre a administrar la medicaci\u00f3 prescrita, sempre que sigui imprescindible la seva administraci\u00f3 en horari lectiu. (<em>Instruccions d\u2019inici de curs del Departament d\u2019Ensenyament<\/em>)<\/p>\n<h4><strong>Aniversaris<\/strong><\/h4>\n<p>Segons la normativa pel que fa a la manipulaci\u00f3 d&#8217;aliments no es poden portar a l&#8217;escola pastissos fets a casa ni comprats. Aix\u00ed doncs, per celebrar els aniversaris podeu portar assortits de galetes (venen precintades) i aix\u00ed evitarem qualsevol risc d&#8217;intoler\u00e0ncies, intoxicacions&#8230;<\/p>\n<p>Cal avisar al tutor\/a uns dies abans. Recordeu que no poden portar llaminadures ni es repartiran dins l&#8217;escola invitacions a festes d&#8217;aniversari.<\/p>\n","protected":false},"excerpt":{"rendered":"<p>Administraci\u00f3 de medicaments Per poder administrar medicaci\u00f3 a l\u2019alumnat cal que la mare, el pare o tutor\/a legal aporti una recepta o informe del metge o metgessa on consti el nom de l\u2019alumne\/a, la pauta d\u2019administraci\u00f3 i el nom del medicament que ha de prendre. Aix\u00ed mateix, s\u2019ha d\u2019aportar un escrit on es demani i [&hellip;]<\/p>\n","protected":false},"author":1,"featured_media":0,"parent":22,"menu_order":90,"comment_status":"closed","ping_status":"closed","template":"page-templates\/side-menu.php","meta":{"_bbp_topic_count":0,"_bbp_reply_count":0,"_bbp_total_topic_count":0,"_bbp_total_reply_count":0,"_bbp_voice_count":0,"_bbp_anonymous_reply_count":0,"_bbp_topic_count_hidden":0,"_bbp_reply_count_hidden":0,"_bbp_forum_subforum_count":0,"site-sidebar-layout":"default","site-content-layout":"","ast-site-content-layout":"","site-content-style":"default","site-sidebar-style":"default","ast-global-header-display":"","ast-banner-title-visibility":"","ast-main-header-display":"","ast-hfb-above-header-display":"","ast-hfb-below-header-display":"","ast-hfb-mobile-header-display":"","site-post-title":"","ast-breadcrumbs-content":"","ast-featured-img":"","footer-sml-layout":"","theme-transparent-header-meta":"","adv-header-id-meta":"","stick-header-meta":"","header-above-stick-meta":"","header-main-stick-meta":"","header-below-stick-meta":"","astra-migrate-meta-layouts":"default","ast-page-background-enabled":"default","ast-page-background-meta":{"desktop":{"background-color":"var(--ast-global-color-4)","background-image":"","background-repeat":"repeat","background-position":"center center","background-size":"auto","background-attachment":"scroll","background-type":"","background-media":"","overlay-type":"","overlay-color":"","overlay-opacity":"","overlay-gradient":""},"tablet":{"background-color":"","background-image":"","background-repeat":"repeat","background-position":"center center","background-size":"auto","background-attachment":"scroll","background-type":"","background-media":"","overlay-type":"","overlay-color":"","overlay-opacity":"","overlay-gradient":""},"mobile":{"background-color":"","background-image":"","background-repeat":"repeat","background-position":"center center","background-size":"auto","background-attachment":"scroll","background-type":"","background-media":"","overlay-type":"","overlay-color":"","overlay-opacity":"","overlay-gradient":""}},"ast-content-background-meta":{"desktop":{"background-color":"var(--ast-global-color-5)","background-image":"","background-repeat":"repeat","background-position":"center center","background-size":"auto","background-attachment":"scroll","background-type":"","background-media":"","overlay-type":"","overlay-color":"","overlay-opacity":"","overlay-gradient":""},"tablet":{"background-color":"var(--ast-global-color-5)","background-image":"","background-repeat":"repeat","background-position":"center center","background-size":"auto","background-attachment":"scroll","background-type":"","background-media":"","overlay-type":"","overlay-color":"","overlay-opacity":"","overlay-gradient":""},"mobile":{"background-color":"var(--ast-global-color-5)","background-image":"","background-repeat":"repeat","background-position":"center center","background-size":"auto","background-attachment":"scroll","background-type":"","background-media":"","overlay-type":"","overlay-color":"","overlay-opacity":"","overlay-gradient":""}},"footnotes":""},"class_list":["post-38","page","type-page","status-publish","hentry"],"post_mailing_queue_ids":[],"_links":{"self":[{"href":"https:\/\/agora.xtec.cat\/ceipdovella\/wp-json\/wp\/v2\/pages\/38","targetHints":{"allow":["GET"]}}],"collection":[{"href":"https:\/\/agora.xtec.cat\/ceipdovella\/wp-json\/wp\/v2\/pages"}],"about":[{"href":"https:\/\/agora.xtec.cat\/ceipdovella\/wp-json\/wp\/v2\/types\/page"}],"author":[{"embeddable":true,"href":"https:\/\/agora.xtec.cat\/ceipdovella\/wp-json\/wp\/v2\/users\/1"}],"replies":[{"embeddable":true,"href":"https:\/\/agora.xtec.cat\/ceipdovella\/wp-json\/wp\/v2\/comments?post=38"}],"version-history":[{"count":6,"href":"https:\/\/agora.xtec.cat\/ceipdovella\/wp-json\/wp\/v2\/pages\/38\/revisions"}],"predecessor-version":[{"id":5397,"href":"https:\/\/agora.xtec.cat\/ceipdovella\/wp-json\/wp\/v2\/pages\/38\/revisions\/5397"}],"up":[{"embeddable":true,"href":"https:\/\/agora.xtec.cat\/ceipdovella\/wp-json\/wp\/v2\/pages\/22"}],"wp:attachment":[{"href":"https:\/\/agora.xtec.cat\/ceipdovella\/wp-json\/wp\/v2\/media?parent=38"}],"curies":[{"name":"wp","href":"https:\/\/api.w.org\/{rel}","templated":true}]}}