{"id":26,"date":"2014-09-18T12:24:32","date_gmt":"2014-09-18T10:24:32","guid":{"rendered":"http:\/\/agora.xtec.cat\/ceipdovella\/?page_id=26"},"modified":"2025-01-28T09:48:18","modified_gmt":"2025-01-28T08:48:18","slug":"historia","status":"publish","type":"page","link":"https:\/\/agora.xtec.cat\/ceipdovella\/lescola\/historia\/","title":{"rendered":"Hist\u00f2ria"},"content":{"rendered":"<p style=\"text-align: justify;\">L\u2019Escola Dovella forma part de les escoles que a inicis dels anys 70 (del segle passat) es crea amb la intenci\u00f3 de ser unes escoles catalanes, democr\u00e0tiques i de qualitat, i amb la voluntat d\u2019esdevenir escoles p\u00fabliques. Amb aquesta intenci\u00f3 l\u2019escola s\u2019integra al CEPEPC.<\/p>\n<p>S\u2019ubica en un antic edifici propietat inicialment d\u2019una coneguda fam\u00edlia benestant de la noblesa i que durant anys, gestionat per una congregaci\u00f3 religiosa de monges, havia acollit un asil i un centre destinant a l\u2019educaci\u00f3 d\u2019infants de fam\u00edlies treballadores del barri del Clot. Aquest edifici \u00e9s adquirit posteriorment (1989) per la Generalitat de Catalunya i reformat en profunditat el 1992. El final del franquisme, la recuperaci\u00f3 de les institucions catalanes, l\u2019aprovaci\u00f3 de l\u2019Estatut, el seu desplegament i la integraci\u00f3 de l\u2019escola a la xarxa dels centres p\u00fablics de Catalunya el 1989, s\u00f3n episodis que l\u2019escola viu en primera l\u00ednia participant activament per la consecuci\u00f3 dels objectius inicials. En aquest tr\u00e0nsit, a les nostres activitats d\u2019innovaci\u00f3 (actualitzaci\u00f3 pedag\u00f2gica, formaci\u00f3 permanent, participaci\u00f3 en f\u00f2rums i trobades\u2026), hi afegim les tasques de reorganitzaci\u00f3 i adaptaci\u00f3 a la nova realitat del centre derivada del canvi de titularitat, ja que l\u2019escola passa d\u2019estar organitzada com a cooperativa de treballadors a ser un centre d\u2019ensenyament de gesti\u00f3 p\u00fablica. Actualment, \u00e9s una escola d\u2019una sola l\u00ednia amb una ocupaci\u00f3 m\u00e0xima a cada grup. El cat\u00e0leg de llocs de treball oscil\u00b7la entre les 14 i les 16 persones.<\/p>\n<p style=\"text-align: justify;\">Situada en el barri del Clot-Camp de l\u2019Arpa, el seu alumnat \u00e9s un bon reflex de les caracter\u00edstiques sociol\u00f2giques i de la diversitat de fam\u00edlies del barri. Aix\u00ed, comptem amb una majoria de fam\u00edlies d\u2019un nivell socioecon\u00f2mic mig, algunes fam\u00edlies amb pares i mares amb formaci\u00f3 universit\u00e0ria i feina qualificada, i una immigraci\u00f3 amb una pres\u00e8ncia aproximada d\u2019un 10%, que es tradueix en un percentatge equivalent d\u2019alumnat nouvingut de fora el sistema educatiu catal\u00e0. Darrerament, els anys m\u00e9s durs de la crisi socioecon\u00f2mica han provocat alguns canvis, retorns i reagrupaments que sembla que han anat estabilitzant-se a poc a poc. Cal seguir pensant i cercant solucions per tal que totes les fam\u00edlies i alumnat que continuen presentant quadres de precarietat econ\u00f2mica els afecti el menys possible la seva educaci\u00f3, inclusi\u00f3 i creixement harm\u00f2nic i complet.<\/p>\n<p>Seguim mantenint la voluntat de millorar i innovar-nos, incorporant les noves aportacions que es fan des del camp de la recerca i reflexi\u00f3 pedag\u00f2gica. Despr\u00e9s d\u2019anys de reflexi\u00f3 actualment ens definim pedag\u00f2gicament amb el que anomenem Perspectiva Educativa dels Projectes de Treball. Una perspectiva oberta que contempla un acostament a la realitat complexa mitjan\u00e7ant el treball significatiu i integrant les diferents \u00e0rees del saber. Una perspectiva que t\u00e9 en l\u2019acolliment de les identitats, el di\u00e0leg, l\u2019aprenentatge compartit, el comprom\u00eds, la implicaci\u00f3 de tots&#8230; les eines b\u00e0siques per al desenvolupament global i complet de les persones.<\/p>\n<p style=\"text-align: justify;\">\u00a0<a href=\"http:\/\/agora.xtec.cat\/ceipdovella\/wp-content\/uploads\/usu1132\/2014\/09\/historia.jpg\"><img loading=\"lazy\" decoding=\"async\" class=\"alignnone size-full wp-image-633\" src=\"http:\/\/agora.xtec.cat\/ceipdovella\/wp-content\/uploads\/usu1132\/2014\/09\/historia.jpg\" alt=\"\" width=\"945\" height=\"530\" srcset=\"https:\/\/agora.xtec.cat\/ceipdovella\/wp-content\/uploads\/usu1132\/2014\/09\/historia.jpg 945w, https:\/\/agora.xtec.cat\/ceipdovella\/wp-content\/uploads\/usu1132\/2014\/09\/historia-300x168.jpg 300w, https:\/\/agora.xtec.cat\/ceipdovella\/wp-content\/uploads\/usu1132\/2014\/09\/historia-768x431.jpg 768w\" sizes=\"auto, (max-width: 945px) 100vw, 945px\" \/><\/a><\/p>\n","protected":false},"excerpt":{"rendered":"<p>L\u2019Escola Dovella forma part de les escoles que a inicis dels anys 70 (del segle passat) es crea amb la intenci\u00f3 de ser unes escoles catalanes, democr\u00e0tiques i de qualitat, i amb la voluntat d\u2019esdevenir escoles p\u00fabliques. Amb aquesta intenci\u00f3 l\u2019escola s\u2019integra al CEPEPC. S\u2019ubica en un antic edifici propietat inicialment d\u2019una coneguda fam\u00edlia benestant [&hellip;]<\/p>\n","protected":false},"author":1,"featured_media":0,"parent":22,"menu_order":20,"comment_status":"closed","ping_status":"closed","template":"page-templates\/side-menu.php","meta":{"_bbp_topic_count":0,"_bbp_reply_count":0,"_bbp_total_topic_count":0,"_bbp_total_reply_count":0,"_bbp_voice_count":0,"_bbp_anonymous_reply_count":0,"_bbp_topic_count_hidden":0,"_bbp_reply_count_hidden":0,"_bbp_forum_subforum_count":0,"site-sidebar-layout":"default","site-content-layout":"","ast-site-content-layout":"","site-content-style":"default","site-sidebar-style":"default","ast-global-header-display":"","ast-banner-title-visibility":"","ast-main-header-display":"","ast-hfb-above-header-display":"","ast-hfb-below-header-display":"","ast-hfb-mobile-header-display":"","site-post-title":"","ast-breadcrumbs-content":"","ast-featured-img":"","footer-sml-layout":"","theme-transparent-header-meta":"","adv-header-id-meta":"","stick-header-meta":"","header-above-stick-meta":"","header-main-stick-meta":"","header-below-stick-meta":"","astra-migrate-meta-layouts":"default","ast-page-background-enabled":"default","ast-page-background-meta":{"desktop":{"background-color":"var(--ast-global-color-4)","background-image":"","background-repeat":"repeat","background-position":"center center","background-size":"auto","background-attachment":"scroll","background-type":"","background-media":"","overlay-type":"","overlay-color":"","overlay-opacity":"","overlay-gradient":""},"tablet":{"background-color":"","background-image":"","background-repeat":"repeat","background-position":"center center","background-size":"auto","background-attachment":"scroll","background-type":"","background-media":"","overlay-type":"","overlay-color":"","overlay-opacity":"","overlay-gradient":""},"mobile":{"background-color":"","background-image":"","background-repeat":"repeat","background-position":"center center","background-size":"auto","background-attachment":"scroll","background-type":"","background-media":"","overlay-type":"","overlay-color":"","overlay-opacity":"","overlay-gradient":""}},"ast-content-background-meta":{"desktop":{"background-color":"var(--ast-global-color-5)","background-image":"","background-repeat":"repeat","background-position":"center center","background-size":"auto","background-attachment":"scroll","background-type":"","background-media":"","overlay-type":"","overlay-color":"","overlay-opacity":"","overlay-gradient":""},"tablet":{"background-color":"var(--ast-global-color-5)","background-image":"","background-repeat":"repeat","background-position":"center center","background-size":"auto","background-attachment":"scroll","background-type":"","background-media":"","overlay-type":"","overlay-color":"","overlay-opacity":"","overlay-gradient":""},"mobile":{"background-color":"var(--ast-global-color-5)","background-image":"","background-repeat":"repeat","background-position":"center center","background-size":"auto","background-attachment":"scroll","background-type":"","background-media":"","overlay-type":"","overlay-color":"","overlay-opacity":"","overlay-gradient":""}},"footnotes":""},"class_list":["post-26","page","type-page","status-publish","hentry"],"post_mailing_queue_ids":[],"_links":{"self":[{"href":"https:\/\/agora.xtec.cat\/ceipdovella\/wp-json\/wp\/v2\/pages\/26","targetHints":{"allow":["GET"]}}],"collection":[{"href":"https:\/\/agora.xtec.cat\/ceipdovella\/wp-json\/wp\/v2\/pages"}],"about":[{"href":"https:\/\/agora.xtec.cat\/ceipdovella\/wp-json\/wp\/v2\/types\/page"}],"author":[{"embeddable":true,"href":"https:\/\/agora.xtec.cat\/ceipdovella\/wp-json\/wp\/v2\/users\/1"}],"replies":[{"embeddable":true,"href":"https:\/\/agora.xtec.cat\/ceipdovella\/wp-json\/wp\/v2\/comments?post=26"}],"version-history":[{"count":4,"href":"https:\/\/agora.xtec.cat\/ceipdovella\/wp-json\/wp\/v2\/pages\/26\/revisions"}],"predecessor-version":[{"id":5387,"href":"https:\/\/agora.xtec.cat\/ceipdovella\/wp-json\/wp\/v2\/pages\/26\/revisions\/5387"}],"up":[{"embeddable":true,"href":"https:\/\/agora.xtec.cat\/ceipdovella\/wp-json\/wp\/v2\/pages\/22"}],"wp:attachment":[{"href":"https:\/\/agora.xtec.cat\/ceipdovella\/wp-json\/wp\/v2\/media?parent=26"}],"curies":[{"name":"wp","href":"https:\/\/api.w.org\/{rel}","templated":true}]}}