{"id":73,"date":"2014-09-18T14:01:51","date_gmt":"2014-09-18T13:01:51","guid":{"rendered":"http:\/\/agora.xtec.cat\/ceipdoctorferrer\/?page_id=73"},"modified":"2026-03-23T10:58:53","modified_gmt":"2026-03-23T09:58:53","slug":"menjador-escolar","status":"publish","type":"page","link":"https:\/\/agora.xtec.cat\/ceipdoctorferrer\/serveis\/menjador-escolar\/","title":{"rendered":"Menjador escolar"},"content":{"rendered":"<h3><a href=\"https:\/\/drive.google.com\/drive\/folders\/16_rDDqCrbENpKr8WSeuvWDqtUUI7TdcQ?usp=sharing\" target=\"_blank\" rel=\"noopener noreferrer\">Men\u00fa del mes<\/a> <a href=\"https:\/\/drive.google.com\/drive\/folders\/16_rDDqCrbENpKr8WSeuvWDqtUUI7TdcQ?usp=sharing\" target=\"_blank\" rel=\"noopener noreferrer\"><img loading=\"lazy\" decoding=\"async\" class=\"alignnone wp-image-638\" src=\"https:\/\/agora.xtec.cat\/ceipdoctorferrer\/wp-content\/uploads\/usu2052\/2020\/02\/menu.jpg\" alt=\"\" width=\"59\" height=\"66\" srcset=\"https:\/\/agora.xtec.cat\/ceipdoctorferrer\/wp-content\/uploads\/usu2052\/2020\/02\/menu.jpg 900w, https:\/\/agora.xtec.cat\/ceipdoctorferrer\/wp-content\/uploads\/usu2052\/2020\/02\/menu-270x300.jpg 270w, https:\/\/agora.xtec.cat\/ceipdoctorferrer\/wp-content\/uploads\/usu2052\/2020\/02\/menu-768x853.jpg 768w\" sizes=\"auto, (max-width: 59px) 100vw, 59px\" \/><\/a><\/h3>\n<p>&nbsp;<\/p>\n<p><a href=\"https:\/\/agora.xtec.cat\/ceipdoctorferrer\/wp-content\/uploads\/usu2052\/2026\/03\/25_26-Projecte-educatiu-menjador.pdf\">25_26 Projecte educatiu menjador<\/a><\/p>\n<p>&nbsp;<\/p>\n<p><strong>\u00das del servei per part de les fam\u00edlies:<\/strong> Les fam\u00edlies dels infants usuaris del servei de menjador podeu quedar-vos a dinar per tal de con\u00e8ixer i avaluar el servei. Si hi esteu interessats, podeu apuntar-vos a secretaria per concretar la data. Despr\u00e9s de dinar us demanarem que ompliu una enquesta de valoraci\u00f3.<\/p>\n<p>&nbsp;<\/p>\n","protected":false},"excerpt":{"rendered":"<p>Men\u00fa del mes &nbsp; 25_26 Projecte educatiu menjador &nbsp; \u00das del servei per part de les fam\u00edlies: Les fam\u00edlies dels infants usuaris del servei de menjador podeu quedar-vos a dinar per tal de con\u00e8ixer i avaluar el servei. Si hi esteu interessats, podeu apuntar-vos a secretaria per concretar la data. Despr\u00e9s de dinar us demanarem [&hellip;]<\/p>\n","protected":false},"author":1,"featured_media":0,"parent":66,"menu_order":30,"comment_status":"closed","ping_status":"closed","template":"","meta":{"_bbp_topic_count":0,"_bbp_reply_count":0,"_bbp_total_topic_count":0,"_bbp_total_reply_count":0,"_bbp_voice_count":0,"_bbp_anonymous_reply_count":0,"_bbp_topic_count_hidden":0,"_bbp_reply_count_hidden":0,"_bbp_forum_subforum_count":0,"site-sidebar-layout":"default","site-content-layout":"","ast-site-content-layout":"default","site-content-style":"default","site-sidebar-style":"default","ast-global-header-display":"","ast-banner-title-visibility":"","ast-main-header-display":"","ast-hfb-above-header-display":"","ast-hfb-below-header-display":"","ast-hfb-mobile-header-display":"","site-post-title":"","ast-breadcrumbs-content":"","ast-featured-img":"","footer-sml-layout":"","theme-transparent-header-meta":"default","adv-header-id-meta":"","stick-header-meta":"","header-above-stick-meta":"","header-main-stick-meta":"","header-below-stick-meta":"","astra-migrate-meta-layouts":"set","ast-page-background-enabled":"default","ast-page-background-meta":{"desktop":{"background-color":"var(--ast-global-color-4)","background-image":"","background-repeat":"repeat","background-position":"center center","background-size":"auto","background-attachment":"scroll","background-type":"","background-media":"","overlay-type":"","overlay-color":"","overlay-opacity":"","overlay-gradient":""},"tablet":{"background-color":"","background-image":"","background-repeat":"repeat","background-position":"center center","background-size":"auto","background-attachment":"scroll","background-type":"","background-media":"","overlay-type":"","overlay-color":"","overlay-opacity":"","overlay-gradient":""},"mobile":{"background-color":"","background-image":"","background-repeat":"repeat","background-position":"center center","background-size":"auto","background-attachment":"scroll","background-type":"","background-media":"","overlay-type":"","overlay-color":"","overlay-opacity":"","overlay-gradient":""}},"ast-content-background-meta":{"desktop":{"background-color":"var(--ast-global-color-5)","background-image":"","background-repeat":"repeat","background-position":"center center","background-size":"auto","background-attachment":"scroll","background-type":"","background-media":"","overlay-type":"","overlay-color":"","overlay-opacity":"","overlay-gradient":""},"tablet":{"background-color":"var(--ast-global-color-5)","background-image":"","background-repeat":"repeat","background-position":"center center","background-size":"auto","background-attachment":"scroll","background-type":"","background-media":"","overlay-type":"","overlay-color":"","overlay-opacity":"","overlay-gradient":""},"mobile":{"background-color":"var(--ast-global-color-5)","background-image":"","background-repeat":"repeat","background-position":"center center","background-size":"auto","background-attachment":"scroll","background-type":"","background-media":"","overlay-type":"","overlay-color":"","overlay-opacity":"","overlay-gradient":""}},"footnotes":""},"class_list":["post-73","page","type-page","status-publish","hentry"],"post_mailing_queue_ids":[],"_links":{"self":[{"href":"https:\/\/agora.xtec.cat\/ceipdoctorferrer\/wp-json\/wp\/v2\/pages\/73","targetHints":{"allow":["GET"]}}],"collection":[{"href":"https:\/\/agora.xtec.cat\/ceipdoctorferrer\/wp-json\/wp\/v2\/pages"}],"about":[{"href":"https:\/\/agora.xtec.cat\/ceipdoctorferrer\/wp-json\/wp\/v2\/types\/page"}],"author":[{"embeddable":true,"href":"https:\/\/agora.xtec.cat\/ceipdoctorferrer\/wp-json\/wp\/v2\/users\/1"}],"replies":[{"embeddable":true,"href":"https:\/\/agora.xtec.cat\/ceipdoctorferrer\/wp-json\/wp\/v2\/comments?post=73"}],"version-history":[{"count":7,"href":"https:\/\/agora.xtec.cat\/ceipdoctorferrer\/wp-json\/wp\/v2\/pages\/73\/revisions"}],"predecessor-version":[{"id":2766,"href":"https:\/\/agora.xtec.cat\/ceipdoctorferrer\/wp-json\/wp\/v2\/pages\/73\/revisions\/2766"}],"up":[{"embeddable":true,"href":"https:\/\/agora.xtec.cat\/ceipdoctorferrer\/wp-json\/wp\/v2\/pages\/66"}],"wp:attachment":[{"href":"https:\/\/agora.xtec.cat\/ceipdoctorferrer\/wp-json\/wp\/v2\/media?parent=73"}],"curies":[{"name":"wp","href":"https:\/\/api.w.org\/{rel}","templated":true}]}}