{"id":64,"date":"2014-09-18T12:39:08","date_gmt":"2014-09-18T11:39:08","guid":{"rendered":"http:\/\/agora.xtec.cat\/ceipdoctorferrer\/?page_id=64"},"modified":"2020-01-09T23:00:53","modified_gmt":"2020-01-09T22:00:53","slug":"projecte-educatiu","status":"publish","type":"page","link":"https:\/\/agora.xtec.cat\/ceipdoctorferrer\/projecte-educatiu\/","title":{"rendered":"Projecte educatiu i documents de centre"},"content":{"rendered":"<p>En aquesta secci\u00f3 podeu consultar els documents que defineixen l&#8217;escola:<\/p>\n<ul>\n<li><a href=\"https:\/\/agora.xtec.cat\/ceipdoctorferrer\/wp-content\/uploads\/usu2052\/2020\/01\/P.E.C.pdf\" target=\"_blank\" rel=\"noopener noreferrer\">Projecte Educatiu<\/a><\/li>\n<li>NOFC<\/li>\n<li><a href=\"https:\/\/agora.xtec.cat\/ceipdoctorferrer\/wp-content\/uploads\/usu2052\/2020\/01\/PROJECTE-LINGU\u0308I\u0301STIC-DE-CENTRE.pdf\" target=\"_blank\" rel=\"noopener noreferrer\">Projecte ling\u00fc\u00edstic<\/a><\/li>\n<li>Pla TAC<\/li>\n<li><a href=\"https:\/\/agora.xtec.cat\/ceipdoctorferrer\/wp-content\/uploads\/usu2052\/2020\/01\/compromiseducatiu.pdf\" target=\"_blank\" rel=\"noopener noreferrer\">Carta de comprom\u00eds educatiu<\/a><\/li>\n<\/ul>\n","protected":false},"excerpt":{"rendered":"<p>En aquesta secci\u00f3 podeu consultar els documents que defineixen l&#8217;escola: Projecte Educatiu NOFC Projecte ling\u00fc\u00edstic Pla TAC Carta de comprom\u00eds educatiu<\/p>\n","protected":false},"author":1,"featured_media":0,"parent":0,"menu_order":0,"comment_status":"closed","ping_status":"closed","template":"page-templates\/side-menu.php","meta":{"_bbp_topic_count":0,"_bbp_reply_count":0,"_bbp_total_topic_count":0,"_bbp_total_reply_count":0,"_bbp_voice_count":0,"_bbp_anonymous_reply_count":0,"_bbp_topic_count_hidden":0,"_bbp_reply_count_hidden":0,"_bbp_forum_subforum_count":0,"site-sidebar-layout":"default","site-content-layout":"","ast-site-content-layout":"","site-content-style":"default","site-sidebar-style":"default","ast-global-header-display":"","ast-banner-title-visibility":"","ast-main-header-display":"","ast-hfb-above-header-display":"","ast-hfb-below-header-display":"","ast-hfb-mobile-header-display":"","site-post-title":"","ast-breadcrumbs-content":"","ast-featured-img":"","footer-sml-layout":"","theme-transparent-header-meta":"","adv-header-id-meta":"","stick-header-meta":"","header-above-stick-meta":"","header-main-stick-meta":"","header-below-stick-meta":"","astra-migrate-meta-layouts":"default","ast-page-background-enabled":"default","ast-page-background-meta":{"desktop":{"background-color":"var(--ast-global-color-4)","background-image":"","background-repeat":"repeat","background-position":"center center","background-size":"auto","background-attachment":"scroll","background-type":"","background-media":"","overlay-type":"","overlay-color":"","overlay-opacity":"","overlay-gradient":""},"tablet":{"background-color":"","background-image":"","background-repeat":"repeat","background-position":"center center","background-size":"auto","background-attachment":"scroll","background-type":"","background-media":"","overlay-type":"","overlay-color":"","overlay-opacity":"","overlay-gradient":""},"mobile":{"background-color":"","background-image":"","background-repeat":"repeat","background-position":"center center","background-size":"auto","background-attachment":"scroll","background-type":"","background-media":"","overlay-type":"","overlay-color":"","overlay-opacity":"","overlay-gradient":""}},"ast-content-background-meta":{"desktop":{"background-color":"var(--ast-global-color-5)","background-image":"","background-repeat":"repeat","background-position":"center center","background-size":"auto","background-attachment":"scroll","background-type":"","background-media":"","overlay-type":"","overlay-color":"","overlay-opacity":"","overlay-gradient":""},"tablet":{"background-color":"var(--ast-global-color-5)","background-image":"","background-repeat":"repeat","background-position":"center center","background-size":"auto","background-attachment":"scroll","background-type":"","background-media":"","overlay-type":"","overlay-color":"","overlay-opacity":"","overlay-gradient":""},"mobile":{"background-color":"var(--ast-global-color-5)","background-image":"","background-repeat":"repeat","background-position":"center center","background-size":"auto","background-attachment":"scroll","background-type":"","background-media":"","overlay-type":"","overlay-color":"","overlay-opacity":"","overlay-gradient":""}},"footnotes":""},"class_list":["post-64","page","type-page","status-publish","hentry"],"post_mailing_queue_ids":[],"_links":{"self":[{"href":"https:\/\/agora.xtec.cat\/ceipdoctorferrer\/wp-json\/wp\/v2\/pages\/64","targetHints":{"allow":["GET"]}}],"collection":[{"href":"https:\/\/agora.xtec.cat\/ceipdoctorferrer\/wp-json\/wp\/v2\/pages"}],"about":[{"href":"https:\/\/agora.xtec.cat\/ceipdoctorferrer\/wp-json\/wp\/v2\/types\/page"}],"author":[{"embeddable":true,"href":"https:\/\/agora.xtec.cat\/ceipdoctorferrer\/wp-json\/wp\/v2\/users\/1"}],"replies":[{"embeddable":true,"href":"https:\/\/agora.xtec.cat\/ceipdoctorferrer\/wp-json\/wp\/v2\/comments?post=64"}],"version-history":[{"count":4,"href":"https:\/\/agora.xtec.cat\/ceipdoctorferrer\/wp-json\/wp\/v2\/pages\/64\/revisions"}],"predecessor-version":[{"id":511,"href":"https:\/\/agora.xtec.cat\/ceipdoctorferrer\/wp-json\/wp\/v2\/pages\/64\/revisions\/511"}],"wp:attachment":[{"href":"https:\/\/agora.xtec.cat\/ceipdoctorferrer\/wp-json\/wp\/v2\/media?parent=64"}],"curies":[{"name":"wp","href":"https:\/\/api.w.org\/{rel}","templated":true}]}}