{"id":38,"date":"2014-09-18T12:34:08","date_gmt":"2014-09-18T11:34:08","guid":{"rendered":"http:\/\/agora.xtec.cat\/ceipdoctorferrer\/?page_id=38"},"modified":"2020-01-25T17:38:03","modified_gmt":"2020-01-25T16:38:03","slug":"salut","status":"publish","type":"page","link":"https:\/\/agora.xtec.cat\/ceipdoctorferrer\/lescola\/salut\/","title":{"rendered":"Salut"},"content":{"rendered":"<p><b>Vacunes\u00a0<\/b><\/p>\n<p><span style=\"font-weight: 400;\">La vacuna hepatitis A i la Meningitis C es posa als alumnes de 6\u00e8, \u00e9s injectable i requereix tres dosis que administra el personal sanitari del CAP. A m\u00e9s, les alumnes de 6\u00e8 rebran la vacuna del papil\u00b7loma juntament amb una de les dosis de l\u2019hepatitis A. Els i les alumnes que no hagin passat la varicel\u00b7la tamb\u00e9 es podran vacunar aquests mateixos dies.<\/span><\/p>\n<p><b>Dates de vacunaci\u00f3<\/b><span style=\"font-weight: 400;\">:<\/span><span style=\"font-weight: 400;\">\u00a0<\/span><\/p>\n<table>\n<tbody>\n<tr>\n<td><strong>DOSI<\/strong><\/td>\n<td><strong>NIVELL<\/strong><\/td>\n<td><strong>DATA<\/strong><\/td>\n<td><strong>LLOC<\/strong><\/td>\n<\/tr>\n<tr>\n<td><span style=\"font-weight: 400;\">1a<\/span><\/td>\n<td><span style=\"font-weight: 400;\">6\u00e8<\/span><\/td>\n<td><span style=\"font-weight: 400;\">Pendent de concretar<\/span><\/td>\n<td><span style=\"font-weight: 400;\">escola<\/span><\/td>\n<\/tr>\n<tr>\n<td><span style=\"font-weight: 400;\">2a<\/span><\/td>\n<td><span style=\"font-weight: 400;\">6\u00e8<\/span><\/td>\n<td><span style=\"font-weight: 400;\">Pendent de concretar<\/span><\/td>\n<td><span style=\"font-weight: 400;\">escola<\/span><\/td>\n<\/tr>\n<tr>\n<td><span style=\"font-weight: 400;\">3a<\/span><\/td>\n<td><span style=\"font-weight: 400;\">6\u00e8<\/span><\/td>\n<td><span style=\"font-weight: 400;\">Pendent de concretar<\/span><\/td>\n<td><span style=\"font-weight: 400;\">escola<\/span><\/td>\n<\/tr>\n<\/tbody>\n<\/table>\n<p><span style=\"font-weight: 400;\">Caldr\u00e0 que porteu el carnet de salut a l\u2019escola quan el tutor\/a dels vostres fills\/es us els\u00a0 demani.<\/span><\/p>\n<p>&nbsp;<\/p>\n<p><img loading=\"lazy\" decoding=\"async\" class=\"wp-image-550 alignright\" src=\"https:\/\/agora.xtec.cat\/ceipdoctorferrer\/wp-content\/uploads\/usu2052\/2020\/01\/dentista.png\" alt=\"\" width=\"58\" height=\"58\" srcset=\"https:\/\/agora.xtec.cat\/ceipdoctorferrer\/wp-content\/uploads\/usu2052\/2020\/01\/dentista.png 225w, https:\/\/agora.xtec.cat\/ceipdoctorferrer\/wp-content\/uploads\/usu2052\/2020\/01\/dentista-150x150.png 150w\" sizes=\"auto, (max-width: 58px) 100vw, 58px\" \/><\/p>\n<p><b>Revisions dentista<\/b><\/p>\n<p><span style=\"font-weight: 400;\">Als alumnes de 1r i de 6\u00e8, el dentista del CAP, els far\u00e0 una revisi\u00f3 buco-dental.\u00a0 Les dates, encara estan per determinar.\u00a0\u00a0<\/span><\/p>\n<hr \/>\n<p>&nbsp;<\/p>\n<h4><b>RECOMANACIONS GENERALS DE SALUT \u00a0 \u00a0 \u00a0 <\/b><\/h4>\n<h5><b>Equip d\u2019atenci\u00f3\u00a0 Prim\u00e0ria d\u2019Art\u00e9s<\/b><\/h5>\n<p><span style=\"font-weight: 400;\">L\u2019objectiu d\u2019aquest recull de recomanacions de salut i d\u2019higiene \u00e9s disminuir la freq\u00fc\u00e8ncia de contagi de les malalties infeccioses, donar uns consells b\u00e0sics de salut i assegurar una correcta administraci\u00f3 de medicaci\u00f3 a l\u2019escola.\u00a0<\/span><\/p>\n<p><b>FEBRE<\/b><span style=\"font-weight: 400;\">\u00a0<\/span><\/p>\n<p><span style=\"font-weight: 400;\">La febre \u00e9s un s\u00edmptoma\u00a0 molt freq\u00fcent en l\u2019infant que es caracteritza per un augment de la temperatura corporal (per sobre de 37\u00baC ) i sovint s\u2019acompanya de malestar. \u00c9s un mecanisme de defensa de l\u2019organisme contra la malaltia i, per tant, no cal tractar-la de forma immediata amb medicaments.\u00a0<\/span><\/p>\n<p><b>RECOMANACIONS\u00a0<\/b><\/p>\n<ul>\n<li style=\"font-weight: 400;\"><span style=\"font-weight: 400;\">Utilitzar mesures f\u00edsiques per rebaixar la temperatura i disminuir-ne les mol\u00e8sties.<\/span><\/li>\n<li style=\"font-weight: 400;\"><span style=\"font-weight: 400;\">Si t\u00e9 malestar, fred o esgarrifances, no abrigar-lo i oferir-li aigua per beure a glopets.<\/span><\/li>\n<li style=\"font-weight: 400;\"><span style=\"font-weight: 400;\">Si un infant arriba als 38\u00baC o m\u00e9s, l\u2019escola ha de contactar amb el pare, mare o tutor\/-a perqu\u00e8 el recullin tan aviat com sigui possible. Encara que no es tracti d\u2019una urg\u00e8ncia, l\u2019infant no s\u2019ha de quedar a l\u2019escola.\u00a0<\/span><\/li>\n<li style=\"font-weight: 400;\"><span style=\"font-weight: 400;\">Els nens, si tenen febre, <\/span><b>NO<\/b><span style=\"font-weight: 400;\"> han d\u2019anar a l\u2019escola i s&#8217;incorporaran a les classes quan faci 24h que no en tenen.<\/span><\/li>\n<\/ul>\n<p>&nbsp;<\/p>\n<p><b>ADMINISTRACI\u00d3 DE MEDICACI\u00d3<\/b><\/p>\n<p><span style=\"font-weight: 400;\">Si un alumne ha de prendre alguna medicaci\u00f3 s\u2019han de tenir presents les seg\u00fcents indicacions:<\/span><\/p>\n<ul>\n<li style=\"font-weight: 400;\"><span style=\"font-weight: 400;\">Al centre<\/span><b> NO<\/b><span style=\"font-weight: 400;\"> s\u2019administrar\u00e0 cap medicaci\u00f3 sense recepta m\u00e8dica o nota del metge que n\u2019especifiqui la dosi i l\u2019horari.\u00a0 En cas d\u2019haver d\u2019administrar alguna medicaci\u00f3 en horari escolar caldr\u00e0 omplir l\u2019autoritzaci\u00f3 <\/span><span style=\"font-weight: 400;\">(<a href=\"https:\/\/agora.xtec.cat\/ceipdoctorferrer\/docs\/autoritzacio-administracio-de-medicaments\/?bp-attachment=medicaments.pdf\" target=\"_blank\" rel=\"noopener noreferrer\">model d&#8217;autoritzaci\u00f3<\/a>).<\/span><\/li>\n<li style=\"font-weight: 400;\"><span style=\"font-weight: 400;\">En cas d\u2019al\u00b7l\u00e8rgia o qualsevol altra caracter\u00edstica espec\u00edfica relacionada amb la salut dels vostres fills\/-es, cal comunicar-ho al centre escolar mitjan\u00e7ant un informe m\u00e8dic.<\/span><\/li>\n<\/ul>\n<p>&nbsp;<\/p>\n<p><b>ALIMENTACI\u00d3<\/b><\/p>\n<ul>\n<li style=\"font-weight: 400;\"><span style=\"font-weight: 400;\">Si l\u2019alumne requereix una dieta especial, cal un informe m\u00e8dic que detalli el tipus de dieta i el temps que cal mantenir-la.<\/span><\/li>\n<li style=\"font-weight: 400;\"><span style=\"font-weight: 400;\">L\u2019alimentaci\u00f3 \u00e9s molt important en el manteniment de la salut i el creixement adequat, per aquest motiu \u00e9s convenient consultar el men\u00fa escolar per tal de complementar la dieta a l\u2019hora de sopar.\u00a0<\/span><\/li>\n<li style=\"font-weight: 400;\"><span style=\"font-weight: 400;\">\u00c9s molt recomanable que l\u2019alumne esmorzi abans d\u2019anar a l\u2019escola per tal d\u2019assegurar el rendiment escolar durant les primeres hores del mat\u00ed.<\/span><\/li>\n<li style=\"font-weight: 400;\"><span style=\"font-weight: 400;\">Cal evitar els aliments processats, la brioxeria i els sucs envasats.<\/span><\/li>\n<li style=\"font-weight: 400;\"><span style=\"font-weight: 400;\">Cal potenciar la fruita sencera i la fruita seca per esmorzar a l\u2019hora del pati, aix\u00ed com tamb\u00e9 l\u2019aigua per beure.<\/span><\/li>\n<li style=\"font-weight: 400;\"><span style=\"font-weight: 400;\">Cal evitar la ingesta de llaminadures, ja que l\u2019exc\u00e9s de sucre afavoreix l\u2019obesitat i la c\u00e0ries.\u00a0<\/span><\/li>\n<\/ul>\n<p>&nbsp;<\/p>\n<p><b>EXERCICI F\u00cdSIC<\/b><\/p>\n<ul>\n<li style=\"font-weight: 400;\"><span style=\"font-weight: 400;\">S\u2019ha de potenciar l\u2019exercici f\u00edsic. Caminar \u00e9s la millor manera de moure\u2019ns en un poble. \u00c9s recomanable anar a l\u2019escola a peu. La bicicleta o el patinet tamb\u00e9 s\u00f3n bons mitjans per despla\u00e7ar-nos.<\/span><\/li>\n<\/ul>\n<p>&nbsp;<\/p>\n<p><b>HIGIENE DENTAL\u00a0<\/b><\/p>\n<ul>\n<li style=\"font-weight: 400;\"><span style=\"font-weight: 400;\">Cal que els nens\/-es es rentin les dents di\u00e0riament, a partir dels 2 anys, com a m\u00ednim dues vegades al dia amb pasta fluorada (al mat\u00ed i abans d&#8217;anar a dormir ).\u00a0<\/span><\/li>\n<\/ul>\n<p>&nbsp;<\/p>\n<p>&nbsp;<\/p>\n<p>&nbsp;<\/p>\n<p>&nbsp;<\/p>\n<p>&nbsp;<\/p>\n","protected":false},"excerpt":{"rendered":"<p>Vacunes\u00a0 La vacuna hepatitis A i la Meningitis C es posa als alumnes de 6\u00e8, \u00e9s injectable i requereix tres dosis que administra el personal sanitari del CAP. A m\u00e9s, les alumnes de 6\u00e8 rebran la vacuna del papil\u00b7loma juntament amb una de les dosis de l\u2019hepatitis A. Els i les alumnes que no hagin [&hellip;]<\/p>\n","protected":false},"author":1,"featured_media":0,"parent":22,"menu_order":80,"comment_status":"closed","ping_status":"closed","template":"page-templates\/side-menu.php","meta":{"_bbp_topic_count":0,"_bbp_reply_count":0,"_bbp_total_topic_count":0,"_bbp_total_reply_count":0,"_bbp_voice_count":0,"_bbp_anonymous_reply_count":0,"_bbp_topic_count_hidden":0,"_bbp_reply_count_hidden":0,"_bbp_forum_subforum_count":0,"site-sidebar-layout":"default","site-content-layout":"","ast-site-content-layout":"","site-content-style":"default","site-sidebar-style":"default","ast-global-header-display":"","ast-banner-title-visibility":"","ast-main-header-display":"","ast-hfb-above-header-display":"","ast-hfb-below-header-display":"","ast-hfb-mobile-header-display":"","site-post-title":"","ast-breadcrumbs-content":"","ast-featured-img":"","footer-sml-layout":"","theme-transparent-header-meta":"","adv-header-id-meta":"","stick-header-meta":"","header-above-stick-meta":"","header-main-stick-meta":"","header-below-stick-meta":"","astra-migrate-meta-layouts":"default","ast-page-background-enabled":"default","ast-page-background-meta":{"desktop":{"background-color":"var(--ast-global-color-4)","background-image":"","background-repeat":"repeat","background-position":"center center","background-size":"auto","background-attachment":"scroll","background-type":"","background-media":"","overlay-type":"","overlay-color":"","overlay-opacity":"","overlay-gradient":""},"tablet":{"background-color":"","background-image":"","background-repeat":"repeat","background-position":"center center","background-size":"auto","background-attachment":"scroll","background-type":"","background-media":"","overlay-type":"","overlay-color":"","overlay-opacity":"","overlay-gradient":""},"mobile":{"background-color":"","background-image":"","background-repeat":"repeat","background-position":"center center","background-size":"auto","background-attachment":"scroll","background-type":"","background-media":"","overlay-type":"","overlay-color":"","overlay-opacity":"","overlay-gradient":""}},"ast-content-background-meta":{"desktop":{"background-color":"var(--ast-global-color-5)","background-image":"","background-repeat":"repeat","background-position":"center center","background-size":"auto","background-attachment":"scroll","background-type":"","background-media":"","overlay-type":"","overlay-color":"","overlay-opacity":"","overlay-gradient":""},"tablet":{"background-color":"var(--ast-global-color-5)","background-image":"","background-repeat":"repeat","background-position":"center center","background-size":"auto","background-attachment":"scroll","background-type":"","background-media":"","overlay-type":"","overlay-color":"","overlay-opacity":"","overlay-gradient":""},"mobile":{"background-color":"var(--ast-global-color-5)","background-image":"","background-repeat":"repeat","background-position":"center center","background-size":"auto","background-attachment":"scroll","background-type":"","background-media":"","overlay-type":"","overlay-color":"","overlay-opacity":"","overlay-gradient":""}},"footnotes":""},"class_list":["post-38","page","type-page","status-publish","hentry"],"post_mailing_queue_ids":[],"_links":{"self":[{"href":"https:\/\/agora.xtec.cat\/ceipdoctorferrer\/wp-json\/wp\/v2\/pages\/38","targetHints":{"allow":["GET"]}}],"collection":[{"href":"https:\/\/agora.xtec.cat\/ceipdoctorferrer\/wp-json\/wp\/v2\/pages"}],"about":[{"href":"https:\/\/agora.xtec.cat\/ceipdoctorferrer\/wp-json\/wp\/v2\/types\/page"}],"author":[{"embeddable":true,"href":"https:\/\/agora.xtec.cat\/ceipdoctorferrer\/wp-json\/wp\/v2\/users\/1"}],"replies":[{"embeddable":true,"href":"https:\/\/agora.xtec.cat\/ceipdoctorferrer\/wp-json\/wp\/v2\/comments?post=38"}],"version-history":[{"count":4,"href":"https:\/\/agora.xtec.cat\/ceipdoctorferrer\/wp-json\/wp\/v2\/pages\/38\/revisions"}],"predecessor-version":[{"id":557,"href":"https:\/\/agora.xtec.cat\/ceipdoctorferrer\/wp-json\/wp\/v2\/pages\/38\/revisions\/557"}],"up":[{"embeddable":true,"href":"https:\/\/agora.xtec.cat\/ceipdoctorferrer\/wp-json\/wp\/v2\/pages\/22"}],"wp:attachment":[{"href":"https:\/\/agora.xtec.cat\/ceipdoctorferrer\/wp-json\/wp\/v2\/media?parent=38"}],"curies":[{"name":"wp","href":"https:\/\/api.w.org\/{rel}","templated":true}]}}