{"id":2701,"date":"2025-07-31T14:19:08","date_gmt":"2025-07-31T12:19:08","guid":{"rendered":"https:\/\/agora.xtec.cat\/ceipdoctorferrer\/?page_id=2701"},"modified":"2025-09-22T17:18:48","modified_gmt":"2025-09-22T15:18:48","slug":"afa","status":"publish","type":"page","link":"https:\/\/agora.xtec.cat\/ceipdoctorferrer\/afa\/","title":{"rendered":"AFA"},"content":{"rendered":"<p><strong>Qu\u00e8 \u00e9s l\u2019AFA?<\/strong><\/p>\n<p>L\u2019AFA (Associaci\u00f3 de Fam\u00edlies d\u2019Alumnes) de l\u2019Escola Doctor Ferrer \u00e9s una entitat sense \u00e0nim de lucre formada per les fam\u00edlies dels nens i nenes del centre. Treballem conjuntament amb l\u2019equip directiu i el claustre per contribuir a una educaci\u00f3 de qualitat i al benestar dels infants.<\/p>\n<p><strong>Quines tasques fa l\u2019AFA?<\/strong><\/p>\n<p>L\u2019AFA \u00e9s responsable de gestionar diversos serveis essencials per a la comunitat educativa:<\/p>\n<ul>\n<li><strong>Servei d\u2019acollida matinal:<\/strong> Oferim un espai segur i acollidor abans de l\u2019inici de les classes, per facilitar la conciliaci\u00f3 familiar i laboral.<\/li>\n<li><strong>Activitats extraescolars:<\/strong> Organitzem una \u00e0mplia oferta d\u2019activitats per als nens i nenes fora de l\u2019horari lectiu, pensades per fomentar el desenvolupament personal, esportiu i creatiu.<\/li>\n<li><strong>Col\u00b7laboraci\u00f3 en festes escolars:<\/strong> Participem activament en l\u2019organitzaci\u00f3 i dinamitzaci\u00f3 de les festes i celebracions de l\u2019escola, promovent un ambient alegre i de conviv\u00e8ncia.<\/li>\n<li><strong>Millora dels espais escolars:<\/strong> Impulsem iniciatives per millorar les instal\u00b7lacions del centre, afavorint un entorn educatiu m\u00e9s acollidor i adaptat a les necessitats dels infants.<\/li>\n<\/ul>\n<p><strong>Per qu\u00e8 \u00e9s important formar-ne part?<\/strong><\/p>\n<p>Participar a l\u2019AFA \u00e9s una manera de contribuir activament a la vida escolar i d\u2019estar implicat en l\u2019educaci\u00f3 dels nostres fills i filles. Com m\u00e9s fam\u00edlies hi participem, m\u00e9s forta i representativa \u00e9s la nostra veu.<\/p>\n<p><a href=\"https:\/\/agora.xtec.cat\/ceipdoctorferrer\/wp-content\/uploads\/usu2052\/2025\/09\/1_Butlleti_setembre_250922_171253_1.jpg\"><img loading=\"lazy\" decoding=\"async\" class=\"alignnone size-large wp-image-2712\" src=\"https:\/\/agora.xtec.cat\/ceipdoctorferrer\/wp-content\/uploads\/usu2052\/2025\/09\/1_Butlleti_setembre_250922_171253_1-721x1024.jpg\" alt=\"\" width=\"721\" height=\"1024\" srcset=\"https:\/\/agora.xtec.cat\/ceipdoctorferrer\/wp-content\/uploads\/usu2052\/2025\/09\/1_Butlleti_setembre_250922_171253_1-721x1024.jpg 721w, https:\/\/agora.xtec.cat\/ceipdoctorferrer\/wp-content\/uploads\/usu2052\/2025\/09\/1_Butlleti_setembre_250922_171253_1-211x300.jpg 211w, https:\/\/agora.xtec.cat\/ceipdoctorferrer\/wp-content\/uploads\/usu2052\/2025\/09\/1_Butlleti_setembre_250922_171253_1-768x1091.jpg 768w, https:\/\/agora.xtec.cat\/ceipdoctorferrer\/wp-content\/uploads\/usu2052\/2025\/09\/1_Butlleti_setembre_250922_171253_1.jpg 1080w\" sizes=\"auto, (max-width: 721px) 100vw, 721px\" \/><\/a><\/p>\n<p><a href=\"https:\/\/agora.xtec.cat\/ceipdoctorferrer\/wp-content\/uploads\/usu2052\/2025\/09\/1_Butlleti_setembre_250922_171253_2.jpg\"><img loading=\"lazy\" decoding=\"async\" class=\"alignnone size-large wp-image-2713\" src=\"https:\/\/agora.xtec.cat\/ceipdoctorferrer\/wp-content\/uploads\/usu2052\/2025\/09\/1_Butlleti_setembre_250922_171253_2-721x1024.jpg\" alt=\"\" width=\"721\" height=\"1024\" srcset=\"https:\/\/agora.xtec.cat\/ceipdoctorferrer\/wp-content\/uploads\/usu2052\/2025\/09\/1_Butlleti_setembre_250922_171253_2-721x1024.jpg 721w, https:\/\/agora.xtec.cat\/ceipdoctorferrer\/wp-content\/uploads\/usu2052\/2025\/09\/1_Butlleti_setembre_250922_171253_2-211x300.jpg 211w, https:\/\/agora.xtec.cat\/ceipdoctorferrer\/wp-content\/uploads\/usu2052\/2025\/09\/1_Butlleti_setembre_250922_171253_2-768x1091.jpg 768w, https:\/\/agora.xtec.cat\/ceipdoctorferrer\/wp-content\/uploads\/usu2052\/2025\/09\/1_Butlleti_setembre_250922_171253_2.jpg 1080w\" sizes=\"auto, (max-width: 721px) 100vw, 721px\" \/><\/a> <a href=\"https:\/\/agora.xtec.cat\/ceipdoctorferrer\/wp-content\/uploads\/usu2052\/2025\/09\/1_Butlleti_setembre_250922_171253_3.jpg\"><img loading=\"lazy\" decoding=\"async\" class=\"alignnone size-large wp-image-2714\" src=\"https:\/\/agora.xtec.cat\/ceipdoctorferrer\/wp-content\/uploads\/usu2052\/2025\/09\/1_Butlleti_setembre_250922_171253_3-721x1024.jpg\" alt=\"\" width=\"721\" height=\"1024\" srcset=\"https:\/\/agora.xtec.cat\/ceipdoctorferrer\/wp-content\/uploads\/usu2052\/2025\/09\/1_Butlleti_setembre_250922_171253_3-721x1024.jpg 721w, https:\/\/agora.xtec.cat\/ceipdoctorferrer\/wp-content\/uploads\/usu2052\/2025\/09\/1_Butlleti_setembre_250922_171253_3-211x300.jpg 211w, https:\/\/agora.xtec.cat\/ceipdoctorferrer\/wp-content\/uploads\/usu2052\/2025\/09\/1_Butlleti_setembre_250922_171253_3-768x1091.jpg 768w, https:\/\/agora.xtec.cat\/ceipdoctorferrer\/wp-content\/uploads\/usu2052\/2025\/09\/1_Butlleti_setembre_250922_171253_3.jpg 1080w\" sizes=\"auto, (max-width: 721px) 100vw, 721px\" \/><\/a> <a href=\"https:\/\/agora.xtec.cat\/ceipdoctorferrer\/wp-content\/uploads\/usu2052\/2025\/09\/1_Butlleti_setembre_250922_171253_4.jpg\"><img loading=\"lazy\" decoding=\"async\" class=\"alignnone size-large wp-image-2715\" src=\"https:\/\/agora.xtec.cat\/ceipdoctorferrer\/wp-content\/uploads\/usu2052\/2025\/09\/1_Butlleti_setembre_250922_171253_4-721x1024.jpg\" alt=\"\" width=\"721\" height=\"1024\" srcset=\"https:\/\/agora.xtec.cat\/ceipdoctorferrer\/wp-content\/uploads\/usu2052\/2025\/09\/1_Butlleti_setembre_250922_171253_4-721x1024.jpg 721w, https:\/\/agora.xtec.cat\/ceipdoctorferrer\/wp-content\/uploads\/usu2052\/2025\/09\/1_Butlleti_setembre_250922_171253_4-211x300.jpg 211w, https:\/\/agora.xtec.cat\/ceipdoctorferrer\/wp-content\/uploads\/usu2052\/2025\/09\/1_Butlleti_setembre_250922_171253_4-768x1091.jpg 768w, https:\/\/agora.xtec.cat\/ceipdoctorferrer\/wp-content\/uploads\/usu2052\/2025\/09\/1_Butlleti_setembre_250922_171253_4.jpg 1080w\" sizes=\"auto, (max-width: 721px) 100vw, 721px\" \/><\/a><\/p>\n<p><a href=\"https:\/\/agora.xtec.cat\/ceipdoctorferrer\/wp-content\/uploads\/usu2052\/2025\/09\/1_Butlleti_setembre_250922_171253_5.jpg\"><img loading=\"lazy\" decoding=\"async\" class=\"alignnone size-large wp-image-2716\" src=\"https:\/\/agora.xtec.cat\/ceipdoctorferrer\/wp-content\/uploads\/usu2052\/2025\/09\/1_Butlleti_setembre_250922_171253_5-721x1024.jpg\" alt=\"\" width=\"721\" height=\"1024\" srcset=\"https:\/\/agora.xtec.cat\/ceipdoctorferrer\/wp-content\/uploads\/usu2052\/2025\/09\/1_Butlleti_setembre_250922_171253_5-721x1024.jpg 721w, https:\/\/agora.xtec.cat\/ceipdoctorferrer\/wp-content\/uploads\/usu2052\/2025\/09\/1_Butlleti_setembre_250922_171253_5-211x300.jpg 211w, https:\/\/agora.xtec.cat\/ceipdoctorferrer\/wp-content\/uploads\/usu2052\/2025\/09\/1_Butlleti_setembre_250922_171253_5-768x1091.jpg 768w, https:\/\/agora.xtec.cat\/ceipdoctorferrer\/wp-content\/uploads\/usu2052\/2025\/09\/1_Butlleti_setembre_250922_171253_5.jpg 1080w\" sizes=\"auto, (max-width: 721px) 100vw, 721px\" \/><\/a><\/p>\n<p><a href=\"https:\/\/agora.xtec.cat\/ceipdoctorferrer\/wp-content\/uploads\/usu2052\/2025\/09\/1_Butlleti_setembre_250922_171253_6.jpg\"><img loading=\"lazy\" decoding=\"async\" class=\"alignnone size-large wp-image-2717\" src=\"https:\/\/agora.xtec.cat\/ceipdoctorferrer\/wp-content\/uploads\/usu2052\/2025\/09\/1_Butlleti_setembre_250922_171253_6-721x1024.jpg\" alt=\"\" width=\"721\" height=\"1024\" srcset=\"https:\/\/agora.xtec.cat\/ceipdoctorferrer\/wp-content\/uploads\/usu2052\/2025\/09\/1_Butlleti_setembre_250922_171253_6-721x1024.jpg 721w, https:\/\/agora.xtec.cat\/ceipdoctorferrer\/wp-content\/uploads\/usu2052\/2025\/09\/1_Butlleti_setembre_250922_171253_6-211x300.jpg 211w, https:\/\/agora.xtec.cat\/ceipdoctorferrer\/wp-content\/uploads\/usu2052\/2025\/09\/1_Butlleti_setembre_250922_171253_6-768x1091.jpg 768w, https:\/\/agora.xtec.cat\/ceipdoctorferrer\/wp-content\/uploads\/usu2052\/2025\/09\/1_Butlleti_setembre_250922_171253_6.jpg 1080w\" sizes=\"auto, (max-width: 721px) 100vw, 721px\" \/><\/a><\/p>\n<p><a href=\"https:\/\/agora.xtec.cat\/ceipdoctorferrer\/wp-content\/uploads\/usu2052\/2025\/09\/1_Butlleti_setembre_250922_171253_7.jpg\"><img loading=\"lazy\" decoding=\"async\" class=\"alignnone size-large wp-image-2718\" src=\"https:\/\/agora.xtec.cat\/ceipdoctorferrer\/wp-content\/uploads\/usu2052\/2025\/09\/1_Butlleti_setembre_250922_171253_7-721x1024.jpg\" alt=\"\" width=\"721\" height=\"1024\" srcset=\"https:\/\/agora.xtec.cat\/ceipdoctorferrer\/wp-content\/uploads\/usu2052\/2025\/09\/1_Butlleti_setembre_250922_171253_7-721x1024.jpg 721w, https:\/\/agora.xtec.cat\/ceipdoctorferrer\/wp-content\/uploads\/usu2052\/2025\/09\/1_Butlleti_setembre_250922_171253_7-211x300.jpg 211w, https:\/\/agora.xtec.cat\/ceipdoctorferrer\/wp-content\/uploads\/usu2052\/2025\/09\/1_Butlleti_setembre_250922_171253_7-768x1091.jpg 768w, https:\/\/agora.xtec.cat\/ceipdoctorferrer\/wp-content\/uploads\/usu2052\/2025\/09\/1_Butlleti_setembre_250922_171253_7.jpg 1080w\" sizes=\"auto, (max-width: 721px) 100vw, 721px\" \/><\/a> <a href=\"https:\/\/agora.xtec.cat\/ceipdoctorferrer\/wp-content\/uploads\/usu2052\/2025\/09\/1_Butlleti_setembre_250922_171253_8.jpg\"><img loading=\"lazy\" decoding=\"async\" class=\"alignnone size-large wp-image-2719\" src=\"https:\/\/agora.xtec.cat\/ceipdoctorferrer\/wp-content\/uploads\/usu2052\/2025\/09\/1_Butlleti_setembre_250922_171253_8-721x1024.jpg\" alt=\"\" width=\"721\" height=\"1024\" srcset=\"https:\/\/agora.xtec.cat\/ceipdoctorferrer\/wp-content\/uploads\/usu2052\/2025\/09\/1_Butlleti_setembre_250922_171253_8-721x1024.jpg 721w, https:\/\/agora.xtec.cat\/ceipdoctorferrer\/wp-content\/uploads\/usu2052\/2025\/09\/1_Butlleti_setembre_250922_171253_8-211x300.jpg 211w, https:\/\/agora.xtec.cat\/ceipdoctorferrer\/wp-content\/uploads\/usu2052\/2025\/09\/1_Butlleti_setembre_250922_171253_8-768x1091.jpg 768w, https:\/\/agora.xtec.cat\/ceipdoctorferrer\/wp-content\/uploads\/usu2052\/2025\/09\/1_Butlleti_setembre_250922_171253_8.jpg 1080w\" sizes=\"auto, (max-width: 721px) 100vw, 721px\" \/><\/a> <a href=\"https:\/\/agora.xtec.cat\/ceipdoctorferrer\/wp-content\/uploads\/usu2052\/2025\/09\/1_Butlleti_setembre_250922_171253_9.jpg\"><img loading=\"lazy\" decoding=\"async\" class=\"alignnone size-large wp-image-2720\" src=\"https:\/\/agora.xtec.cat\/ceipdoctorferrer\/wp-content\/uploads\/usu2052\/2025\/09\/1_Butlleti_setembre_250922_171253_9-721x1024.jpg\" alt=\"\" width=\"721\" height=\"1024\" srcset=\"https:\/\/agora.xtec.cat\/ceipdoctorferrer\/wp-content\/uploads\/usu2052\/2025\/09\/1_Butlleti_setembre_250922_171253_9-721x1024.jpg 721w, https:\/\/agora.xtec.cat\/ceipdoctorferrer\/wp-content\/uploads\/usu2052\/2025\/09\/1_Butlleti_setembre_250922_171253_9-211x300.jpg 211w, https:\/\/agora.xtec.cat\/ceipdoctorferrer\/wp-content\/uploads\/usu2052\/2025\/09\/1_Butlleti_setembre_250922_171253_9-768x1091.jpg 768w, https:\/\/agora.xtec.cat\/ceipdoctorferrer\/wp-content\/uploads\/usu2052\/2025\/09\/1_Butlleti_setembre_250922_171253_9.jpg 1080w\" sizes=\"auto, (max-width: 721px) 100vw, 721px\" \/><\/a><\/p>\n<p>&nbsp;<\/p>\n<p><a href=\"https:\/\/agora.xtec.cat\/ceipdoctorferrer\/wp-content\/uploads\/usu2052\/2025\/07\/Serveis-AFA-25-26_page-0001-scaled.jpg\"><img loading=\"lazy\" decoding=\"async\" class=\"alignnone size-large wp-image-2688\" src=\"https:\/\/agora.xtec.cat\/ceipdoctorferrer\/wp-content\/uploads\/usu2052\/2025\/07\/Serveis-AFA-25-26_page-0001-410x1024.jpg\" alt=\"\" width=\"410\" height=\"1024\" srcset=\"https:\/\/agora.xtec.cat\/ceipdoctorferrer\/wp-content\/uploads\/usu2052\/2025\/07\/Serveis-AFA-25-26_page-0001-410x1024.jpg 410w, https:\/\/agora.xtec.cat\/ceipdoctorferrer\/wp-content\/uploads\/usu2052\/2025\/07\/Serveis-AFA-25-26_page-0001-120x300.jpg 120w, https:\/\/agora.xtec.cat\/ceipdoctorferrer\/wp-content\/uploads\/usu2052\/2025\/07\/Serveis-AFA-25-26_page-0001-768x1920.jpg 768w, https:\/\/agora.xtec.cat\/ceipdoctorferrer\/wp-content\/uploads\/usu2052\/2025\/07\/Serveis-AFA-25-26_page-0001-819x2048.jpg 819w, https:\/\/agora.xtec.cat\/ceipdoctorferrer\/wp-content\/uploads\/usu2052\/2025\/07\/Serveis-AFA-25-26_page-0001-scaled.jpg 1024w\" sizes=\"auto, (max-width: 410px) 100vw, 410px\" \/><\/a><\/p>\n<p><a href=\"https:\/\/agora.xtec.cat\/ceipdoctorferrer\/wp-content\/uploads\/usu2052\/2025\/07\/Desperador-scaled.jpg\"><img loading=\"lazy\" decoding=\"async\" class=\"alignnone size-large wp-image-2689\" src=\"https:\/\/agora.xtec.cat\/ceipdoctorferrer\/wp-content\/uploads\/usu2052\/2025\/07\/Desperador-410x1024.jpg\" alt=\"\" width=\"410\" height=\"1024\" srcset=\"https:\/\/agora.xtec.cat\/ceipdoctorferrer\/wp-content\/uploads\/usu2052\/2025\/07\/Desperador-410x1024.jpg 410w, https:\/\/agora.xtec.cat\/ceipdoctorferrer\/wp-content\/uploads\/usu2052\/2025\/07\/Desperador-120x300.jpg 120w, https:\/\/agora.xtec.cat\/ceipdoctorferrer\/wp-content\/uploads\/usu2052\/2025\/07\/Desperador-768x1920.jpg 768w, https:\/\/agora.xtec.cat\/ceipdoctorferrer\/wp-content\/uploads\/usu2052\/2025\/07\/Desperador-819x2048.jpg 819w, https:\/\/agora.xtec.cat\/ceipdoctorferrer\/wp-content\/uploads\/usu2052\/2025\/07\/Desperador-scaled.jpg 1024w\" sizes=\"auto, (max-width: 410px) 100vw, 410px\" \/><\/a><\/p>\n<p><a href=\"https:\/\/agora.xtec.cat\/ceipdoctorferrer\/wp-content\/uploads\/usu2052\/2025\/07\/Ludoteca-1-scaled.jpg\"><img loading=\"lazy\" decoding=\"async\" class=\"alignnone size-large wp-image-2702\" src=\"https:\/\/agora.xtec.cat\/ceipdoctorferrer\/wp-content\/uploads\/usu2052\/2025\/07\/Ludoteca-1-410x1024.jpg\" alt=\"\" width=\"410\" height=\"1024\" srcset=\"https:\/\/agora.xtec.cat\/ceipdoctorferrer\/wp-content\/uploads\/usu2052\/2025\/07\/Ludoteca-1-410x1024.jpg 410w, https:\/\/agora.xtec.cat\/ceipdoctorferrer\/wp-content\/uploads\/usu2052\/2025\/07\/Ludoteca-1-120x300.jpg 120w, https:\/\/agora.xtec.cat\/ceipdoctorferrer\/wp-content\/uploads\/usu2052\/2025\/07\/Ludoteca-1-768x1920.jpg 768w, https:\/\/agora.xtec.cat\/ceipdoctorferrer\/wp-content\/uploads\/usu2052\/2025\/07\/Ludoteca-1-819x2048.jpg 819w, https:\/\/agora.xtec.cat\/ceipdoctorferrer\/wp-content\/uploads\/usu2052\/2025\/07\/Ludoteca-1-scaled.jpg 1024w\" sizes=\"auto, (max-width: 410px) 100vw, 410px\" \/><\/a><\/p>\n<p><a href=\"https:\/\/agora.xtec.cat\/ceipdoctorferrer\/wp-content\/uploads\/usu2052\/2025\/07\/Extraescolars-scaled.jpg\"><img loading=\"lazy\" decoding=\"async\" class=\"alignnone size-large wp-image-2695\" src=\"https:\/\/agora.xtec.cat\/ceipdoctorferrer\/wp-content\/uploads\/usu2052\/2025\/07\/Extraescolars-410x1024.jpg\" alt=\"\" width=\"410\" height=\"1024\" srcset=\"https:\/\/agora.xtec.cat\/ceipdoctorferrer\/wp-content\/uploads\/usu2052\/2025\/07\/Extraescolars-410x1024.jpg 410w, https:\/\/agora.xtec.cat\/ceipdoctorferrer\/wp-content\/uploads\/usu2052\/2025\/07\/Extraescolars-120x300.jpg 120w, https:\/\/agora.xtec.cat\/ceipdoctorferrer\/wp-content\/uploads\/usu2052\/2025\/07\/Extraescolars-768x1920.jpg 768w, https:\/\/agora.xtec.cat\/ceipdoctorferrer\/wp-content\/uploads\/usu2052\/2025\/07\/Extraescolars-819x2048.jpg 819w, https:\/\/agora.xtec.cat\/ceipdoctorferrer\/wp-content\/uploads\/usu2052\/2025\/07\/Extraescolars-scaled.jpg 1024w\" sizes=\"auto, (max-width: 410px) 100vw, 410px\" \/><\/a><\/p>\n<p><a href=\"https:\/\/agora.xtec.cat\/ceipdoctorferrer\/wp-content\/uploads\/usu2052\/2025\/07\/Ex-dilluns-scaled.jpg\"><img loading=\"lazy\" decoding=\"async\" class=\"alignnone size-large wp-image-2691\" src=\"https:\/\/agora.xtec.cat\/ceipdoctorferrer\/wp-content\/uploads\/usu2052\/2025\/07\/Ex-dilluns-410x1024.jpg\" alt=\"\" width=\"410\" height=\"1024\" srcset=\"https:\/\/agora.xtec.cat\/ceipdoctorferrer\/wp-content\/uploads\/usu2052\/2025\/07\/Ex-dilluns-410x1024.jpg 410w, https:\/\/agora.xtec.cat\/ceipdoctorferrer\/wp-content\/uploads\/usu2052\/2025\/07\/Ex-dilluns-120x300.jpg 120w, https:\/\/agora.xtec.cat\/ceipdoctorferrer\/wp-content\/uploads\/usu2052\/2025\/07\/Ex-dilluns-768x1920.jpg 768w, https:\/\/agora.xtec.cat\/ceipdoctorferrer\/wp-content\/uploads\/usu2052\/2025\/07\/Ex-dilluns-819x2048.jpg 819w, https:\/\/agora.xtec.cat\/ceipdoctorferrer\/wp-content\/uploads\/usu2052\/2025\/07\/Ex-dilluns-scaled.jpg 1024w\" sizes=\"auto, (max-width: 410px) 100vw, 410px\" \/><\/a><\/p>\n<p><a href=\"https:\/\/agora.xtec.cat\/ceipdoctorferrer\/wp-content\/uploads\/usu2052\/2025\/07\/Ex-dimarts-scaled.jpg\"><img loading=\"lazy\" decoding=\"async\" class=\"alignnone size-large wp-image-2692\" src=\"https:\/\/agora.xtec.cat\/ceipdoctorferrer\/wp-content\/uploads\/usu2052\/2025\/07\/Ex-dimarts-410x1024.jpg\" alt=\"\" width=\"410\" height=\"1024\" srcset=\"https:\/\/agora.xtec.cat\/ceipdoctorferrer\/wp-content\/uploads\/usu2052\/2025\/07\/Ex-dimarts-410x1024.jpg 410w, https:\/\/agora.xtec.cat\/ceipdoctorferrer\/wp-content\/uploads\/usu2052\/2025\/07\/Ex-dimarts-120x300.jpg 120w, https:\/\/agora.xtec.cat\/ceipdoctorferrer\/wp-content\/uploads\/usu2052\/2025\/07\/Ex-dimarts-768x1920.jpg 768w, https:\/\/agora.xtec.cat\/ceipdoctorferrer\/wp-content\/uploads\/usu2052\/2025\/07\/Ex-dimarts-819x2048.jpg 819w, https:\/\/agora.xtec.cat\/ceipdoctorferrer\/wp-content\/uploads\/usu2052\/2025\/07\/Ex-dimarts-scaled.jpg 1024w\" sizes=\"auto, (max-width: 410px) 100vw, 410px\" \/><\/a><\/p>\n<p><a href=\"https:\/\/agora.xtec.cat\/ceipdoctorferrer\/wp-content\/uploads\/usu2052\/2025\/07\/Ex-dimecres-scaled.jpg\"><img loading=\"lazy\" decoding=\"async\" class=\"alignnone size-large wp-image-2693\" src=\"https:\/\/agora.xtec.cat\/ceipdoctorferrer\/wp-content\/uploads\/usu2052\/2025\/07\/Ex-dimecres-410x1024.jpg\" alt=\"\" width=\"410\" height=\"1024\" srcset=\"https:\/\/agora.xtec.cat\/ceipdoctorferrer\/wp-content\/uploads\/usu2052\/2025\/07\/Ex-dimecres-410x1024.jpg 410w, https:\/\/agora.xtec.cat\/ceipdoctorferrer\/wp-content\/uploads\/usu2052\/2025\/07\/Ex-dimecres-120x300.jpg 120w, https:\/\/agora.xtec.cat\/ceipdoctorferrer\/wp-content\/uploads\/usu2052\/2025\/07\/Ex-dimecres-768x1920.jpg 768w, https:\/\/agora.xtec.cat\/ceipdoctorferrer\/wp-content\/uploads\/usu2052\/2025\/07\/Ex-dimecres-819x2048.jpg 819w, https:\/\/agora.xtec.cat\/ceipdoctorferrer\/wp-content\/uploads\/usu2052\/2025\/07\/Ex-dimecres-scaled.jpg 1024w\" sizes=\"auto, (max-width: 410px) 100vw, 410px\" \/><\/a><\/p>\n<p><a href=\"https:\/\/agora.xtec.cat\/ceipdoctorferrer\/wp-content\/uploads\/usu2052\/2025\/07\/Ex-dijous-scaled.jpg\"><img loading=\"lazy\" decoding=\"async\" class=\"alignnone size-large wp-image-2690\" src=\"https:\/\/agora.xtec.cat\/ceipdoctorferrer\/wp-content\/uploads\/usu2052\/2025\/07\/Ex-dijous-410x1024.jpg\" alt=\"\" width=\"410\" height=\"1024\" srcset=\"https:\/\/agora.xtec.cat\/ceipdoctorferrer\/wp-content\/uploads\/usu2052\/2025\/07\/Ex-dijous-410x1024.jpg 410w, https:\/\/agora.xtec.cat\/ceipdoctorferrer\/wp-content\/uploads\/usu2052\/2025\/07\/Ex-dijous-120x300.jpg 120w, https:\/\/agora.xtec.cat\/ceipdoctorferrer\/wp-content\/uploads\/usu2052\/2025\/07\/Ex-dijous-768x1920.jpg 768w, https:\/\/agora.xtec.cat\/ceipdoctorferrer\/wp-content\/uploads\/usu2052\/2025\/07\/Ex-dijous-819x2048.jpg 819w, https:\/\/agora.xtec.cat\/ceipdoctorferrer\/wp-content\/uploads\/usu2052\/2025\/07\/Ex-dijous-scaled.jpg 1024w\" sizes=\"auto, (max-width: 410px) 100vw, 410px\" \/><\/a><\/p>\n<p><a href=\"https:\/\/agora.xtec.cat\/ceipdoctorferrer\/wp-content\/uploads\/usu2052\/2025\/07\/Ex-divendres-scaled.jpg\"><img loading=\"lazy\" decoding=\"async\" class=\"alignnone size-large wp-image-2694\" src=\"https:\/\/agora.xtec.cat\/ceipdoctorferrer\/wp-content\/uploads\/usu2052\/2025\/07\/Ex-divendres-410x1024.jpg\" alt=\"\" width=\"410\" height=\"1024\" srcset=\"https:\/\/agora.xtec.cat\/ceipdoctorferrer\/wp-content\/uploads\/usu2052\/2025\/07\/Ex-divendres-410x1024.jpg 410w, https:\/\/agora.xtec.cat\/ceipdoctorferrer\/wp-content\/uploads\/usu2052\/2025\/07\/Ex-divendres-120x300.jpg 120w, https:\/\/agora.xtec.cat\/ceipdoctorferrer\/wp-content\/uploads\/usu2052\/2025\/07\/Ex-divendres-768x1920.jpg 768w, https:\/\/agora.xtec.cat\/ceipdoctorferrer\/wp-content\/uploads\/usu2052\/2025\/07\/Ex-divendres-819x2048.jpg 819w, https:\/\/agora.xtec.cat\/ceipdoctorferrer\/wp-content\/uploads\/usu2052\/2025\/07\/Ex-divendres-scaled.jpg 1024w\" sizes=\"auto, (max-width: 410px) 100vw, 410px\" \/><\/a><\/p>\n","protected":false},"excerpt":{"rendered":"<p>Qu\u00e8 \u00e9s l\u2019AFA? L\u2019AFA (Associaci\u00f3 de Fam\u00edlies d\u2019Alumnes) de l\u2019Escola Doctor Ferrer \u00e9s una entitat sense \u00e0nim de lucre formada per les fam\u00edlies dels nens i nenes del centre. Treballem conjuntament amb l\u2019equip directiu i el claustre per contribuir a una educaci\u00f3 de qualitat i al benestar dels infants. Quines tasques fa l\u2019AFA? L\u2019AFA \u00e9s [&hellip;]<\/p>\n","protected":false},"author":4,"featured_media":0,"parent":0,"menu_order":0,"comment_status":"closed","ping_status":"closed","template":"","meta":{"_bbp_topic_count":0,"_bbp_reply_count":0,"_bbp_total_topic_count":0,"_bbp_total_reply_count":0,"_bbp_voice_count":0,"_bbp_anonymous_reply_count":0,"_bbp_topic_count_hidden":0,"_bbp_reply_count_hidden":0,"_bbp_forum_subforum_count":0,"site-sidebar-layout":"default","site-content-layout":"","ast-site-content-layout":"default","site-content-style":"default","site-sidebar-style":"default","ast-global-header-display":"","ast-banner-title-visibility":"","ast-main-header-display":"","ast-hfb-above-header-display":"","ast-hfb-below-header-display":"","ast-hfb-mobile-header-display":"","site-post-title":"","ast-breadcrumbs-content":"","ast-featured-img":"","footer-sml-layout":"","theme-transparent-header-meta":"default","adv-header-id-meta":"","stick-header-meta":"","header-above-stick-meta":"","header-main-stick-meta":"","header-below-stick-meta":"","astra-migrate-meta-layouts":"set","ast-page-background-enabled":"default","ast-page-background-meta":{"desktop":{"background-color":"var(--ast-global-color-4)","background-image":"","background-repeat":"repeat","background-position":"center center","background-size":"auto","background-attachment":"scroll","background-type":"","background-media":"","overlay-type":"","overlay-color":"","overlay-opacity":"","overlay-gradient":""},"tablet":{"background-color":"","background-image":"","background-repeat":"repeat","background-position":"center center","background-size":"auto","background-attachment":"scroll","background-type":"","background-media":"","overlay-type":"","overlay-color":"","overlay-opacity":"","overlay-gradient":""},"mobile":{"background-color":"","background-image":"","background-repeat":"repeat","background-position":"center center","background-size":"auto","background-attachment":"scroll","background-type":"","background-media":"","overlay-type":"","overlay-color":"","overlay-opacity":"","overlay-gradient":""}},"ast-content-background-meta":{"desktop":{"background-color":"var(--ast-global-color-5)","background-image":"","background-repeat":"repeat","background-position":"center center","background-size":"auto","background-attachment":"scroll","background-type":"","background-media":"","overlay-type":"","overlay-color":"","overlay-opacity":"","overlay-gradient":""},"tablet":{"background-color":"var(--ast-global-color-5)","background-image":"","background-repeat":"repeat","background-position":"center center","background-size":"auto","background-attachment":"scroll","background-type":"","background-media":"","overlay-type":"","overlay-color":"","overlay-opacity":"","overlay-gradient":""},"mobile":{"background-color":"var(--ast-global-color-5)","background-image":"","background-repeat":"repeat","background-position":"center center","background-size":"auto","background-attachment":"scroll","background-type":"","background-media":"","overlay-type":"","overlay-color":"","overlay-opacity":"","overlay-gradient":""}},"footnotes":""},"class_list":["post-2701","page","type-page","status-publish","hentry"],"post_mailing_queue_ids":[],"_links":{"self":[{"href":"https:\/\/agora.xtec.cat\/ceipdoctorferrer\/wp-json\/wp\/v2\/pages\/2701","targetHints":{"allow":["GET"]}}],"collection":[{"href":"https:\/\/agora.xtec.cat\/ceipdoctorferrer\/wp-json\/wp\/v2\/pages"}],"about":[{"href":"https:\/\/agora.xtec.cat\/ceipdoctorferrer\/wp-json\/wp\/v2\/types\/page"}],"author":[{"embeddable":true,"href":"https:\/\/agora.xtec.cat\/ceipdoctorferrer\/wp-json\/wp\/v2\/users\/4"}],"replies":[{"embeddable":true,"href":"https:\/\/agora.xtec.cat\/ceipdoctorferrer\/wp-json\/wp\/v2\/comments?post=2701"}],"version-history":[{"count":2,"href":"https:\/\/agora.xtec.cat\/ceipdoctorferrer\/wp-json\/wp\/v2\/pages\/2701\/revisions"}],"predecessor-version":[{"id":2721,"href":"https:\/\/agora.xtec.cat\/ceipdoctorferrer\/wp-json\/wp\/v2\/pages\/2701\/revisions\/2721"}],"wp:attachment":[{"href":"https:\/\/agora.xtec.cat\/ceipdoctorferrer\/wp-json\/wp\/v2\/media?parent=2701"}],"curies":[{"name":"wp","href":"https:\/\/api.w.org\/{rel}","templated":true}]}}